{"id":47728,"date":"2021-10-28T09:27:04","date_gmt":"2021-10-28T07:27:04","guid":{"rendered":"https:\/\/cartesy.de\/bfx-100-lcd-f\/"},"modified":"2024-11-25T14:45:34","modified_gmt":"2024-11-25T13:45:34","slug":"bfx-100-lcd-f","status":"publish","type":"page","link":"https:\/\/cartesy.de\/en\/bfx-100-lcd-f\/","title":{"rendered":"BFX-100-LCD-F"},"content":{"rendered":"<p><img fetchpriority=\"high\" decoding=\"async\" width=\"2560\" height=\"1022\" src=\"https:\/\/cartesy.de\/wp-content\/uploads\/BFX-100.jpg\" alt=\"Radlastwaage BFX-100-LCD-F auf grauem Hintergrund\" srcset=\"https:\/\/cartesy.de\/wp-content\/uploads\/BFX-100.jpg 2560w, https:\/\/cartesy.de\/wp-content\/uploads\/BFX-100-500x200.jpg 500w, https:\/\/cartesy.de\/wp-content\/uploads\/BFX-100-1600x639.jpg 1600w, https:\/\/cartesy.de\/wp-content\/uploads\/BFX-100-768x307.jpg 768w, https:\/\/cartesy.de\/wp-content\/uploads\/BFX-100-1536x613.jpg 1536w, https:\/\/cartesy.de\/wp-content\/uploads\/BFX-100-2048x818.jpg 2048w, https:\/\/cartesy.de\/wp-content\/uploads\/BFX-100-700x279.jpg 700w, https:\/\/cartesy.de\/wp-content\/uploads\/BFX-100-120x48.jpg 120w\" sizes=\"(max-width: 2560px) 100vw, 2560px\" \/>\t\t\t\t\t\t\t\t\t\t\t\t\t<\/p>\n<h2>Mobile Truck Scales<\/h2>\n<p>The <b>mobile truck scales<\/b> BFX-100-LCD-F by Cartesy are a reliable tool for measuring the weight of trucks and commercial vehicles. Determine wheel, axle, and vehicle weights with these portable truck scales \u2013 effortlessly and independent of your location. LCD backlight and the sturdy aluminum alloy casing not only ensure ideal practicability, but also fail-safe <b>radio data transmission<\/b> for up to 10 scales simultaneously. The BFX-100-LCD-F scales by Cartesy are maintenance free and are excellent for weighing trucks, caravans and agricultural vehicles, amongst others.<\/p>\n<h1>Mobile Truck Wheel<br \/>Load Scales<\/h1>\n<p>Mobile truck wheel load scale for determining wheel and axle loads.<\/p>\n<p>Integrated LCD with backlight and radio data transmission.<\/p>\n<p>\t\t\t\t\t<a role=\"button\"><br \/>\n\t\t\t\t\t\t\t\t\tBack<br \/>\n\t\t\t\t\t<\/a><\/p>\n<h2>Description:<\/h2>\n<ul>\n<li>\n\t\t\t\t\t\t\t\t\t\tmeasuring range: 0 to 10,000 kg\n\t\t\t\t\t\t\t\t\t<\/li>\n<li>\n\t\t\t\t\t\t\t\t\t\tdivision: 2 kg\n\t\t\t\t\t\t\t\t\t<\/li>\n<li>\n\t\t\t\t\t\t\t\t\t\tweight: approx. 21 kg (including ramps)\n\t\t\t\t\t\t\t\t\t<\/li>\n<li>\n\t\t\t\t\t\t\t\t\t\tbattery-operated\n\t\t\t\t\t\t\t\t\t<\/li>\n<li>\n\t\t\t\t\t\t\t\t\t\tserial interface RS-485\n\t\t\t\t\t\t\t\t\t<\/li>\n<li>\n\t\t\t\t\t\t\t\t\t\taluminum alloy\n\t\t\t\t\t\t\t\t\t<\/li>\n<li>\n\t\t\t\t\t\t\t\t\t\tradio data transmission 433MHz\n\t\t\t\t\t\t\t\t\t<\/li>\n<li>\n\t\t\t\t\t\t\t\t\t\tsimultaneous use of up to 10 scales via radio communication\n\t\t\t\t\t\t\t\t\t<\/li>\n<li>\n\t\t\t\t\t\t\t\t\t\tinno!weight\u00ae PC software (radio receiver SUB-1020 required)\n\t\t\t\t\t\t\t\t\t<\/li>\n<li>\n\t\t\t\t\t\t\t\t\t\tinno!weight\u00ae PC software and app for iOS\/Android\/Windows (radio receiver SUB-2020 required)\n\t\t\t\t\t\t\t\t\t<\/li>\n<\/ul>\n<h2>Measurements:<\/h2>\n<p>\t\tExternal dimensions (L x W x H): 955 x 725 x 20 mm<br \/>\nWeighing surface (L x W): 715 x 420 mm\t\t<\/p>\n<h2>Fields of Application:<\/h2>\n<ul>\n<li>\n\t\t\t\t\t\t\t\t\t\tperform overload check for trucks, caravans, commercial vehicles, etc.\n\t\t\t\t\t\t\t\t\t<\/li>\n<li>\n\t\t\t\t\t\t\t\t\t\tcontrol loading and unloading\n\t\t\t\t\t\t\t\t\t<\/li>\n<li>\n\t\t\t\t\t\t\t\t\t\tdetermine wheel load for wheel alignment\n\t\t\t\t\t\t\t\t\t<\/li>\n<li>\n\t\t\t\t\t\t\t\t\t\tdetermine axle weight, wheel load, and vehicle weights\n\t\t\t\t\t\t\t\t\t<\/li>\n<li>\n\t\t\t\t\t\t\t\t\t\tdetermine the center of gravity for vehicles, helicopters, and airplanes\n\t\t\t\t\t\t\t\t\t<\/li>\n<li>\n\t\t\t\t\t\t\t\t\t\tuse the scales in the agricultural sector as well\n\t\t\t\t\t\t\t\t\t<\/li>\n<li>\n\t\t\t\t\t\t\t\t\t\tWeigh In Motion (available as an option)\n\t\t\t\t\t\t\t\t\t<\/li>\n<li>\n\t\t\t\t\t\t\t\t\t\tWeight management\n\t\t\t\t\t\t\t\t\t<\/li>\n<\/ul>\n<h2>More Information:<\/h2>\n<p>\t\t\t\t\t<a role=\"button\"><br \/>\n\t\t\t\t\t\t\t\t\tOnline Shop<br \/>\n\t\t\t\t\t<\/a><br \/>\n\t\t\t\t\t<a href=\"https:\/\/cartesy.de\/wp-content\/uploads\/DB-BFX-100-LCD-F-EN.pdf\" target=\"_blank\" rel=\"noopener\"><br \/>\n\t\t\t\t\t\t\t\t\tData sheet<br \/>\n\t\t\t\t\t<\/a><br \/>\n\t\t<iframe title=\"BFX-100-LCD-F Mobile LKW Radlastwaage Cartesy\" width=\"800\" height=\"450\" uc-src=\"https:\/\/www.youtube.com\/embed\/yu-iAxmIe-o?feature=oembed\" frameborder=\"0\" allow=\"accelerometer; autoplay; clipboard-write; encrypted-media; gyroscope; picture-in-picture; web-share\" allowfullscreen><\/iframe>\t\t<\/p>\n<h2>BFX-100-LCD-F: Cartesy&#8217;s Dependable Truck Scales<\/h2>\n<p>Cartesy&#8217;s BFX-100-LCD-F mobile truck scales allow you to quickly and easily perform an <b>overload check<\/b>. Additionally, you can effortlessly control loading and unloading and determine the center of gravity of vehicles. Furthermore, the scales are fit for agricultural use, too.&nbsp;<\/p>\n<p>The truck weight scales are maintenance free, accurate and easy to operate. The scales&#8217; case consists of aluminum and steel, which makes it both durable and lightweight. A great readability of the measurements, even when lighting conditions are subpar, is guaranteed by the integrated LCD display with backlight. The radio communication system not only supports the use and configuration of up to 10 portable truck scales, but the measuring results are directly transmitted to your computer or smartphone. Alternatively, the sum weight of all linked mobile truck scales can be displayed on a hand-held terminal.<\/p>\n<h2>Vehicle Scales for Trucks and Caravans: The Advantages of BFX-100-LCD-F<\/h2>\n<p>The BFX-100-LCD-F is a truck wheel load scale for measuring wheel loads up to 10,000 kg. They are a reliable instrument for controlling load distribution and any automobile&#8217;s center of gravity. The truck scales&#8217; mobility as well as their radio communication interconnectivity with external devices such as computers and smartphones is especially practical. Up to 10 mobile truck scales can be used simultaneously via radio link.<\/p>\n<h2>Axle Weight Scales for Trucks Become Even More Flexible with inno!weight\u00ae<\/h2>\n<p>inno!weight\u00ae PC is a Windows software optimized for the use of any Cartesy vehicle scales. This software offers you an intuitive and clear interface that is easily operated without any training. Via our USB receiver, SUB-1020, inno!weight-PC is usable on your computer, notebook or tablet.<\/p>\n<p>If you also want to use the mobile scales with iOS or Android devices, you can alternatively use the USB radio receiver SUB-2020. Our USB wireless receivers (SUB-1020 \/ SUB-2020) are available separately as accessories.<\/p>\n<p>The inno!weight\u00ae PC software and the inno!weight\u00ae App offer, among other things, live measurements, center of gravity determination, diagonal distribution, and axle weighing. Besides many additional settings, the software also offers the possibility to create weighing protocols from each weighing mode.<\/p>\n<p>\t\t\t\t\t<a role=\"button\"><br \/>\n\t\t\t\t\t\t\t\t\tClick here for more information about inno!weight\u00ae<br \/>\n\t\t\t\t\t<\/a><\/p>\n<h2>Optional: Manufacturer&#8217;s Calibration<\/h2>\n<p>All Cartesy wheel load scales come adjusted and tested by us and are delivered with a test certificate. You also have the option to order each scale with the manufacturer&#8217;s factory or ISO 17025 calibrations. Of course, we are also happy to take care of the re-calibration within your desired time period.<\/p>\n<p>\t\t\t\t\t<a role=\"button\"><br \/>\n\t\t\t\t\t\t\t\t\tVisit our shop<br \/>\n\t\t\t\t\t<\/a><\/p>\n<h2>Buy Mobile Truck Scales from Cartesy<\/h2>\n<p>Get the BFX-100-LCD-F directly from the manufacturer and benefit from the flexibility, functional reliability and innovation of our premium-quality wheel load scales for trucks! You want to know more about our products? Do not hesitate to contact us! We are looking forward to hearing from you soon. Get in touch with ous using our <a href=\"https:\/\/cartesy.de\/en\/contact\/\">contact form<\/a>.<\/p>\n","protected":false},"excerpt":{"rendered":"<p>Mobile Truck Scales The mobile truck scales BFX-100-LCD-F by Cartesy are a reliable tool for measuring the weight of trucks and commercial vehicles. Determine wheel, axle, and vehicle weights with these portable truck scales \u2013 effortlessly and independent of your location. LCD backlight and the sturdy aluminum alloy casing not only ensure ideal practicability, but [&hellip;]<\/p>\n","protected":false},"author":9,"featured_media":0,"parent":0,"menu_order":0,"comment_status":"closed","ping_status":"closed","template":"","meta":{"footnotes":""},"class_list":["post-47728","page","type-page","status-publish","hentry"],"yoast_head":"<!-- This site is optimized with the Yoast SEO plugin v27.3 - https:\/\/yoast.com\/product\/yoast-seo-wordpress\/ -->\n<title>Mobile Truck Scales | Cartesy<\/title>\n<meta name=\"description\" content=\"Cartesy&#039;s portable truck scales \u2713 convenient \u2713 weigh trucks, caravans &amp; agricultural vehicles \u25b6 Learn more!\" \/>\n<meta name=\"robots\" content=\"index, follow, max-snippet:-1, max-image-preview:large, max-video-preview:-1\" \/>\n<link rel=\"canonical\" href=\"https:\/\/cartesy.de\/en\/bfx-100-lcd-f\/\" \/>\n<meta property=\"og:locale\" content=\"en_US\" \/>\n<meta property=\"og:type\" content=\"article\" \/>\n<meta property=\"og:title\" content=\"Mobile Truck Scales | Cartesy\" \/>\n<meta property=\"og:description\" content=\"Cartesy&#039;s portable truck scales \u2713 convenient \u2713 weigh trucks, caravans &amp; agricultural vehicles \u25b6 Learn more!\" \/>\n<meta property=\"og:url\" content=\"https:\/\/cartesy.de\/en\/bfx-100-lcd-f\/\" \/>\n<meta property=\"og:site_name\" content=\"Cartesy\" \/>\n<meta property=\"article:publisher\" content=\"https:\/\/de-de.facebook.com\/CartesyGmbH\" \/>\n<meta property=\"article:modified_time\" content=\"2024-11-25T13:45:34+00:00\" \/>\n<meta property=\"og:image\" content=\"https:\/\/cartesy.de\/wp-content\/uploads\/BFX-100.jpg\" \/>\n\t<meta property=\"og:image:width\" content=\"2560\" \/>\n\t<meta property=\"og:image:height\" content=\"1022\" \/>\n\t<meta property=\"og:image:type\" content=\"image\/jpeg\" \/>\n<meta name=\"twitter:card\" content=\"summary_large_image\" \/>\n<meta name=\"twitter:label1\" content=\"Est. reading time\" \/>\n\t<meta name=\"twitter:data1\" content=\"4 minutes\" \/>\n<script type=\"application\/ld+json\" class=\"yoast-schema-graph\">{\"@context\":\"https:\\\/\\\/schema.org\",\"@graph\":[{\"@type\":\"WebPage\",\"@id\":\"https:\\\/\\\/cartesy.de\\\/en\\\/bfx-100-lcd-f\\\/\",\"url\":\"https:\\\/\\\/cartesy.de\\\/en\\\/bfx-100-lcd-f\\\/\",\"name\":\"Mobile Truck Scales | Cartesy\",\"isPartOf\":{\"@id\":\"https:\\\/\\\/cartesy.de\\\/en\\\/#website\"},\"primaryImageOfPage\":{\"@id\":\"https:\\\/\\\/cartesy.de\\\/en\\\/bfx-100-lcd-f\\\/#primaryimage\"},\"image\":{\"@id\":\"https:\\\/\\\/cartesy.de\\\/en\\\/bfx-100-lcd-f\\\/#primaryimage\"},\"thumbnailUrl\":\"https:\\\/\\\/cartesy.de\\\/wp-content\\\/uploads\\\/BFX-100.jpg\",\"datePublished\":\"2021-10-28T07:27:04+00:00\",\"dateModified\":\"2024-11-25T13:45:34+00:00\",\"description\":\"Cartesy's portable truck scales \u2713 convenient \u2713 weigh trucks, caravans & agricultural vehicles \u25b6 Learn more!\",\"breadcrumb\":{\"@id\":\"https:\\\/\\\/cartesy.de\\\/en\\\/bfx-100-lcd-f\\\/#breadcrumb\"},\"inLanguage\":\"en-US\",\"potentialAction\":[{\"@type\":\"ReadAction\",\"target\":[\"https:\\\/\\\/cartesy.de\\\/en\\\/bfx-100-lcd-f\\\/\"]}]},{\"@type\":\"ImageObject\",\"inLanguage\":\"en-US\",\"@id\":\"https:\\\/\\\/cartesy.de\\\/en\\\/bfx-100-lcd-f\\\/#primaryimage\",\"url\":\"https:\\\/\\\/cartesy.de\\\/wp-content\\\/uploads\\\/BFX-100.jpg\",\"contentUrl\":\"https:\\\/\\\/cartesy.de\\\/wp-content\\\/uploads\\\/BFX-100.jpg\"},{\"@type\":\"BreadcrumbList\",\"@id\":\"https:\\\/\\\/cartesy.de\\\/en\\\/bfx-100-lcd-f\\\/#breadcrumb\",\"itemListElement\":[{\"@type\":\"ListItem\",\"position\":1,\"name\":\"Home\",\"item\":\"https:\\\/\\\/cartesy.de\\\/en\\\/kanzlei\\\/\"},{\"@type\":\"ListItem\",\"position\":2,\"name\":\"BFX-100-LCD-F\"}]},{\"@type\":\"WebSite\",\"@id\":\"https:\\\/\\\/cartesy.de\\\/en\\\/#website\",\"url\":\"https:\\\/\\\/cartesy.de\\\/en\\\/\",\"name\":\"Cartesy\",\"description\":\"Ihr Experte f\u00fcr hochpr\u00e4zise Pr\u00fcf- und W\u00e4gesysteme.\",\"publisher\":{\"@id\":\"https:\\\/\\\/cartesy.de\\\/en\\\/#organization\"},\"potentialAction\":[{\"@type\":\"SearchAction\",\"target\":{\"@type\":\"EntryPoint\",\"urlTemplate\":\"https:\\\/\\\/cartesy.de\\\/en\\\/?s={search_term_string}\"},\"query-input\":{\"@type\":\"PropertyValueSpecification\",\"valueRequired\":true,\"valueName\":\"search_term_string\"}}],\"inLanguage\":\"en-US\"},{\"@type\":\"Organization\",\"@id\":\"https:\\\/\\\/cartesy.de\\\/en\\\/#organization\",\"name\":\"Cartesy\",\"url\":\"https:\\\/\\\/cartesy.de\\\/en\\\/\",\"logo\":{\"@type\":\"ImageObject\",\"inLanguage\":\"en-US\",\"@id\":\"https:\\\/\\\/cartesy.de\\\/en\\\/#\\\/schema\\\/logo\\\/image\\\/\",\"url\":\"https:\\\/\\\/cartesy.de\\\/wp-content\\\/uploads\\\/Cartesy-logo.png\",\"contentUrl\":\"https:\\\/\\\/cartesy.de\\\/wp-content\\\/uploads\\\/Cartesy-logo.png\",\"width\":800,\"height\":600,\"caption\":\"Cartesy\"},\"image\":{\"@id\":\"https:\\\/\\\/cartesy.de\\\/en\\\/#\\\/schema\\\/logo\\\/image\\\/\"},\"sameAs\":[\"https:\\\/\\\/de-de.facebook.com\\\/CartesyGmbH\",\"https:\\\/\\\/de.linkedin.com\\\/company\\\/cartesy-gmbh\"]}]}<\/script>\n<!-- \/ Yoast SEO plugin. -->","yoast_head_json":{"title":"Mobile Truck Scales | Cartesy","description":"Cartesy's portable truck scales \u2713 convenient \u2713 weigh trucks, caravans & agricultural vehicles \u25b6 Learn more!","robots":{"index":"index","follow":"follow","max-snippet":"max-snippet:-1","max-image-preview":"max-image-preview:large","max-video-preview":"max-video-preview:-1"},"canonical":"https:\/\/cartesy.de\/en\/bfx-100-lcd-f\/","og_locale":"en_US","og_type":"article","og_title":"Mobile Truck Scales | Cartesy","og_description":"Cartesy's portable truck scales \u2713 convenient \u2713 weigh trucks, caravans & agricultural vehicles \u25b6 Learn more!","og_url":"https:\/\/cartesy.de\/en\/bfx-100-lcd-f\/","og_site_name":"Cartesy","article_publisher":"https:\/\/de-de.facebook.com\/CartesyGmbH","article_modified_time":"2024-11-25T13:45:34+00:00","og_image":[{"width":2560,"height":1022,"url":"https:\/\/cartesy.de\/wp-content\/uploads\/BFX-100.jpg","type":"image\/jpeg"}],"twitter_card":"summary_large_image","twitter_misc":{"Est. reading time":"4 minutes"},"schema":{"@context":"https:\/\/schema.org","@graph":[{"@type":"WebPage","@id":"https:\/\/cartesy.de\/en\/bfx-100-lcd-f\/","url":"https:\/\/cartesy.de\/en\/bfx-100-lcd-f\/","name":"Mobile Truck Scales | Cartesy","isPartOf":{"@id":"https:\/\/cartesy.de\/en\/#website"},"primaryImageOfPage":{"@id":"https:\/\/cartesy.de\/en\/bfx-100-lcd-f\/#primaryimage"},"image":{"@id":"https:\/\/cartesy.de\/en\/bfx-100-lcd-f\/#primaryimage"},"thumbnailUrl":"https:\/\/cartesy.de\/wp-content\/uploads\/BFX-100.jpg","datePublished":"2021-10-28T07:27:04+00:00","dateModified":"2024-11-25T13:45:34+00:00","description":"Cartesy's portable truck scales \u2713 convenient \u2713 weigh trucks, caravans & agricultural vehicles \u25b6 Learn more!","breadcrumb":{"@id":"https:\/\/cartesy.de\/en\/bfx-100-lcd-f\/#breadcrumb"},"inLanguage":"en-US","potentialAction":[{"@type":"ReadAction","target":["https:\/\/cartesy.de\/en\/bfx-100-lcd-f\/"]}]},{"@type":"ImageObject","inLanguage":"en-US","@id":"https:\/\/cartesy.de\/en\/bfx-100-lcd-f\/#primaryimage","url":"https:\/\/cartesy.de\/wp-content\/uploads\/BFX-100.jpg","contentUrl":"https:\/\/cartesy.de\/wp-content\/uploads\/BFX-100.jpg"},{"@type":"BreadcrumbList","@id":"https:\/\/cartesy.de\/en\/bfx-100-lcd-f\/#breadcrumb","itemListElement":[{"@type":"ListItem","position":1,"name":"Home","item":"https:\/\/cartesy.de\/en\/kanzlei\/"},{"@type":"ListItem","position":2,"name":"BFX-100-LCD-F"}]},{"@type":"WebSite","@id":"https:\/\/cartesy.de\/en\/#website","url":"https:\/\/cartesy.de\/en\/","name":"Cartesy","description":"Ihr Experte f\u00fcr hochpr\u00e4zise Pr\u00fcf- und W\u00e4gesysteme.","publisher":{"@id":"https:\/\/cartesy.de\/en\/#organization"},"potentialAction":[{"@type":"SearchAction","target":{"@type":"EntryPoint","urlTemplate":"https:\/\/cartesy.de\/en\/?s={search_term_string}"},"query-input":{"@type":"PropertyValueSpecification","valueRequired":true,"valueName":"search_term_string"}}],"inLanguage":"en-US"},{"@type":"Organization","@id":"https:\/\/cartesy.de\/en\/#organization","name":"Cartesy","url":"https:\/\/cartesy.de\/en\/","logo":{"@type":"ImageObject","inLanguage":"en-US","@id":"https:\/\/cartesy.de\/en\/#\/schema\/logo\/image\/","url":"https:\/\/cartesy.de\/wp-content\/uploads\/Cartesy-logo.png","contentUrl":"https:\/\/cartesy.de\/wp-content\/uploads\/Cartesy-logo.png","width":800,"height":600,"caption":"Cartesy"},"image":{"@id":"https:\/\/cartesy.de\/en\/#\/schema\/logo\/image\/"},"sameAs":["https:\/\/de-de.facebook.com\/CartesyGmbH","https:\/\/de.linkedin.com\/company\/cartesy-gmbh"]}]}},"_links":{"self":[{"href":"https:\/\/cartesy.de\/en\/wp-json\/wp\/v2\/pages\/47728","targetHints":{"allow":["GET"]}}],"collection":[{"href":"https:\/\/cartesy.de\/en\/wp-json\/wp\/v2\/pages"}],"about":[{"href":"https:\/\/cartesy.de\/en\/wp-json\/wp\/v2\/types\/page"}],"author":[{"embeddable":true,"href":"https:\/\/cartesy.de\/en\/wp-json\/wp\/v2\/users\/9"}],"replies":[{"embeddable":true,"href":"https:\/\/cartesy.de\/en\/wp-json\/wp\/v2\/comments?post=47728"}],"version-history":[{"count":2,"href":"https:\/\/cartesy.de\/en\/wp-json\/wp\/v2\/pages\/47728\/revisions"}],"predecessor-version":[{"id":62826,"href":"https:\/\/cartesy.de\/en\/wp-json\/wp\/v2\/pages\/47728\/revisions\/62826"}],"wp:attachment":[{"href":"https:\/\/cartesy.de\/en\/wp-json\/wp\/v2\/media?parent=47728"}],"curies":[{"name":"wp","href":"https:\/\/api.w.org\/{rel}","templated":true}]}}