{"id":52774,"date":"2021-01-28T15:17:53","date_gmt":"2021-01-28T14:17:53","guid":{"rendered":"https:\/\/cartesy.de\/about-us\/"},"modified":"2026-03-12T15:42:44","modified_gmt":"2026-03-12T14:42:44","slug":"about-us","status":"publish","type":"page","link":"https:\/\/cartesy.de\/en\/about-us\/","title":{"rendered":"About Us"},"content":{"rendered":"\t\t<div data-elementor-type=\"wp-page\" data-elementor-id=\"52774\" class=\"elementor elementor-52774 elementor-1793\" data-elementor-post-type=\"page\">\n\t\t\t\t\t\t<section class=\"elementor-section elementor-top-section elementor-element elementor-element-3c94dff elementor-section-full_width elementor-section-height-default elementor-section-height-default\" data-id=\"3c94dff\" data-element_type=\"section\" data-e-type=\"section\">\n\t\t\t\t\t\t<div class=\"elementor-container elementor-column-gap-no\">\n\t\t\t\t\t<div class=\"elementor-column elementor-col-100 elementor-top-column elementor-element elementor-element-8b25718\" data-id=\"8b25718\" data-element_type=\"column\" data-e-type=\"column\">\n\t\t\t<div class=\"elementor-widget-wrap elementor-element-populated\">\n\t\t\t\t\t\t\t<\/div>\n\t\t<\/div>\n\t\t\t\t\t<\/div>\n\t\t<\/section>\n\t\t\t\t<section class=\"elementor-section elementor-top-section elementor-element elementor-element-cc07ac6 elementor-section-full_width elementor-section-height-default elementor-section-height-default\" data-id=\"cc07ac6\" data-element_type=\"section\" data-e-type=\"section\">\n\t\t\t\t\t\t<div class=\"elementor-container elementor-column-gap-no\">\n\t\t\t\t\t<div class=\"elementor-column elementor-col-50 elementor-top-column elementor-element elementor-element-5a9c297\" data-id=\"5a9c297\" data-element_type=\"column\" data-e-type=\"column\">\n\t\t\t<div class=\"elementor-widget-wrap elementor-element-populated\">\n\t\t\t\t\t\t<div class=\"elementor-element elementor-element-8364eaf elementor-widget elementor-widget-text-editor\" data-id=\"8364eaf\" data-element_type=\"widget\" data-e-type=\"widget\" data-widget_type=\"text-editor.default\">\n\t\t\t\t<div class=\"elementor-widget-container\">\n\t\t\t\t\t\t\t\t\t<p>With a young and strong management team and highly motivated employees, we focus on first-class quality, pioneering technologies and close cooperation with our customers. As part of the renowned Micro-Epsilon Group, we benefit from a wide-ranging network and extensive resources. This enables us to offer customized solutions in the fields of measurement technology, control technology, sensor technology and strain gauge sensor technology &#8211; always individually tailored to the needs of our customers.<\/p><p>Our portfolio includes the development and production of (strain gauge) sensors, control systems, measurement technology as well as analog and digital electronics and display technology. From the initial idea to series production, we support development projects with the highest level of expertise and passion. We also offer a comprehensive range of services. Particularly noteworthy is our accredited calibration laboratory, which sets standards for maximum precision in measurement technology.<\/p><p>A particular focus is on vehicle testing technology, especially in control and sensor technology, which is a central focus of our development work.<\/p><p>Since the company was established, we have been a proud member of the Micro-Epsilon Group, a network of medium-sized companies specializing in innovative sensor technology. The strength of this group of companies lies in the synergies between the development and production areas as well as in the valuable exchange of knowledge and know-how. This cooperation enables us to develop technologically leading solutions and offer our customers optimum support.<\/p>\t\t\t\t\t\t\t\t<\/div>\n\t\t\t\t<\/div>\n\t\t\t\t\t<\/div>\n\t\t<\/div>\n\t\t\t\t<div class=\"elementor-column elementor-col-50 elementor-top-column elementor-element elementor-element-5d18c96\" data-id=\"5d18c96\" data-element_type=\"column\" data-e-type=\"column\" data-settings=\"{&quot;background_background&quot;:&quot;classic&quot;}\">\n\t\t\t<div class=\"elementor-widget-wrap elementor-element-populated\">\n\t\t\t\t\t\t<div class=\"elementor-element elementor-element-6d046fd elementor-widget__width-initial elementor-widget elementor-widget-image\" data-id=\"6d046fd\" data-element_type=\"widget\" data-e-type=\"widget\" data-widget_type=\"image.default\">\n\t\t\t\t<div class=\"elementor-widget-container\">\n\t\t\t\t\t\t\t\t\t\t\t\t\t\t\t<img fetchpriority=\"high\" decoding=\"async\" width=\"800\" height=\"630\" src=\"https:\/\/cartesy.de\/wp-content\/uploads\/Geschaeftsfuehrung-1600x1260.jpg\" class=\"attachment-large size-large wp-image-64028\" alt=\"\" srcset=\"https:\/\/cartesy.de\/wp-content\/uploads\/Geschaeftsfuehrung-1600x1260.jpg 1600w, https:\/\/cartesy.de\/wp-content\/uploads\/Geschaeftsfuehrung-500x394.jpg 500w, https:\/\/cartesy.de\/wp-content\/uploads\/Geschaeftsfuehrung-768x605.jpg 768w, https:\/\/cartesy.de\/wp-content\/uploads\/Geschaeftsfuehrung-1536x1209.jpg 1536w, https:\/\/cartesy.de\/wp-content\/uploads\/Geschaeftsfuehrung-2048x1612.jpg 2048w, https:\/\/cartesy.de\/wp-content\/uploads\/Geschaeftsfuehrung-700x551.jpg 700w, https:\/\/cartesy.de\/wp-content\/uploads\/Geschaeftsfuehrung-120x94.jpg 120w\" sizes=\"(max-width: 800px) 100vw, 800px\" \/>\t\t\t\t\t\t\t\t\t\t\t\t\t\t\t<\/div>\n\t\t\t\t<\/div>\n\t\t\t\t\t<\/div>\n\t\t<\/div>\n\t\t\t\t\t<\/div>\n\t\t<\/section>\n\t\t\t\t<section class=\"elementor-section elementor-top-section elementor-element elementor-element-e51c1f4 elementor-section-full_width elementor-section-height-default elementor-section-height-default\" data-id=\"e51c1f4\" data-element_type=\"section\" data-e-type=\"section\" data-settings=\"{&quot;background_background&quot;:&quot;classic&quot;}\">\n\t\t\t\t\t\t<div class=\"elementor-container elementor-column-gap-no\">\n\t\t\t\t\t<div class=\"elementor-column elementor-col-50 elementor-top-column elementor-element elementor-element-5194b90\" data-id=\"5194b90\" data-element_type=\"column\" data-e-type=\"column\">\n\t\t\t<div class=\"elementor-widget-wrap elementor-element-populated\">\n\t\t\t\t\t\t<div class=\"elementor-element elementor-element-88a6307 elementor-widget elementor-widget-heading\" data-id=\"88a6307\" data-element_type=\"widget\" data-e-type=\"widget\" data-widget_type=\"heading.default\">\n\t\t\t\t<div class=\"elementor-widget-container\">\n\t\t\t\t\t<h1 class=\"elementor-heading-title elementor-size-default\">\"Your Pioneer's Mind \u2013 We Want to Shape the Future<\/h1>\t\t\t\t<\/div>\n\t\t\t\t<\/div>\n\t\t\t\t<div class=\"elementor-element elementor-element-a3c81cf elementor-widget-divider--view-line elementor-widget elementor-widget-divider\" data-id=\"a3c81cf\" data-element_type=\"widget\" data-e-type=\"widget\" data-widget_type=\"divider.default\">\n\t\t\t\t<div class=\"elementor-widget-container\">\n\t\t\t\t\t\t\t<div class=\"elementor-divider\">\n\t\t\t<span class=\"elementor-divider-separator\">\n\t\t\t\t\t\t<\/span>\n\t\t<\/div>\n\t\t\t\t\t\t<\/div>\n\t\t\t\t<\/div>\n\t\t\t\t\t<\/div>\n\t\t<\/div>\n\t\t\t\t<div class=\"elementor-column elementor-col-50 elementor-top-column elementor-element elementor-element-88408b4\" data-id=\"88408b4\" data-element_type=\"column\" data-e-type=\"column\">\n\t\t\t<div class=\"elementor-widget-wrap elementor-element-populated\">\n\t\t\t\t\t\t<div class=\"elementor-element elementor-element-be558d2 elementor-widget elementor-widget-text-editor\" data-id=\"be558d2\" data-element_type=\"widget\" data-e-type=\"widget\" data-widget_type=\"text-editor.default\">\n\t\t\t\t<div class=\"elementor-widget-container\">\n\t\t\t\t\t\t\t\t\tIn line with our claim, we focus on innovative ideas &#8211; and our aim is to implement them to perfection. Our approach combines functionally reliable, network-compatible and wireless technologies to create a seamless system. We place particular emphasis on intuitive operability, appealing design and a pleasing haptic. Our aim is to impress not only with the universal communication of our technologies, but also with a corporate culture that inspires and excites.\r\n\r\nWe believe that professionalism and enjoyment of work go hand in hand. That is why we promote a working environment in which our employees can contribute, develop and realize their own ideas.\r\n\r\nWith visionary thinking and a feel for technological trends, we are shaping the future of testing technology. Driven by our curiosity and the pursuit of progress, we never rest &#8211; and are constantly setting new standards.\t\t\t\t\t\t\t\t<\/div>\n\t\t\t\t<\/div>\n\t\t\t\t\t<\/div>\n\t\t<\/div>\n\t\t\t\t\t<\/div>\n\t\t<\/section>\n\t\t\t\t<section class=\"elementor-section elementor-top-section elementor-element elementor-element-5b66a0c elementor-section-full_width elementor-section-height-default elementor-section-height-default\" data-id=\"5b66a0c\" data-element_type=\"section\" data-e-type=\"section\">\n\t\t\t\t\t\t<div class=\"elementor-container elementor-column-gap-no\">\n\t\t\t\t\t<div class=\"elementor-column elementor-col-50 elementor-top-column elementor-element elementor-element-8fd78ea\" data-id=\"8fd78ea\" data-element_type=\"column\" data-e-type=\"column\">\n\t\t\t<div class=\"elementor-widget-wrap elementor-element-populated\">\n\t\t\t\t\t\t<div class=\"elementor-element elementor-element-6fab957 elementor-widget elementor-widget-heading\" data-id=\"6fab957\" data-element_type=\"widget\" data-e-type=\"widget\" data-widget_type=\"heading.default\">\n\t\t\t\t<div class=\"elementor-widget-container\">\n\t\t\t\t\t<h2 class=\"elementor-heading-title elementor-size-default\">Our Commitment to Quality<\/h2>\t\t\t\t<\/div>\n\t\t\t\t<\/div>\n\t\t\t\t<div class=\"elementor-element elementor-element-1e28d5f elementor-widget-divider--view-line elementor-widget elementor-widget-divider\" data-id=\"1e28d5f\" data-element_type=\"widget\" data-e-type=\"widget\" data-widget_type=\"divider.default\">\n\t\t\t\t<div class=\"elementor-widget-container\">\n\t\t\t\t\t\t\t<div class=\"elementor-divider\">\n\t\t\t<span class=\"elementor-divider-separator\">\n\t\t\t\t\t\t<\/span>\n\t\t<\/div>\n\t\t\t\t\t\t<\/div>\n\t\t\t\t<\/div>\n\t\t\t\t\t<\/div>\n\t\t<\/div>\n\t\t\t\t<div class=\"elementor-column elementor-col-50 elementor-top-column elementor-element elementor-element-29e4deb\" data-id=\"29e4deb\" data-element_type=\"column\" data-e-type=\"column\">\n\t\t\t<div class=\"elementor-widget-wrap elementor-element-populated\">\n\t\t\t\t\t\t<div class=\"elementor-element elementor-element-f74cfb8 elementor-widget elementor-widget-text-editor\" data-id=\"f74cfb8\" data-element_type=\"widget\" data-e-type=\"widget\" data-widget_type=\"text-editor.default\">\n\t\t\t\t<div class=\"elementor-widget-container\">\n\t\t\t\t\t\t\t\t\tOur quality policy is characterized by a clear focus on the needs of our customers. This is reflected in the development of user-friendly, high-performance and high-quality products that guarantee maximum customer satisfaction. Personal support for our business partners is particularly important to us &#8211; a key element in building trust and promoting and consolidating long-term, reliable partnerships.\r\n\r\nAt the heart of our philosophy are structured processes and a continuous improvement process that is actively practiced by all employees. In this way, we create a solid basis for ensuring the highest standards and inspiring our customers in the long term.\t\t\t\t\t\t\t\t<\/div>\n\t\t\t\t<\/div>\n\t\t\t\t<section class=\"elementor-section elementor-inner-section elementor-element elementor-element-44e55b5 elementor-section-full_width elementor-section-height-default elementor-section-height-default\" data-id=\"44e55b5\" data-element_type=\"section\" data-e-type=\"section\">\n\t\t\t\t\t\t<div class=\"elementor-container elementor-column-gap-no\">\n\t\t\t\t\t<div class=\"elementor-column elementor-col-50 elementor-inner-column elementor-element elementor-element-306e7c1\" data-id=\"306e7c1\" data-element_type=\"column\" data-e-type=\"column\">\n\t\t\t<div class=\"elementor-widget-wrap elementor-element-populated\">\n\t\t\t\t\t\t<div class=\"elementor-element elementor-element-4e10d92 elementor-widget elementor-widget-image\" data-id=\"4e10d92\" data-element_type=\"widget\" data-e-type=\"widget\" data-widget_type=\"image.default\">\n\t\t\t\t<div class=\"elementor-widget-container\">\n\t\t\t\t\t\t\t\t\t\t\t\t\t\t\t<img decoding=\"async\" width=\"800\" height=\"690\" src=\"https:\/\/cartesy.de\/wp-content\/uploads\/ISO-9001-2015-Deutsch.png\" class=\"attachment-large size-large wp-image-47025\" alt=\"DQS Logo blue on white\" srcset=\"https:\/\/cartesy.de\/wp-content\/uploads\/ISO-9001-2015-Deutsch.png 1181w, https:\/\/cartesy.de\/wp-content\/uploads\/ISO-9001-2015-Deutsch-120x103.png 120w, https:\/\/cartesy.de\/wp-content\/uploads\/ISO-9001-2015-Deutsch-700x603.png 700w, https:\/\/cartesy.de\/wp-content\/uploads\/ISO-9001-2015-Deutsch-500x431.png 500w, https:\/\/cartesy.de\/wp-content\/uploads\/ISO-9001-2015-Deutsch-768x662.png 768w\" sizes=\"(max-width: 800px) 100vw, 800px\" \/>\t\t\t\t\t\t\t\t\t\t\t\t\t\t\t<\/div>\n\t\t\t\t<\/div>\n\t\t\t\t\t<\/div>\n\t\t<\/div>\n\t\t\t\t<div class=\"elementor-column elementor-col-50 elementor-inner-column elementor-element elementor-element-e9bdbb3\" data-id=\"e9bdbb3\" data-element_type=\"column\" data-e-type=\"column\">\n\t\t\t<div class=\"elementor-widget-wrap elementor-element-populated\">\n\t\t\t\t\t\t<div class=\"elementor-element elementor-element-1b104c2 elementor-align-justify elementor-tablet-align-left elementor-mobile-align-justify elementor-widget elementor-widget-button\" data-id=\"1b104c2\" data-element_type=\"widget\" data-e-type=\"widget\" data-widget_type=\"button.default\">\n\t\t\t\t<div class=\"elementor-widget-container\">\n\t\t\t\t\t\t\t\t\t<div class=\"elementor-button-wrapper\">\n\t\t\t\t\t<a class=\"elementor-button elementor-button-link elementor-size-md\" href=\"\/wp-content\/uploads\/Cartesy_ISO9001_DE.pdf\" target=\"_blank\">\n\t\t\t\t\t\t<span class=\"elementor-button-content-wrapper\">\n\t\t\t\t\t\t\t\t\t<span class=\"elementor-button-text\">ISO 9001:2015 Certificate<\/span>\n\t\t\t\t\t<\/span>\n\t\t\t\t\t<\/a>\n\t\t\t\t<\/div>\n\t\t\t\t\t\t\t\t<\/div>\n\t\t\t\t<\/div>\n\t\t\t\t\t<\/div>\n\t\t<\/div>\n\t\t\t\t\t<\/div>\n\t\t<\/section>\n\t\t\t\t\t<\/div>\n\t\t<\/div>\n\t\t\t\t\t<\/div>\n\t\t<\/section>\n\t\t\t\t<\/div>\n\t\t","protected":false},"excerpt":{"rendered":"<p>With a young and strong management team and highly motivated employees, we focus on first-class quality, pioneering technologies and close cooperation with our customers. As part of the renowned Micro-Epsilon Group, we benefit from a wide-ranging network and extensive resources. This enables us to offer customized solutions in the fields of measurement technology, control technology, [&hellip;]<\/p>\n","protected":false},"author":9,"featured_media":0,"parent":0,"menu_order":0,"comment_status":"closed","ping_status":"closed","template":"","meta":{"footnotes":""},"class_list":["post-52774","page","type-page","status-publish","hentry"],"yoast_head":"<!-- This site is optimized with the Yoast SEO plugin v27.3 - https:\/\/yoast.com\/product\/yoast-seo-wordpress\/ -->\n<title>About Us | Cartesy<\/title>\n<meta name=\"description\" content=\"Cartesy Vehicle Inspection Technology \u2713 Pioneering Technology Made in Germany \u2713 High-Quality \u2713 Forward-thinking \u25b6 Learn more!\" \/>\n<meta name=\"robots\" content=\"index, follow, max-snippet:-1, max-image-preview:large, max-video-preview:-1\" \/>\n<link rel=\"canonical\" href=\"https:\/\/cartesy.de\/en\/about-us\/\" \/>\n<meta property=\"og:locale\" content=\"en_US\" \/>\n<meta property=\"og:type\" content=\"article\" \/>\n<meta property=\"og:title\" content=\"About Us | Cartesy\" \/>\n<meta property=\"og:description\" content=\"Cartesy Vehicle Inspection Technology \u2713 Pioneering Technology Made in Germany \u2713 High-Quality \u2713 Forward-thinking \u25b6 Learn more!\" \/>\n<meta property=\"og:url\" content=\"https:\/\/cartesy.de\/en\/about-us\/\" \/>\n<meta property=\"og:site_name\" content=\"Cartesy\" \/>\n<meta property=\"article:publisher\" content=\"https:\/\/de-de.facebook.com\/CartesyGmbH\" \/>\n<meta property=\"article:modified_time\" content=\"2026-03-12T14:42:44+00:00\" \/>\n<meta property=\"og:image\" content=\"https:\/\/cartesy.de\/wp-content\/uploads\/Geschaeftsfuehrung-scaled.jpg\" \/>\n\t<meta property=\"og:image:width\" content=\"2560\" \/>\n\t<meta property=\"og:image:height\" content=\"2016\" \/>\n\t<meta property=\"og:image:type\" content=\"image\/jpeg\" \/>\n<meta name=\"twitter:card\" content=\"summary_large_image\" \/>\n<meta name=\"twitter:label1\" content=\"Est. reading time\" \/>\n\t<meta name=\"twitter:data1\" content=\"2 minutes\" \/>\n<script type=\"application\/ld+json\" class=\"yoast-schema-graph\">{\"@context\":\"https:\\\/\\\/schema.org\",\"@graph\":[{\"@type\":\"WebPage\",\"@id\":\"https:\\\/\\\/cartesy.de\\\/en\\\/about-us\\\/\",\"url\":\"https:\\\/\\\/cartesy.de\\\/en\\\/about-us\\\/\",\"name\":\"About Us | Cartesy\",\"isPartOf\":{\"@id\":\"https:\\\/\\\/cartesy.de\\\/en\\\/#website\"},\"primaryImageOfPage\":{\"@id\":\"https:\\\/\\\/cartesy.de\\\/en\\\/about-us\\\/#primaryimage\"},\"image\":{\"@id\":\"https:\\\/\\\/cartesy.de\\\/en\\\/about-us\\\/#primaryimage\"},\"thumbnailUrl\":\"https:\\\/\\\/cartesy.de\\\/wp-content\\\/uploads\\\/Geschaeftsfuehrung-1600x1260.jpg\",\"datePublished\":\"2021-01-28T14:17:53+00:00\",\"dateModified\":\"2026-03-12T14:42:44+00:00\",\"description\":\"Cartesy Vehicle Inspection Technology \u2713 Pioneering Technology Made in Germany \u2713 High-Quality \u2713 Forward-thinking \u25b6 Learn more!\",\"breadcrumb\":{\"@id\":\"https:\\\/\\\/cartesy.de\\\/en\\\/about-us\\\/#breadcrumb\"},\"inLanguage\":\"en-US\",\"potentialAction\":[{\"@type\":\"ReadAction\",\"target\":[\"https:\\\/\\\/cartesy.de\\\/en\\\/about-us\\\/\"]}]},{\"@type\":\"ImageObject\",\"inLanguage\":\"en-US\",\"@id\":\"https:\\\/\\\/cartesy.de\\\/en\\\/about-us\\\/#primaryimage\",\"url\":\"https:\\\/\\\/cartesy.de\\\/wp-content\\\/uploads\\\/Geschaeftsfuehrung-1600x1260.jpg\",\"contentUrl\":\"https:\\\/\\\/cartesy.de\\\/wp-content\\\/uploads\\\/Geschaeftsfuehrung-1600x1260.jpg\"},{\"@type\":\"BreadcrumbList\",\"@id\":\"https:\\\/\\\/cartesy.de\\\/en\\\/about-us\\\/#breadcrumb\",\"itemListElement\":[{\"@type\":\"ListItem\",\"position\":1,\"name\":\"Home\",\"item\":\"https:\\\/\\\/cartesy.de\\\/en\\\/kanzlei\\\/\"},{\"@type\":\"ListItem\",\"position\":2,\"name\":\"About Us\"}]},{\"@type\":\"WebSite\",\"@id\":\"https:\\\/\\\/cartesy.de\\\/en\\\/#website\",\"url\":\"https:\\\/\\\/cartesy.de\\\/en\\\/\",\"name\":\"Cartesy\",\"description\":\"Ihr Experte f\u00fcr hochpr\u00e4zise Pr\u00fcf- und W\u00e4gesysteme.\",\"publisher\":{\"@id\":\"https:\\\/\\\/cartesy.de\\\/en\\\/#organization\"},\"potentialAction\":[{\"@type\":\"SearchAction\",\"target\":{\"@type\":\"EntryPoint\",\"urlTemplate\":\"https:\\\/\\\/cartesy.de\\\/en\\\/?s={search_term_string}\"},\"query-input\":{\"@type\":\"PropertyValueSpecification\",\"valueRequired\":true,\"valueName\":\"search_term_string\"}}],\"inLanguage\":\"en-US\"},{\"@type\":\"Organization\",\"@id\":\"https:\\\/\\\/cartesy.de\\\/en\\\/#organization\",\"name\":\"Cartesy\",\"url\":\"https:\\\/\\\/cartesy.de\\\/en\\\/\",\"logo\":{\"@type\":\"ImageObject\",\"inLanguage\":\"en-US\",\"@id\":\"https:\\\/\\\/cartesy.de\\\/en\\\/#\\\/schema\\\/logo\\\/image\\\/\",\"url\":\"https:\\\/\\\/cartesy.de\\\/wp-content\\\/uploads\\\/Cartesy-logo.png\",\"contentUrl\":\"https:\\\/\\\/cartesy.de\\\/wp-content\\\/uploads\\\/Cartesy-logo.png\",\"width\":800,\"height\":600,\"caption\":\"Cartesy\"},\"image\":{\"@id\":\"https:\\\/\\\/cartesy.de\\\/en\\\/#\\\/schema\\\/logo\\\/image\\\/\"},\"sameAs\":[\"https:\\\/\\\/de-de.facebook.com\\\/CartesyGmbH\",\"https:\\\/\\\/de.linkedin.com\\\/company\\\/cartesy-gmbh\"]}]}<\/script>\n<!-- \/ Yoast SEO plugin. -->","yoast_head_json":{"title":"About Us | Cartesy","description":"Cartesy Vehicle Inspection Technology \u2713 Pioneering Technology Made in Germany \u2713 High-Quality \u2713 Forward-thinking \u25b6 Learn more!","robots":{"index":"index","follow":"follow","max-snippet":"max-snippet:-1","max-image-preview":"max-image-preview:large","max-video-preview":"max-video-preview:-1"},"canonical":"https:\/\/cartesy.de\/en\/about-us\/","og_locale":"en_US","og_type":"article","og_title":"About Us | Cartesy","og_description":"Cartesy Vehicle Inspection Technology \u2713 Pioneering Technology Made in Germany \u2713 High-Quality \u2713 Forward-thinking \u25b6 Learn more!","og_url":"https:\/\/cartesy.de\/en\/about-us\/","og_site_name":"Cartesy","article_publisher":"https:\/\/de-de.facebook.com\/CartesyGmbH","article_modified_time":"2026-03-12T14:42:44+00:00","og_image":[{"width":2560,"height":2016,"url":"https:\/\/cartesy.de\/wp-content\/uploads\/Geschaeftsfuehrung-scaled.jpg","type":"image\/jpeg"}],"twitter_card":"summary_large_image","twitter_misc":{"Est. reading time":"2 minutes"},"schema":{"@context":"https:\/\/schema.org","@graph":[{"@type":"WebPage","@id":"https:\/\/cartesy.de\/en\/about-us\/","url":"https:\/\/cartesy.de\/en\/about-us\/","name":"About Us | Cartesy","isPartOf":{"@id":"https:\/\/cartesy.de\/en\/#website"},"primaryImageOfPage":{"@id":"https:\/\/cartesy.de\/en\/about-us\/#primaryimage"},"image":{"@id":"https:\/\/cartesy.de\/en\/about-us\/#primaryimage"},"thumbnailUrl":"https:\/\/cartesy.de\/wp-content\/uploads\/Geschaeftsfuehrung-1600x1260.jpg","datePublished":"2021-01-28T14:17:53+00:00","dateModified":"2026-03-12T14:42:44+00:00","description":"Cartesy Vehicle Inspection Technology \u2713 Pioneering Technology Made in Germany \u2713 High-Quality \u2713 Forward-thinking \u25b6 Learn more!","breadcrumb":{"@id":"https:\/\/cartesy.de\/en\/about-us\/#breadcrumb"},"inLanguage":"en-US","potentialAction":[{"@type":"ReadAction","target":["https:\/\/cartesy.de\/en\/about-us\/"]}]},{"@type":"ImageObject","inLanguage":"en-US","@id":"https:\/\/cartesy.de\/en\/about-us\/#primaryimage","url":"https:\/\/cartesy.de\/wp-content\/uploads\/Geschaeftsfuehrung-1600x1260.jpg","contentUrl":"https:\/\/cartesy.de\/wp-content\/uploads\/Geschaeftsfuehrung-1600x1260.jpg"},{"@type":"BreadcrumbList","@id":"https:\/\/cartesy.de\/en\/about-us\/#breadcrumb","itemListElement":[{"@type":"ListItem","position":1,"name":"Home","item":"https:\/\/cartesy.de\/en\/kanzlei\/"},{"@type":"ListItem","position":2,"name":"About Us"}]},{"@type":"WebSite","@id":"https:\/\/cartesy.de\/en\/#website","url":"https:\/\/cartesy.de\/en\/","name":"Cartesy","description":"Ihr Experte f\u00fcr hochpr\u00e4zise Pr\u00fcf- und W\u00e4gesysteme.","publisher":{"@id":"https:\/\/cartesy.de\/en\/#organization"},"potentialAction":[{"@type":"SearchAction","target":{"@type":"EntryPoint","urlTemplate":"https:\/\/cartesy.de\/en\/?s={search_term_string}"},"query-input":{"@type":"PropertyValueSpecification","valueRequired":true,"valueName":"search_term_string"}}],"inLanguage":"en-US"},{"@type":"Organization","@id":"https:\/\/cartesy.de\/en\/#organization","name":"Cartesy","url":"https:\/\/cartesy.de\/en\/","logo":{"@type":"ImageObject","inLanguage":"en-US","@id":"https:\/\/cartesy.de\/en\/#\/schema\/logo\/image\/","url":"https:\/\/cartesy.de\/wp-content\/uploads\/Cartesy-logo.png","contentUrl":"https:\/\/cartesy.de\/wp-content\/uploads\/Cartesy-logo.png","width":800,"height":600,"caption":"Cartesy"},"image":{"@id":"https:\/\/cartesy.de\/en\/#\/schema\/logo\/image\/"},"sameAs":["https:\/\/de-de.facebook.com\/CartesyGmbH","https:\/\/de.linkedin.com\/company\/cartesy-gmbh"]}]}},"_links":{"self":[{"href":"https:\/\/cartesy.de\/en\/wp-json\/wp\/v2\/pages\/52774","targetHints":{"allow":["GET"]}}],"collection":[{"href":"https:\/\/cartesy.de\/en\/wp-json\/wp\/v2\/pages"}],"about":[{"href":"https:\/\/cartesy.de\/en\/wp-json\/wp\/v2\/types\/page"}],"author":[{"embeddable":true,"href":"https:\/\/cartesy.de\/en\/wp-json\/wp\/v2\/users\/9"}],"replies":[{"embeddable":true,"href":"https:\/\/cartesy.de\/en\/wp-json\/wp\/v2\/comments?post=52774"}],"version-history":[{"count":10,"href":"https:\/\/cartesy.de\/en\/wp-json\/wp\/v2\/pages\/52774\/revisions"}],"predecessor-version":[{"id":64074,"href":"https:\/\/cartesy.de\/en\/wp-json\/wp\/v2\/pages\/52774\/revisions\/64074"}],"wp:attachment":[{"href":"https:\/\/cartesy.de\/en\/wp-json\/wp\/v2\/media?parent=52774"}],"curies":[{"name":"wp","href":"https:\/\/api.w.org\/{rel}","templated":true}]}}