{"id":52778,"date":"2021-02-18T12:41:27","date_gmt":"2021-02-18T11:41:27","guid":{"rendered":"https:\/\/cartesy.de\/measurement-and-sensor-technology\/"},"modified":"2023-06-15T13:41:00","modified_gmt":"2023-06-15T11:41:00","slug":"measurement-and-sensor-technology","status":"publish","type":"page","link":"https:\/\/cartesy.de\/en\/measurement-and-sensor-technology\/","title":{"rendered":"Sensor Technology"},"content":{"rendered":"\t\t<div data-elementor-type=\"wp-page\" data-elementor-id=\"52778\" class=\"elementor elementor-52778 elementor-2753\" data-elementor-post-type=\"page\">\n\t\t\t\t\t\t<section class=\"elementor-section elementor-top-section elementor-element elementor-element-07935d8 elementor-section-full_width elementor-section-height-default elementor-section-height-default\" data-id=\"07935d8\" data-element_type=\"section\" data-e-type=\"section\">\n\t\t\t\t\t\t<div class=\"elementor-container elementor-column-gap-no\">\n\t\t\t\t\t<div class=\"elementor-column elementor-col-100 elementor-top-column elementor-element elementor-element-af85db4\" data-id=\"af85db4\" data-element_type=\"column\" data-e-type=\"column\">\n\t\t\t<div class=\"elementor-widget-wrap elementor-element-populated\">\n\t\t\t\t\t\t\t<\/div>\n\t\t<\/div>\n\t\t\t\t\t<\/div>\n\t\t<\/section>\n\t\t\t\t<section class=\"elementor-section elementor-top-section elementor-element elementor-element-ded7c30 elementor-section-full_width elementor-section-height-default elementor-section-height-default\" data-id=\"ded7c30\" data-element_type=\"section\" data-e-type=\"section\">\n\t\t\t\t\t\t<div class=\"elementor-container elementor-column-gap-no\">\n\t\t\t\t\t<div class=\"elementor-column elementor-col-100 elementor-top-column elementor-element elementor-element-146e79c\" data-id=\"146e79c\" data-element_type=\"column\" data-e-type=\"column\">\n\t\t\t<div class=\"elementor-widget-wrap elementor-element-populated\">\n\t\t\t\t\t\t\t<\/div>\n\t\t<\/div>\n\t\t\t\t\t<\/div>\n\t\t<\/section>\n\t\t\t\t<section class=\"elementor-section elementor-top-section elementor-element elementor-element-066530f elementor-section-full_width elementor-section-height-default elementor-section-height-default\" data-id=\"066530f\" data-element_type=\"section\" data-e-type=\"section\">\n\t\t\t\t\t\t<div class=\"elementor-container elementor-column-gap-default\">\n\t\t\t\t\t<div class=\"elementor-column elementor-col-50 elementor-top-column elementor-element elementor-element-6788329\" data-id=\"6788329\" data-element_type=\"column\" data-e-type=\"column\">\n\t\t\t<div class=\"elementor-widget-wrap elementor-element-populated\">\n\t\t\t\t\t\t<div class=\"elementor-element elementor-element-87fe3fc elementor-widget elementor-widget-heading\" data-id=\"87fe3fc\" data-element_type=\"widget\" data-e-type=\"widget\" data-widget_type=\"heading.default\">\n\t\t\t\t<div class=\"elementor-widget-container\">\n\t\t\t\t\t<h1 class=\"elementor-heading-title elementor-size-default\">Load Cells <\/h1>\t\t\t\t<\/div>\n\t\t\t\t<\/div>\n\t\t\t\t<div class=\"elementor-element elementor-element-01b1f1c elementor-widget-divider--view-line elementor-widget elementor-widget-divider\" data-id=\"01b1f1c\" data-element_type=\"widget\" data-e-type=\"widget\" data-widget_type=\"divider.default\">\n\t\t\t\t<div class=\"elementor-widget-container\">\n\t\t\t\t\t\t\t<div class=\"elementor-divider\">\n\t\t\t<span class=\"elementor-divider-separator\">\n\t\t\t\t\t\t<\/span>\n\t\t<\/div>\n\t\t\t\t\t\t<\/div>\n\t\t\t\t<\/div>\n\t\t\t\t\t<\/div>\n\t\t<\/div>\n\t\t\t\t<div class=\"elementor-column elementor-col-50 elementor-top-column elementor-element elementor-element-ec2cf8d\" data-id=\"ec2cf8d\" data-element_type=\"column\" data-e-type=\"column\">\n\t\t\t<div class=\"elementor-widget-wrap elementor-element-populated\">\n\t\t\t\t\t\t<div class=\"elementor-element elementor-element-75b8e13 elementor-widget elementor-widget-text-editor\" data-id=\"75b8e13\" data-element_type=\"widget\" data-e-type=\"widget\" data-widget_type=\"text-editor.default\">\n\t\t\t\t<div class=\"elementor-widget-container\">\n\t\t\t\t\t\t\t\t\t<p>Sensor technology and load cells by Cartesy stand for <strong>reliable precision and fulfill the highest demands for workshop equipment<\/strong>, weighing technology and industrial technology. As an established manufacturer of measurement and control systems, we offer you <strong>proven quality and first-class service<\/strong> for the installation, calibration and maintenance of your sensor technology. We will be happy to help you with your challenges \u2013 and we place great importance on providing you with <strong>individual and personal support<\/strong>. We are your expert and service provider for intelligent, digital sensors, specifically strain gauge sensor technology. Cartesy products stand for trustworthiness and reliable quality. We are looking forward to your <a href=\"https:\/\/cartesy.de\/en\/contact\/\">contact request<\/a>.<\/p>\n\t\t\t\t\t\t\t\t<\/div>\n\t\t\t\t<\/div>\n\t\t\t\t\t<\/div>\n\t\t<\/div>\n\t\t\t\t\t<\/div>\n\t\t<\/section>\n\t\t\t\t<section class=\"elementor-section elementor-top-section elementor-element elementor-element-4311a01 elementor-section-full_width elementor-section-height-default elementor-section-height-default\" data-id=\"4311a01\" data-element_type=\"section\" data-e-type=\"section\" data-settings=\"{&quot;background_background&quot;:&quot;classic&quot;}\">\n\t\t\t\t\t\t<div class=\"elementor-container elementor-column-gap-default\">\n\t\t\t\t\t<div class=\"elementor-column elementor-col-33 elementor-top-column elementor-element elementor-element-041233c\" data-id=\"041233c\" data-element_type=\"column\" data-e-type=\"column\">\n\t\t\t<div class=\"elementor-widget-wrap elementor-element-populated\">\n\t\t\t\t\t\t<div class=\"elementor-element elementor-element-d958e33 elementor-widget elementor-widget-heading\" data-id=\"d958e33\" data-element_type=\"widget\" data-e-type=\"widget\" data-widget_type=\"heading.default\">\n\t\t\t\t<div class=\"elementor-widget-container\">\n\t\t\t\t\t<h2 class=\"elementor-heading-title elementor-size-default\">Strain Gauge Sensors by Cartesy<\/h2>\t\t\t\t<\/div>\n\t\t\t\t<\/div>\n\t\t\t\t<div class=\"elementor-element elementor-element-9261809 elementor-widget-divider--view-line elementor-widget elementor-widget-divider\" data-id=\"9261809\" data-element_type=\"widget\" data-e-type=\"widget\" data-widget_type=\"divider.default\">\n\t\t\t\t<div class=\"elementor-widget-container\">\n\t\t\t\t\t\t\t<div class=\"elementor-divider\">\n\t\t\t<span class=\"elementor-divider-separator\">\n\t\t\t\t\t\t<\/span>\n\t\t<\/div>\n\t\t\t\t\t\t<\/div>\n\t\t\t\t<\/div>\n\t\t\t\t\t<\/div>\n\t\t<\/div>\n\t\t\t\t<div class=\"elementor-column elementor-col-66 elementor-top-column elementor-element elementor-element-dc4f5d2\" data-id=\"dc4f5d2\" data-element_type=\"column\" data-e-type=\"column\">\n\t\t\t<div class=\"elementor-widget-wrap elementor-element-populated\">\n\t\t\t\t\t\t<div class=\"elementor-element elementor-element-2de090c elementor-widget elementor-widget-text-editor\" data-id=\"2de090c\" data-element_type=\"widget\" data-e-type=\"widget\" data-widget_type=\"text-editor.default\">\n\t\t\t\t<div class=\"elementor-widget-container\">\n\t\t\t\t\t\t\t\t\tStrain gauge sensors by Cartesy are used by numerous <strong>national and European manufacturers<\/strong> in the fields of industrial technology, weighing technology and workshop equipment. Whether it be industry or trade: Cartesy offers strain gauge sensors and necessary accessories from one source. Our trend-setting, new generation of intelligent sensors enables the <strong>highest measuring accuracy<\/strong> coupled with a secure data bus network (CT network) and intelligent wireless and\/or wired sensor nodes.\r\n\r\nStrain gauge sensor technology is <strong>our specialty<\/strong>, but you can also rely on our quality in other areas of measurement technology! We produce mobile wheel load scales, plate brake testers and offer you solutions for your digitalized workshop network. Our experts will also be happy to calibrate the measurement technology for you. We are happy to tackle new challenges and to support you with our <strong>all-round service and manufacturer expertise<\/strong>.\t\t\t\t\t\t\t\t<\/div>\n\t\t\t\t<\/div>\n\t\t\t\t\t<\/div>\n\t\t<\/div>\n\t\t\t\t\t<\/div>\n\t\t<\/section>\n\t\t\t\t<section class=\"elementor-section elementor-top-section elementor-element elementor-element-69f7310 elementor-section-full_width elementor-section-height-default elementor-section-height-default\" data-id=\"69f7310\" data-element_type=\"section\" data-e-type=\"section\" data-settings=\"{&quot;background_background&quot;:&quot;classic&quot;}\">\n\t\t\t\t\t\t<div class=\"elementor-container elementor-column-gap-default\">\n\t\t\t\t\t<div class=\"elementor-column elementor-col-50 elementor-top-column elementor-element elementor-element-c5a4331\" data-id=\"c5a4331\" data-element_type=\"column\" data-e-type=\"column\" data-settings=\"{&quot;background_background&quot;:&quot;classic&quot;}\">\n\t\t\t<div class=\"elementor-widget-wrap elementor-element-populated\">\n\t\t\t\t\t\t<div class=\"elementor-element elementor-element-aa0b3cb elementor-widget elementor-widget-image\" data-id=\"aa0b3cb\" data-element_type=\"widget\" data-e-type=\"widget\" data-widget_type=\"image.default\">\n\t\t\t\t<div class=\"elementor-widget-container\">\n\t\t\t\t\t\t\t\t\t\t\t\t\t\t\t<img fetchpriority=\"high\" decoding=\"async\" width=\"800\" height=\"600\" src=\"https:\/\/cartesy.de\/wp-content\/uploads\/2021\/06\/Kalibrierset-1600x1200.jpg\" class=\"attachment-large size-large wp-image-46895\" alt=\"Kalibrierset\" srcset=\"https:\/\/cartesy.de\/wp-content\/uploads\/2021\/06\/Kalibrierset-1600x1200.jpg 1600w, https:\/\/cartesy.de\/wp-content\/uploads\/2021\/06\/Kalibrierset-scaled-120x90.jpg 120w, https:\/\/cartesy.de\/wp-content\/uploads\/2021\/06\/Kalibrierset-scaled-700x525.jpg 700w, https:\/\/cartesy.de\/wp-content\/uploads\/2021\/06\/Kalibrierset-500x375.jpg 500w, https:\/\/cartesy.de\/wp-content\/uploads\/2021\/06\/Kalibrierset-768x576.jpg 768w, https:\/\/cartesy.de\/wp-content\/uploads\/2021\/06\/Kalibrierset-1536x1152.jpg 1536w, https:\/\/cartesy.de\/wp-content\/uploads\/2021\/06\/Kalibrierset-2048x1536.jpg 2048w\" sizes=\"(max-width: 800px) 100vw, 800px\" \/>\t\t\t\t\t\t\t\t\t\t\t\t\t\t\t<\/div>\n\t\t\t\t<\/div>\n\t\t\t\t<div class=\"elementor-element elementor-element-d55ba72 elementor-widget elementor-widget-heading\" data-id=\"d55ba72\" data-element_type=\"widget\" data-e-type=\"widget\" data-widget_type=\"heading.default\">\n\t\t\t\t<div class=\"elementor-widget-container\">\n\t\t\t\t\t<h2 class=\"elementor-heading-title elementor-size-default\">Sensor Measurement Technology: Force Calibration Set<\/h2>\t\t\t\t<\/div>\n\t\t\t\t<\/div>\n\t\t\t\t<div class=\"elementor-element elementor-element-1ce7c59 elementor-widget elementor-widget-text-editor\" data-id=\"1ce7c59\" data-element_type=\"widget\" data-e-type=\"widget\" data-widget_type=\"text-editor.default\">\n\t\t\t\t<div class=\"elementor-widget-container\">\n\t\t\t\t\t\t\t\t\t<p><strong>Our bestseller<\/strong>: the Cartesy Force Calibration Set for routine inspections and the calibration of brake testers. Get to know this force transducer! The force sensor kit CSI-2020-CT is suitable for roller and plate brake testers, its reference sensor provides the highest measuring accuracy. The digital handheld terminal MHT-600 is battery-powered and easy to read. A charger, cable and a matching transport case for the device are included in delivery. When ordering the Force Calibration Set in the Cartesy Shop, tension &amp; compression <strong>(class A) calibration according to DIN EN ISO\/IEC 17025<\/strong> calibration carried out by our specialists is <strong>included in the price<\/strong>.<\/p>\n\t\t\t\t\t\t\t\t<\/div>\n\t\t\t\t<\/div>\n\t\t\t\t<div class=\"elementor-element elementor-element-7868774 elementor-align-center elementor-absolute elementor-mobile-align-justify elementor-widget elementor-widget-button\" data-id=\"7868774\" data-element_type=\"widget\" data-e-type=\"widget\" data-settings=\"{&quot;_position&quot;:&quot;absolute&quot;}\" data-widget_type=\"button.default\">\n\t\t\t\t<div class=\"elementor-widget-container\">\n\t\t\t\t\t\t\t\t\t<div class=\"elementor-button-wrapper\">\n\t\t\t\t\t<a class=\"elementor-button elementor-button-link elementor-size-md\" href=\"https:\/\/cartesy.de\/en\/product\/calibration-kit-20kn-iso17025\/\" target=\"_blank\">\n\t\t\t\t\t\t<span class=\"elementor-button-content-wrapper\">\n\t\t\t\t\t\t<span class=\"elementor-button-icon\">\n\t\t\t\t<i aria-hidden=\"true\" class=\"fas fa-shopping-cart\"><\/i>\t\t\t<\/span>\n\t\t\t\t\t\t\t\t\t<span class=\"elementor-button-text\">Shop Now!<\/span>\n\t\t\t\t\t<\/span>\n\t\t\t\t\t<\/a>\n\t\t\t\t<\/div>\n\t\t\t\t\t\t\t\t<\/div>\n\t\t\t\t<\/div>\n\t\t\t\t\t<\/div>\n\t\t<\/div>\n\t\t\t\t<div class=\"elementor-column elementor-col-50 elementor-top-column elementor-element elementor-element-82632f0\" data-id=\"82632f0\" data-element_type=\"column\" data-e-type=\"column\" data-settings=\"{&quot;background_background&quot;:&quot;classic&quot;}\">\n\t\t\t<div class=\"elementor-widget-wrap elementor-element-populated\">\n\t\t\t\t\t\t<div class=\"elementor-element elementor-element-5fe5de6 elementor-widget elementor-widget-image\" data-id=\"5fe5de6\" data-element_type=\"widget\" data-e-type=\"widget\" data-widget_type=\"image.default\">\n\t\t\t\t<div class=\"elementor-widget-container\">\n\t\t\t\t\t\t\t\t\t\t\t\t\t\t\t<img decoding=\"async\" width=\"800\" height=\"600\" src=\"https:\/\/cartesy.de\/wp-content\/uploads\/Sensortechnik_OEM.jpg\" class=\"attachment-large size-large wp-image-47022\" alt=\"\" srcset=\"https:\/\/cartesy.de\/wp-content\/uploads\/Sensortechnik_OEM.jpg 1600w, https:\/\/cartesy.de\/wp-content\/uploads\/Sensortechnik_OEM-120x90.jpg 120w, https:\/\/cartesy.de\/wp-content\/uploads\/Sensortechnik_OEM-700x525.jpg 700w, https:\/\/cartesy.de\/wp-content\/uploads\/Sensortechnik_OEM-500x375.jpg 500w, https:\/\/cartesy.de\/wp-content\/uploads\/Sensortechnik_OEM-768x576.jpg 768w, https:\/\/cartesy.de\/wp-content\/uploads\/Sensortechnik_OEM-1536x1152.jpg 1536w\" sizes=\"(max-width: 800px) 100vw, 800px\" \/>\t\t\t\t\t\t\t\t\t\t\t\t\t\t\t<\/div>\n\t\t\t\t<\/div>\n\t\t\t\t<div class=\"elementor-element elementor-element-cc4a17e elementor-widget elementor-widget-heading\" data-id=\"cc4a17e\" data-element_type=\"widget\" data-e-type=\"widget\" data-widget_type=\"heading.default\">\n\t\t\t\t<div class=\"elementor-widget-container\">\n\t\t\t\t\t<h2 class=\"elementor-heading-title elementor-size-default\">Strain Gauge Sensor Technology for OEM applications<\/h2>\t\t\t\t<\/div>\n\t\t\t\t<\/div>\n\t\t\t\t<div class=\"elementor-element elementor-element-af24ef4 elementor-widget elementor-widget-text-editor\" data-id=\"af24ef4\" data-element_type=\"widget\" data-e-type=\"widget\" data-widget_type=\"text-editor.default\">\n\t\t\t\t<div class=\"elementor-widget-container\">\n\t\t\t\t\t\t\t\t\t<p>Cartesy is one of the <strong>leading manufacturers in the area of sensor technology<\/strong>: Companies in a wide range of industries value our quality and expertise in the field of strain gauge-based sensor technology for force, pressure and weight. Cartesy offers sophisticated solutions for vehicle testing technology, industrial technology as well as for special machine construction. Our portfolio includes both <strong>analog and digital sensors<\/strong>, strain gauge amplifiers and mechanical adaptations, as well as connection solutions. We focus on <strong>customized systems<\/strong> for your company and develop individual sensors for each customer according to their needs. Your advantage with Cartesy: In addition to measurement sensors, we also provide <strong>competent, extensive service when it comes to sensor technology \u2013 from calibration to maintenance<\/strong>.<\/p>\n\t\t\t\t\t\t\t\t<\/div>\n\t\t\t\t<\/div>\n\t\t\t\t<div class=\"elementor-element elementor-element-39fd860 elementor-align-center elementor-absolute elementor-mobile-align-justify elementor-widget elementor-widget-button\" data-id=\"39fd860\" data-element_type=\"widget\" data-e-type=\"widget\" data-settings=\"{&quot;_position&quot;:&quot;absolute&quot;}\" data-widget_type=\"button.default\">\n\t\t\t\t<div class=\"elementor-widget-container\">\n\t\t\t\t\t\t\t\t\t<div class=\"elementor-button-wrapper\">\n\t\t\t\t\t<a class=\"elementor-button elementor-button-link elementor-size-md\" href=\"https:\/\/cartesy.de\/en\/analog-strain-gauge-solutions\/\" target=\"_blank\">\n\t\t\t\t\t\t<span class=\"elementor-button-content-wrapper\">\n\t\t\t\t\t\t\t\t\t<span class=\"elementor-button-text\">OEM Solutions<\/span>\n\t\t\t\t\t<\/span>\n\t\t\t\t\t<\/a>\n\t\t\t\t<\/div>\n\t\t\t\t\t\t\t\t<\/div>\n\t\t\t\t<\/div>\n\t\t\t\t\t<\/div>\n\t\t<\/div>\n\t\t\t\t\t<\/div>\n\t\t<\/section>\n\t\t\t\t<\/div>\n\t\t","protected":false},"excerpt":{"rendered":"<p>Load Cells Sensor technology and load cells by Cartesy stand for reliable precision and fulfill the highest demands for workshop equipment, weighing technology and industrial technology. As an established manufacturer of measurement and control systems, we offer you proven quality and first-class service for the installation, calibration and maintenance of your sensor technology. We will [&hellip;]<\/p>\n","protected":false},"author":9,"featured_media":0,"parent":0,"menu_order":0,"comment_status":"closed","ping_status":"closed","template":"","meta":{"footnotes":""},"class_list":["post-52778","page","type-page","status-publish","hentry"],"yoast_head":"<!-- This site is optimized with the Yoast SEO plugin v27.3 - https:\/\/yoast.com\/product\/yoast-seo-wordpress\/ -->\n<title>Load Cells | Cartesy<\/title>\n<meta name=\"description\" content=\"High-quality Sensor Technology \u2713 Strain Gauge sensors \u2713 Force Calibration \u2713 OEM applications \u25b6 Learn more!\" \/>\n<meta name=\"robots\" content=\"index, follow, max-snippet:-1, max-image-preview:large, max-video-preview:-1\" \/>\n<link rel=\"canonical\" href=\"https:\/\/cartesy.de\/en\/measurement-and-sensor-technology\/\" \/>\n<meta property=\"og:locale\" content=\"en_US\" \/>\n<meta property=\"og:type\" content=\"article\" \/>\n<meta property=\"og:title\" content=\"Load Cells | Cartesy\" \/>\n<meta property=\"og:description\" content=\"High-quality Sensor Technology \u2713 Strain Gauge sensors \u2713 Force Calibration \u2713 OEM applications \u25b6 Learn more!\" \/>\n<meta property=\"og:url\" content=\"https:\/\/cartesy.de\/en\/measurement-and-sensor-technology\/\" \/>\n<meta property=\"og:site_name\" content=\"Cartesy\" \/>\n<meta property=\"article:publisher\" content=\"https:\/\/de-de.facebook.com\/CartesyGmbH\" \/>\n<meta property=\"article:modified_time\" content=\"2023-06-15T11:41:00+00:00\" \/>\n<meta property=\"og:image\" content=\"http:\/\/cartesy.de\/wp-content\/uploads\/2021\/06\/Kalibrierset-1600x1200.jpg\" \/>\n<meta name=\"twitter:card\" content=\"summary_large_image\" \/>\n<meta name=\"twitter:label1\" content=\"Est. reading time\" \/>\n\t<meta name=\"twitter:data1\" content=\"2 minutes\" \/>\n<script type=\"application\/ld+json\" class=\"yoast-schema-graph\">{\"@context\":\"https:\\\/\\\/schema.org\",\"@graph\":[{\"@type\":\"WebPage\",\"@id\":\"https:\\\/\\\/cartesy.de\\\/en\\\/measurement-and-sensor-technology\\\/\",\"url\":\"https:\\\/\\\/cartesy.de\\\/en\\\/measurement-and-sensor-technology\\\/\",\"name\":\"Load Cells | Cartesy\",\"isPartOf\":{\"@id\":\"https:\\\/\\\/cartesy.de\\\/en\\\/#website\"},\"primaryImageOfPage\":{\"@id\":\"https:\\\/\\\/cartesy.de\\\/en\\\/measurement-and-sensor-technology\\\/#primaryimage\"},\"image\":{\"@id\":\"https:\\\/\\\/cartesy.de\\\/en\\\/measurement-and-sensor-technology\\\/#primaryimage\"},\"thumbnailUrl\":\"http:\\\/\\\/cartesy.de\\\/wp-content\\\/uploads\\\/2021\\\/06\\\/Kalibrierset-1600x1200.jpg\",\"datePublished\":\"2021-02-18T11:41:27+00:00\",\"dateModified\":\"2023-06-15T11:41:00+00:00\",\"description\":\"High-quality Sensor Technology \u2713 Strain Gauge sensors \u2713 Force Calibration \u2713 OEM applications \u25b6 Learn more!\",\"breadcrumb\":{\"@id\":\"https:\\\/\\\/cartesy.de\\\/en\\\/measurement-and-sensor-technology\\\/#breadcrumb\"},\"inLanguage\":\"en-US\",\"potentialAction\":[{\"@type\":\"ReadAction\",\"target\":[\"https:\\\/\\\/cartesy.de\\\/en\\\/measurement-and-sensor-technology\\\/\"]}]},{\"@type\":\"ImageObject\",\"inLanguage\":\"en-US\",\"@id\":\"https:\\\/\\\/cartesy.de\\\/en\\\/measurement-and-sensor-technology\\\/#primaryimage\",\"url\":\"http:\\\/\\\/cartesy.de\\\/wp-content\\\/uploads\\\/2021\\\/06\\\/Kalibrierset-1600x1200.jpg\",\"contentUrl\":\"http:\\\/\\\/cartesy.de\\\/wp-content\\\/uploads\\\/2021\\\/06\\\/Kalibrierset-1600x1200.jpg\"},{\"@type\":\"BreadcrumbList\",\"@id\":\"https:\\\/\\\/cartesy.de\\\/en\\\/measurement-and-sensor-technology\\\/#breadcrumb\",\"itemListElement\":[{\"@type\":\"ListItem\",\"position\":1,\"name\":\"Home\",\"item\":\"https:\\\/\\\/cartesy.de\\\/en\\\/kanzlei\\\/\"},{\"@type\":\"ListItem\",\"position\":2,\"name\":\"Sensor Technology\"}]},{\"@type\":\"WebSite\",\"@id\":\"https:\\\/\\\/cartesy.de\\\/en\\\/#website\",\"url\":\"https:\\\/\\\/cartesy.de\\\/en\\\/\",\"name\":\"Cartesy\",\"description\":\"Ihr Experte f\u00fcr hochpr\u00e4zise Pr\u00fcf- und W\u00e4gesysteme.\",\"publisher\":{\"@id\":\"https:\\\/\\\/cartesy.de\\\/en\\\/#organization\"},\"potentialAction\":[{\"@type\":\"SearchAction\",\"target\":{\"@type\":\"EntryPoint\",\"urlTemplate\":\"https:\\\/\\\/cartesy.de\\\/en\\\/?s={search_term_string}\"},\"query-input\":{\"@type\":\"PropertyValueSpecification\",\"valueRequired\":true,\"valueName\":\"search_term_string\"}}],\"inLanguage\":\"en-US\"},{\"@type\":\"Organization\",\"@id\":\"https:\\\/\\\/cartesy.de\\\/en\\\/#organization\",\"name\":\"Cartesy\",\"url\":\"https:\\\/\\\/cartesy.de\\\/en\\\/\",\"logo\":{\"@type\":\"ImageObject\",\"inLanguage\":\"en-US\",\"@id\":\"https:\\\/\\\/cartesy.de\\\/en\\\/#\\\/schema\\\/logo\\\/image\\\/\",\"url\":\"https:\\\/\\\/cartesy.de\\\/wp-content\\\/uploads\\\/Cartesy-logo.png\",\"contentUrl\":\"https:\\\/\\\/cartesy.de\\\/wp-content\\\/uploads\\\/Cartesy-logo.png\",\"width\":800,\"height\":600,\"caption\":\"Cartesy\"},\"image\":{\"@id\":\"https:\\\/\\\/cartesy.de\\\/en\\\/#\\\/schema\\\/logo\\\/image\\\/\"},\"sameAs\":[\"https:\\\/\\\/de-de.facebook.com\\\/CartesyGmbH\",\"https:\\\/\\\/de.linkedin.com\\\/company\\\/cartesy-gmbh\"]}]}<\/script>\n<!-- \/ Yoast SEO plugin. -->","yoast_head_json":{"title":"Load Cells | Cartesy","description":"High-quality Sensor Technology \u2713 Strain Gauge sensors \u2713 Force Calibration \u2713 OEM applications \u25b6 Learn more!","robots":{"index":"index","follow":"follow","max-snippet":"max-snippet:-1","max-image-preview":"max-image-preview:large","max-video-preview":"max-video-preview:-1"},"canonical":"https:\/\/cartesy.de\/en\/measurement-and-sensor-technology\/","og_locale":"en_US","og_type":"article","og_title":"Load Cells | Cartesy","og_description":"High-quality Sensor Technology \u2713 Strain Gauge sensors \u2713 Force Calibration \u2713 OEM applications \u25b6 Learn more!","og_url":"https:\/\/cartesy.de\/en\/measurement-and-sensor-technology\/","og_site_name":"Cartesy","article_publisher":"https:\/\/de-de.facebook.com\/CartesyGmbH","article_modified_time":"2023-06-15T11:41:00+00:00","og_image":[{"url":"http:\/\/cartesy.de\/wp-content\/uploads\/2021\/06\/Kalibrierset-1600x1200.jpg","type":"","width":"","height":""}],"twitter_card":"summary_large_image","twitter_misc":{"Est. reading time":"2 minutes"},"schema":{"@context":"https:\/\/schema.org","@graph":[{"@type":"WebPage","@id":"https:\/\/cartesy.de\/en\/measurement-and-sensor-technology\/","url":"https:\/\/cartesy.de\/en\/measurement-and-sensor-technology\/","name":"Load Cells | Cartesy","isPartOf":{"@id":"https:\/\/cartesy.de\/en\/#website"},"primaryImageOfPage":{"@id":"https:\/\/cartesy.de\/en\/measurement-and-sensor-technology\/#primaryimage"},"image":{"@id":"https:\/\/cartesy.de\/en\/measurement-and-sensor-technology\/#primaryimage"},"thumbnailUrl":"http:\/\/cartesy.de\/wp-content\/uploads\/2021\/06\/Kalibrierset-1600x1200.jpg","datePublished":"2021-02-18T11:41:27+00:00","dateModified":"2023-06-15T11:41:00+00:00","description":"High-quality Sensor Technology \u2713 Strain Gauge sensors \u2713 Force Calibration \u2713 OEM applications \u25b6 Learn more!","breadcrumb":{"@id":"https:\/\/cartesy.de\/en\/measurement-and-sensor-technology\/#breadcrumb"},"inLanguage":"en-US","potentialAction":[{"@type":"ReadAction","target":["https:\/\/cartesy.de\/en\/measurement-and-sensor-technology\/"]}]},{"@type":"ImageObject","inLanguage":"en-US","@id":"https:\/\/cartesy.de\/en\/measurement-and-sensor-technology\/#primaryimage","url":"http:\/\/cartesy.de\/wp-content\/uploads\/2021\/06\/Kalibrierset-1600x1200.jpg","contentUrl":"http:\/\/cartesy.de\/wp-content\/uploads\/2021\/06\/Kalibrierset-1600x1200.jpg"},{"@type":"BreadcrumbList","@id":"https:\/\/cartesy.de\/en\/measurement-and-sensor-technology\/#breadcrumb","itemListElement":[{"@type":"ListItem","position":1,"name":"Home","item":"https:\/\/cartesy.de\/en\/kanzlei\/"},{"@type":"ListItem","position":2,"name":"Sensor Technology"}]},{"@type":"WebSite","@id":"https:\/\/cartesy.de\/en\/#website","url":"https:\/\/cartesy.de\/en\/","name":"Cartesy","description":"Ihr Experte f\u00fcr hochpr\u00e4zise Pr\u00fcf- und W\u00e4gesysteme.","publisher":{"@id":"https:\/\/cartesy.de\/en\/#organization"},"potentialAction":[{"@type":"SearchAction","target":{"@type":"EntryPoint","urlTemplate":"https:\/\/cartesy.de\/en\/?s={search_term_string}"},"query-input":{"@type":"PropertyValueSpecification","valueRequired":true,"valueName":"search_term_string"}}],"inLanguage":"en-US"},{"@type":"Organization","@id":"https:\/\/cartesy.de\/en\/#organization","name":"Cartesy","url":"https:\/\/cartesy.de\/en\/","logo":{"@type":"ImageObject","inLanguage":"en-US","@id":"https:\/\/cartesy.de\/en\/#\/schema\/logo\/image\/","url":"https:\/\/cartesy.de\/wp-content\/uploads\/Cartesy-logo.png","contentUrl":"https:\/\/cartesy.de\/wp-content\/uploads\/Cartesy-logo.png","width":800,"height":600,"caption":"Cartesy"},"image":{"@id":"https:\/\/cartesy.de\/en\/#\/schema\/logo\/image\/"},"sameAs":["https:\/\/de-de.facebook.com\/CartesyGmbH","https:\/\/de.linkedin.com\/company\/cartesy-gmbh"]}]}},"_links":{"self":[{"href":"https:\/\/cartesy.de\/en\/wp-json\/wp\/v2\/pages\/52778","targetHints":{"allow":["GET"]}}],"collection":[{"href":"https:\/\/cartesy.de\/en\/wp-json\/wp\/v2\/pages"}],"about":[{"href":"https:\/\/cartesy.de\/en\/wp-json\/wp\/v2\/types\/page"}],"author":[{"embeddable":true,"href":"https:\/\/cartesy.de\/en\/wp-json\/wp\/v2\/users\/9"}],"replies":[{"embeddable":true,"href":"https:\/\/cartesy.de\/en\/wp-json\/wp\/v2\/comments?post=52778"}],"version-history":[{"count":0,"href":"https:\/\/cartesy.de\/en\/wp-json\/wp\/v2\/pages\/52778\/revisions"}],"wp:attachment":[{"href":"https:\/\/cartesy.de\/en\/wp-json\/wp\/v2\/media?parent=52778"}],"curies":[{"name":"wp","href":"https:\/\/api.w.org\/{rel}","templated":true}]}}