{"id":61063,"date":"2021-06-07T13:11:17","date_gmt":"2021-06-07T11:11:17","guid":{"rendered":"https:\/\/cartesy.de\/produkt\/ifx-20\/"},"modified":"2026-01-21T16:05:49","modified_gmt":"2026-01-21T15:05:49","slug":"ifx-20","status":"publish","type":"product","link":"https:\/\/cartesy.de\/en\/product\/ifx-20\/","title":{"rendered":"Mobile car wheel load scale IFX-20-LCD-F [2 .000 kg]"},"content":{"rendered":"<ul>\n<li>Digital wheel load scale with LCD display and wireless communication (433MHz)<\/li>\n<li>Measuring range: 0 &#8211; 2,000 kg<\/li>\n<li>Division: 1 kg<\/li>\n<li>Weight: approx. 6 kg<\/li>\n<li>Serial interface RS-485<\/li>\n<li>Aluminum alloy<\/li>\n<li>Dimensions (LxWxH): 500 x 250 x 21 mm<\/li>\n<li>Active weighing area: 400 x 250 mm<\/li>\n<li>Compatible with inno!weight PC software (in combination with SUB-1020 wireless receiver)<\/li>\n<li>Compatible with inno!weight PC software &amp; apps (in combination with SUB-2020 wireless receiver)<\/li>\n<\/ul>\n<p>&nbsp;<\/p>\n<p><strong>Areas of application (among others):<\/strong><\/p>\n<ul>\n<li>Overload control for cars, trailers, caravans<\/li>\n<li>Check weight while loading and unloading<\/li>\n<li>Wheel load determination for wheel alignment<\/li>\n<li>Determination of center of gravity in motorsport<\/li>\n<li>Agricultural applications<\/li>\n<li>Corner balancing for track racing (cross weight)<\/li>\n<\/ul>\n<p>&nbsp;<\/p>\n<p><strong>Scope of delivery:<\/strong><\/p>\n<ul>\n<li>1x IFX wheel load scale<\/li>\n<li>1x Charging cable and power supply unit<\/li>\n<li>1x Documentation<\/li>\n<li>1x Test protocol<\/li>\n<li>*optionally available with factory calibration<\/li>\n<li>*optionally available with DAkkS calibration (Please note: The calibration is not part of the accreditation range of our calibration laboratory and is carried out by a subcontractor)<\/li>\n<\/ul>\n<p>&nbsp;<\/p>\n<hr>\n<p>&nbsp;<\/p>\n<p><strong>More information:<\/strong><\/p>\n<p><a href=\"https:\/\/cartesy.de\/wp-content\/uploads\/DB-IFX-20-LCD-F-DE.pdf\" target=\"_blank\" rel=\"noopener\"> Datasheet-IFX-20-LCD-F<\/a><\/p>\n","protected":false},"excerpt":{"rendered":"<p>Mobile car wheel load scales for checking wheel and axle loads.<br \/>\nIntegrated 8-digit LCD display with backlight, operating button and wireless data transmission.<\/p>\n","protected":false},"featured_media":46749,"template":"","meta":[],"product_brand":[],"product_cat":[379],"product_tag":[383],"class_list":{"0":"post-61063","1":"product","2":"type-product","3":"status-publish","4":"has-post-thumbnail","6":"product_cat-wheel-load-scales","7":"product_tag-mobile-car-wheel-load-scale-ifx-20-lcd-f","8":"product_shipping_class-g-en","9":"tm-has-options","11":"first","12":"instock","13":"taxable","14":"shipping-taxable","15":"purchasable","16":"product-type-simple"},"yoast_head":"<!-- This site is optimized with the Yoast SEO plugin v27.3 - https:\/\/yoast.com\/product\/yoast-seo-wordpress\/ -->\n<title>IFX-20-LCD-F car scale up to 2,000 kg | Cartesy<\/title>\n<meta name=\"description\" content=\"Mobile car wheel load scale IFX-20-LCD-F [2 .000 kg] Mobile car wheel load scales for checking wheel and axle loads with LCD display\" \/>\n<meta name=\"robots\" content=\"index, follow, max-snippet:-1, max-image-preview:large, max-video-preview:-1\" \/>\n<link rel=\"canonical\" href=\"https:\/\/cartesy.de\/en\/product\/ifx-20\/\" \/>\n<meta property=\"og:locale\" content=\"en_US\" \/>\n<meta property=\"og:type\" content=\"article\" \/>\n<meta property=\"og:title\" content=\"IFX-20-LCD-F car scale up to 2,000 kg | Cartesy\" \/>\n<meta property=\"og:description\" content=\"Mobile car wheel load scale IFX-20-LCD-F [2 .000 kg] Mobile car wheel load scales for checking wheel and axle loads with LCD display\" \/>\n<meta property=\"og:url\" content=\"https:\/\/cartesy.de\/en\/product\/ifx-20\/\" \/>\n<meta property=\"og:site_name\" content=\"Cartesy\" \/>\n<meta property=\"article:publisher\" content=\"https:\/\/de-de.facebook.com\/CartesyGmbH\" \/>\n<meta property=\"article:modified_time\" content=\"2026-01-21T15:05:49+00:00\" \/>\n<meta property=\"og:image\" content=\"https:\/\/cartesy.de\/wp-content\/uploads\/2021\/03\/IFX_Bild-2.jpg\" \/>\n\t<meta property=\"og:image:width\" content=\"1798\" \/>\n\t<meta property=\"og:image:height\" content=\"1200\" \/>\n\t<meta property=\"og:image:type\" content=\"image\/jpeg\" \/>\n<meta name=\"twitter:card\" content=\"summary_large_image\" \/>\n<meta name=\"twitter:label1\" content=\"Est. reading time\" \/>\n\t<meta name=\"twitter:data1\" content=\"1 minute\" \/>\n<script type=\"application\/ld+json\" class=\"yoast-schema-graph\">{\"@context\":\"https:\\\/\\\/schema.org\",\"@graph\":[{\"@type\":\"WebPage\",\"@id\":\"https:\\\/\\\/cartesy.de\\\/en\\\/product\\\/ifx-20\\\/\",\"url\":\"https:\\\/\\\/cartesy.de\\\/en\\\/product\\\/ifx-20\\\/\",\"name\":\"IFX-20-LCD-F car scale up to 2,000 kg | Cartesy\",\"isPartOf\":{\"@id\":\"https:\\\/\\\/cartesy.de\\\/en\\\/#website\"},\"primaryImageOfPage\":{\"@id\":\"https:\\\/\\\/cartesy.de\\\/en\\\/product\\\/ifx-20\\\/#primaryimage\"},\"image\":{\"@id\":\"https:\\\/\\\/cartesy.de\\\/en\\\/product\\\/ifx-20\\\/#primaryimage\"},\"thumbnailUrl\":\"https:\\\/\\\/cartesy.de\\\/wp-content\\\/uploads\\\/2021\\\/03\\\/IFX_Bild-2.jpg\",\"datePublished\":\"2021-06-07T11:11:17+00:00\",\"dateModified\":\"2026-01-21T15:05:49+00:00\",\"description\":\"Mobile car wheel load scale IFX-20-LCD-F [2 .000 kg] Mobile car wheel load scales for checking wheel and axle loads with LCD display\",\"breadcrumb\":{\"@id\":\"https:\\\/\\\/cartesy.de\\\/en\\\/product\\\/ifx-20\\\/#breadcrumb\"},\"inLanguage\":\"en-US\",\"potentialAction\":[{\"@type\":\"ReadAction\",\"target\":[\"https:\\\/\\\/cartesy.de\\\/en\\\/product\\\/ifx-20\\\/\"]}]},{\"@type\":\"ImageObject\",\"inLanguage\":\"en-US\",\"@id\":\"https:\\\/\\\/cartesy.de\\\/en\\\/product\\\/ifx-20\\\/#primaryimage\",\"url\":\"https:\\\/\\\/cartesy.de\\\/wp-content\\\/uploads\\\/2021\\\/03\\\/IFX_Bild-2.jpg\",\"contentUrl\":\"https:\\\/\\\/cartesy.de\\\/wp-content\\\/uploads\\\/2021\\\/03\\\/IFX_Bild-2.jpg\",\"width\":1798,\"height\":1200,\"caption\":\"IFX_Bild 2\"},{\"@type\":\"BreadcrumbList\",\"@id\":\"https:\\\/\\\/cartesy.de\\\/en\\\/product\\\/ifx-20\\\/#breadcrumb\",\"itemListElement\":[{\"@type\":\"ListItem\",\"position\":1,\"name\":\"Home\",\"item\":\"https:\\\/\\\/cartesy.de\\\/en\\\/kanzlei\\\/\"},{\"@type\":\"ListItem\",\"position\":2,\"name\":\"Product overview\",\"item\":\"https:\\\/\\\/cartesy.de\\\/en\\\/product-overview\\\/\"},{\"@type\":\"ListItem\",\"position\":3,\"name\":\"Mobile car wheel load scale IFX-20-LCD-F [2 .000 kg]\"}]},{\"@type\":\"WebSite\",\"@id\":\"https:\\\/\\\/cartesy.de\\\/en\\\/#website\",\"url\":\"https:\\\/\\\/cartesy.de\\\/en\\\/\",\"name\":\"Cartesy\",\"description\":\"Ihr Experte f\u00fcr hochpr\u00e4zise Pr\u00fcf- und W\u00e4gesysteme.\",\"publisher\":{\"@id\":\"https:\\\/\\\/cartesy.de\\\/en\\\/#organization\"},\"potentialAction\":[{\"@type\":\"SearchAction\",\"target\":{\"@type\":\"EntryPoint\",\"urlTemplate\":\"https:\\\/\\\/cartesy.de\\\/en\\\/?s={search_term_string}\"},\"query-input\":{\"@type\":\"PropertyValueSpecification\",\"valueRequired\":true,\"valueName\":\"search_term_string\"}}],\"inLanguage\":\"en-US\"},{\"@type\":\"Organization\",\"@id\":\"https:\\\/\\\/cartesy.de\\\/en\\\/#organization\",\"name\":\"Cartesy\",\"url\":\"https:\\\/\\\/cartesy.de\\\/en\\\/\",\"logo\":{\"@type\":\"ImageObject\",\"inLanguage\":\"en-US\",\"@id\":\"https:\\\/\\\/cartesy.de\\\/en\\\/#\\\/schema\\\/logo\\\/image\\\/\",\"url\":\"https:\\\/\\\/cartesy.de\\\/wp-content\\\/uploads\\\/Cartesy-logo.png\",\"contentUrl\":\"https:\\\/\\\/cartesy.de\\\/wp-content\\\/uploads\\\/Cartesy-logo.png\",\"width\":800,\"height\":600,\"caption\":\"Cartesy\"},\"image\":{\"@id\":\"https:\\\/\\\/cartesy.de\\\/en\\\/#\\\/schema\\\/logo\\\/image\\\/\"},\"sameAs\":[\"https:\\\/\\\/de-de.facebook.com\\\/CartesyGmbH\",\"https:\\\/\\\/de.linkedin.com\\\/company\\\/cartesy-gmbh\"]}]}<\/script>\n<!-- \/ Yoast SEO plugin. -->","yoast_head_json":{"title":"IFX-20-LCD-F car scale up to 2,000 kg | Cartesy","description":"Mobile car wheel load scale IFX-20-LCD-F [2 .000 kg] Mobile car wheel load scales for checking wheel and axle loads with LCD display","robots":{"index":"index","follow":"follow","max-snippet":"max-snippet:-1","max-image-preview":"max-image-preview:large","max-video-preview":"max-video-preview:-1"},"canonical":"https:\/\/cartesy.de\/en\/product\/ifx-20\/","og_locale":"en_US","og_type":"article","og_title":"IFX-20-LCD-F car scale up to 2,000 kg | Cartesy","og_description":"Mobile car wheel load scale IFX-20-LCD-F [2 .000 kg] Mobile car wheel load scales for checking wheel and axle loads with LCD display","og_url":"https:\/\/cartesy.de\/en\/product\/ifx-20\/","og_site_name":"Cartesy","article_publisher":"https:\/\/de-de.facebook.com\/CartesyGmbH","article_modified_time":"2026-01-21T15:05:49+00:00","og_image":[{"width":1798,"height":1200,"url":"https:\/\/cartesy.de\/wp-content\/uploads\/2021\/03\/IFX_Bild-2.jpg","type":"image\/jpeg"}],"twitter_card":"summary_large_image","twitter_misc":{"Est. reading time":"1 minute"},"schema":{"@context":"https:\/\/schema.org","@graph":[{"@type":"WebPage","@id":"https:\/\/cartesy.de\/en\/product\/ifx-20\/","url":"https:\/\/cartesy.de\/en\/product\/ifx-20\/","name":"IFX-20-LCD-F car scale up to 2,000 kg | Cartesy","isPartOf":{"@id":"https:\/\/cartesy.de\/en\/#website"},"primaryImageOfPage":{"@id":"https:\/\/cartesy.de\/en\/product\/ifx-20\/#primaryimage"},"image":{"@id":"https:\/\/cartesy.de\/en\/product\/ifx-20\/#primaryimage"},"thumbnailUrl":"https:\/\/cartesy.de\/wp-content\/uploads\/2021\/03\/IFX_Bild-2.jpg","datePublished":"2021-06-07T11:11:17+00:00","dateModified":"2026-01-21T15:05:49+00:00","description":"Mobile car wheel load scale IFX-20-LCD-F [2 .000 kg] Mobile car wheel load scales for checking wheel and axle loads with LCD display","breadcrumb":{"@id":"https:\/\/cartesy.de\/en\/product\/ifx-20\/#breadcrumb"},"inLanguage":"en-US","potentialAction":[{"@type":"ReadAction","target":["https:\/\/cartesy.de\/en\/product\/ifx-20\/"]}]},{"@type":"ImageObject","inLanguage":"en-US","@id":"https:\/\/cartesy.de\/en\/product\/ifx-20\/#primaryimage","url":"https:\/\/cartesy.de\/wp-content\/uploads\/2021\/03\/IFX_Bild-2.jpg","contentUrl":"https:\/\/cartesy.de\/wp-content\/uploads\/2021\/03\/IFX_Bild-2.jpg","width":1798,"height":1200,"caption":"IFX_Bild 2"},{"@type":"BreadcrumbList","@id":"https:\/\/cartesy.de\/en\/product\/ifx-20\/#breadcrumb","itemListElement":[{"@type":"ListItem","position":1,"name":"Home","item":"https:\/\/cartesy.de\/en\/kanzlei\/"},{"@type":"ListItem","position":2,"name":"Product overview","item":"https:\/\/cartesy.de\/en\/product-overview\/"},{"@type":"ListItem","position":3,"name":"Mobile car wheel load scale IFX-20-LCD-F [2 .000 kg]"}]},{"@type":"WebSite","@id":"https:\/\/cartesy.de\/en\/#website","url":"https:\/\/cartesy.de\/en\/","name":"Cartesy","description":"Ihr Experte f\u00fcr hochpr\u00e4zise Pr\u00fcf- und W\u00e4gesysteme.","publisher":{"@id":"https:\/\/cartesy.de\/en\/#organization"},"potentialAction":[{"@type":"SearchAction","target":{"@type":"EntryPoint","urlTemplate":"https:\/\/cartesy.de\/en\/?s={search_term_string}"},"query-input":{"@type":"PropertyValueSpecification","valueRequired":true,"valueName":"search_term_string"}}],"inLanguage":"en-US"},{"@type":"Organization","@id":"https:\/\/cartesy.de\/en\/#organization","name":"Cartesy","url":"https:\/\/cartesy.de\/en\/","logo":{"@type":"ImageObject","inLanguage":"en-US","@id":"https:\/\/cartesy.de\/en\/#\/schema\/logo\/image\/","url":"https:\/\/cartesy.de\/wp-content\/uploads\/Cartesy-logo.png","contentUrl":"https:\/\/cartesy.de\/wp-content\/uploads\/Cartesy-logo.png","width":800,"height":600,"caption":"Cartesy"},"image":{"@id":"https:\/\/cartesy.de\/en\/#\/schema\/logo\/image\/"},"sameAs":["https:\/\/de-de.facebook.com\/CartesyGmbH","https:\/\/de.linkedin.com\/company\/cartesy-gmbh"]}]}},"_links":{"self":[{"href":"https:\/\/cartesy.de\/en\/wp-json\/wp\/v2\/product\/61063","targetHints":{"allow":["GET"]}}],"collection":[{"href":"https:\/\/cartesy.de\/en\/wp-json\/wp\/v2\/product"}],"about":[{"href":"https:\/\/cartesy.de\/en\/wp-json\/wp\/v2\/types\/product"}],"wp:featuredmedia":[{"embeddable":true,"href":"https:\/\/cartesy.de\/en\/wp-json\/wp\/v2\/media\/46749"}],"wp:attachment":[{"href":"https:\/\/cartesy.de\/en\/wp-json\/wp\/v2\/media?parent=61063"}],"wp:term":[{"taxonomy":"product_brand","embeddable":true,"href":"https:\/\/cartesy.de\/en\/wp-json\/wp\/v2\/product_brand?post=61063"},{"taxonomy":"product_cat","embeddable":true,"href":"https:\/\/cartesy.de\/en\/wp-json\/wp\/v2\/product_cat?post=61063"},{"taxonomy":"product_tag","embeddable":true,"href":"https:\/\/cartesy.de\/en\/wp-json\/wp\/v2\/product_tag?post=61063"}],"curies":[{"name":"wp","href":"https:\/\/api.w.org\/{rel}","templated":true}]}}