{"id":61069,"date":"2022-10-18T11:57:35","date_gmt":"2022-10-18T09:57:35","guid":{"rendered":"https:\/\/cartesy.de\/produkt\/mobile-weighing-set-2x2000kg\/"},"modified":"2026-03-16T16:10:36","modified_gmt":"2026-03-16T15:10:36","slug":"mobile-weighing-set-2x2000kg","status":"publish","type":"product","link":"https:\/\/cartesy.de\/en\/product\/mobile-weighing-set-2x2000kg\/","title":{"rendered":"Mobile weighing set [4 .000 kg] incl. inno!weight\u00ae PC software, height compensation plates, USB wireless receiver and carrying case"},"content":{"rendered":"<p><strong>Mobile 4t weighing set consisting of:<\/strong><\/p>\n<ul>\n<li><strong>2x <\/strong>IFX-20-LCD-F wheel load scales<\/li>\n<li>2x height compensation plate for IFX scales (fit in the case, same size as IFX scales)<\/li>\n<li>2x Charging cable and power supply unit<\/li>\n<li>2x Test protocol<\/li>\n<li>1x inno!weight\u00ae PC software incl. USB wireless receiver (SUB-1020)\n<ul>\n<li>Alternatively: inno!weight\u00ae PC software &amp; apps incl. USB wireless receiver (SUB-2020)<\/li>\n<li>Please specify when ordering (SUB upgrade is free of charge for online orders!)<\/li>\n<\/ul>\n<\/li>\n<li>1x IFX transport case<\/li>\n<li>*optionally available with factory calibration<\/li>\n<li>*optionally available with DAkkS calibration (Please note: The calibration is not part of the accreditation range of our calibration laboratory and is carried out by a subcontractor)<\/li>\n<\/ul>\n<p>&nbsp;<\/p>\n<p><strong>Digital wheel load scale IFX-20-LCD-F with LCD and wireless communication<\/strong><\/p>\n<ul>\n<li>Measuring range: 0 &#8211; 2,000 kg<\/li>\n<li>Division: 1 kg<\/li>\n<li>Weight: approx. 6 kg<\/li>\n<li>Serial interface RS-485<\/li>\n<li>Aluminum alloy<\/li>\n<li>Dimensions (LxWxH): 500 x 250 x 21 mm<\/li>\n<li>Active weighing area: 400 x 250 mm<\/li>\n<\/ul>\n<p>&nbsp;<\/p>\n<p><strong>Areas of application (among others):<\/strong><\/p>\n<ul>\n<li>Overload control for cars, trailers, caravans<\/li>\n<li>Wheel load, axle load and overall weight<\/li>\n<li>Check weight while loading and unloading<\/li>\n<li>Wheel load determination for wheel alignment<\/li>\n<li>Determination of center of gravity in motorsport<\/li>\n<li>Corner balancing for track racing (cross weight)<\/li>\n<\/ul>\n<p>&nbsp;<\/p>\n<hr>\n<p>&nbsp;<\/p>\n<p><strong>More information:<\/strong><\/p>\n<p><a href=\"https:\/\/cartesy.de\/wp-content\/uploads\/DB-IFX-20-LCD-F-DE.pdf\" target=\"_blank\" rel=\"noopener\"> Datasheet-IFX-20-LCD-F<\/a><\/p>\n<p><a href=\"https:\/\/cartesy.de\/wp-content\/uploads\/DB-innoweight-PC-DE.pdf\" target=\"_blank\" rel=\"noopener\">Datasheet-innoweight\u00ae-PC<\/a><\/p>\n","protected":false},"excerpt":{"rendered":"<p>Mobile car weighing set for 4,000 kg total load<br \/>\n2x wheel load scales, 2x height compensation plate incl. inno!weight\u00ae PC software &amp; apps, USB wireless receiver and transport case<\/p>\n","protected":false},"featured_media":61450,"template":"","meta":[],"product_brand":[],"product_cat":[379],"product_tag":[387,388],"class_list":{"0":"post-61069","1":"product","2":"type-product","3":"status-publish","4":"has-post-thumbnail","6":"product_cat-wheel-load-scales","7":"product_tag-mobile-weighing-set-4-000-kg-incl-innoweight-pc-software","8":"product_tag-usb-wireless-receiver-and-tranport-case","9":"product_shipping_class-g-en","10":"tm-has-options","12":"first","13":"instock","14":"sale","15":"taxable","16":"shipping-taxable","17":"purchasable","18":"product-type-simple"},"yoast_head":"<!-- This site is optimized with the Yoast SEO plugin v27.3 - https:\/\/yoast.com\/product\/yoast-seo-wordpress\/ -->\n<title>Vehicle scales set up to 4,000 kg incl. Transport case | Cartesy<\/title>\n<meta name=\"description\" content=\"For checking wheel and axle loads up to 4,000 kg \u2713 Integrated LCD display \u2713 Control button \u2713 wireless communication \u25b6 Buy now\" \/>\n<meta name=\"robots\" content=\"index, follow, max-snippet:-1, max-image-preview:large, max-video-preview:-1\" \/>\n<link rel=\"canonical\" href=\"https:\/\/cartesy.de\/en\/product\/mobile-weighing-set-2x2000kg\/\" \/>\n<meta property=\"og:locale\" content=\"en_US\" \/>\n<meta property=\"og:type\" content=\"article\" \/>\n<meta property=\"og:title\" content=\"Vehicle scales set up to 4,000 kg incl. Transport case | Cartesy\" \/>\n<meta property=\"og:description\" content=\"For checking wheel and axle loads up to 4,000 kg \u2713 Integrated LCD display \u2713 Control button \u2713 wireless communication \u25b6 Buy now\" \/>\n<meta property=\"og:url\" content=\"https:\/\/cartesy.de\/en\/product\/mobile-weighing-set-2x2000kg\/\" \/>\n<meta property=\"og:site_name\" content=\"Cartesy\" \/>\n<meta property=\"article:publisher\" content=\"https:\/\/de-de.facebook.com\/CartesyGmbH\" \/>\n<meta property=\"article:modified_time\" content=\"2026-03-16T15:10:36+00:00\" \/>\n<meta property=\"og:image\" content=\"https:\/\/cartesy.de\/wp-content\/uploads\/transportkoffer-ifx-geoeffnet-2-scaled.jpg\" \/>\n\t<meta property=\"og:image:width\" content=\"2560\" \/>\n\t<meta property=\"og:image:height\" content=\"1707\" \/>\n\t<meta property=\"og:image:type\" content=\"image\/jpeg\" \/>\n<meta name=\"twitter:card\" content=\"summary_large_image\" \/>\n<meta name=\"twitter:label1\" content=\"Est. reading time\" \/>\n\t<meta name=\"twitter:data1\" content=\"1 minute\" \/>\n<script type=\"application\/ld+json\" class=\"yoast-schema-graph\">{\"@context\":\"https:\\\/\\\/schema.org\",\"@graph\":[{\"@type\":\"WebPage\",\"@id\":\"https:\\\/\\\/cartesy.de\\\/en\\\/product\\\/mobile-weighing-set-2x2000kg\\\/\",\"url\":\"https:\\\/\\\/cartesy.de\\\/en\\\/product\\\/mobile-weighing-set-2x2000kg\\\/\",\"name\":\"Vehicle scales set up to 4,000 kg incl. Transport case | Cartesy\",\"isPartOf\":{\"@id\":\"https:\\\/\\\/cartesy.de\\\/en\\\/#website\"},\"primaryImageOfPage\":{\"@id\":\"https:\\\/\\\/cartesy.de\\\/en\\\/product\\\/mobile-weighing-set-2x2000kg\\\/#primaryimage\"},\"image\":{\"@id\":\"https:\\\/\\\/cartesy.de\\\/en\\\/product\\\/mobile-weighing-set-2x2000kg\\\/#primaryimage\"},\"thumbnailUrl\":\"https:\\\/\\\/cartesy.de\\\/wp-content\\\/uploads\\\/transportkoffer-ifx-geoeffnet-2-scaled.jpg\",\"datePublished\":\"2022-10-18T09:57:35+00:00\",\"dateModified\":\"2026-03-16T15:10:36+00:00\",\"description\":\"For checking wheel and axle loads up to 4,000 kg \u2713 Integrated LCD display \u2713 Control button \u2713 wireless communication \u25b6 Buy now\",\"breadcrumb\":{\"@id\":\"https:\\\/\\\/cartesy.de\\\/en\\\/product\\\/mobile-weighing-set-2x2000kg\\\/#breadcrumb\"},\"inLanguage\":\"en-US\",\"potentialAction\":[{\"@type\":\"ReadAction\",\"target\":[\"https:\\\/\\\/cartesy.de\\\/en\\\/product\\\/mobile-weighing-set-2x2000kg\\\/\"]}]},{\"@type\":\"ImageObject\",\"inLanguage\":\"en-US\",\"@id\":\"https:\\\/\\\/cartesy.de\\\/en\\\/product\\\/mobile-weighing-set-2x2000kg\\\/#primaryimage\",\"url\":\"https:\\\/\\\/cartesy.de\\\/wp-content\\\/uploads\\\/transportkoffer-ifx-geoeffnet-2-scaled.jpg\",\"contentUrl\":\"https:\\\/\\\/cartesy.de\\\/wp-content\\\/uploads\\\/transportkoffer-ifx-geoeffnet-2-scaled.jpg\",\"width\":2560,\"height\":1707,\"caption\":\"Open transport case with IFX scales and accessories stored inside, viewed from the front\"},{\"@type\":\"BreadcrumbList\",\"@id\":\"https:\\\/\\\/cartesy.de\\\/en\\\/product\\\/mobile-weighing-set-2x2000kg\\\/#breadcrumb\",\"itemListElement\":[{\"@type\":\"ListItem\",\"position\":1,\"name\":\"Home\",\"item\":\"https:\\\/\\\/cartesy.de\\\/en\\\/kanzlei\\\/\"},{\"@type\":\"ListItem\",\"position\":2,\"name\":\"Product overview\",\"item\":\"https:\\\/\\\/cartesy.de\\\/en\\\/product-overview\\\/\"},{\"@type\":\"ListItem\",\"position\":3,\"name\":\"Mobile weighing set [4 .000 kg] incl. inno!weight\u00ae PC software, height compensation plates, USB wireless receiver and carrying case\"}]},{\"@type\":\"WebSite\",\"@id\":\"https:\\\/\\\/cartesy.de\\\/en\\\/#website\",\"url\":\"https:\\\/\\\/cartesy.de\\\/en\\\/\",\"name\":\"Cartesy\",\"description\":\"Ihr Experte f\u00fcr hochpr\u00e4zise Pr\u00fcf- und W\u00e4gesysteme.\",\"publisher\":{\"@id\":\"https:\\\/\\\/cartesy.de\\\/en\\\/#organization\"},\"potentialAction\":[{\"@type\":\"SearchAction\",\"target\":{\"@type\":\"EntryPoint\",\"urlTemplate\":\"https:\\\/\\\/cartesy.de\\\/en\\\/?s={search_term_string}\"},\"query-input\":{\"@type\":\"PropertyValueSpecification\",\"valueRequired\":true,\"valueName\":\"search_term_string\"}}],\"inLanguage\":\"en-US\"},{\"@type\":\"Organization\",\"@id\":\"https:\\\/\\\/cartesy.de\\\/en\\\/#organization\",\"name\":\"Cartesy\",\"url\":\"https:\\\/\\\/cartesy.de\\\/en\\\/\",\"logo\":{\"@type\":\"ImageObject\",\"inLanguage\":\"en-US\",\"@id\":\"https:\\\/\\\/cartesy.de\\\/en\\\/#\\\/schema\\\/logo\\\/image\\\/\",\"url\":\"https:\\\/\\\/cartesy.de\\\/wp-content\\\/uploads\\\/Cartesy-logo.png\",\"contentUrl\":\"https:\\\/\\\/cartesy.de\\\/wp-content\\\/uploads\\\/Cartesy-logo.png\",\"width\":800,\"height\":600,\"caption\":\"Cartesy\"},\"image\":{\"@id\":\"https:\\\/\\\/cartesy.de\\\/en\\\/#\\\/schema\\\/logo\\\/image\\\/\"},\"sameAs\":[\"https:\\\/\\\/de-de.facebook.com\\\/CartesyGmbH\",\"https:\\\/\\\/de.linkedin.com\\\/company\\\/cartesy-gmbh\"]}]}<\/script>\n<!-- \/ Yoast SEO plugin. -->","yoast_head_json":{"title":"Vehicle scales set up to 4,000 kg incl. Transport case | Cartesy","description":"For checking wheel and axle loads up to 4,000 kg \u2713 Integrated LCD display \u2713 Control button \u2713 wireless communication \u25b6 Buy now","robots":{"index":"index","follow":"follow","max-snippet":"max-snippet:-1","max-image-preview":"max-image-preview:large","max-video-preview":"max-video-preview:-1"},"canonical":"https:\/\/cartesy.de\/en\/product\/mobile-weighing-set-2x2000kg\/","og_locale":"en_US","og_type":"article","og_title":"Vehicle scales set up to 4,000 kg incl. Transport case | Cartesy","og_description":"For checking wheel and axle loads up to 4,000 kg \u2713 Integrated LCD display \u2713 Control button \u2713 wireless communication \u25b6 Buy now","og_url":"https:\/\/cartesy.de\/en\/product\/mobile-weighing-set-2x2000kg\/","og_site_name":"Cartesy","article_publisher":"https:\/\/de-de.facebook.com\/CartesyGmbH","article_modified_time":"2026-03-16T15:10:36+00:00","og_image":[{"width":2560,"height":1707,"url":"https:\/\/cartesy.de\/wp-content\/uploads\/transportkoffer-ifx-geoeffnet-2-scaled.jpg","type":"image\/jpeg"}],"twitter_card":"summary_large_image","twitter_misc":{"Est. reading time":"1 minute"},"schema":{"@context":"https:\/\/schema.org","@graph":[{"@type":"WebPage","@id":"https:\/\/cartesy.de\/en\/product\/mobile-weighing-set-2x2000kg\/","url":"https:\/\/cartesy.de\/en\/product\/mobile-weighing-set-2x2000kg\/","name":"Vehicle scales set up to 4,000 kg incl. Transport case | Cartesy","isPartOf":{"@id":"https:\/\/cartesy.de\/en\/#website"},"primaryImageOfPage":{"@id":"https:\/\/cartesy.de\/en\/product\/mobile-weighing-set-2x2000kg\/#primaryimage"},"image":{"@id":"https:\/\/cartesy.de\/en\/product\/mobile-weighing-set-2x2000kg\/#primaryimage"},"thumbnailUrl":"https:\/\/cartesy.de\/wp-content\/uploads\/transportkoffer-ifx-geoeffnet-2-scaled.jpg","datePublished":"2022-10-18T09:57:35+00:00","dateModified":"2026-03-16T15:10:36+00:00","description":"For checking wheel and axle loads up to 4,000 kg \u2713 Integrated LCD display \u2713 Control button \u2713 wireless communication \u25b6 Buy now","breadcrumb":{"@id":"https:\/\/cartesy.de\/en\/product\/mobile-weighing-set-2x2000kg\/#breadcrumb"},"inLanguage":"en-US","potentialAction":[{"@type":"ReadAction","target":["https:\/\/cartesy.de\/en\/product\/mobile-weighing-set-2x2000kg\/"]}]},{"@type":"ImageObject","inLanguage":"en-US","@id":"https:\/\/cartesy.de\/en\/product\/mobile-weighing-set-2x2000kg\/#primaryimage","url":"https:\/\/cartesy.de\/wp-content\/uploads\/transportkoffer-ifx-geoeffnet-2-scaled.jpg","contentUrl":"https:\/\/cartesy.de\/wp-content\/uploads\/transportkoffer-ifx-geoeffnet-2-scaled.jpg","width":2560,"height":1707,"caption":"Open transport case with IFX scales and accessories stored inside, viewed from the front"},{"@type":"BreadcrumbList","@id":"https:\/\/cartesy.de\/en\/product\/mobile-weighing-set-2x2000kg\/#breadcrumb","itemListElement":[{"@type":"ListItem","position":1,"name":"Home","item":"https:\/\/cartesy.de\/en\/kanzlei\/"},{"@type":"ListItem","position":2,"name":"Product overview","item":"https:\/\/cartesy.de\/en\/product-overview\/"},{"@type":"ListItem","position":3,"name":"Mobile weighing set [4 .000 kg] incl. inno!weight\u00ae PC software, height compensation plates, USB wireless receiver and carrying case"}]},{"@type":"WebSite","@id":"https:\/\/cartesy.de\/en\/#website","url":"https:\/\/cartesy.de\/en\/","name":"Cartesy","description":"Ihr Experte f\u00fcr hochpr\u00e4zise Pr\u00fcf- und W\u00e4gesysteme.","publisher":{"@id":"https:\/\/cartesy.de\/en\/#organization"},"potentialAction":[{"@type":"SearchAction","target":{"@type":"EntryPoint","urlTemplate":"https:\/\/cartesy.de\/en\/?s={search_term_string}"},"query-input":{"@type":"PropertyValueSpecification","valueRequired":true,"valueName":"search_term_string"}}],"inLanguage":"en-US"},{"@type":"Organization","@id":"https:\/\/cartesy.de\/en\/#organization","name":"Cartesy","url":"https:\/\/cartesy.de\/en\/","logo":{"@type":"ImageObject","inLanguage":"en-US","@id":"https:\/\/cartesy.de\/en\/#\/schema\/logo\/image\/","url":"https:\/\/cartesy.de\/wp-content\/uploads\/Cartesy-logo.png","contentUrl":"https:\/\/cartesy.de\/wp-content\/uploads\/Cartesy-logo.png","width":800,"height":600,"caption":"Cartesy"},"image":{"@id":"https:\/\/cartesy.de\/en\/#\/schema\/logo\/image\/"},"sameAs":["https:\/\/de-de.facebook.com\/CartesyGmbH","https:\/\/de.linkedin.com\/company\/cartesy-gmbh"]}]}},"_links":{"self":[{"href":"https:\/\/cartesy.de\/en\/wp-json\/wp\/v2\/product\/61069","targetHints":{"allow":["GET"]}}],"collection":[{"href":"https:\/\/cartesy.de\/en\/wp-json\/wp\/v2\/product"}],"about":[{"href":"https:\/\/cartesy.de\/en\/wp-json\/wp\/v2\/types\/product"}],"wp:featuredmedia":[{"embeddable":true,"href":"https:\/\/cartesy.de\/en\/wp-json\/wp\/v2\/media\/61450"}],"wp:attachment":[{"href":"https:\/\/cartesy.de\/en\/wp-json\/wp\/v2\/media?parent=61069"}],"wp:term":[{"taxonomy":"product_brand","embeddable":true,"href":"https:\/\/cartesy.de\/en\/wp-json\/wp\/v2\/product_brand?post=61069"},{"taxonomy":"product_cat","embeddable":true,"href":"https:\/\/cartesy.de\/en\/wp-json\/wp\/v2\/product_cat?post=61069"},{"taxonomy":"product_tag","embeddable":true,"href":"https:\/\/cartesy.de\/en\/wp-json\/wp\/v2\/product_tag?post=61069"}],"curies":[{"name":"wp","href":"https:\/\/api.w.org\/{rel}","templated":true}]}}