{"id":61075,"date":"2023-08-03T10:24:07","date_gmt":"2023-08-03T08:24:07","guid":{"rendered":"https:\/\/cartesy.de\/produkt\/display-mwa-200\/"},"modified":"2026-03-31T17:08:22","modified_gmt":"2026-03-31T15:08:22","slug":"display-mwa-200","status":"publish","type":"product","link":"https:\/\/cartesy.de\/en\/product\/display-mwa-200\/","title":{"rendered":"Mobile display for wheel load scales with touch display, weighing app and thermal printer (MWA-200)"},"content":{"rendered":"<p>Mobile weighing indicator (MWA-200) for up to 10 Cartesy IFX\/BFX wheel load scales with integrated touch display, weighing app and thermal printer.<\/p>\n<p>&nbsp;<\/p>\n<p><strong>Functionality:<\/strong><\/p>\n<ul>\n<li>Android-Terminal with 5,5\u201c Touch-Display<\/li>\n<li>inno!weight\u00ae MWA App<\/li>\n<li>433MHz wireless transmission<\/li>\n<li>9 radio channels selectable<\/li>\n<li>Thermal printer 58mm<\/li>\n<li>PDF test report and QR code on thermal printout<\/li>\n<li>Sturdy plastic housing<\/li>\n<li>Integrated rechargeable battery (5000mAh)<\/li>\n<li>Can be combined with up to 10 Cartesy IFX\/BFX wheel load scales<\/li>\n<\/ul>\n<p>&nbsp;<\/p>\n<p><strong>inno!weight\u00ae MWA App<\/strong><\/p>\n<ul>\n<li>Weighing modes: Live, center of gravity, details view, axle view, cross-weight<\/li>\n<li>Test reports with customer and operator data (PDF and thermal printout)<\/li>\n<li>Database for test reports (retrievable from software, as PDF)<\/li>\n<li>Radio channel switchable<\/li>\n<li>Intuitive user interface<\/li>\n<li>Multilingual: German and English (other languages on request)<\/li>\n<\/ul>\n<p>*Compatible with scale firmware version V3.08 or higher. All IFX\/BFX models can be updated, please contact our service department.<\/p>\n<p>&nbsp;<\/p>\n<p>Dimensions and weight:<\/p>\n<ul>\n<li>Weight: approx. 495 g<\/li>\n<li>Dimensions (LxWxH): 220 x 90 x 52 mm<\/li>\n<\/ul>\n","protected":false},"excerpt":{"rendered":"<p>Mobile weighing indicator with touch display for Cartesy IFX\/BFX wheel load scales.<br \/>\nFor up to 10 Cartesy wireless wheel load scales. Compact and lightweight with long battery life.<\/p>\n","protected":false},"featured_media":58412,"template":"","meta":[],"product_brand":[],"product_cat":[396],"product_tag":[398,399],"class_list":{"0":"post-61075","1":"product","2":"type-product","3":"status-publish","4":"has-post-thumbnail","6":"product_cat-accessories-wheel-load-scales","7":"product_tag-mobile-weighing-indicator-incl-windows-touch-pc","8":"product_tag-thermal-printer-and-radio-receiver","9":"product_shipping_class-k-en","10":"tm-no-options","12":"first","13":"instock","14":"taxable","15":"shipping-taxable","16":"purchasable","17":"product-type-simple"},"yoast_head":"<!-- This site is optimized with the Yoast SEO plugin v27.3 - https:\/\/yoast.com\/product\/yoast-seo-wordpress\/ -->\n<title>Display terminal for wheel load scales with touch display and printer<\/title>\n<meta name=\"description\" content=\"For displaying BFX\/IFX wheel load scales \u2713 Touch display \u2713 Integrated thermal printer \u2713 Transport case \u2713 Wireless data transmission \u25b6 Buy now\" \/>\n<meta name=\"robots\" content=\"index, follow, max-snippet:-1, max-image-preview:large, max-video-preview:-1\" \/>\n<link rel=\"canonical\" href=\"https:\/\/cartesy.de\/en\/product\/display-mwa-200\/\" \/>\n<meta property=\"og:locale\" content=\"en_US\" \/>\n<meta property=\"og:type\" content=\"article\" \/>\n<meta property=\"og:title\" content=\"Display terminal for wheel load scales with touch display and printer\" \/>\n<meta property=\"og:description\" content=\"For displaying BFX\/IFX wheel load scales \u2713 Touch display \u2713 Integrated thermal printer \u2713 Transport case \u2713 Wireless data transmission \u25b6 Buy now\" \/>\n<meta property=\"og:url\" content=\"https:\/\/cartesy.de\/en\/product\/display-mwa-200\/\" \/>\n<meta property=\"og:site_name\" content=\"Cartesy\" \/>\n<meta property=\"article:publisher\" content=\"https:\/\/de-de.facebook.com\/CartesyGmbH\" \/>\n<meta property=\"article:modified_time\" content=\"2026-03-31T15:08:22+00:00\" \/>\n<meta property=\"og:image\" content=\"https:\/\/cartesy.de\/wp-content\/uploads\/vorderseite-mobile-anzeige-radlastwaagen-scaled.jpg\" \/>\n\t<meta property=\"og:image:width\" content=\"2560\" \/>\n\t<meta property=\"og:image:height\" content=\"1706\" \/>\n\t<meta property=\"og:image:type\" content=\"image\/jpeg\" \/>\n<meta name=\"twitter:card\" content=\"summary_large_image\" \/>\n<meta name=\"twitter:label1\" content=\"Est. reading time\" \/>\n\t<meta name=\"twitter:data1\" content=\"1 minute\" \/>\n<script type=\"application\/ld+json\" class=\"yoast-schema-graph\">{\"@context\":\"https:\\\/\\\/schema.org\",\"@graph\":[{\"@type\":\"WebPage\",\"@id\":\"https:\\\/\\\/cartesy.de\\\/en\\\/product\\\/display-mwa-200\\\/\",\"url\":\"https:\\\/\\\/cartesy.de\\\/en\\\/product\\\/display-mwa-200\\\/\",\"name\":\"Display terminal for wheel load scales with touch display and printer\",\"isPartOf\":{\"@id\":\"https:\\\/\\\/cartesy.de\\\/en\\\/#website\"},\"primaryImageOfPage\":{\"@id\":\"https:\\\/\\\/cartesy.de\\\/en\\\/product\\\/display-mwa-200\\\/#primaryimage\"},\"image\":{\"@id\":\"https:\\\/\\\/cartesy.de\\\/en\\\/product\\\/display-mwa-200\\\/#primaryimage\"},\"thumbnailUrl\":\"https:\\\/\\\/cartesy.de\\\/wp-content\\\/uploads\\\/vorderseite-mobile-anzeige-radlastwaagen-scaled.jpg\",\"datePublished\":\"2023-08-03T08:24:07+00:00\",\"dateModified\":\"2026-03-31T15:08:22+00:00\",\"description\":\"For displaying BFX\\\/IFX wheel load scales \u2713 Touch display \u2713 Integrated thermal printer \u2713 Transport case \u2713 Wireless data transmission \u25b6 Buy now\",\"breadcrumb\":{\"@id\":\"https:\\\/\\\/cartesy.de\\\/en\\\/product\\\/display-mwa-200\\\/#breadcrumb\"},\"inLanguage\":\"en-US\",\"potentialAction\":[{\"@type\":\"ReadAction\",\"target\":[\"https:\\\/\\\/cartesy.de\\\/en\\\/product\\\/display-mwa-200\\\/\"]}]},{\"@type\":\"ImageObject\",\"inLanguage\":\"en-US\",\"@id\":\"https:\\\/\\\/cartesy.de\\\/en\\\/product\\\/display-mwa-200\\\/#primaryimage\",\"url\":\"https:\\\/\\\/cartesy.de\\\/wp-content\\\/uploads\\\/vorderseite-mobile-anzeige-radlastwaagen-scaled.jpg\",\"contentUrl\":\"https:\\\/\\\/cartesy.de\\\/wp-content\\\/uploads\\\/vorderseite-mobile-anzeige-radlastwaagen-scaled.jpg\",\"width\":2560,\"height\":1706,\"caption\":\"Front of the mobile display for wheel load scales\"},{\"@type\":\"BreadcrumbList\",\"@id\":\"https:\\\/\\\/cartesy.de\\\/en\\\/product\\\/display-mwa-200\\\/#breadcrumb\",\"itemListElement\":[{\"@type\":\"ListItem\",\"position\":1,\"name\":\"Home\",\"item\":\"https:\\\/\\\/cartesy.de\\\/en\\\/kanzlei\\\/\"},{\"@type\":\"ListItem\",\"position\":2,\"name\":\"Product overview\",\"item\":\"https:\\\/\\\/cartesy.de\\\/en\\\/product-overview\\\/\"},{\"@type\":\"ListItem\",\"position\":3,\"name\":\"Mobile display for wheel load scales with touch display, weighing app and thermal printer (MWA-200)\"}]},{\"@type\":\"WebSite\",\"@id\":\"https:\\\/\\\/cartesy.de\\\/en\\\/#website\",\"url\":\"https:\\\/\\\/cartesy.de\\\/en\\\/\",\"name\":\"Cartesy\",\"description\":\"Ihr Experte f\u00fcr hochpr\u00e4zise Pr\u00fcf- und W\u00e4gesysteme.\",\"publisher\":{\"@id\":\"https:\\\/\\\/cartesy.de\\\/en\\\/#organization\"},\"potentialAction\":[{\"@type\":\"SearchAction\",\"target\":{\"@type\":\"EntryPoint\",\"urlTemplate\":\"https:\\\/\\\/cartesy.de\\\/en\\\/?s={search_term_string}\"},\"query-input\":{\"@type\":\"PropertyValueSpecification\",\"valueRequired\":true,\"valueName\":\"search_term_string\"}}],\"inLanguage\":\"en-US\"},{\"@type\":\"Organization\",\"@id\":\"https:\\\/\\\/cartesy.de\\\/en\\\/#organization\",\"name\":\"Cartesy\",\"url\":\"https:\\\/\\\/cartesy.de\\\/en\\\/\",\"logo\":{\"@type\":\"ImageObject\",\"inLanguage\":\"en-US\",\"@id\":\"https:\\\/\\\/cartesy.de\\\/en\\\/#\\\/schema\\\/logo\\\/image\\\/\",\"url\":\"https:\\\/\\\/cartesy.de\\\/wp-content\\\/uploads\\\/Cartesy-logo.png\",\"contentUrl\":\"https:\\\/\\\/cartesy.de\\\/wp-content\\\/uploads\\\/Cartesy-logo.png\",\"width\":800,\"height\":600,\"caption\":\"Cartesy\"},\"image\":{\"@id\":\"https:\\\/\\\/cartesy.de\\\/en\\\/#\\\/schema\\\/logo\\\/image\\\/\"},\"sameAs\":[\"https:\\\/\\\/de-de.facebook.com\\\/CartesyGmbH\",\"https:\\\/\\\/de.linkedin.com\\\/company\\\/cartesy-gmbh\"]}]}<\/script>\n<!-- \/ Yoast SEO plugin. -->","yoast_head_json":{"title":"Display terminal for wheel load scales with touch display and printer","description":"For displaying BFX\/IFX wheel load scales \u2713 Touch display \u2713 Integrated thermal printer \u2713 Transport case \u2713 Wireless data transmission \u25b6 Buy now","robots":{"index":"index","follow":"follow","max-snippet":"max-snippet:-1","max-image-preview":"max-image-preview:large","max-video-preview":"max-video-preview:-1"},"canonical":"https:\/\/cartesy.de\/en\/product\/display-mwa-200\/","og_locale":"en_US","og_type":"article","og_title":"Display terminal for wheel load scales with touch display and printer","og_description":"For displaying BFX\/IFX wheel load scales \u2713 Touch display \u2713 Integrated thermal printer \u2713 Transport case \u2713 Wireless data transmission \u25b6 Buy now","og_url":"https:\/\/cartesy.de\/en\/product\/display-mwa-200\/","og_site_name":"Cartesy","article_publisher":"https:\/\/de-de.facebook.com\/CartesyGmbH","article_modified_time":"2026-03-31T15:08:22+00:00","og_image":[{"width":2560,"height":1706,"url":"https:\/\/cartesy.de\/wp-content\/uploads\/vorderseite-mobile-anzeige-radlastwaagen-scaled.jpg","type":"image\/jpeg"}],"twitter_card":"summary_large_image","twitter_misc":{"Est. reading time":"1 minute"},"schema":{"@context":"https:\/\/schema.org","@graph":[{"@type":"WebPage","@id":"https:\/\/cartesy.de\/en\/product\/display-mwa-200\/","url":"https:\/\/cartesy.de\/en\/product\/display-mwa-200\/","name":"Display terminal for wheel load scales with touch display and printer","isPartOf":{"@id":"https:\/\/cartesy.de\/en\/#website"},"primaryImageOfPage":{"@id":"https:\/\/cartesy.de\/en\/product\/display-mwa-200\/#primaryimage"},"image":{"@id":"https:\/\/cartesy.de\/en\/product\/display-mwa-200\/#primaryimage"},"thumbnailUrl":"https:\/\/cartesy.de\/wp-content\/uploads\/vorderseite-mobile-anzeige-radlastwaagen-scaled.jpg","datePublished":"2023-08-03T08:24:07+00:00","dateModified":"2026-03-31T15:08:22+00:00","description":"For displaying BFX\/IFX wheel load scales \u2713 Touch display \u2713 Integrated thermal printer \u2713 Transport case \u2713 Wireless data transmission \u25b6 Buy now","breadcrumb":{"@id":"https:\/\/cartesy.de\/en\/product\/display-mwa-200\/#breadcrumb"},"inLanguage":"en-US","potentialAction":[{"@type":"ReadAction","target":["https:\/\/cartesy.de\/en\/product\/display-mwa-200\/"]}]},{"@type":"ImageObject","inLanguage":"en-US","@id":"https:\/\/cartesy.de\/en\/product\/display-mwa-200\/#primaryimage","url":"https:\/\/cartesy.de\/wp-content\/uploads\/vorderseite-mobile-anzeige-radlastwaagen-scaled.jpg","contentUrl":"https:\/\/cartesy.de\/wp-content\/uploads\/vorderseite-mobile-anzeige-radlastwaagen-scaled.jpg","width":2560,"height":1706,"caption":"Front of the mobile display for wheel load scales"},{"@type":"BreadcrumbList","@id":"https:\/\/cartesy.de\/en\/product\/display-mwa-200\/#breadcrumb","itemListElement":[{"@type":"ListItem","position":1,"name":"Home","item":"https:\/\/cartesy.de\/en\/kanzlei\/"},{"@type":"ListItem","position":2,"name":"Product overview","item":"https:\/\/cartesy.de\/en\/product-overview\/"},{"@type":"ListItem","position":3,"name":"Mobile display for wheel load scales with touch display, weighing app and thermal printer (MWA-200)"}]},{"@type":"WebSite","@id":"https:\/\/cartesy.de\/en\/#website","url":"https:\/\/cartesy.de\/en\/","name":"Cartesy","description":"Ihr Experte f\u00fcr hochpr\u00e4zise Pr\u00fcf- und W\u00e4gesysteme.","publisher":{"@id":"https:\/\/cartesy.de\/en\/#organization"},"potentialAction":[{"@type":"SearchAction","target":{"@type":"EntryPoint","urlTemplate":"https:\/\/cartesy.de\/en\/?s={search_term_string}"},"query-input":{"@type":"PropertyValueSpecification","valueRequired":true,"valueName":"search_term_string"}}],"inLanguage":"en-US"},{"@type":"Organization","@id":"https:\/\/cartesy.de\/en\/#organization","name":"Cartesy","url":"https:\/\/cartesy.de\/en\/","logo":{"@type":"ImageObject","inLanguage":"en-US","@id":"https:\/\/cartesy.de\/en\/#\/schema\/logo\/image\/","url":"https:\/\/cartesy.de\/wp-content\/uploads\/Cartesy-logo.png","contentUrl":"https:\/\/cartesy.de\/wp-content\/uploads\/Cartesy-logo.png","width":800,"height":600,"caption":"Cartesy"},"image":{"@id":"https:\/\/cartesy.de\/en\/#\/schema\/logo\/image\/"},"sameAs":["https:\/\/de-de.facebook.com\/CartesyGmbH","https:\/\/de.linkedin.com\/company\/cartesy-gmbh"]}]}},"_links":{"self":[{"href":"https:\/\/cartesy.de\/en\/wp-json\/wp\/v2\/product\/61075","targetHints":{"allow":["GET"]}}],"collection":[{"href":"https:\/\/cartesy.de\/en\/wp-json\/wp\/v2\/product"}],"about":[{"href":"https:\/\/cartesy.de\/en\/wp-json\/wp\/v2\/types\/product"}],"wp:featuredmedia":[{"embeddable":true,"href":"https:\/\/cartesy.de\/en\/wp-json\/wp\/v2\/media\/58412"}],"wp:attachment":[{"href":"https:\/\/cartesy.de\/en\/wp-json\/wp\/v2\/media?parent=61075"}],"wp:term":[{"taxonomy":"product_brand","embeddable":true,"href":"https:\/\/cartesy.de\/en\/wp-json\/wp\/v2\/product_brand?post=61075"},{"taxonomy":"product_cat","embeddable":true,"href":"https:\/\/cartesy.de\/en\/wp-json\/wp\/v2\/product_cat?post=61075"},{"taxonomy":"product_tag","embeddable":true,"href":"https:\/\/cartesy.de\/en\/wp-json\/wp\/v2\/product_tag?post=61075"}],"curies":[{"name":"wp","href":"https:\/\/api.w.org\/{rel}","templated":true}]}}