{"id":61078,"date":"2023-04-27T10:47:30","date_gmt":"2023-04-27T08:47:30","guid":{"rendered":"https:\/\/cartesy.de\/produkt\/innoweight-slide-plates\/"},"modified":"2026-03-31T17:02:35","modified_gmt":"2026-03-31T15:02:35","slug":"innoweight-slide-plates","status":"publish","type":"product","link":"https:\/\/cartesy.de\/en\/product\/innoweight-slide-plates\/","title":{"rendered":"inno!weight\u00ae Slide Plates &#8211; 4 pieces"},"content":{"rendered":"<p>The inno!weight\u00ae Slide Plates for the inno!weight\u00ae weighing set<\/p>\n<p>If the vehicle is lowered onto the scales using a lifting platform (and not driven onto the scales), the inno!weight\u00ae Slide Plates must be used to avoid tension (and therefore incorrect measurements). The shear stresses result from the tire camber, which pushes the scales outwards when the tires deflect. With the inno!weight\u00ae Slide Plates, the tire slides outwards and therefore does not stress the tire against the scales.<\/p>\n<ul>\n<li>Precise weighing results when weighing\/lowering the vehicle with the lifting platform<\/li>\n<li>Simple &#8211; just place them on the scales under the tire<\/li>\n<li>Fits in the inno!weight\u00ae transport case<\/li>\n<\/ul>\n<p>&nbsp;<\/p>\n<p>4x pieces slide plates<br \/>\nDimensions (LxWxH): 300 x 300 x 3 mm<\/p>\n","protected":false},"excerpt":{"rendered":"<p>Sliding plates to reduce stresses when weighing with lifting platforms.<\/p>\n","protected":false},"featured_media":47621,"template":"","meta":[],"product_brand":[],"product_cat":[396],"product_tag":[401,402],"class_list":{"0":"post-61078","1":"product","2":"type-product","3":"status-publish","4":"has-post-thumbnail","6":"product_cat-accessories-wheel-load-scales","7":"product_tag-innoweight-en","8":"product_tag-slide-plate","9":"product_shipping_class-k-en","10":"tm-no-options","12":"first","13":"instock","14":"taxable","15":"shipping-taxable","16":"purchasable","17":"product-type-simple"},"yoast_head":"<!-- This site is optimized with the Yoast SEO plugin v27.3 - https:\/\/yoast.com\/product\/yoast-seo-wordpress\/ -->\n<title>inno!weight\u00ae Slide Plates - 4 pieces | Cartesy<\/title>\n<meta name=\"description\" content=\"inno!weight\u00ae Slide Plates \u2713 Slide plates \u2713 No tensioning \u2713 Use with lifting platform \u2713 Exact weighing results \u25b6 Buy now\" \/>\n<meta name=\"robots\" content=\"index, follow, max-snippet:-1, max-image-preview:large, max-video-preview:-1\" \/>\n<link rel=\"canonical\" href=\"https:\/\/cartesy.de\/en\/product\/innoweight-slide-plates\/\" \/>\n<meta property=\"og:locale\" content=\"en_US\" \/>\n<meta property=\"og:type\" content=\"article\" \/>\n<meta property=\"og:title\" content=\"inno!weight\u00ae Slide Plates - 4 pieces | Cartesy\" \/>\n<meta property=\"og:description\" content=\"inno!weight\u00ae Slide Plates \u2713 Slide plates \u2713 No tensioning \u2713 Use with lifting platform \u2713 Exact weighing results \u25b6 Buy now\" \/>\n<meta property=\"og:url\" content=\"https:\/\/cartesy.de\/en\/product\/innoweight-slide-plates\/\" \/>\n<meta property=\"og:site_name\" content=\"Cartesy\" \/>\n<meta property=\"article:publisher\" content=\"https:\/\/de-de.facebook.com\/CartesyGmbH\" \/>\n<meta property=\"article:modified_time\" content=\"2026-03-31T15:02:35+00:00\" \/>\n<meta property=\"og:image\" content=\"https:\/\/cartesy.de\/wp-content\/uploads\/2M455-00850-0030-scaled.jpg\" \/>\n\t<meta property=\"og:image:width\" content=\"2560\" \/>\n\t<meta property=\"og:image:height\" content=\"1707\" \/>\n\t<meta property=\"og:image:type\" content=\"image\/jpeg\" \/>\n<meta name=\"twitter:card\" content=\"summary_large_image\" \/>\n<meta name=\"twitter:label1\" content=\"Est. reading time\" \/>\n\t<meta name=\"twitter:data1\" content=\"1 minute\" \/>\n<script type=\"application\/ld+json\" class=\"yoast-schema-graph\">{\"@context\":\"https:\\\/\\\/schema.org\",\"@graph\":[{\"@type\":\"WebPage\",\"@id\":\"https:\\\/\\\/cartesy.de\\\/en\\\/product\\\/innoweight-slide-plates\\\/\",\"url\":\"https:\\\/\\\/cartesy.de\\\/en\\\/product\\\/innoweight-slide-plates\\\/\",\"name\":\"inno!weight\u00ae Slide Plates - 4 pieces | Cartesy\",\"isPartOf\":{\"@id\":\"https:\\\/\\\/cartesy.de\\\/en\\\/#website\"},\"primaryImageOfPage\":{\"@id\":\"https:\\\/\\\/cartesy.de\\\/en\\\/product\\\/innoweight-slide-plates\\\/#primaryimage\"},\"image\":{\"@id\":\"https:\\\/\\\/cartesy.de\\\/en\\\/product\\\/innoweight-slide-plates\\\/#primaryimage\"},\"thumbnailUrl\":\"https:\\\/\\\/cartesy.de\\\/wp-content\\\/uploads\\\/2M455-00850-0030-scaled.jpg\",\"datePublished\":\"2023-04-27T08:47:30+00:00\",\"dateModified\":\"2026-03-31T15:02:35+00:00\",\"description\":\"inno!weight\u00ae Slide Plates \u2713 Slide plates \u2713 No tensioning \u2713 Use with lifting platform \u2713 Exact weighing results \u25b6 Buy now\",\"breadcrumb\":{\"@id\":\"https:\\\/\\\/cartesy.de\\\/en\\\/product\\\/innoweight-slide-plates\\\/#breadcrumb\"},\"inLanguage\":\"en-US\",\"potentialAction\":[{\"@type\":\"ReadAction\",\"target\":[\"https:\\\/\\\/cartesy.de\\\/en\\\/product\\\/innoweight-slide-plates\\\/\"]}]},{\"@type\":\"ImageObject\",\"inLanguage\":\"en-US\",\"@id\":\"https:\\\/\\\/cartesy.de\\\/en\\\/product\\\/innoweight-slide-plates\\\/#primaryimage\",\"url\":\"https:\\\/\\\/cartesy.de\\\/wp-content\\\/uploads\\\/2M455-00850-0030-scaled.jpg\",\"contentUrl\":\"https:\\\/\\\/cartesy.de\\\/wp-content\\\/uploads\\\/2M455-00850-0030-scaled.jpg\",\"width\":2560,\"height\":1707,\"caption\":\"inno!weight\u00ae Gleitplatten\"},{\"@type\":\"BreadcrumbList\",\"@id\":\"https:\\\/\\\/cartesy.de\\\/en\\\/product\\\/innoweight-slide-plates\\\/#breadcrumb\",\"itemListElement\":[{\"@type\":\"ListItem\",\"position\":1,\"name\":\"Home\",\"item\":\"https:\\\/\\\/cartesy.de\\\/en\\\/kanzlei\\\/\"},{\"@type\":\"ListItem\",\"position\":2,\"name\":\"Product overview\",\"item\":\"https:\\\/\\\/cartesy.de\\\/en\\\/product-overview\\\/\"},{\"@type\":\"ListItem\",\"position\":3,\"name\":\"inno!weight\u00ae Slide Plates &#8211; 4 pieces\"}]},{\"@type\":\"WebSite\",\"@id\":\"https:\\\/\\\/cartesy.de\\\/en\\\/#website\",\"url\":\"https:\\\/\\\/cartesy.de\\\/en\\\/\",\"name\":\"Cartesy\",\"description\":\"Ihr Experte f\u00fcr hochpr\u00e4zise Pr\u00fcf- und W\u00e4gesysteme.\",\"publisher\":{\"@id\":\"https:\\\/\\\/cartesy.de\\\/en\\\/#organization\"},\"potentialAction\":[{\"@type\":\"SearchAction\",\"target\":{\"@type\":\"EntryPoint\",\"urlTemplate\":\"https:\\\/\\\/cartesy.de\\\/en\\\/?s={search_term_string}\"},\"query-input\":{\"@type\":\"PropertyValueSpecification\",\"valueRequired\":true,\"valueName\":\"search_term_string\"}}],\"inLanguage\":\"en-US\"},{\"@type\":\"Organization\",\"@id\":\"https:\\\/\\\/cartesy.de\\\/en\\\/#organization\",\"name\":\"Cartesy\",\"url\":\"https:\\\/\\\/cartesy.de\\\/en\\\/\",\"logo\":{\"@type\":\"ImageObject\",\"inLanguage\":\"en-US\",\"@id\":\"https:\\\/\\\/cartesy.de\\\/en\\\/#\\\/schema\\\/logo\\\/image\\\/\",\"url\":\"https:\\\/\\\/cartesy.de\\\/wp-content\\\/uploads\\\/Cartesy-logo.png\",\"contentUrl\":\"https:\\\/\\\/cartesy.de\\\/wp-content\\\/uploads\\\/Cartesy-logo.png\",\"width\":800,\"height\":600,\"caption\":\"Cartesy\"},\"image\":{\"@id\":\"https:\\\/\\\/cartesy.de\\\/en\\\/#\\\/schema\\\/logo\\\/image\\\/\"},\"sameAs\":[\"https:\\\/\\\/de-de.facebook.com\\\/CartesyGmbH\",\"https:\\\/\\\/de.linkedin.com\\\/company\\\/cartesy-gmbh\"]}]}<\/script>\n<!-- \/ Yoast SEO plugin. -->","yoast_head_json":{"title":"inno!weight\u00ae Slide Plates - 4 pieces | Cartesy","description":"inno!weight\u00ae Slide Plates \u2713 Slide plates \u2713 No tensioning \u2713 Use with lifting platform \u2713 Exact weighing results \u25b6 Buy now","robots":{"index":"index","follow":"follow","max-snippet":"max-snippet:-1","max-image-preview":"max-image-preview:large","max-video-preview":"max-video-preview:-1"},"canonical":"https:\/\/cartesy.de\/en\/product\/innoweight-slide-plates\/","og_locale":"en_US","og_type":"article","og_title":"inno!weight\u00ae Slide Plates - 4 pieces | Cartesy","og_description":"inno!weight\u00ae Slide Plates \u2713 Slide plates \u2713 No tensioning \u2713 Use with lifting platform \u2713 Exact weighing results \u25b6 Buy now","og_url":"https:\/\/cartesy.de\/en\/product\/innoweight-slide-plates\/","og_site_name":"Cartesy","article_publisher":"https:\/\/de-de.facebook.com\/CartesyGmbH","article_modified_time":"2026-03-31T15:02:35+00:00","og_image":[{"width":2560,"height":1707,"url":"https:\/\/cartesy.de\/wp-content\/uploads\/2M455-00850-0030-scaled.jpg","type":"image\/jpeg"}],"twitter_card":"summary_large_image","twitter_misc":{"Est. reading time":"1 minute"},"schema":{"@context":"https:\/\/schema.org","@graph":[{"@type":"WebPage","@id":"https:\/\/cartesy.de\/en\/product\/innoweight-slide-plates\/","url":"https:\/\/cartesy.de\/en\/product\/innoweight-slide-plates\/","name":"inno!weight\u00ae Slide Plates - 4 pieces | Cartesy","isPartOf":{"@id":"https:\/\/cartesy.de\/en\/#website"},"primaryImageOfPage":{"@id":"https:\/\/cartesy.de\/en\/product\/innoweight-slide-plates\/#primaryimage"},"image":{"@id":"https:\/\/cartesy.de\/en\/product\/innoweight-slide-plates\/#primaryimage"},"thumbnailUrl":"https:\/\/cartesy.de\/wp-content\/uploads\/2M455-00850-0030-scaled.jpg","datePublished":"2023-04-27T08:47:30+00:00","dateModified":"2026-03-31T15:02:35+00:00","description":"inno!weight\u00ae Slide Plates \u2713 Slide plates \u2713 No tensioning \u2713 Use with lifting platform \u2713 Exact weighing results \u25b6 Buy now","breadcrumb":{"@id":"https:\/\/cartesy.de\/en\/product\/innoweight-slide-plates\/#breadcrumb"},"inLanguage":"en-US","potentialAction":[{"@type":"ReadAction","target":["https:\/\/cartesy.de\/en\/product\/innoweight-slide-plates\/"]}]},{"@type":"ImageObject","inLanguage":"en-US","@id":"https:\/\/cartesy.de\/en\/product\/innoweight-slide-plates\/#primaryimage","url":"https:\/\/cartesy.de\/wp-content\/uploads\/2M455-00850-0030-scaled.jpg","contentUrl":"https:\/\/cartesy.de\/wp-content\/uploads\/2M455-00850-0030-scaled.jpg","width":2560,"height":1707,"caption":"inno!weight\u00ae Gleitplatten"},{"@type":"BreadcrumbList","@id":"https:\/\/cartesy.de\/en\/product\/innoweight-slide-plates\/#breadcrumb","itemListElement":[{"@type":"ListItem","position":1,"name":"Home","item":"https:\/\/cartesy.de\/en\/kanzlei\/"},{"@type":"ListItem","position":2,"name":"Product overview","item":"https:\/\/cartesy.de\/en\/product-overview\/"},{"@type":"ListItem","position":3,"name":"inno!weight\u00ae Slide Plates &#8211; 4 pieces"}]},{"@type":"WebSite","@id":"https:\/\/cartesy.de\/en\/#website","url":"https:\/\/cartesy.de\/en\/","name":"Cartesy","description":"Ihr Experte f\u00fcr hochpr\u00e4zise Pr\u00fcf- und W\u00e4gesysteme.","publisher":{"@id":"https:\/\/cartesy.de\/en\/#organization"},"potentialAction":[{"@type":"SearchAction","target":{"@type":"EntryPoint","urlTemplate":"https:\/\/cartesy.de\/en\/?s={search_term_string}"},"query-input":{"@type":"PropertyValueSpecification","valueRequired":true,"valueName":"search_term_string"}}],"inLanguage":"en-US"},{"@type":"Organization","@id":"https:\/\/cartesy.de\/en\/#organization","name":"Cartesy","url":"https:\/\/cartesy.de\/en\/","logo":{"@type":"ImageObject","inLanguage":"en-US","@id":"https:\/\/cartesy.de\/en\/#\/schema\/logo\/image\/","url":"https:\/\/cartesy.de\/wp-content\/uploads\/Cartesy-logo.png","contentUrl":"https:\/\/cartesy.de\/wp-content\/uploads\/Cartesy-logo.png","width":800,"height":600,"caption":"Cartesy"},"image":{"@id":"https:\/\/cartesy.de\/en\/#\/schema\/logo\/image\/"},"sameAs":["https:\/\/de-de.facebook.com\/CartesyGmbH","https:\/\/de.linkedin.com\/company\/cartesy-gmbh"]}]}},"_links":{"self":[{"href":"https:\/\/cartesy.de\/en\/wp-json\/wp\/v2\/product\/61078","targetHints":{"allow":["GET"]}}],"collection":[{"href":"https:\/\/cartesy.de\/en\/wp-json\/wp\/v2\/product"}],"about":[{"href":"https:\/\/cartesy.de\/en\/wp-json\/wp\/v2\/types\/product"}],"wp:featuredmedia":[{"embeddable":true,"href":"https:\/\/cartesy.de\/en\/wp-json\/wp\/v2\/media\/47621"}],"wp:attachment":[{"href":"https:\/\/cartesy.de\/en\/wp-json\/wp\/v2\/media?parent=61078"}],"wp:term":[{"taxonomy":"product_brand","embeddable":true,"href":"https:\/\/cartesy.de\/en\/wp-json\/wp\/v2\/product_brand?post=61078"},{"taxonomy":"product_cat","embeddable":true,"href":"https:\/\/cartesy.de\/en\/wp-json\/wp\/v2\/product_cat?post=61078"},{"taxonomy":"product_tag","embeddable":true,"href":"https:\/\/cartesy.de\/en\/wp-json\/wp\/v2\/product_tag?post=61078"}],"curies":[{"name":"wp","href":"https:\/\/api.w.org\/{rel}","templated":true}]}}