{"id":61079,"date":"2023-01-27T08:27:36","date_gmt":"2023-01-27T07:27:36","guid":{"rendered":"https:\/\/cartesy.de\/produkt\/wireless-large-display\/"},"modified":"2026-03-31T17:09:06","modified_gmt":"2026-03-31T15:09:06","slug":"wireless-large-display","status":"publish","type":"product","link":"https:\/\/cartesy.de\/en\/product\/wireless-large-display\/","title":{"rendered":"Wireless weighing indicator for wheel load scales &#8211; large display &#8211; QDA-55-12-W"},"content":{"rendered":"<p><strong>Large display &#8211; Wireless weighing indicator for Cartesy wheel load scales (QDA-55-12-W)<\/strong><\/p>\n<p>The large display can be used to show the weight of up to 10 Cartesy wheel load scales (IFX\/BFX series) connected by radio (or cable). The large LED display is supplied with a power supply unit and wall bracket. Can be used in parallel with other display solutions (such as MHT handheld terminal, USB radio receivers, etc.).<\/p>\n<p>&nbsp;<\/p>\n<p>Product information:<\/p>\n<ul>\n<li>Large brightly lit 12-digit red LED display<\/li>\n<li>Long-life LEDs with wide viewing angle<\/li>\n<li>Digit height: 55 mm<\/li>\n<li>Four menu items: Weighing modes \/ radio channel \/ decimal point \/ teach mode (for wired digital sensors)<\/li>\n<li>Magnetic operation without button<\/li>\n<li>Brightness adjustment: self-dimming, depending on lighting conditions<\/li>\n<li>Robust, resistant housing made of anodized aluminium, black<\/li>\n<li>Weatherproof finish<\/li>\n<li>Very low installation depth 42 mm<\/li>\n<li>Wireless with 433 MHz and integrated antenna (long range!)<\/li>\n<li>Cable sensors can be connected via RS485 interface<\/li>\n<li>Simple installation and mounting with Vesa mount (incl. mounting material)<\/li>\n<li>Operating temperature range -10\u00b0C to +40\u00b0C<\/li>\n<li>Power supply: 100-240VAC 50\/60Hz or optional 12V\/DC<\/li>\n<li>Dimensions (BxWxH): 682 x 117 x 42 mm<\/li>\n<li>Display weight: 1.6 kg (incl. wall bracket and power supply 2.7 kg)<\/li>\n<\/ul>\n<p>&nbsp;<\/p>\n<p>Weighing modes:<\/p>\n<ul>\n<li>Weight of a scale &#8211; Scale 1 to 10 selectable (A1 &#8211; A10)\n<ul>\n<li>The weight of one scale is displayed<\/li>\n<\/ul>\n<\/li>\n<li>Weight of an axle &#8211; axle 1 to 5 selectable (L1 &#8211; L5)\n<ul>\n<li>The individual weight of 2 scales and the deviation in % are displayed<\/li>\n<\/ul>\n<\/li>\n<li>Sum of an axis &#8211; Axis 1 to 5 selectable (Sum1 &#8211; Sum5)\n<ul>\n<li>The total weight of the selected axis is displayed<\/li>\n<\/ul>\n<\/li>\n<li>Sum of all connected scales (Sum0)\n<ul>\n<li>The total weight of all connected scales is displayed<\/li>\n<\/ul>\n<\/li>\n<\/ul>\n<p>&nbsp;<\/p>\n<p>Scope of delivery:<\/p>\n<ul>\n<li>Large wireless display<\/li>\n<li>Wall mount incl. mounting material<\/li>\n<li>power supply unit<\/li>\n<\/ul>\n","protected":false},"excerpt":{"rendered":"<p>Large wireless display for Cartesy IFX\/BFX wheel load scales &#8211; for up to 10 Cartesy wireless wheel load scales<\/p>\n","protected":false},"featured_media":47313,"template":"","meta":[],"product_brand":[],"product_cat":[396],"product_tag":[403,404,405,406],"class_list":{"0":"post-61079","1":"product","2":"type-product","3":"status-publish","4":"has-post-thumbnail","6":"product_cat-accessories-wheel-load-scales","7":"product_tag-digital-led-wireless-controlled-weighing-indicator-incl-wall-bracket-and-power-supply-unit","8":"product_tag-wheel-load-scale","9":"product_tag-digital-sensors","10":"product_tag-qda-55-12-w-en","11":"product_shipping_class-g-en","12":"tm-no-options","14":"first","15":"instock","16":"taxable","17":"shipping-taxable","18":"purchasable","19":"product-type-simple"},"yoast_head":"<!-- This site is optimized with the Yoast SEO plugin v27.3 - https:\/\/yoast.com\/product\/yoast-seo-wordpress\/ -->\n<title>Large digital display with wireless communication for Cartesy wheel load scales<\/title>\n<meta name=\"description\" content=\"Display wheel load scales \u2713 incl. Wall mount \u2713 Aluminum housing \u2713 Bright red LED \u2713 Up to 10 scales \u2713 Wireless data transmission \u25b6 Buy now\" \/>\n<meta name=\"robots\" content=\"index, follow, max-snippet:-1, max-image-preview:large, max-video-preview:-1\" \/>\n<link rel=\"canonical\" href=\"https:\/\/cartesy.de\/en\/product\/wireless-large-display\/\" \/>\n<meta property=\"og:locale\" content=\"en_US\" \/>\n<meta property=\"og:type\" content=\"article\" \/>\n<meta property=\"og:title\" content=\"Large digital display with wireless communication for Cartesy wheel load scales\" \/>\n<meta property=\"og:description\" content=\"Display wheel load scales \u2713 incl. Wall mount \u2713 Aluminum housing \u2713 Bright red LED \u2713 Up to 10 scales \u2713 Wireless data transmission \u25b6 Buy now\" \/>\n<meta property=\"og:url\" content=\"https:\/\/cartesy.de\/en\/product\/wireless-large-display\/\" \/>\n<meta property=\"og:site_name\" content=\"Cartesy\" \/>\n<meta property=\"article:publisher\" content=\"https:\/\/de-de.facebook.com\/CartesyGmbH\" \/>\n<meta property=\"article:modified_time\" content=\"2026-03-31T15:09:06+00:00\" \/>\n<meta property=\"og:image\" content=\"https:\/\/cartesy.de\/wp-content\/uploads\/MG_4869-scaled.jpg\" \/>\n\t<meta property=\"og:image:width\" content=\"2560\" \/>\n\t<meta property=\"og:image:height\" content=\"1707\" \/>\n\t<meta property=\"og:image:type\" content=\"image\/jpeg\" \/>\n<meta name=\"twitter:card\" content=\"summary_large_image\" \/>\n<meta name=\"twitter:label1\" content=\"Est. reading time\" \/>\n\t<meta name=\"twitter:data1\" content=\"1 minute\" \/>\n<script type=\"application\/ld+json\" class=\"yoast-schema-graph\">{\"@context\":\"https:\\\/\\\/schema.org\",\"@graph\":[{\"@type\":\"WebPage\",\"@id\":\"https:\\\/\\\/cartesy.de\\\/en\\\/product\\\/wireless-large-display\\\/\",\"url\":\"https:\\\/\\\/cartesy.de\\\/en\\\/product\\\/wireless-large-display\\\/\",\"name\":\"Large digital display with wireless communication for Cartesy wheel load scales\",\"isPartOf\":{\"@id\":\"https:\\\/\\\/cartesy.de\\\/en\\\/#website\"},\"primaryImageOfPage\":{\"@id\":\"https:\\\/\\\/cartesy.de\\\/en\\\/product\\\/wireless-large-display\\\/#primaryimage\"},\"image\":{\"@id\":\"https:\\\/\\\/cartesy.de\\\/en\\\/product\\\/wireless-large-display\\\/#primaryimage\"},\"thumbnailUrl\":\"https:\\\/\\\/cartesy.de\\\/wp-content\\\/uploads\\\/MG_4869-scaled.jpg\",\"datePublished\":\"2023-01-27T07:27:36+00:00\",\"dateModified\":\"2026-03-31T15:09:06+00:00\",\"description\":\"Display wheel load scales \u2713 incl. Wall mount \u2713 Aluminum housing \u2713 Bright red LED \u2713 Up to 10 scales \u2713 Wireless data transmission \u25b6 Buy now\",\"breadcrumb\":{\"@id\":\"https:\\\/\\\/cartesy.de\\\/en\\\/product\\\/wireless-large-display\\\/#breadcrumb\"},\"inLanguage\":\"en-US\",\"potentialAction\":[{\"@type\":\"ReadAction\",\"target\":[\"https:\\\/\\\/cartesy.de\\\/en\\\/product\\\/wireless-large-display\\\/\"]}]},{\"@type\":\"ImageObject\",\"inLanguage\":\"en-US\",\"@id\":\"https:\\\/\\\/cartesy.de\\\/en\\\/product\\\/wireless-large-display\\\/#primaryimage\",\"url\":\"https:\\\/\\\/cartesy.de\\\/wp-content\\\/uploads\\\/MG_4869-scaled.jpg\",\"contentUrl\":\"https:\\\/\\\/cartesy.de\\\/wp-content\\\/uploads\\\/MG_4869-scaled.jpg\",\"width\":2560,\"height\":1707,\"caption\":\"Funk-W\u00e4geanzeige f\u00fcr Fahrzeugwaagen \u2013 Gro\u00dfanzeige \u2013 QDA-55-12-W\"},{\"@type\":\"BreadcrumbList\",\"@id\":\"https:\\\/\\\/cartesy.de\\\/en\\\/product\\\/wireless-large-display\\\/#breadcrumb\",\"itemListElement\":[{\"@type\":\"ListItem\",\"position\":1,\"name\":\"Home\",\"item\":\"https:\\\/\\\/cartesy.de\\\/en\\\/kanzlei\\\/\"},{\"@type\":\"ListItem\",\"position\":2,\"name\":\"Product overview\",\"item\":\"https:\\\/\\\/cartesy.de\\\/en\\\/product-overview\\\/\"},{\"@type\":\"ListItem\",\"position\":3,\"name\":\"Wireless weighing indicator for wheel load scales &#8211; large display &#8211; QDA-55-12-W\"}]},{\"@type\":\"WebSite\",\"@id\":\"https:\\\/\\\/cartesy.de\\\/en\\\/#website\",\"url\":\"https:\\\/\\\/cartesy.de\\\/en\\\/\",\"name\":\"Cartesy\",\"description\":\"Ihr Experte f\u00fcr hochpr\u00e4zise Pr\u00fcf- und W\u00e4gesysteme.\",\"publisher\":{\"@id\":\"https:\\\/\\\/cartesy.de\\\/en\\\/#organization\"},\"potentialAction\":[{\"@type\":\"SearchAction\",\"target\":{\"@type\":\"EntryPoint\",\"urlTemplate\":\"https:\\\/\\\/cartesy.de\\\/en\\\/?s={search_term_string}\"},\"query-input\":{\"@type\":\"PropertyValueSpecification\",\"valueRequired\":true,\"valueName\":\"search_term_string\"}}],\"inLanguage\":\"en-US\"},{\"@type\":\"Organization\",\"@id\":\"https:\\\/\\\/cartesy.de\\\/en\\\/#organization\",\"name\":\"Cartesy\",\"url\":\"https:\\\/\\\/cartesy.de\\\/en\\\/\",\"logo\":{\"@type\":\"ImageObject\",\"inLanguage\":\"en-US\",\"@id\":\"https:\\\/\\\/cartesy.de\\\/en\\\/#\\\/schema\\\/logo\\\/image\\\/\",\"url\":\"https:\\\/\\\/cartesy.de\\\/wp-content\\\/uploads\\\/Cartesy-logo.png\",\"contentUrl\":\"https:\\\/\\\/cartesy.de\\\/wp-content\\\/uploads\\\/Cartesy-logo.png\",\"width\":800,\"height\":600,\"caption\":\"Cartesy\"},\"image\":{\"@id\":\"https:\\\/\\\/cartesy.de\\\/en\\\/#\\\/schema\\\/logo\\\/image\\\/\"},\"sameAs\":[\"https:\\\/\\\/de-de.facebook.com\\\/CartesyGmbH\",\"https:\\\/\\\/de.linkedin.com\\\/company\\\/cartesy-gmbh\"]}]}<\/script>\n<!-- \/ Yoast SEO plugin. -->","yoast_head_json":{"title":"Large digital display with wireless communication for Cartesy wheel load scales","description":"Display wheel load scales \u2713 incl. Wall mount \u2713 Aluminum housing \u2713 Bright red LED \u2713 Up to 10 scales \u2713 Wireless data transmission \u25b6 Buy now","robots":{"index":"index","follow":"follow","max-snippet":"max-snippet:-1","max-image-preview":"max-image-preview:large","max-video-preview":"max-video-preview:-1"},"canonical":"https:\/\/cartesy.de\/en\/product\/wireless-large-display\/","og_locale":"en_US","og_type":"article","og_title":"Large digital display with wireless communication for Cartesy wheel load scales","og_description":"Display wheel load scales \u2713 incl. Wall mount \u2713 Aluminum housing \u2713 Bright red LED \u2713 Up to 10 scales \u2713 Wireless data transmission \u25b6 Buy now","og_url":"https:\/\/cartesy.de\/en\/product\/wireless-large-display\/","og_site_name":"Cartesy","article_publisher":"https:\/\/de-de.facebook.com\/CartesyGmbH","article_modified_time":"2026-03-31T15:09:06+00:00","og_image":[{"width":2560,"height":1707,"url":"https:\/\/cartesy.de\/wp-content\/uploads\/MG_4869-scaled.jpg","type":"image\/jpeg"}],"twitter_card":"summary_large_image","twitter_misc":{"Est. reading time":"1 minute"},"schema":{"@context":"https:\/\/schema.org","@graph":[{"@type":"WebPage","@id":"https:\/\/cartesy.de\/en\/product\/wireless-large-display\/","url":"https:\/\/cartesy.de\/en\/product\/wireless-large-display\/","name":"Large digital display with wireless communication for Cartesy wheel load scales","isPartOf":{"@id":"https:\/\/cartesy.de\/en\/#website"},"primaryImageOfPage":{"@id":"https:\/\/cartesy.de\/en\/product\/wireless-large-display\/#primaryimage"},"image":{"@id":"https:\/\/cartesy.de\/en\/product\/wireless-large-display\/#primaryimage"},"thumbnailUrl":"https:\/\/cartesy.de\/wp-content\/uploads\/MG_4869-scaled.jpg","datePublished":"2023-01-27T07:27:36+00:00","dateModified":"2026-03-31T15:09:06+00:00","description":"Display wheel load scales \u2713 incl. Wall mount \u2713 Aluminum housing \u2713 Bright red LED \u2713 Up to 10 scales \u2713 Wireless data transmission \u25b6 Buy now","breadcrumb":{"@id":"https:\/\/cartesy.de\/en\/product\/wireless-large-display\/#breadcrumb"},"inLanguage":"en-US","potentialAction":[{"@type":"ReadAction","target":["https:\/\/cartesy.de\/en\/product\/wireless-large-display\/"]}]},{"@type":"ImageObject","inLanguage":"en-US","@id":"https:\/\/cartesy.de\/en\/product\/wireless-large-display\/#primaryimage","url":"https:\/\/cartesy.de\/wp-content\/uploads\/MG_4869-scaled.jpg","contentUrl":"https:\/\/cartesy.de\/wp-content\/uploads\/MG_4869-scaled.jpg","width":2560,"height":1707,"caption":"Funk-W\u00e4geanzeige f\u00fcr Fahrzeugwaagen \u2013 Gro\u00dfanzeige \u2013 QDA-55-12-W"},{"@type":"BreadcrumbList","@id":"https:\/\/cartesy.de\/en\/product\/wireless-large-display\/#breadcrumb","itemListElement":[{"@type":"ListItem","position":1,"name":"Home","item":"https:\/\/cartesy.de\/en\/kanzlei\/"},{"@type":"ListItem","position":2,"name":"Product overview","item":"https:\/\/cartesy.de\/en\/product-overview\/"},{"@type":"ListItem","position":3,"name":"Wireless weighing indicator for wheel load scales &#8211; large display &#8211; QDA-55-12-W"}]},{"@type":"WebSite","@id":"https:\/\/cartesy.de\/en\/#website","url":"https:\/\/cartesy.de\/en\/","name":"Cartesy","description":"Ihr Experte f\u00fcr hochpr\u00e4zise Pr\u00fcf- und W\u00e4gesysteme.","publisher":{"@id":"https:\/\/cartesy.de\/en\/#organization"},"potentialAction":[{"@type":"SearchAction","target":{"@type":"EntryPoint","urlTemplate":"https:\/\/cartesy.de\/en\/?s={search_term_string}"},"query-input":{"@type":"PropertyValueSpecification","valueRequired":true,"valueName":"search_term_string"}}],"inLanguage":"en-US"},{"@type":"Organization","@id":"https:\/\/cartesy.de\/en\/#organization","name":"Cartesy","url":"https:\/\/cartesy.de\/en\/","logo":{"@type":"ImageObject","inLanguage":"en-US","@id":"https:\/\/cartesy.de\/en\/#\/schema\/logo\/image\/","url":"https:\/\/cartesy.de\/wp-content\/uploads\/Cartesy-logo.png","contentUrl":"https:\/\/cartesy.de\/wp-content\/uploads\/Cartesy-logo.png","width":800,"height":600,"caption":"Cartesy"},"image":{"@id":"https:\/\/cartesy.de\/en\/#\/schema\/logo\/image\/"},"sameAs":["https:\/\/de-de.facebook.com\/CartesyGmbH","https:\/\/de.linkedin.com\/company\/cartesy-gmbh"]}]}},"_links":{"self":[{"href":"https:\/\/cartesy.de\/en\/wp-json\/wp\/v2\/product\/61079","targetHints":{"allow":["GET"]}}],"collection":[{"href":"https:\/\/cartesy.de\/en\/wp-json\/wp\/v2\/product"}],"about":[{"href":"https:\/\/cartesy.de\/en\/wp-json\/wp\/v2\/types\/product"}],"wp:featuredmedia":[{"embeddable":true,"href":"https:\/\/cartesy.de\/en\/wp-json\/wp\/v2\/media\/47313"}],"wp:attachment":[{"href":"https:\/\/cartesy.de\/en\/wp-json\/wp\/v2\/media?parent=61079"}],"wp:term":[{"taxonomy":"product_brand","embeddable":true,"href":"https:\/\/cartesy.de\/en\/wp-json\/wp\/v2\/product_brand?post=61079"},{"taxonomy":"product_cat","embeddable":true,"href":"https:\/\/cartesy.de\/en\/wp-json\/wp\/v2\/product_cat?post=61079"},{"taxonomy":"product_tag","embeddable":true,"href":"https:\/\/cartesy.de\/en\/wp-json\/wp\/v2\/product_tag?post=61079"}],"curies":[{"name":"wp","href":"https:\/\/api.w.org\/{rel}","templated":true}]}}