{"id":61081,"date":"2022-12-19T13:17:07","date_gmt":"2022-12-19T12:17:07","guid":{"rendered":"https:\/\/cartesy.de\/produkt\/towbar-50mm-adapter\/"},"modified":"2026-03-31T17:10:18","modified_gmt":"2026-03-31T15:10:18","slug":"towbar-50mm-adapter","status":"publish","type":"product","link":"https:\/\/cartesy.de\/en\/product\/towbar-50mm-adapter\/","title":{"rendered":"Support load adapter for ball coupling (50mm) for trailers, caravans"},"content":{"rendered":"<p>Tow bar load adapter for exact weighing of the support load of trailers, caravans,etc.<\/p>\n<ul>\n<li>Even load distribution on wheel load scales<\/li>\n<li>Ideal for measuring the drawbar load (50 mm ball head)<\/li>\n<li>Adjustable height (338 mm + max. 140 mm)<\/li>\n<li>Integrated carrying handle<\/li>\n<li>Perfect in combination with Cartesy IFX wheel load scales<\/li>\n<\/ul>\n<p>&nbsp;<\/p>\n<ul>\n<li>Dimensions (LxWxH): 230 x 165 x 338 &#8211; 478 mm<\/li>\n<li>Material: aluminum \/ plastic \/ steel<\/li>\n<li>Weight: 2.25 kg<\/li>\n<li>Up to a maximum drawbar load of 200 kg<\/li>\n<\/ul>\n","protected":false},"excerpt":{"rendered":"<p>Ball load adapter for load distribution of the trailer support load on wheel load scales. Height adjustable with 50mm ball head.<\/p>\n","protected":false},"featured_media":47303,"template":"","meta":[],"product_brand":[],"product_cat":[396],"product_tag":[420,415,416,417,418,419],"class_list":{"0":"post-61081","1":"product","2":"type-product","3":"status-publish","4":"has-post-thumbnail","6":"product_cat-accessories-wheel-load-scales","7":"product_tag-adapter-en","8":"product_tag-car","9":"product_tag-tow-bar-load","10":"product_tag-caravan-en","11":"product_tag-caravan-en-2","12":"product_tag-motorhome","13":"product_shipping_class-k-en","14":"tm-no-options","16":"first","17":"instock","18":"taxable","19":"shipping-taxable","20":"purchasable","21":"product-type-simple"},"yoast_head":"<!-- This site is optimized with the Yoast SEO plugin v27.3 - https:\/\/yoast.com\/product\/yoast-seo-wordpress\/ -->\n<title>Support load adapter for ball coupling (50mm) for trailers, caravans | Cartesy<\/title>\n<meta name=\"description\" content=\"Tow bar load adapter for load distribution of the trailer support load on wheel load scales for more accurate weighing results. Height adjustable with 50mm ball head.\" \/>\n<meta name=\"robots\" content=\"index, follow, max-snippet:-1, max-image-preview:large, max-video-preview:-1\" \/>\n<link rel=\"canonical\" href=\"https:\/\/cartesy.de\/en\/product\/towbar-50mm-adapter\/\" \/>\n<meta property=\"og:locale\" content=\"en_US\" \/>\n<meta property=\"og:type\" content=\"article\" \/>\n<meta property=\"og:title\" content=\"Support load adapter for ball coupling (50mm) for trailers, caravans | Cartesy\" \/>\n<meta property=\"og:description\" content=\"Tow bar load adapter for load distribution of the trailer support load on wheel load scales for more accurate weighing results. Height adjustable with 50mm ball head.\" \/>\n<meta property=\"og:url\" content=\"https:\/\/cartesy.de\/en\/product\/towbar-50mm-adapter\/\" \/>\n<meta property=\"og:site_name\" content=\"Cartesy\" \/>\n<meta property=\"article:publisher\" content=\"https:\/\/de-de.facebook.com\/CartesyGmbH\" \/>\n<meta property=\"article:modified_time\" content=\"2026-03-31T15:10:18+00:00\" \/>\n<meta property=\"og:image\" content=\"https:\/\/cartesy.de\/wp-content\/uploads\/Stuetzlastadapter-scaled.jpg\" \/>\n\t<meta property=\"og:image:width\" content=\"2560\" \/>\n\t<meta property=\"og:image:height\" content=\"2560\" \/>\n\t<meta property=\"og:image:type\" content=\"image\/jpeg\" \/>\n<meta name=\"twitter:card\" content=\"summary_large_image\" \/>\n<script type=\"application\/ld+json\" class=\"yoast-schema-graph\">{\"@context\":\"https:\\\/\\\/schema.org\",\"@graph\":[{\"@type\":\"WebPage\",\"@id\":\"https:\\\/\\\/cartesy.de\\\/en\\\/product\\\/towbar-50mm-adapter\\\/\",\"url\":\"https:\\\/\\\/cartesy.de\\\/en\\\/product\\\/towbar-50mm-adapter\\\/\",\"name\":\"Support load adapter for ball coupling (50mm) for trailers, caravans | Cartesy\",\"isPartOf\":{\"@id\":\"https:\\\/\\\/cartesy.de\\\/en\\\/#website\"},\"primaryImageOfPage\":{\"@id\":\"https:\\\/\\\/cartesy.de\\\/en\\\/product\\\/towbar-50mm-adapter\\\/#primaryimage\"},\"image\":{\"@id\":\"https:\\\/\\\/cartesy.de\\\/en\\\/product\\\/towbar-50mm-adapter\\\/#primaryimage\"},\"thumbnailUrl\":\"https:\\\/\\\/cartesy.de\\\/wp-content\\\/uploads\\\/Stuetzlastadapter-scaled.jpg\",\"datePublished\":\"2022-12-19T12:17:07+00:00\",\"dateModified\":\"2026-03-31T15:10:18+00:00\",\"description\":\"Tow bar load adapter for load distribution of the trailer support load on wheel load scales for more accurate weighing results. Height adjustable with 50mm ball head.\",\"breadcrumb\":{\"@id\":\"https:\\\/\\\/cartesy.de\\\/en\\\/product\\\/towbar-50mm-adapter\\\/#breadcrumb\"},\"inLanguage\":\"en-US\",\"potentialAction\":[{\"@type\":\"ReadAction\",\"target\":[\"https:\\\/\\\/cartesy.de\\\/en\\\/product\\\/towbar-50mm-adapter\\\/\"]}]},{\"@type\":\"ImageObject\",\"inLanguage\":\"en-US\",\"@id\":\"https:\\\/\\\/cartesy.de\\\/en\\\/product\\\/towbar-50mm-adapter\\\/#primaryimage\",\"url\":\"https:\\\/\\\/cartesy.de\\\/wp-content\\\/uploads\\\/Stuetzlastadapter-scaled.jpg\",\"contentUrl\":\"https:\\\/\\\/cartesy.de\\\/wp-content\\\/uploads\\\/Stuetzlastadapter-scaled.jpg\",\"width\":2560,\"height\":2560,\"caption\":\"St\u00fctzlastadapter\"},{\"@type\":\"BreadcrumbList\",\"@id\":\"https:\\\/\\\/cartesy.de\\\/en\\\/product\\\/towbar-50mm-adapter\\\/#breadcrumb\",\"itemListElement\":[{\"@type\":\"ListItem\",\"position\":1,\"name\":\"Home\",\"item\":\"https:\\\/\\\/cartesy.de\\\/en\\\/kanzlei\\\/\"},{\"@type\":\"ListItem\",\"position\":2,\"name\":\"Product overview\",\"item\":\"https:\\\/\\\/cartesy.de\\\/en\\\/product-overview\\\/\"},{\"@type\":\"ListItem\",\"position\":3,\"name\":\"Support load adapter for ball coupling (50mm) for trailers, caravans\"}]},{\"@type\":\"WebSite\",\"@id\":\"https:\\\/\\\/cartesy.de\\\/en\\\/#website\",\"url\":\"https:\\\/\\\/cartesy.de\\\/en\\\/\",\"name\":\"Cartesy\",\"description\":\"Ihr Experte f\u00fcr hochpr\u00e4zise Pr\u00fcf- und W\u00e4gesysteme.\",\"publisher\":{\"@id\":\"https:\\\/\\\/cartesy.de\\\/en\\\/#organization\"},\"potentialAction\":[{\"@type\":\"SearchAction\",\"target\":{\"@type\":\"EntryPoint\",\"urlTemplate\":\"https:\\\/\\\/cartesy.de\\\/en\\\/?s={search_term_string}\"},\"query-input\":{\"@type\":\"PropertyValueSpecification\",\"valueRequired\":true,\"valueName\":\"search_term_string\"}}],\"inLanguage\":\"en-US\"},{\"@type\":\"Organization\",\"@id\":\"https:\\\/\\\/cartesy.de\\\/en\\\/#organization\",\"name\":\"Cartesy\",\"url\":\"https:\\\/\\\/cartesy.de\\\/en\\\/\",\"logo\":{\"@type\":\"ImageObject\",\"inLanguage\":\"en-US\",\"@id\":\"https:\\\/\\\/cartesy.de\\\/en\\\/#\\\/schema\\\/logo\\\/image\\\/\",\"url\":\"https:\\\/\\\/cartesy.de\\\/wp-content\\\/uploads\\\/Cartesy-logo.png\",\"contentUrl\":\"https:\\\/\\\/cartesy.de\\\/wp-content\\\/uploads\\\/Cartesy-logo.png\",\"width\":800,\"height\":600,\"caption\":\"Cartesy\"},\"image\":{\"@id\":\"https:\\\/\\\/cartesy.de\\\/en\\\/#\\\/schema\\\/logo\\\/image\\\/\"},\"sameAs\":[\"https:\\\/\\\/de-de.facebook.com\\\/CartesyGmbH\",\"https:\\\/\\\/de.linkedin.com\\\/company\\\/cartesy-gmbh\"]}]}<\/script>\n<!-- \/ Yoast SEO plugin. -->","yoast_head_json":{"title":"Support load adapter for ball coupling (50mm) for trailers, caravans | Cartesy","description":"Tow bar load adapter for load distribution of the trailer support load on wheel load scales for more accurate weighing results. Height adjustable with 50mm ball head.","robots":{"index":"index","follow":"follow","max-snippet":"max-snippet:-1","max-image-preview":"max-image-preview:large","max-video-preview":"max-video-preview:-1"},"canonical":"https:\/\/cartesy.de\/en\/product\/towbar-50mm-adapter\/","og_locale":"en_US","og_type":"article","og_title":"Support load adapter for ball coupling (50mm) for trailers, caravans | Cartesy","og_description":"Tow bar load adapter for load distribution of the trailer support load on wheel load scales for more accurate weighing results. Height adjustable with 50mm ball head.","og_url":"https:\/\/cartesy.de\/en\/product\/towbar-50mm-adapter\/","og_site_name":"Cartesy","article_publisher":"https:\/\/de-de.facebook.com\/CartesyGmbH","article_modified_time":"2026-03-31T15:10:18+00:00","og_image":[{"width":2560,"height":2560,"url":"https:\/\/cartesy.de\/wp-content\/uploads\/Stuetzlastadapter-scaled.jpg","type":"image\/jpeg"}],"twitter_card":"summary_large_image","schema":{"@context":"https:\/\/schema.org","@graph":[{"@type":"WebPage","@id":"https:\/\/cartesy.de\/en\/product\/towbar-50mm-adapter\/","url":"https:\/\/cartesy.de\/en\/product\/towbar-50mm-adapter\/","name":"Support load adapter for ball coupling (50mm) for trailers, caravans | Cartesy","isPartOf":{"@id":"https:\/\/cartesy.de\/en\/#website"},"primaryImageOfPage":{"@id":"https:\/\/cartesy.de\/en\/product\/towbar-50mm-adapter\/#primaryimage"},"image":{"@id":"https:\/\/cartesy.de\/en\/product\/towbar-50mm-adapter\/#primaryimage"},"thumbnailUrl":"https:\/\/cartesy.de\/wp-content\/uploads\/Stuetzlastadapter-scaled.jpg","datePublished":"2022-12-19T12:17:07+00:00","dateModified":"2026-03-31T15:10:18+00:00","description":"Tow bar load adapter for load distribution of the trailer support load on wheel load scales for more accurate weighing results. Height adjustable with 50mm ball head.","breadcrumb":{"@id":"https:\/\/cartesy.de\/en\/product\/towbar-50mm-adapter\/#breadcrumb"},"inLanguage":"en-US","potentialAction":[{"@type":"ReadAction","target":["https:\/\/cartesy.de\/en\/product\/towbar-50mm-adapter\/"]}]},{"@type":"ImageObject","inLanguage":"en-US","@id":"https:\/\/cartesy.de\/en\/product\/towbar-50mm-adapter\/#primaryimage","url":"https:\/\/cartesy.de\/wp-content\/uploads\/Stuetzlastadapter-scaled.jpg","contentUrl":"https:\/\/cartesy.de\/wp-content\/uploads\/Stuetzlastadapter-scaled.jpg","width":2560,"height":2560,"caption":"St\u00fctzlastadapter"},{"@type":"BreadcrumbList","@id":"https:\/\/cartesy.de\/en\/product\/towbar-50mm-adapter\/#breadcrumb","itemListElement":[{"@type":"ListItem","position":1,"name":"Home","item":"https:\/\/cartesy.de\/en\/kanzlei\/"},{"@type":"ListItem","position":2,"name":"Product overview","item":"https:\/\/cartesy.de\/en\/product-overview\/"},{"@type":"ListItem","position":3,"name":"Support load adapter for ball coupling (50mm) for trailers, caravans"}]},{"@type":"WebSite","@id":"https:\/\/cartesy.de\/en\/#website","url":"https:\/\/cartesy.de\/en\/","name":"Cartesy","description":"Ihr Experte f\u00fcr hochpr\u00e4zise Pr\u00fcf- und W\u00e4gesysteme.","publisher":{"@id":"https:\/\/cartesy.de\/en\/#organization"},"potentialAction":[{"@type":"SearchAction","target":{"@type":"EntryPoint","urlTemplate":"https:\/\/cartesy.de\/en\/?s={search_term_string}"},"query-input":{"@type":"PropertyValueSpecification","valueRequired":true,"valueName":"search_term_string"}}],"inLanguage":"en-US"},{"@type":"Organization","@id":"https:\/\/cartesy.de\/en\/#organization","name":"Cartesy","url":"https:\/\/cartesy.de\/en\/","logo":{"@type":"ImageObject","inLanguage":"en-US","@id":"https:\/\/cartesy.de\/en\/#\/schema\/logo\/image\/","url":"https:\/\/cartesy.de\/wp-content\/uploads\/Cartesy-logo.png","contentUrl":"https:\/\/cartesy.de\/wp-content\/uploads\/Cartesy-logo.png","width":800,"height":600,"caption":"Cartesy"},"image":{"@id":"https:\/\/cartesy.de\/en\/#\/schema\/logo\/image\/"},"sameAs":["https:\/\/de-de.facebook.com\/CartesyGmbH","https:\/\/de.linkedin.com\/company\/cartesy-gmbh"]}]}},"_links":{"self":[{"href":"https:\/\/cartesy.de\/en\/wp-json\/wp\/v2\/product\/61081","targetHints":{"allow":["GET"]}}],"collection":[{"href":"https:\/\/cartesy.de\/en\/wp-json\/wp\/v2\/product"}],"about":[{"href":"https:\/\/cartesy.de\/en\/wp-json\/wp\/v2\/types\/product"}],"wp:featuredmedia":[{"embeddable":true,"href":"https:\/\/cartesy.de\/en\/wp-json\/wp\/v2\/media\/47303"}],"wp:attachment":[{"href":"https:\/\/cartesy.de\/en\/wp-json\/wp\/v2\/media?parent=61081"}],"wp:term":[{"taxonomy":"product_brand","embeddable":true,"href":"https:\/\/cartesy.de\/en\/wp-json\/wp\/v2\/product_brand?post=61081"},{"taxonomy":"product_cat","embeddable":true,"href":"https:\/\/cartesy.de\/en\/wp-json\/wp\/v2\/product_cat?post=61081"},{"taxonomy":"product_tag","embeddable":true,"href":"https:\/\/cartesy.de\/en\/wp-json\/wp\/v2\/product_tag?post=61081"}],"curies":[{"name":"wp","href":"https:\/\/api.w.org\/{rel}","templated":true}]}}