{"id":61083,"date":"2022-06-21T15:57:21","date_gmt":"2022-06-21T13:57:21","guid":{"rendered":"https:\/\/cartesy.de\/produkt\/pressure-stamp-truck\/"},"modified":"2026-03-31T17:11:23","modified_gmt":"2026-03-31T15:11:23","slug":"pressure-stamp-truck","status":"publish","type":"product","link":"https:\/\/cartesy.de\/en\/product\/pressure-stamp-truck\/","title":{"rendered":"Load distribution \/ calibration stamp \/ support load for BFX-100-LCD-F for truck wheel load scales"},"content":{"rendered":"<p>Pressure stamp for load distribution and calibration<\/p>\n<ul>\n<li>Forms truck tire imprint \/ wheel contact area<\/li>\n<li>Load absorption of the drawbar load<\/li>\n<li>Ideal for load application during calibration<\/li>\n<li>Use when weighing without pneumatic tires (for point or line loads)<\/li>\n<\/ul>\n<p>&nbsp;<\/p>\n<p>2x carrying handles<br \/>\nDimensions (LxWxH): 440 x 220 x 75 mm<br \/>\nAluminum with 242 rubber buffers<br \/>\nWeight: 16.5 kg<\/p>\n<p>Up to 15,000kg load<\/p>\n","protected":false},"excerpt":{"rendered":"<p>Pressure stamp for load distribution, calibration and support load of truck wheel load scales \/ truck scales.<\/p>\n","protected":false},"featured_media":47264,"template":"","meta":[],"product_brand":[],"product_cat":[396],"product_tag":[421,422,423,391],"class_list":{"0":"post-61083","1":"product","2":"type-product","3":"status-publish","4":"has-post-thumbnail","6":"product_cat-accessories-wheel-load-scales","7":"product_tag-stamp","8":"product_tag-calibration-stamp","9":"product_tag-pressure-stamp","10":"product_tag-truck","11":"product_shipping_class-g-en","12":"tm-no-options","14":"first","15":"instock","16":"taxable","17":"shipping-taxable","18":"purchasable","19":"product-type-simple"},"yoast_head":"<!-- This site is optimized with the Yoast SEO plugin v27.3 - https:\/\/yoast.com\/product\/yoast-seo-wordpress\/ -->\n<title>Load distribution \/ calibration stamp \/ support load for BFX-100-LCD-F for truck wheel load scales | Cartesy<\/title>\n<meta name=\"description\" content=\"Pressure stamp for load distribution and calibration - for truck wheel load scales. Made of aluminum with two carrying handles and 242 rubber buffers.\" \/>\n<meta name=\"robots\" content=\"index, follow, max-snippet:-1, max-image-preview:large, max-video-preview:-1\" \/>\n<link rel=\"canonical\" href=\"https:\/\/cartesy.de\/en\/product\/pressure-stamp-truck\/\" \/>\n<meta property=\"og:locale\" content=\"en_US\" \/>\n<meta property=\"og:type\" content=\"article\" \/>\n<meta property=\"og:title\" content=\"Load distribution \/ calibration stamp \/ support load for BFX-100-LCD-F for truck wheel load scales | Cartesy\" \/>\n<meta property=\"og:description\" content=\"Pressure stamp for load distribution and calibration - for truck wheel load scales. Made of aluminum with two carrying handles and 242 rubber buffers.\" \/>\n<meta property=\"og:url\" content=\"https:\/\/cartesy.de\/en\/product\/pressure-stamp-truck\/\" \/>\n<meta property=\"og:site_name\" content=\"Cartesy\" \/>\n<meta property=\"article:publisher\" content=\"https:\/\/de-de.facebook.com\/CartesyGmbH\" \/>\n<meta property=\"article:modified_time\" content=\"2026-03-31T15:11:23+00:00\" \/>\n<meta property=\"og:image\" content=\"https:\/\/cartesy.de\/wp-content\/uploads\/LKW_Stempel_2.jpg\" \/>\n\t<meta property=\"og:image:width\" content=\"1402\" \/>\n\t<meta property=\"og:image:height\" content=\"932\" \/>\n\t<meta property=\"og:image:type\" content=\"image\/jpeg\" \/>\n<meta name=\"twitter:card\" content=\"summary_large_image\" \/>\n<script type=\"application\/ld+json\" class=\"yoast-schema-graph\">{\"@context\":\"https:\\\/\\\/schema.org\",\"@graph\":[{\"@type\":\"WebPage\",\"@id\":\"https:\\\/\\\/cartesy.de\\\/en\\\/product\\\/pressure-stamp-truck\\\/\",\"url\":\"https:\\\/\\\/cartesy.de\\\/en\\\/product\\\/pressure-stamp-truck\\\/\",\"name\":\"Load distribution \\\/ calibration stamp \\\/ support load for BFX-100-LCD-F for truck wheel load scales | Cartesy\",\"isPartOf\":{\"@id\":\"https:\\\/\\\/cartesy.de\\\/en\\\/#website\"},\"primaryImageOfPage\":{\"@id\":\"https:\\\/\\\/cartesy.de\\\/en\\\/product\\\/pressure-stamp-truck\\\/#primaryimage\"},\"image\":{\"@id\":\"https:\\\/\\\/cartesy.de\\\/en\\\/product\\\/pressure-stamp-truck\\\/#primaryimage\"},\"thumbnailUrl\":\"https:\\\/\\\/cartesy.de\\\/wp-content\\\/uploads\\\/LKW_Stempel_2.jpg\",\"datePublished\":\"2022-06-21T13:57:21+00:00\",\"dateModified\":\"2026-03-31T15:11:23+00:00\",\"description\":\"Pressure stamp for load distribution and calibration - for truck wheel load scales. Made of aluminum with two carrying handles and 242 rubber buffers.\",\"breadcrumb\":{\"@id\":\"https:\\\/\\\/cartesy.de\\\/en\\\/product\\\/pressure-stamp-truck\\\/#breadcrumb\"},\"inLanguage\":\"en-US\",\"potentialAction\":[{\"@type\":\"ReadAction\",\"target\":[\"https:\\\/\\\/cartesy.de\\\/en\\\/product\\\/pressure-stamp-truck\\\/\"]}]},{\"@type\":\"ImageObject\",\"inLanguage\":\"en-US\",\"@id\":\"https:\\\/\\\/cartesy.de\\\/en\\\/product\\\/pressure-stamp-truck\\\/#primaryimage\",\"url\":\"https:\\\/\\\/cartesy.de\\\/wp-content\\\/uploads\\\/LKW_Stempel_2.jpg\",\"contentUrl\":\"https:\\\/\\\/cartesy.de\\\/wp-content\\\/uploads\\\/LKW_Stempel_2.jpg\",\"width\":1402,\"height\":932,\"caption\":\"Lastverteilung \\\/ Kalibrierstempel \\\/ St\u00fctzlast f\u00fcr LKW Waage BFX-100-LCD-F\"},{\"@type\":\"BreadcrumbList\",\"@id\":\"https:\\\/\\\/cartesy.de\\\/en\\\/product\\\/pressure-stamp-truck\\\/#breadcrumb\",\"itemListElement\":[{\"@type\":\"ListItem\",\"position\":1,\"name\":\"Home\",\"item\":\"https:\\\/\\\/cartesy.de\\\/en\\\/kanzlei\\\/\"},{\"@type\":\"ListItem\",\"position\":2,\"name\":\"Product overview\",\"item\":\"https:\\\/\\\/cartesy.de\\\/en\\\/product-overview\\\/\"},{\"@type\":\"ListItem\",\"position\":3,\"name\":\"Load distribution \\\/ calibration stamp \\\/ support load for BFX-100-LCD-F for truck wheel load scales\"}]},{\"@type\":\"WebSite\",\"@id\":\"https:\\\/\\\/cartesy.de\\\/en\\\/#website\",\"url\":\"https:\\\/\\\/cartesy.de\\\/en\\\/\",\"name\":\"Cartesy\",\"description\":\"Ihr Experte f\u00fcr hochpr\u00e4zise Pr\u00fcf- und W\u00e4gesysteme.\",\"publisher\":{\"@id\":\"https:\\\/\\\/cartesy.de\\\/en\\\/#organization\"},\"potentialAction\":[{\"@type\":\"SearchAction\",\"target\":{\"@type\":\"EntryPoint\",\"urlTemplate\":\"https:\\\/\\\/cartesy.de\\\/en\\\/?s={search_term_string}\"},\"query-input\":{\"@type\":\"PropertyValueSpecification\",\"valueRequired\":true,\"valueName\":\"search_term_string\"}}],\"inLanguage\":\"en-US\"},{\"@type\":\"Organization\",\"@id\":\"https:\\\/\\\/cartesy.de\\\/en\\\/#organization\",\"name\":\"Cartesy\",\"url\":\"https:\\\/\\\/cartesy.de\\\/en\\\/\",\"logo\":{\"@type\":\"ImageObject\",\"inLanguage\":\"en-US\",\"@id\":\"https:\\\/\\\/cartesy.de\\\/en\\\/#\\\/schema\\\/logo\\\/image\\\/\",\"url\":\"https:\\\/\\\/cartesy.de\\\/wp-content\\\/uploads\\\/Cartesy-logo.png\",\"contentUrl\":\"https:\\\/\\\/cartesy.de\\\/wp-content\\\/uploads\\\/Cartesy-logo.png\",\"width\":800,\"height\":600,\"caption\":\"Cartesy\"},\"image\":{\"@id\":\"https:\\\/\\\/cartesy.de\\\/en\\\/#\\\/schema\\\/logo\\\/image\\\/\"},\"sameAs\":[\"https:\\\/\\\/de-de.facebook.com\\\/CartesyGmbH\",\"https:\\\/\\\/de.linkedin.com\\\/company\\\/cartesy-gmbh\"]}]}<\/script>\n<!-- \/ Yoast SEO plugin. -->","yoast_head_json":{"title":"Load distribution \/ calibration stamp \/ support load for BFX-100-LCD-F for truck wheel load scales | Cartesy","description":"Pressure stamp for load distribution and calibration - for truck wheel load scales. Made of aluminum with two carrying handles and 242 rubber buffers.","robots":{"index":"index","follow":"follow","max-snippet":"max-snippet:-1","max-image-preview":"max-image-preview:large","max-video-preview":"max-video-preview:-1"},"canonical":"https:\/\/cartesy.de\/en\/product\/pressure-stamp-truck\/","og_locale":"en_US","og_type":"article","og_title":"Load distribution \/ calibration stamp \/ support load for BFX-100-LCD-F for truck wheel load scales | Cartesy","og_description":"Pressure stamp for load distribution and calibration - for truck wheel load scales. Made of aluminum with two carrying handles and 242 rubber buffers.","og_url":"https:\/\/cartesy.de\/en\/product\/pressure-stamp-truck\/","og_site_name":"Cartesy","article_publisher":"https:\/\/de-de.facebook.com\/CartesyGmbH","article_modified_time":"2026-03-31T15:11:23+00:00","og_image":[{"width":1402,"height":932,"url":"https:\/\/cartesy.de\/wp-content\/uploads\/LKW_Stempel_2.jpg","type":"image\/jpeg"}],"twitter_card":"summary_large_image","schema":{"@context":"https:\/\/schema.org","@graph":[{"@type":"WebPage","@id":"https:\/\/cartesy.de\/en\/product\/pressure-stamp-truck\/","url":"https:\/\/cartesy.de\/en\/product\/pressure-stamp-truck\/","name":"Load distribution \/ calibration stamp \/ support load for BFX-100-LCD-F for truck wheel load scales | Cartesy","isPartOf":{"@id":"https:\/\/cartesy.de\/en\/#website"},"primaryImageOfPage":{"@id":"https:\/\/cartesy.de\/en\/product\/pressure-stamp-truck\/#primaryimage"},"image":{"@id":"https:\/\/cartesy.de\/en\/product\/pressure-stamp-truck\/#primaryimage"},"thumbnailUrl":"https:\/\/cartesy.de\/wp-content\/uploads\/LKW_Stempel_2.jpg","datePublished":"2022-06-21T13:57:21+00:00","dateModified":"2026-03-31T15:11:23+00:00","description":"Pressure stamp for load distribution and calibration - for truck wheel load scales. Made of aluminum with two carrying handles and 242 rubber buffers.","breadcrumb":{"@id":"https:\/\/cartesy.de\/en\/product\/pressure-stamp-truck\/#breadcrumb"},"inLanguage":"en-US","potentialAction":[{"@type":"ReadAction","target":["https:\/\/cartesy.de\/en\/product\/pressure-stamp-truck\/"]}]},{"@type":"ImageObject","inLanguage":"en-US","@id":"https:\/\/cartesy.de\/en\/product\/pressure-stamp-truck\/#primaryimage","url":"https:\/\/cartesy.de\/wp-content\/uploads\/LKW_Stempel_2.jpg","contentUrl":"https:\/\/cartesy.de\/wp-content\/uploads\/LKW_Stempel_2.jpg","width":1402,"height":932,"caption":"Lastverteilung \/ Kalibrierstempel \/ St\u00fctzlast f\u00fcr LKW Waage BFX-100-LCD-F"},{"@type":"BreadcrumbList","@id":"https:\/\/cartesy.de\/en\/product\/pressure-stamp-truck\/#breadcrumb","itemListElement":[{"@type":"ListItem","position":1,"name":"Home","item":"https:\/\/cartesy.de\/en\/kanzlei\/"},{"@type":"ListItem","position":2,"name":"Product overview","item":"https:\/\/cartesy.de\/en\/product-overview\/"},{"@type":"ListItem","position":3,"name":"Load distribution \/ calibration stamp \/ support load for BFX-100-LCD-F for truck wheel load scales"}]},{"@type":"WebSite","@id":"https:\/\/cartesy.de\/en\/#website","url":"https:\/\/cartesy.de\/en\/","name":"Cartesy","description":"Ihr Experte f\u00fcr hochpr\u00e4zise Pr\u00fcf- und W\u00e4gesysteme.","publisher":{"@id":"https:\/\/cartesy.de\/en\/#organization"},"potentialAction":[{"@type":"SearchAction","target":{"@type":"EntryPoint","urlTemplate":"https:\/\/cartesy.de\/en\/?s={search_term_string}"},"query-input":{"@type":"PropertyValueSpecification","valueRequired":true,"valueName":"search_term_string"}}],"inLanguage":"en-US"},{"@type":"Organization","@id":"https:\/\/cartesy.de\/en\/#organization","name":"Cartesy","url":"https:\/\/cartesy.de\/en\/","logo":{"@type":"ImageObject","inLanguage":"en-US","@id":"https:\/\/cartesy.de\/en\/#\/schema\/logo\/image\/","url":"https:\/\/cartesy.de\/wp-content\/uploads\/Cartesy-logo.png","contentUrl":"https:\/\/cartesy.de\/wp-content\/uploads\/Cartesy-logo.png","width":800,"height":600,"caption":"Cartesy"},"image":{"@id":"https:\/\/cartesy.de\/en\/#\/schema\/logo\/image\/"},"sameAs":["https:\/\/de-de.facebook.com\/CartesyGmbH","https:\/\/de.linkedin.com\/company\/cartesy-gmbh"]}]}},"_links":{"self":[{"href":"https:\/\/cartesy.de\/en\/wp-json\/wp\/v2\/product\/61083","targetHints":{"allow":["GET"]}}],"collection":[{"href":"https:\/\/cartesy.de\/en\/wp-json\/wp\/v2\/product"}],"about":[{"href":"https:\/\/cartesy.de\/en\/wp-json\/wp\/v2\/types\/product"}],"wp:featuredmedia":[{"embeddable":true,"href":"https:\/\/cartesy.de\/en\/wp-json\/wp\/v2\/media\/47264"}],"wp:attachment":[{"href":"https:\/\/cartesy.de\/en\/wp-json\/wp\/v2\/media?parent=61083"}],"wp:term":[{"taxonomy":"product_brand","embeddable":true,"href":"https:\/\/cartesy.de\/en\/wp-json\/wp\/v2\/product_brand?post=61083"},{"taxonomy":"product_cat","embeddable":true,"href":"https:\/\/cartesy.de\/en\/wp-json\/wp\/v2\/product_cat?post=61083"},{"taxonomy":"product_tag","embeddable":true,"href":"https:\/\/cartesy.de\/en\/wp-json\/wp\/v2\/product_tag?post=61083"}],"curies":[{"name":"wp","href":"https:\/\/api.w.org\/{rel}","templated":true}]}}