{"id":61085,"date":"2021-06-07T13:32:54","date_gmt":"2021-06-07T11:32:54","guid":{"rendered":"https:\/\/cartesy.de\/produkt\/level-plate-ifx-scale\/"},"modified":"2026-03-31T16:53:05","modified_gmt":"2026-03-31T14:53:05","slug":"level-plate-ifx-scale","status":"publish","type":"product","link":"https:\/\/cartesy.de\/en\/product\/level-plate-ifx-scale\/","title":{"rendered":"Height compensation plate for IFX-10\/-20\/-30-LCD-F wheel load scales"},"content":{"rendered":"<ul>\n<li>Reduces measurement errors during vehicle weighing<\/li>\n<li>Height and dimensions identical to IFX scales (42 x 25 x 2 cm)<\/li>\n<li>Perfect fit in the IFX transport case<\/li>\n<\/ul>\n","protected":false},"excerpt":{"rendered":"<p>For weighing a vehicle (car\/caravan\/trailer) at the same height level for all wheels.<\/p>\n","protected":false},"featured_media":46850,"template":"","meta":[],"product_brand":[],"product_cat":[396],"product_tag":[424],"class_list":{"0":"post-61085","1":"product","2":"type-product","3":"status-publish","4":"has-post-thumbnail","6":"product_cat-accessories-wheel-load-scales","7":"product_tag-height-compensation-plate-for-wheel-load-scales-ifx-10-20-30-lcd-f","8":"product_shipping_class-k-en","9":"tm-no-options","11":"first","12":"instock","13":"taxable","14":"shipping-taxable","15":"purchasable","16":"product-type-simple"},"yoast_head":"<!-- This site is optimized with the Yoast SEO plugin v27.3 - https:\/\/yoast.com\/product\/yoast-seo-wordpress\/ -->\n<title>Height compensation plate for IFX-10\/-20\/-30-LCD-F for weighing a vehicle at the same height level | Cartesy<\/title>\n<meta name=\"description\" content=\"Leveling plate for IFX-10\/-20\/-30 LCD-F wheel load scales. Buy now!\" \/>\n<meta name=\"robots\" content=\"index, follow, max-snippet:-1, max-image-preview:large, max-video-preview:-1\" \/>\n<link rel=\"canonical\" href=\"https:\/\/cartesy.de\/en\/product\/level-plate-ifx-scale\/\" \/>\n<meta property=\"og:locale\" content=\"en_US\" \/>\n<meta property=\"og:type\" content=\"article\" \/>\n<meta property=\"og:title\" content=\"Height compensation plate for IFX-10\/-20\/-30-LCD-F for weighing a vehicle at the same height level | Cartesy\" \/>\n<meta property=\"og:description\" content=\"Leveling plate for IFX-10\/-20\/-30 LCD-F wheel load scales. Buy now!\" \/>\n<meta property=\"og:url\" content=\"https:\/\/cartesy.de\/en\/product\/level-plate-ifx-scale\/\" \/>\n<meta property=\"og:site_name\" content=\"Cartesy\" \/>\n<meta property=\"article:publisher\" content=\"https:\/\/de-de.facebook.com\/CartesyGmbH\" \/>\n<meta property=\"article:modified_time\" content=\"2026-03-31T14:53:05+00:00\" \/>\n<meta property=\"og:image\" content=\"https:\/\/cartesy.de\/wp-content\/uploads\/2021\/06\/2M010-04025-scaled.jpg\" \/>\n\t<meta property=\"og:image:width\" content=\"2560\" \/>\n\t<meta property=\"og:image:height\" content=\"1707\" \/>\n\t<meta property=\"og:image:type\" content=\"image\/jpeg\" \/>\n<meta name=\"twitter:card\" content=\"summary_large_image\" \/>\n<script type=\"application\/ld+json\" class=\"yoast-schema-graph\">{\"@context\":\"https:\\\/\\\/schema.org\",\"@graph\":[{\"@type\":\"WebPage\",\"@id\":\"https:\\\/\\\/cartesy.de\\\/en\\\/product\\\/level-plate-ifx-scale\\\/\",\"url\":\"https:\\\/\\\/cartesy.de\\\/en\\\/product\\\/level-plate-ifx-scale\\\/\",\"name\":\"Height compensation plate for IFX-10\\\/-20\\\/-30-LCD-F for weighing a vehicle at the same height level | Cartesy\",\"isPartOf\":{\"@id\":\"https:\\\/\\\/cartesy.de\\\/en\\\/#website\"},\"primaryImageOfPage\":{\"@id\":\"https:\\\/\\\/cartesy.de\\\/en\\\/product\\\/level-plate-ifx-scale\\\/#primaryimage\"},\"image\":{\"@id\":\"https:\\\/\\\/cartesy.de\\\/en\\\/product\\\/level-plate-ifx-scale\\\/#primaryimage\"},\"thumbnailUrl\":\"https:\\\/\\\/cartesy.de\\\/wp-content\\\/uploads\\\/2021\\\/06\\\/2M010-04025-scaled.jpg\",\"datePublished\":\"2021-06-07T11:32:54+00:00\",\"dateModified\":\"2026-03-31T14:53:05+00:00\",\"description\":\"Leveling plate for IFX-10\\\/-20\\\/-30 LCD-F wheel load scales. Buy now!\",\"breadcrumb\":{\"@id\":\"https:\\\/\\\/cartesy.de\\\/en\\\/product\\\/level-plate-ifx-scale\\\/#breadcrumb\"},\"inLanguage\":\"en-US\",\"potentialAction\":[{\"@type\":\"ReadAction\",\"target\":[\"https:\\\/\\\/cartesy.de\\\/en\\\/product\\\/level-plate-ifx-scale\\\/\"]}]},{\"@type\":\"ImageObject\",\"inLanguage\":\"en-US\",\"@id\":\"https:\\\/\\\/cartesy.de\\\/en\\\/product\\\/level-plate-ifx-scale\\\/#primaryimage\",\"url\":\"https:\\\/\\\/cartesy.de\\\/wp-content\\\/uploads\\\/2021\\\/06\\\/2M010-04025-scaled.jpg\",\"contentUrl\":\"https:\\\/\\\/cartesy.de\\\/wp-content\\\/uploads\\\/2021\\\/06\\\/2M010-04025-scaled.jpg\",\"width\":2560,\"height\":1707,\"caption\":\"Height compensation plate for IFX-10\\\/-20\\\/-30-LCD-F wheel load scales\"},{\"@type\":\"BreadcrumbList\",\"@id\":\"https:\\\/\\\/cartesy.de\\\/en\\\/product\\\/level-plate-ifx-scale\\\/#breadcrumb\",\"itemListElement\":[{\"@type\":\"ListItem\",\"position\":1,\"name\":\"Home\",\"item\":\"https:\\\/\\\/cartesy.de\\\/en\\\/kanzlei\\\/\"},{\"@type\":\"ListItem\",\"position\":2,\"name\":\"Product overview\",\"item\":\"https:\\\/\\\/cartesy.de\\\/en\\\/product-overview\\\/\"},{\"@type\":\"ListItem\",\"position\":3,\"name\":\"Height compensation plate for IFX-10\\\/-20\\\/-30-LCD-F wheel load scales\"}]},{\"@type\":\"WebSite\",\"@id\":\"https:\\\/\\\/cartesy.de\\\/en\\\/#website\",\"url\":\"https:\\\/\\\/cartesy.de\\\/en\\\/\",\"name\":\"Cartesy\",\"description\":\"Ihr Experte f\u00fcr hochpr\u00e4zise Pr\u00fcf- und W\u00e4gesysteme.\",\"publisher\":{\"@id\":\"https:\\\/\\\/cartesy.de\\\/en\\\/#organization\"},\"potentialAction\":[{\"@type\":\"SearchAction\",\"target\":{\"@type\":\"EntryPoint\",\"urlTemplate\":\"https:\\\/\\\/cartesy.de\\\/en\\\/?s={search_term_string}\"},\"query-input\":{\"@type\":\"PropertyValueSpecification\",\"valueRequired\":true,\"valueName\":\"search_term_string\"}}],\"inLanguage\":\"en-US\"},{\"@type\":\"Organization\",\"@id\":\"https:\\\/\\\/cartesy.de\\\/en\\\/#organization\",\"name\":\"Cartesy\",\"url\":\"https:\\\/\\\/cartesy.de\\\/en\\\/\",\"logo\":{\"@type\":\"ImageObject\",\"inLanguage\":\"en-US\",\"@id\":\"https:\\\/\\\/cartesy.de\\\/en\\\/#\\\/schema\\\/logo\\\/image\\\/\",\"url\":\"https:\\\/\\\/cartesy.de\\\/wp-content\\\/uploads\\\/Cartesy-logo.png\",\"contentUrl\":\"https:\\\/\\\/cartesy.de\\\/wp-content\\\/uploads\\\/Cartesy-logo.png\",\"width\":800,\"height\":600,\"caption\":\"Cartesy\"},\"image\":{\"@id\":\"https:\\\/\\\/cartesy.de\\\/en\\\/#\\\/schema\\\/logo\\\/image\\\/\"},\"sameAs\":[\"https:\\\/\\\/de-de.facebook.com\\\/CartesyGmbH\",\"https:\\\/\\\/de.linkedin.com\\\/company\\\/cartesy-gmbh\"]}]}<\/script>\n<!-- \/ Yoast SEO plugin. -->","yoast_head_json":{"title":"Height compensation plate for IFX-10\/-20\/-30-LCD-F for weighing a vehicle at the same height level | Cartesy","description":"Leveling plate for IFX-10\/-20\/-30 LCD-F wheel load scales. Buy now!","robots":{"index":"index","follow":"follow","max-snippet":"max-snippet:-1","max-image-preview":"max-image-preview:large","max-video-preview":"max-video-preview:-1"},"canonical":"https:\/\/cartesy.de\/en\/product\/level-plate-ifx-scale\/","og_locale":"en_US","og_type":"article","og_title":"Height compensation plate for IFX-10\/-20\/-30-LCD-F for weighing a vehicle at the same height level | Cartesy","og_description":"Leveling plate for IFX-10\/-20\/-30 LCD-F wheel load scales. Buy now!","og_url":"https:\/\/cartesy.de\/en\/product\/level-plate-ifx-scale\/","og_site_name":"Cartesy","article_publisher":"https:\/\/de-de.facebook.com\/CartesyGmbH","article_modified_time":"2026-03-31T14:53:05+00:00","og_image":[{"width":2560,"height":1707,"url":"https:\/\/cartesy.de\/wp-content\/uploads\/2021\/06\/2M010-04025-scaled.jpg","type":"image\/jpeg"}],"twitter_card":"summary_large_image","schema":{"@context":"https:\/\/schema.org","@graph":[{"@type":"WebPage","@id":"https:\/\/cartesy.de\/en\/product\/level-plate-ifx-scale\/","url":"https:\/\/cartesy.de\/en\/product\/level-plate-ifx-scale\/","name":"Height compensation plate for IFX-10\/-20\/-30-LCD-F for weighing a vehicle at the same height level | Cartesy","isPartOf":{"@id":"https:\/\/cartesy.de\/en\/#website"},"primaryImageOfPage":{"@id":"https:\/\/cartesy.de\/en\/product\/level-plate-ifx-scale\/#primaryimage"},"image":{"@id":"https:\/\/cartesy.de\/en\/product\/level-plate-ifx-scale\/#primaryimage"},"thumbnailUrl":"https:\/\/cartesy.de\/wp-content\/uploads\/2021\/06\/2M010-04025-scaled.jpg","datePublished":"2021-06-07T11:32:54+00:00","dateModified":"2026-03-31T14:53:05+00:00","description":"Leveling plate for IFX-10\/-20\/-30 LCD-F wheel load scales. Buy now!","breadcrumb":{"@id":"https:\/\/cartesy.de\/en\/product\/level-plate-ifx-scale\/#breadcrumb"},"inLanguage":"en-US","potentialAction":[{"@type":"ReadAction","target":["https:\/\/cartesy.de\/en\/product\/level-plate-ifx-scale\/"]}]},{"@type":"ImageObject","inLanguage":"en-US","@id":"https:\/\/cartesy.de\/en\/product\/level-plate-ifx-scale\/#primaryimage","url":"https:\/\/cartesy.de\/wp-content\/uploads\/2021\/06\/2M010-04025-scaled.jpg","contentUrl":"https:\/\/cartesy.de\/wp-content\/uploads\/2021\/06\/2M010-04025-scaled.jpg","width":2560,"height":1707,"caption":"Height compensation plate for IFX-10\/-20\/-30-LCD-F wheel load scales"},{"@type":"BreadcrumbList","@id":"https:\/\/cartesy.de\/en\/product\/level-plate-ifx-scale\/#breadcrumb","itemListElement":[{"@type":"ListItem","position":1,"name":"Home","item":"https:\/\/cartesy.de\/en\/kanzlei\/"},{"@type":"ListItem","position":2,"name":"Product overview","item":"https:\/\/cartesy.de\/en\/product-overview\/"},{"@type":"ListItem","position":3,"name":"Height compensation plate for IFX-10\/-20\/-30-LCD-F wheel load scales"}]},{"@type":"WebSite","@id":"https:\/\/cartesy.de\/en\/#website","url":"https:\/\/cartesy.de\/en\/","name":"Cartesy","description":"Ihr Experte f\u00fcr hochpr\u00e4zise Pr\u00fcf- und W\u00e4gesysteme.","publisher":{"@id":"https:\/\/cartesy.de\/en\/#organization"},"potentialAction":[{"@type":"SearchAction","target":{"@type":"EntryPoint","urlTemplate":"https:\/\/cartesy.de\/en\/?s={search_term_string}"},"query-input":{"@type":"PropertyValueSpecification","valueRequired":true,"valueName":"search_term_string"}}],"inLanguage":"en-US"},{"@type":"Organization","@id":"https:\/\/cartesy.de\/en\/#organization","name":"Cartesy","url":"https:\/\/cartesy.de\/en\/","logo":{"@type":"ImageObject","inLanguage":"en-US","@id":"https:\/\/cartesy.de\/en\/#\/schema\/logo\/image\/","url":"https:\/\/cartesy.de\/wp-content\/uploads\/Cartesy-logo.png","contentUrl":"https:\/\/cartesy.de\/wp-content\/uploads\/Cartesy-logo.png","width":800,"height":600,"caption":"Cartesy"},"image":{"@id":"https:\/\/cartesy.de\/en\/#\/schema\/logo\/image\/"},"sameAs":["https:\/\/de-de.facebook.com\/CartesyGmbH","https:\/\/de.linkedin.com\/company\/cartesy-gmbh"]}]}},"_links":{"self":[{"href":"https:\/\/cartesy.de\/en\/wp-json\/wp\/v2\/product\/61085","targetHints":{"allow":["GET"]}}],"collection":[{"href":"https:\/\/cartesy.de\/en\/wp-json\/wp\/v2\/product"}],"about":[{"href":"https:\/\/cartesy.de\/en\/wp-json\/wp\/v2\/types\/product"}],"wp:featuredmedia":[{"embeddable":true,"href":"https:\/\/cartesy.de\/en\/wp-json\/wp\/v2\/media\/46850"}],"wp:attachment":[{"href":"https:\/\/cartesy.de\/en\/wp-json\/wp\/v2\/media?parent=61085"}],"wp:term":[{"taxonomy":"product_brand","embeddable":true,"href":"https:\/\/cartesy.de\/en\/wp-json\/wp\/v2\/product_brand?post=61085"},{"taxonomy":"product_cat","embeddable":true,"href":"https:\/\/cartesy.de\/en\/wp-json\/wp\/v2\/product_cat?post=61085"},{"taxonomy":"product_tag","embeddable":true,"href":"https:\/\/cartesy.de\/en\/wp-json\/wp\/v2\/product_tag?post=61085"}],"curies":[{"name":"wp","href":"https:\/\/api.w.org\/{rel}","templated":true}]}}