{"id":61090,"date":"2021-06-07T17:46:04","date_gmt":"2021-06-07T15:46:04","guid":{"rendered":"https:\/\/cartesy.de\/produkt\/npc-2014-ng-anw-connect-box\/"},"modified":"2025-07-16T18:02:04","modified_gmt":"2025-07-16T16:02:04","slug":"npc-2014-ng-anw-connect-box","status":"publish","type":"product","link":"https:\/\/cartesy.de\/en\/product\/npc-2014-ng-anw-connect-box\/","title":{"rendered":"NPC-2014-NG [ANW CONNECT BOX]"},"content":{"rendered":"<p>Connection of the brake tester to the SP21-\/HU21-adapter and the A\u00dcK-Plus\/SP-Plus for PTI application.<\/p>\n<p>With the NPC-2014-NG, you can conveniently connect your brake tester, the SP21-\/HU21-adapter and the SP-Plus\/A\u00dcK-Plus program in a stable 2.4 GHz Wifi network. Brake values and reference pressure are processed and evaluated simultaneously, live in the SP-Plus\/A\u00dcK-Plus. Therefore, a manual recording of the brake values is no longer necessary.<\/p>\n<p>We supply the NPC-2014-NG in a black, scratch-resistant and sturdy ABS plastic housing. The magnetic holder allows the NPC-2014-NG to be conveniently and securely attached to any brake tester metal control cabinet\/display cabinet for permanent installation.<\/p>\n<hr \/>\n<p><strong>You can also use our free iOS and Android apps!<\/strong><\/p>\n<p><a href=\"https:\/\/play.google.com\/store\/apps\/details?id=de.cartesy.livestream\" target=\"_blank\" rel=\"noopener\">Download for Android<\/a><br \/>\n<a href=\"https:\/\/apps.apple.com\/de\/app\/livestream-client\/id1474535630\" target=\"_blank\" rel=\"noopener\">Download for Apple<\/a><\/p>\n<p>The paid NPC LiveStudio app is available separately or as a package with NPC-2014-NG.<\/p>\n<hr \/>\n<p>&nbsp;<\/p>\n<p><strong>More information:<\/strong><\/p>\n<p><a href=\"https:\/\/cartesy.de\/wp-content\/uploads\/Anbindung-AUeK-SP-Plus.pdf\" target=\"_blank\" rel=\"noopener\"> A\u00dcK-Plus\/SP-Plus connection<\/a><\/p>\n<p><a href=\"\/wp-content\/uploads\/2021\/06\/DB-NPC-2014NG-ANW-CONNECT-BOX-DE.pdf\" target=\"_blank\" rel=\"noopener\"> Datasheet-NPC-2014 NG-ANW-CONNECT-BOX<\/a><\/p>\n<p>Please note: Not suitable for 5GHz WLAN networks &#8211; the NPC-2014-NG can only be operated in 2.4GHz WLAN networks!<\/p>\n","protected":false},"excerpt":{"rendered":"<p>PTI SP21-\/HU21-adapter connection<br \/>\nNPC-2014 NG [ANW CONNECT BOX]<br \/>\nASA-Livestream Wifi interface adapter<\/p>\n","protected":false},"featured_media":46875,"template":"","meta":[],"product_brand":[],"product_cat":[433],"product_tag":[435],"class_list":{"0":"post-61090","1":"product","2":"type-product","3":"status-publish","4":"has-post-thumbnail","6":"product_cat-connected-workshop","7":"product_tag-npc-2014-ng-for-pti-applications","8":"product_shipping_class-k-en","9":"tm-has-options","11":"first","12":"instock","13":"downloadable","14":"taxable","15":"shipping-taxable","16":"purchasable","17":"product-type-simple"},"yoast_head":"<!-- This site is optimized with the Yoast SEO plugin v27.3 - https:\/\/yoast.com\/product\/yoast-seo-wordpress\/ -->\n<title>NPC-2014-NG [ANW CONNECT BOX] | Cartesy<\/title>\n<meta name=\"description\" content=\"NPC-2014-NG [ANW CONNECT BOX] ASA Livestream Wifi data node for check, display and documentation of the ASA Livestream interface\" \/>\n<meta name=\"robots\" content=\"index, follow, max-snippet:-1, max-image-preview:large, max-video-preview:-1\" \/>\n<link rel=\"canonical\" href=\"https:\/\/cartesy.de\/en\/product\/npc-2014-ng-anw-connect-box\/\" \/>\n<meta property=\"og:locale\" content=\"en_US\" \/>\n<meta property=\"og:type\" content=\"article\" \/>\n<meta property=\"og:title\" content=\"NPC-2014-NG [ANW CONNECT BOX] | Cartesy\" \/>\n<meta property=\"og:description\" content=\"NPC-2014-NG [ANW CONNECT BOX] ASA Livestream Wifi data node for check, display and documentation of the ASA Livestream interface\" \/>\n<meta property=\"og:url\" content=\"https:\/\/cartesy.de\/en\/product\/npc-2014-ng-anw-connect-box\/\" \/>\n<meta property=\"og:site_name\" content=\"Cartesy\" \/>\n<meta property=\"article:publisher\" content=\"https:\/\/de-de.facebook.com\/CartesyGmbH\" \/>\n<meta property=\"article:modified_time\" content=\"2025-07-16T16:02:04+00:00\" \/>\n<meta property=\"og:image\" content=\"https:\/\/cartesy.de\/wp-content\/uploads\/2021\/03\/ANW-CONNECT-BOX-scaled.jpg\" \/>\n\t<meta property=\"og:image:width\" content=\"2560\" \/>\n\t<meta property=\"og:image:height\" content=\"1706\" \/>\n\t<meta property=\"og:image:type\" content=\"image\/jpeg\" \/>\n<meta name=\"twitter:card\" content=\"summary_large_image\" \/>\n<meta name=\"twitter:label1\" content=\"Est. reading time\" \/>\n\t<meta name=\"twitter:data1\" content=\"1 minute\" \/>\n<script type=\"application\/ld+json\" class=\"yoast-schema-graph\">{\"@context\":\"https:\\\/\\\/schema.org\",\"@graph\":[{\"@type\":\"WebPage\",\"@id\":\"https:\\\/\\\/cartesy.de\\\/en\\\/product\\\/npc-2014-ng-anw-connect-box\\\/\",\"url\":\"https:\\\/\\\/cartesy.de\\\/en\\\/product\\\/npc-2014-ng-anw-connect-box\\\/\",\"name\":\"NPC-2014-NG [ANW CONNECT BOX] | Cartesy\",\"isPartOf\":{\"@id\":\"https:\\\/\\\/cartesy.de\\\/en\\\/#website\"},\"primaryImageOfPage\":{\"@id\":\"https:\\\/\\\/cartesy.de\\\/en\\\/product\\\/npc-2014-ng-anw-connect-box\\\/#primaryimage\"},\"image\":{\"@id\":\"https:\\\/\\\/cartesy.de\\\/en\\\/product\\\/npc-2014-ng-anw-connect-box\\\/#primaryimage\"},\"thumbnailUrl\":\"https:\\\/\\\/cartesy.de\\\/wp-content\\\/uploads\\\/2021\\\/03\\\/ANW-CONNECT-BOX-scaled.jpg\",\"datePublished\":\"2021-06-07T15:46:04+00:00\",\"dateModified\":\"2025-07-16T16:02:04+00:00\",\"description\":\"NPC-2014-NG [ANW CONNECT BOX] ASA Livestream Wifi data node for check, display and documentation of the ASA Livestream interface\",\"breadcrumb\":{\"@id\":\"https:\\\/\\\/cartesy.de\\\/en\\\/product\\\/npc-2014-ng-anw-connect-box\\\/#breadcrumb\"},\"inLanguage\":\"en-US\",\"potentialAction\":[{\"@type\":\"ReadAction\",\"target\":[\"https:\\\/\\\/cartesy.de\\\/en\\\/product\\\/npc-2014-ng-anw-connect-box\\\/\"]}]},{\"@type\":\"ImageObject\",\"inLanguage\":\"en-US\",\"@id\":\"https:\\\/\\\/cartesy.de\\\/en\\\/product\\\/npc-2014-ng-anw-connect-box\\\/#primaryimage\",\"url\":\"https:\\\/\\\/cartesy.de\\\/wp-content\\\/uploads\\\/2021\\\/03\\\/ANW-CONNECT-BOX-scaled.jpg\",\"contentUrl\":\"https:\\\/\\\/cartesy.de\\\/wp-content\\\/uploads\\\/2021\\\/03\\\/ANW-CONNECT-BOX-scaled.jpg\",\"width\":2560,\"height\":1706,\"caption\":\"ANW CONNECT BOX\"},{\"@type\":\"BreadcrumbList\",\"@id\":\"https:\\\/\\\/cartesy.de\\\/en\\\/product\\\/npc-2014-ng-anw-connect-box\\\/#breadcrumb\",\"itemListElement\":[{\"@type\":\"ListItem\",\"position\":1,\"name\":\"Home\",\"item\":\"https:\\\/\\\/cartesy.de\\\/en\\\/kanzlei\\\/\"},{\"@type\":\"ListItem\",\"position\":2,\"name\":\"Product overview\",\"item\":\"https:\\\/\\\/cartesy.de\\\/en\\\/product-overview\\\/\"},{\"@type\":\"ListItem\",\"position\":3,\"name\":\"NPC-2014-NG [ANW CONNECT BOX]\"}]},{\"@type\":\"WebSite\",\"@id\":\"https:\\\/\\\/cartesy.de\\\/en\\\/#website\",\"url\":\"https:\\\/\\\/cartesy.de\\\/en\\\/\",\"name\":\"Cartesy\",\"description\":\"Ihr Experte f\u00fcr hochpr\u00e4zise Pr\u00fcf- und W\u00e4gesysteme.\",\"publisher\":{\"@id\":\"https:\\\/\\\/cartesy.de\\\/en\\\/#organization\"},\"potentialAction\":[{\"@type\":\"SearchAction\",\"target\":{\"@type\":\"EntryPoint\",\"urlTemplate\":\"https:\\\/\\\/cartesy.de\\\/en\\\/?s={search_term_string}\"},\"query-input\":{\"@type\":\"PropertyValueSpecification\",\"valueRequired\":true,\"valueName\":\"search_term_string\"}}],\"inLanguage\":\"en-US\"},{\"@type\":\"Organization\",\"@id\":\"https:\\\/\\\/cartesy.de\\\/en\\\/#organization\",\"name\":\"Cartesy\",\"url\":\"https:\\\/\\\/cartesy.de\\\/en\\\/\",\"logo\":{\"@type\":\"ImageObject\",\"inLanguage\":\"en-US\",\"@id\":\"https:\\\/\\\/cartesy.de\\\/en\\\/#\\\/schema\\\/logo\\\/image\\\/\",\"url\":\"https:\\\/\\\/cartesy.de\\\/wp-content\\\/uploads\\\/Cartesy-logo.png\",\"contentUrl\":\"https:\\\/\\\/cartesy.de\\\/wp-content\\\/uploads\\\/Cartesy-logo.png\",\"width\":800,\"height\":600,\"caption\":\"Cartesy\"},\"image\":{\"@id\":\"https:\\\/\\\/cartesy.de\\\/en\\\/#\\\/schema\\\/logo\\\/image\\\/\"},\"sameAs\":[\"https:\\\/\\\/de-de.facebook.com\\\/CartesyGmbH\",\"https:\\\/\\\/de.linkedin.com\\\/company\\\/cartesy-gmbh\"]}]}<\/script>\n<!-- \/ Yoast SEO plugin. -->","yoast_head_json":{"title":"NPC-2014-NG [ANW CONNECT BOX] | Cartesy","description":"NPC-2014-NG [ANW CONNECT BOX] ASA Livestream Wifi data node for check, display and documentation of the ASA Livestream interface","robots":{"index":"index","follow":"follow","max-snippet":"max-snippet:-1","max-image-preview":"max-image-preview:large","max-video-preview":"max-video-preview:-1"},"canonical":"https:\/\/cartesy.de\/en\/product\/npc-2014-ng-anw-connect-box\/","og_locale":"en_US","og_type":"article","og_title":"NPC-2014-NG [ANW CONNECT BOX] | Cartesy","og_description":"NPC-2014-NG [ANW CONNECT BOX] ASA Livestream Wifi data node for check, display and documentation of the ASA Livestream interface","og_url":"https:\/\/cartesy.de\/en\/product\/npc-2014-ng-anw-connect-box\/","og_site_name":"Cartesy","article_publisher":"https:\/\/de-de.facebook.com\/CartesyGmbH","article_modified_time":"2025-07-16T16:02:04+00:00","og_image":[{"width":2560,"height":1706,"url":"https:\/\/cartesy.de\/wp-content\/uploads\/2021\/03\/ANW-CONNECT-BOX-scaled.jpg","type":"image\/jpeg"}],"twitter_card":"summary_large_image","twitter_misc":{"Est. reading time":"1 minute"},"schema":{"@context":"https:\/\/schema.org","@graph":[{"@type":"WebPage","@id":"https:\/\/cartesy.de\/en\/product\/npc-2014-ng-anw-connect-box\/","url":"https:\/\/cartesy.de\/en\/product\/npc-2014-ng-anw-connect-box\/","name":"NPC-2014-NG [ANW CONNECT BOX] | Cartesy","isPartOf":{"@id":"https:\/\/cartesy.de\/en\/#website"},"primaryImageOfPage":{"@id":"https:\/\/cartesy.de\/en\/product\/npc-2014-ng-anw-connect-box\/#primaryimage"},"image":{"@id":"https:\/\/cartesy.de\/en\/product\/npc-2014-ng-anw-connect-box\/#primaryimage"},"thumbnailUrl":"https:\/\/cartesy.de\/wp-content\/uploads\/2021\/03\/ANW-CONNECT-BOX-scaled.jpg","datePublished":"2021-06-07T15:46:04+00:00","dateModified":"2025-07-16T16:02:04+00:00","description":"NPC-2014-NG [ANW CONNECT BOX] ASA Livestream Wifi data node for check, display and documentation of the ASA Livestream interface","breadcrumb":{"@id":"https:\/\/cartesy.de\/en\/product\/npc-2014-ng-anw-connect-box\/#breadcrumb"},"inLanguage":"en-US","potentialAction":[{"@type":"ReadAction","target":["https:\/\/cartesy.de\/en\/product\/npc-2014-ng-anw-connect-box\/"]}]},{"@type":"ImageObject","inLanguage":"en-US","@id":"https:\/\/cartesy.de\/en\/product\/npc-2014-ng-anw-connect-box\/#primaryimage","url":"https:\/\/cartesy.de\/wp-content\/uploads\/2021\/03\/ANW-CONNECT-BOX-scaled.jpg","contentUrl":"https:\/\/cartesy.de\/wp-content\/uploads\/2021\/03\/ANW-CONNECT-BOX-scaled.jpg","width":2560,"height":1706,"caption":"ANW CONNECT BOX"},{"@type":"BreadcrumbList","@id":"https:\/\/cartesy.de\/en\/product\/npc-2014-ng-anw-connect-box\/#breadcrumb","itemListElement":[{"@type":"ListItem","position":1,"name":"Home","item":"https:\/\/cartesy.de\/en\/kanzlei\/"},{"@type":"ListItem","position":2,"name":"Product overview","item":"https:\/\/cartesy.de\/en\/product-overview\/"},{"@type":"ListItem","position":3,"name":"NPC-2014-NG [ANW CONNECT BOX]"}]},{"@type":"WebSite","@id":"https:\/\/cartesy.de\/en\/#website","url":"https:\/\/cartesy.de\/en\/","name":"Cartesy","description":"Ihr Experte f\u00fcr hochpr\u00e4zise Pr\u00fcf- und W\u00e4gesysteme.","publisher":{"@id":"https:\/\/cartesy.de\/en\/#organization"},"potentialAction":[{"@type":"SearchAction","target":{"@type":"EntryPoint","urlTemplate":"https:\/\/cartesy.de\/en\/?s={search_term_string}"},"query-input":{"@type":"PropertyValueSpecification","valueRequired":true,"valueName":"search_term_string"}}],"inLanguage":"en-US"},{"@type":"Organization","@id":"https:\/\/cartesy.de\/en\/#organization","name":"Cartesy","url":"https:\/\/cartesy.de\/en\/","logo":{"@type":"ImageObject","inLanguage":"en-US","@id":"https:\/\/cartesy.de\/en\/#\/schema\/logo\/image\/","url":"https:\/\/cartesy.de\/wp-content\/uploads\/Cartesy-logo.png","contentUrl":"https:\/\/cartesy.de\/wp-content\/uploads\/Cartesy-logo.png","width":800,"height":600,"caption":"Cartesy"},"image":{"@id":"https:\/\/cartesy.de\/en\/#\/schema\/logo\/image\/"},"sameAs":["https:\/\/de-de.facebook.com\/CartesyGmbH","https:\/\/de.linkedin.com\/company\/cartesy-gmbh"]}]}},"_links":{"self":[{"href":"https:\/\/cartesy.de\/en\/wp-json\/wp\/v2\/product\/61090","targetHints":{"allow":["GET"]}}],"collection":[{"href":"https:\/\/cartesy.de\/en\/wp-json\/wp\/v2\/product"}],"about":[{"href":"https:\/\/cartesy.de\/en\/wp-json\/wp\/v2\/types\/product"}],"wp:featuredmedia":[{"embeddable":true,"href":"https:\/\/cartesy.de\/en\/wp-json\/wp\/v2\/media\/46875"}],"wp:attachment":[{"href":"https:\/\/cartesy.de\/en\/wp-json\/wp\/v2\/media?parent=61090"}],"wp:term":[{"taxonomy":"product_brand","embeddable":true,"href":"https:\/\/cartesy.de\/en\/wp-json\/wp\/v2\/product_brand?post=61090"},{"taxonomy":"product_cat","embeddable":true,"href":"https:\/\/cartesy.de\/en\/wp-json\/wp\/v2\/product_cat?post=61090"},{"taxonomy":"product_tag","embeddable":true,"href":"https:\/\/cartesy.de\/en\/wp-json\/wp\/v2\/product_tag?post=61090"}],"curies":[{"name":"wp","href":"https:\/\/api.w.org\/{rel}","templated":true}]}}