{"id":61092,"date":"2021-06-07T18:26:29","date_gmt":"2021-06-07T16:26:29","guid":{"rendered":"https:\/\/cartesy.de\/produkt\/calibration-kit-20kn\/"},"modified":"2025-07-16T18:01:15","modified_gmt":"2025-07-16T16:01:15","slug":"calibration-kit-20kn","status":"publish","type":"product","link":"https:\/\/cartesy.de\/en\/product\/calibration-kit-20kn\/","title":{"rendered":"CSI-2020-CT (Calibration kit force 20kN)"},"content":{"rendered":"<p>Scope of delivery:<\/p>\n<ul>\n<li>Digital force transducer IFW-02-S (20kN)<\/li>\n<li>M12 mounting thread on both sides<\/li>\n<li><span style=\"color: #ff0000;\">Alternatively M16 mounting thread on both sides (please specify when ordering!)<\/span><\/li>\n<li>Handterminal MHT-700 incl. Charger\/charging cable<\/li>\n<li>Multi-purpose case, black<\/li>\n<li>Test report<\/li>\n<li>*Optionally available with ISO 17025 calibration certificate (DAkkS)<\/li>\n<\/ul>\n<p>&nbsp;<\/p>\n<p><strong>More information:<\/strong><\/p>\n<p><a href=\"\/wp-content\/uploads\/DB-CSI-2010-CT-DE.pdf\" target=\"_blank\" rel=\"noopener\"> Datasheet-CSI-2010-CT<\/a><\/p>\n","protected":false},"excerpt":{"rendered":"<p>For the calibration of brake testers (roller and plate brake testers)<\/p>\n","protected":false},"featured_media":46895,"template":"","meta":[],"product_brand":[],"product_cat":[430],"product_tag":[439,440,436,437,438],"class_list":{"0":"post-61092","1":"product","2":"type-product","3":"status-publish","4":"has-post-thumbnail","6":"product_cat-sensors","7":"product_tag-20kn-en","8":"product_tag-1n-en","9":"product_tag-csi-2010-ct-en","10":"product_tag-calibration-kit","11":"product_tag-brake-tester-reference-sensor-with-hand-terminal","12":"product_shipping_class-k-en","13":"tm-no-options","15":"first","16":"instock","17":"taxable","18":"shipping-taxable","19":"purchasable","20":"product-type-simple"},"yoast_head":"<!-- This site is optimized with the Yoast SEO plugin v27.3 - https:\/\/yoast.com\/product\/yoast-seo-wordpress\/ -->\n<title>CSI-2020-CT (Calibration kit force 20kN)<\/title>\n<meta name=\"description\" content=\"Force transducer IFW-02-S (20kN), handheld terminal MHT-700 incl. Charger\/Charging cable, transport case blck, test protocol, braake tester\" \/>\n<meta name=\"robots\" content=\"index, follow, max-snippet:-1, max-image-preview:large, max-video-preview:-1\" \/>\n<link rel=\"canonical\" href=\"https:\/\/cartesy.de\/en\/product\/calibration-kit-20kn\/\" \/>\n<meta property=\"og:locale\" content=\"en_US\" \/>\n<meta property=\"og:type\" content=\"article\" \/>\n<meta property=\"og:title\" content=\"CSI-2020-CT (Calibration kit force 20kN)\" \/>\n<meta property=\"og:description\" content=\"Force transducer IFW-02-S (20kN), handheld terminal MHT-700 incl. Charger\/Charging cable, transport case blck, test protocol, braake tester\" \/>\n<meta property=\"og:url\" content=\"https:\/\/cartesy.de\/en\/product\/calibration-kit-20kn\/\" \/>\n<meta property=\"og:site_name\" content=\"Cartesy\" \/>\n<meta property=\"article:publisher\" content=\"https:\/\/de-de.facebook.com\/CartesyGmbH\" \/>\n<meta property=\"article:modified_time\" content=\"2025-07-16T16:01:15+00:00\" \/>\n<meta property=\"og:image\" content=\"https:\/\/cartesy.de\/wp-content\/uploads\/2021\/06\/Kalibrierset-scaled.jpg\" \/>\n\t<meta property=\"og:image:width\" content=\"2560\" \/>\n\t<meta property=\"og:image:height\" content=\"1920\" \/>\n\t<meta property=\"og:image:type\" content=\"image\/jpeg\" \/>\n<meta name=\"twitter:card\" content=\"summary_large_image\" \/>\n<script type=\"application\/ld+json\" class=\"yoast-schema-graph\">{\"@context\":\"https:\\\/\\\/schema.org\",\"@graph\":[{\"@type\":\"WebPage\",\"@id\":\"https:\\\/\\\/cartesy.de\\\/en\\\/product\\\/calibration-kit-20kn\\\/\",\"url\":\"https:\\\/\\\/cartesy.de\\\/en\\\/product\\\/calibration-kit-20kn\\\/\",\"name\":\"CSI-2020-CT (Calibration kit force 20kN)\",\"isPartOf\":{\"@id\":\"https:\\\/\\\/cartesy.de\\\/en\\\/#website\"},\"primaryImageOfPage\":{\"@id\":\"https:\\\/\\\/cartesy.de\\\/en\\\/product\\\/calibration-kit-20kn\\\/#primaryimage\"},\"image\":{\"@id\":\"https:\\\/\\\/cartesy.de\\\/en\\\/product\\\/calibration-kit-20kn\\\/#primaryimage\"},\"thumbnailUrl\":\"https:\\\/\\\/cartesy.de\\\/wp-content\\\/uploads\\\/2021\\\/06\\\/Kalibrierset-scaled.jpg\",\"datePublished\":\"2021-06-07T16:26:29+00:00\",\"dateModified\":\"2025-07-16T16:01:15+00:00\",\"description\":\"Force transducer IFW-02-S (20kN), handheld terminal MHT-700 incl. Charger\\\/Charging cable, transport case blck, test protocol, braake tester\",\"breadcrumb\":{\"@id\":\"https:\\\/\\\/cartesy.de\\\/en\\\/product\\\/calibration-kit-20kn\\\/#breadcrumb\"},\"inLanguage\":\"en-US\",\"potentialAction\":[{\"@type\":\"ReadAction\",\"target\":[\"https:\\\/\\\/cartesy.de\\\/en\\\/product\\\/calibration-kit-20kn\\\/\"]}]},{\"@type\":\"ImageObject\",\"inLanguage\":\"en-US\",\"@id\":\"https:\\\/\\\/cartesy.de\\\/en\\\/product\\\/calibration-kit-20kn\\\/#primaryimage\",\"url\":\"https:\\\/\\\/cartesy.de\\\/wp-content\\\/uploads\\\/2021\\\/06\\\/Kalibrierset-scaled.jpg\",\"contentUrl\":\"https:\\\/\\\/cartesy.de\\\/wp-content\\\/uploads\\\/2021\\\/06\\\/Kalibrierset-scaled.jpg\",\"width\":2560,\"height\":1920,\"caption\":\"Kalibrierset\"},{\"@type\":\"BreadcrumbList\",\"@id\":\"https:\\\/\\\/cartesy.de\\\/en\\\/product\\\/calibration-kit-20kn\\\/#breadcrumb\",\"itemListElement\":[{\"@type\":\"ListItem\",\"position\":1,\"name\":\"Home\",\"item\":\"https:\\\/\\\/cartesy.de\\\/en\\\/kanzlei\\\/\"},{\"@type\":\"ListItem\",\"position\":2,\"name\":\"Product overview\",\"item\":\"https:\\\/\\\/cartesy.de\\\/en\\\/product-overview\\\/\"},{\"@type\":\"ListItem\",\"position\":3,\"name\":\"CSI-2020-CT (Calibration kit force 20kN)\"}]},{\"@type\":\"WebSite\",\"@id\":\"https:\\\/\\\/cartesy.de\\\/en\\\/#website\",\"url\":\"https:\\\/\\\/cartesy.de\\\/en\\\/\",\"name\":\"Cartesy\",\"description\":\"Ihr Experte f\u00fcr hochpr\u00e4zise Pr\u00fcf- und W\u00e4gesysteme.\",\"publisher\":{\"@id\":\"https:\\\/\\\/cartesy.de\\\/en\\\/#organization\"},\"potentialAction\":[{\"@type\":\"SearchAction\",\"target\":{\"@type\":\"EntryPoint\",\"urlTemplate\":\"https:\\\/\\\/cartesy.de\\\/en\\\/?s={search_term_string}\"},\"query-input\":{\"@type\":\"PropertyValueSpecification\",\"valueRequired\":true,\"valueName\":\"search_term_string\"}}],\"inLanguage\":\"en-US\"},{\"@type\":\"Organization\",\"@id\":\"https:\\\/\\\/cartesy.de\\\/en\\\/#organization\",\"name\":\"Cartesy\",\"url\":\"https:\\\/\\\/cartesy.de\\\/en\\\/\",\"logo\":{\"@type\":\"ImageObject\",\"inLanguage\":\"en-US\",\"@id\":\"https:\\\/\\\/cartesy.de\\\/en\\\/#\\\/schema\\\/logo\\\/image\\\/\",\"url\":\"https:\\\/\\\/cartesy.de\\\/wp-content\\\/uploads\\\/Cartesy-logo.png\",\"contentUrl\":\"https:\\\/\\\/cartesy.de\\\/wp-content\\\/uploads\\\/Cartesy-logo.png\",\"width\":800,\"height\":600,\"caption\":\"Cartesy\"},\"image\":{\"@id\":\"https:\\\/\\\/cartesy.de\\\/en\\\/#\\\/schema\\\/logo\\\/image\\\/\"},\"sameAs\":[\"https:\\\/\\\/de-de.facebook.com\\\/CartesyGmbH\",\"https:\\\/\\\/de.linkedin.com\\\/company\\\/cartesy-gmbh\"]}]}<\/script>\n<!-- \/ Yoast SEO plugin. -->","yoast_head_json":{"title":"CSI-2020-CT (Calibration kit force 20kN)","description":"Force transducer IFW-02-S (20kN), handheld terminal MHT-700 incl. Charger\/Charging cable, transport case blck, test protocol, braake tester","robots":{"index":"index","follow":"follow","max-snippet":"max-snippet:-1","max-image-preview":"max-image-preview:large","max-video-preview":"max-video-preview:-1"},"canonical":"https:\/\/cartesy.de\/en\/product\/calibration-kit-20kn\/","og_locale":"en_US","og_type":"article","og_title":"CSI-2020-CT (Calibration kit force 20kN)","og_description":"Force transducer IFW-02-S (20kN), handheld terminal MHT-700 incl. Charger\/Charging cable, transport case blck, test protocol, braake tester","og_url":"https:\/\/cartesy.de\/en\/product\/calibration-kit-20kn\/","og_site_name":"Cartesy","article_publisher":"https:\/\/de-de.facebook.com\/CartesyGmbH","article_modified_time":"2025-07-16T16:01:15+00:00","og_image":[{"width":2560,"height":1920,"url":"https:\/\/cartesy.de\/wp-content\/uploads\/2021\/06\/Kalibrierset-scaled.jpg","type":"image\/jpeg"}],"twitter_card":"summary_large_image","schema":{"@context":"https:\/\/schema.org","@graph":[{"@type":"WebPage","@id":"https:\/\/cartesy.de\/en\/product\/calibration-kit-20kn\/","url":"https:\/\/cartesy.de\/en\/product\/calibration-kit-20kn\/","name":"CSI-2020-CT (Calibration kit force 20kN)","isPartOf":{"@id":"https:\/\/cartesy.de\/en\/#website"},"primaryImageOfPage":{"@id":"https:\/\/cartesy.de\/en\/product\/calibration-kit-20kn\/#primaryimage"},"image":{"@id":"https:\/\/cartesy.de\/en\/product\/calibration-kit-20kn\/#primaryimage"},"thumbnailUrl":"https:\/\/cartesy.de\/wp-content\/uploads\/2021\/06\/Kalibrierset-scaled.jpg","datePublished":"2021-06-07T16:26:29+00:00","dateModified":"2025-07-16T16:01:15+00:00","description":"Force transducer IFW-02-S (20kN), handheld terminal MHT-700 incl. Charger\/Charging cable, transport case blck, test protocol, braake tester","breadcrumb":{"@id":"https:\/\/cartesy.de\/en\/product\/calibration-kit-20kn\/#breadcrumb"},"inLanguage":"en-US","potentialAction":[{"@type":"ReadAction","target":["https:\/\/cartesy.de\/en\/product\/calibration-kit-20kn\/"]}]},{"@type":"ImageObject","inLanguage":"en-US","@id":"https:\/\/cartesy.de\/en\/product\/calibration-kit-20kn\/#primaryimage","url":"https:\/\/cartesy.de\/wp-content\/uploads\/2021\/06\/Kalibrierset-scaled.jpg","contentUrl":"https:\/\/cartesy.de\/wp-content\/uploads\/2021\/06\/Kalibrierset-scaled.jpg","width":2560,"height":1920,"caption":"Kalibrierset"},{"@type":"BreadcrumbList","@id":"https:\/\/cartesy.de\/en\/product\/calibration-kit-20kn\/#breadcrumb","itemListElement":[{"@type":"ListItem","position":1,"name":"Home","item":"https:\/\/cartesy.de\/en\/kanzlei\/"},{"@type":"ListItem","position":2,"name":"Product overview","item":"https:\/\/cartesy.de\/en\/product-overview\/"},{"@type":"ListItem","position":3,"name":"CSI-2020-CT (Calibration kit force 20kN)"}]},{"@type":"WebSite","@id":"https:\/\/cartesy.de\/en\/#website","url":"https:\/\/cartesy.de\/en\/","name":"Cartesy","description":"Ihr Experte f\u00fcr hochpr\u00e4zise Pr\u00fcf- und W\u00e4gesysteme.","publisher":{"@id":"https:\/\/cartesy.de\/en\/#organization"},"potentialAction":[{"@type":"SearchAction","target":{"@type":"EntryPoint","urlTemplate":"https:\/\/cartesy.de\/en\/?s={search_term_string}"},"query-input":{"@type":"PropertyValueSpecification","valueRequired":true,"valueName":"search_term_string"}}],"inLanguage":"en-US"},{"@type":"Organization","@id":"https:\/\/cartesy.de\/en\/#organization","name":"Cartesy","url":"https:\/\/cartesy.de\/en\/","logo":{"@type":"ImageObject","inLanguage":"en-US","@id":"https:\/\/cartesy.de\/en\/#\/schema\/logo\/image\/","url":"https:\/\/cartesy.de\/wp-content\/uploads\/Cartesy-logo.png","contentUrl":"https:\/\/cartesy.de\/wp-content\/uploads\/Cartesy-logo.png","width":800,"height":600,"caption":"Cartesy"},"image":{"@id":"https:\/\/cartesy.de\/en\/#\/schema\/logo\/image\/"},"sameAs":["https:\/\/de-de.facebook.com\/CartesyGmbH","https:\/\/de.linkedin.com\/company\/cartesy-gmbh"]}]}},"_links":{"self":[{"href":"https:\/\/cartesy.de\/en\/wp-json\/wp\/v2\/product\/61092","targetHints":{"allow":["GET"]}}],"collection":[{"href":"https:\/\/cartesy.de\/en\/wp-json\/wp\/v2\/product"}],"about":[{"href":"https:\/\/cartesy.de\/en\/wp-json\/wp\/v2\/types\/product"}],"wp:featuredmedia":[{"embeddable":true,"href":"https:\/\/cartesy.de\/en\/wp-json\/wp\/v2\/media\/46895"}],"wp:attachment":[{"href":"https:\/\/cartesy.de\/en\/wp-json\/wp\/v2\/media?parent=61092"}],"wp:term":[{"taxonomy":"product_brand","embeddable":true,"href":"https:\/\/cartesy.de\/en\/wp-json\/wp\/v2\/product_brand?post=61092"},{"taxonomy":"product_cat","embeddable":true,"href":"https:\/\/cartesy.de\/en\/wp-json\/wp\/v2\/product_cat?post=61092"},{"taxonomy":"product_tag","embeddable":true,"href":"https:\/\/cartesy.de\/en\/wp-json\/wp\/v2\/product_tag?post=61092"}],"curies":[{"name":"wp","href":"https:\/\/api.w.org\/{rel}","templated":true}]}}