{"id":61093,"date":"2021-06-11T11:30:14","date_gmt":"2021-06-11T09:30:14","guid":{"rendered":"https:\/\/cartesy.de\/produkt\/calibration-kit-20kn-iso17025\/"},"modified":"2026-02-02T14:47:47","modified_gmt":"2026-02-02T13:47:47","slug":"calibration-kit-20kn-iso17025","status":"publish","type":"product","link":"https:\/\/cartesy.de\/en\/product\/calibration-kit-20kn-iso17025\/","title":{"rendered":"CSI-2020-CT (Calibration kit force 20kN incl. ISO 17025 calibration)"},"content":{"rendered":"<p><strong>Scope of delivery:<\/strong><\/p>\n<ul>\n<li>Digital force transducer IFW-02-S (20kN)<\/li>\n<li>M12 mounting thread on both sides<\/li>\n<li><span style=\"color: #ff0000;\">Alternatively M16 mounting thread on both sides (please specify when ordering!)<\/span><\/li>\n<li>Handterminal MHT-700 incl. Charger\/charging cable<\/li>\n<li>Multi-purpose case, black<\/li>\n<li>DIN EN ISO\/IEC 17025 Calibration for tension &amp; compression (class A)<\/li>\n<li>DAkkS calibration certificate as pdf-file<\/li>\n<\/ul>\n<p>&nbsp;<\/p>\n<p><strong>Note on certificates<\/strong>: Calibration certificates are now only available digitally via our <strong>CLab calibration database<\/strong>. In CLab, you benefit from automatic appointment monitoring and have the option of viewing and managing your devices and calibration orders: <a href=\"https:\/\/calibration.cartesy.org\/site\/?lang=en\">https:\/\/calibration.cartesy.org\/site\/?lang=en<\/a><\/p>\n<p>For your first login, you will automatically receive your access information by email after your order has been processed.<\/p>\n<p>&nbsp;<\/p>\n<p><strong>More information:<\/strong><\/p>\n<p><a href=\"\/wp-content\/uploads\/2021\/06\/DB-CSI-2020-CT-DE.pdf\" target=\"_blank\" rel=\"noopener\"> Datasheet-CSI-2020-CT<\/a><\/p>\n","protected":false},"excerpt":{"rendered":"<p>For the calibration of brake testers (roller and plate brake testers)<\/p>\n","protected":false},"featured_media":46895,"template":"","meta":[],"product_brand":[],"product_cat":[430],"product_tag":[431,439,440],"class_list":{"0":"post-61093","1":"product","2":"type-product","3":"status-publish","4":"has-post-thumbnail","6":"product_cat-sensors","7":"product_tag-calibration-kit-iso-17025-brake-tester-reference-sensor-with-digital-display","8":"product_tag-20kn-en","9":"product_tag-1n-en","10":"product_shipping_class-k-en","11":"tm-no-options","13":"first","14":"instock","15":"taxable","16":"shipping-taxable","17":"purchasable","18":"product-type-simple"},"yoast_head":"<!-- This site is optimized with the Yoast SEO plugin v27.3 - https:\/\/yoast.com\/product\/yoast-seo-wordpress\/ -->\n<title>CSI-2020-CT (Calibration kit force 20kN incl. ISO 17025 calibration) | Cartesy<\/title>\n<meta name=\"description\" content=\"Reference sensor for the calibration of brake testers \u2713 Roller and plate brake tester \u2713 ISO 17025 calibration tension &amp; compression. Buy now!\" \/>\n<meta name=\"robots\" content=\"index, follow, max-snippet:-1, max-image-preview:large, max-video-preview:-1\" \/>\n<link rel=\"canonical\" href=\"https:\/\/cartesy.de\/en\/product\/calibration-kit-20kn-iso17025\/\" \/>\n<meta property=\"og:locale\" content=\"en_US\" \/>\n<meta property=\"og:type\" content=\"article\" \/>\n<meta property=\"og:title\" content=\"CSI-2020-CT (Calibration kit force 20kN incl. ISO 17025 calibration) | Cartesy\" \/>\n<meta property=\"og:description\" content=\"Reference sensor for the calibration of brake testers \u2713 Roller and plate brake tester \u2713 ISO 17025 calibration tension &amp; compression. Buy now!\" \/>\n<meta property=\"og:url\" content=\"https:\/\/cartesy.de\/en\/product\/calibration-kit-20kn-iso17025\/\" \/>\n<meta property=\"og:site_name\" content=\"Cartesy\" \/>\n<meta property=\"article:publisher\" content=\"https:\/\/de-de.facebook.com\/CartesyGmbH\" \/>\n<meta property=\"article:modified_time\" content=\"2026-02-02T13:47:47+00:00\" \/>\n<meta property=\"og:image\" content=\"https:\/\/cartesy.de\/wp-content\/uploads\/2021\/06\/Kalibrierset-scaled.jpg\" \/>\n\t<meta property=\"og:image:width\" content=\"2560\" \/>\n\t<meta property=\"og:image:height\" content=\"1920\" \/>\n\t<meta property=\"og:image:type\" content=\"image\/jpeg\" \/>\n<meta name=\"twitter:card\" content=\"summary_large_image\" \/>\n<meta name=\"twitter:label1\" content=\"Est. reading time\" \/>\n\t<meta name=\"twitter:data1\" content=\"1 minute\" \/>\n<script type=\"application\/ld+json\" class=\"yoast-schema-graph\">{\"@context\":\"https:\\\/\\\/schema.org\",\"@graph\":[{\"@type\":\"WebPage\",\"@id\":\"https:\\\/\\\/cartesy.de\\\/en\\\/product\\\/calibration-kit-20kn-iso17025\\\/\",\"url\":\"https:\\\/\\\/cartesy.de\\\/en\\\/product\\\/calibration-kit-20kn-iso17025\\\/\",\"name\":\"CSI-2020-CT (Calibration kit force 20kN incl. ISO 17025 calibration) | Cartesy\",\"isPartOf\":{\"@id\":\"https:\\\/\\\/cartesy.de\\\/en\\\/#website\"},\"primaryImageOfPage\":{\"@id\":\"https:\\\/\\\/cartesy.de\\\/en\\\/product\\\/calibration-kit-20kn-iso17025\\\/#primaryimage\"},\"image\":{\"@id\":\"https:\\\/\\\/cartesy.de\\\/en\\\/product\\\/calibration-kit-20kn-iso17025\\\/#primaryimage\"},\"thumbnailUrl\":\"https:\\\/\\\/cartesy.de\\\/wp-content\\\/uploads\\\/2021\\\/06\\\/Kalibrierset-scaled.jpg\",\"datePublished\":\"2021-06-11T09:30:14+00:00\",\"dateModified\":\"2026-02-02T13:47:47+00:00\",\"description\":\"Reference sensor for the calibration of brake testers \u2713 Roller and plate brake tester \u2713 ISO 17025 calibration tension & compression. Buy now!\",\"breadcrumb\":{\"@id\":\"https:\\\/\\\/cartesy.de\\\/en\\\/product\\\/calibration-kit-20kn-iso17025\\\/#breadcrumb\"},\"inLanguage\":\"en-US\",\"potentialAction\":[{\"@type\":\"ReadAction\",\"target\":[\"https:\\\/\\\/cartesy.de\\\/en\\\/product\\\/calibration-kit-20kn-iso17025\\\/\"]}]},{\"@type\":\"ImageObject\",\"inLanguage\":\"en-US\",\"@id\":\"https:\\\/\\\/cartesy.de\\\/en\\\/product\\\/calibration-kit-20kn-iso17025\\\/#primaryimage\",\"url\":\"https:\\\/\\\/cartesy.de\\\/wp-content\\\/uploads\\\/2021\\\/06\\\/Kalibrierset-scaled.jpg\",\"contentUrl\":\"https:\\\/\\\/cartesy.de\\\/wp-content\\\/uploads\\\/2021\\\/06\\\/Kalibrierset-scaled.jpg\",\"width\":2560,\"height\":1920,\"caption\":\"Kalibrierset\"},{\"@type\":\"BreadcrumbList\",\"@id\":\"https:\\\/\\\/cartesy.de\\\/en\\\/product\\\/calibration-kit-20kn-iso17025\\\/#breadcrumb\",\"itemListElement\":[{\"@type\":\"ListItem\",\"position\":1,\"name\":\"Home\",\"item\":\"https:\\\/\\\/cartesy.de\\\/en\\\/kanzlei\\\/\"},{\"@type\":\"ListItem\",\"position\":2,\"name\":\"Product overview\",\"item\":\"https:\\\/\\\/cartesy.de\\\/en\\\/product-overview\\\/\"},{\"@type\":\"ListItem\",\"position\":3,\"name\":\"CSI-2020-CT (Calibration kit force 20kN incl. ISO 17025 calibration)\"}]},{\"@type\":\"WebSite\",\"@id\":\"https:\\\/\\\/cartesy.de\\\/en\\\/#website\",\"url\":\"https:\\\/\\\/cartesy.de\\\/en\\\/\",\"name\":\"Cartesy\",\"description\":\"Ihr Experte f\u00fcr hochpr\u00e4zise Pr\u00fcf- und W\u00e4gesysteme.\",\"publisher\":{\"@id\":\"https:\\\/\\\/cartesy.de\\\/en\\\/#organization\"},\"potentialAction\":[{\"@type\":\"SearchAction\",\"target\":{\"@type\":\"EntryPoint\",\"urlTemplate\":\"https:\\\/\\\/cartesy.de\\\/en\\\/?s={search_term_string}\"},\"query-input\":{\"@type\":\"PropertyValueSpecification\",\"valueRequired\":true,\"valueName\":\"search_term_string\"}}],\"inLanguage\":\"en-US\"},{\"@type\":\"Organization\",\"@id\":\"https:\\\/\\\/cartesy.de\\\/en\\\/#organization\",\"name\":\"Cartesy\",\"url\":\"https:\\\/\\\/cartesy.de\\\/en\\\/\",\"logo\":{\"@type\":\"ImageObject\",\"inLanguage\":\"en-US\",\"@id\":\"https:\\\/\\\/cartesy.de\\\/en\\\/#\\\/schema\\\/logo\\\/image\\\/\",\"url\":\"https:\\\/\\\/cartesy.de\\\/wp-content\\\/uploads\\\/Cartesy-logo.png\",\"contentUrl\":\"https:\\\/\\\/cartesy.de\\\/wp-content\\\/uploads\\\/Cartesy-logo.png\",\"width\":800,\"height\":600,\"caption\":\"Cartesy\"},\"image\":{\"@id\":\"https:\\\/\\\/cartesy.de\\\/en\\\/#\\\/schema\\\/logo\\\/image\\\/\"},\"sameAs\":[\"https:\\\/\\\/de-de.facebook.com\\\/CartesyGmbH\",\"https:\\\/\\\/de.linkedin.com\\\/company\\\/cartesy-gmbh\"]}]}<\/script>\n<!-- \/ Yoast SEO plugin. -->","yoast_head_json":{"title":"CSI-2020-CT (Calibration kit force 20kN incl. ISO 17025 calibration) | Cartesy","description":"Reference sensor for the calibration of brake testers \u2713 Roller and plate brake tester \u2713 ISO 17025 calibration tension & compression. Buy now!","robots":{"index":"index","follow":"follow","max-snippet":"max-snippet:-1","max-image-preview":"max-image-preview:large","max-video-preview":"max-video-preview:-1"},"canonical":"https:\/\/cartesy.de\/en\/product\/calibration-kit-20kn-iso17025\/","og_locale":"en_US","og_type":"article","og_title":"CSI-2020-CT (Calibration kit force 20kN incl. ISO 17025 calibration) | Cartesy","og_description":"Reference sensor for the calibration of brake testers \u2713 Roller and plate brake tester \u2713 ISO 17025 calibration tension & compression. Buy now!","og_url":"https:\/\/cartesy.de\/en\/product\/calibration-kit-20kn-iso17025\/","og_site_name":"Cartesy","article_publisher":"https:\/\/de-de.facebook.com\/CartesyGmbH","article_modified_time":"2026-02-02T13:47:47+00:00","og_image":[{"width":2560,"height":1920,"url":"https:\/\/cartesy.de\/wp-content\/uploads\/2021\/06\/Kalibrierset-scaled.jpg","type":"image\/jpeg"}],"twitter_card":"summary_large_image","twitter_misc":{"Est. reading time":"1 minute"},"schema":{"@context":"https:\/\/schema.org","@graph":[{"@type":"WebPage","@id":"https:\/\/cartesy.de\/en\/product\/calibration-kit-20kn-iso17025\/","url":"https:\/\/cartesy.de\/en\/product\/calibration-kit-20kn-iso17025\/","name":"CSI-2020-CT (Calibration kit force 20kN incl. ISO 17025 calibration) | Cartesy","isPartOf":{"@id":"https:\/\/cartesy.de\/en\/#website"},"primaryImageOfPage":{"@id":"https:\/\/cartesy.de\/en\/product\/calibration-kit-20kn-iso17025\/#primaryimage"},"image":{"@id":"https:\/\/cartesy.de\/en\/product\/calibration-kit-20kn-iso17025\/#primaryimage"},"thumbnailUrl":"https:\/\/cartesy.de\/wp-content\/uploads\/2021\/06\/Kalibrierset-scaled.jpg","datePublished":"2021-06-11T09:30:14+00:00","dateModified":"2026-02-02T13:47:47+00:00","description":"Reference sensor for the calibration of brake testers \u2713 Roller and plate brake tester \u2713 ISO 17025 calibration tension & compression. Buy now!","breadcrumb":{"@id":"https:\/\/cartesy.de\/en\/product\/calibration-kit-20kn-iso17025\/#breadcrumb"},"inLanguage":"en-US","potentialAction":[{"@type":"ReadAction","target":["https:\/\/cartesy.de\/en\/product\/calibration-kit-20kn-iso17025\/"]}]},{"@type":"ImageObject","inLanguage":"en-US","@id":"https:\/\/cartesy.de\/en\/product\/calibration-kit-20kn-iso17025\/#primaryimage","url":"https:\/\/cartesy.de\/wp-content\/uploads\/2021\/06\/Kalibrierset-scaled.jpg","contentUrl":"https:\/\/cartesy.de\/wp-content\/uploads\/2021\/06\/Kalibrierset-scaled.jpg","width":2560,"height":1920,"caption":"Kalibrierset"},{"@type":"BreadcrumbList","@id":"https:\/\/cartesy.de\/en\/product\/calibration-kit-20kn-iso17025\/#breadcrumb","itemListElement":[{"@type":"ListItem","position":1,"name":"Home","item":"https:\/\/cartesy.de\/en\/kanzlei\/"},{"@type":"ListItem","position":2,"name":"Product overview","item":"https:\/\/cartesy.de\/en\/product-overview\/"},{"@type":"ListItem","position":3,"name":"CSI-2020-CT (Calibration kit force 20kN incl. ISO 17025 calibration)"}]},{"@type":"WebSite","@id":"https:\/\/cartesy.de\/en\/#website","url":"https:\/\/cartesy.de\/en\/","name":"Cartesy","description":"Ihr Experte f\u00fcr hochpr\u00e4zise Pr\u00fcf- und W\u00e4gesysteme.","publisher":{"@id":"https:\/\/cartesy.de\/en\/#organization"},"potentialAction":[{"@type":"SearchAction","target":{"@type":"EntryPoint","urlTemplate":"https:\/\/cartesy.de\/en\/?s={search_term_string}"},"query-input":{"@type":"PropertyValueSpecification","valueRequired":true,"valueName":"search_term_string"}}],"inLanguage":"en-US"},{"@type":"Organization","@id":"https:\/\/cartesy.de\/en\/#organization","name":"Cartesy","url":"https:\/\/cartesy.de\/en\/","logo":{"@type":"ImageObject","inLanguage":"en-US","@id":"https:\/\/cartesy.de\/en\/#\/schema\/logo\/image\/","url":"https:\/\/cartesy.de\/wp-content\/uploads\/Cartesy-logo.png","contentUrl":"https:\/\/cartesy.de\/wp-content\/uploads\/Cartesy-logo.png","width":800,"height":600,"caption":"Cartesy"},"image":{"@id":"https:\/\/cartesy.de\/en\/#\/schema\/logo\/image\/"},"sameAs":["https:\/\/de-de.facebook.com\/CartesyGmbH","https:\/\/de.linkedin.com\/company\/cartesy-gmbh"]}]}},"_links":{"self":[{"href":"https:\/\/cartesy.de\/en\/wp-json\/wp\/v2\/product\/61093","targetHints":{"allow":["GET"]}}],"collection":[{"href":"https:\/\/cartesy.de\/en\/wp-json\/wp\/v2\/product"}],"about":[{"href":"https:\/\/cartesy.de\/en\/wp-json\/wp\/v2\/types\/product"}],"wp:featuredmedia":[{"embeddable":true,"href":"https:\/\/cartesy.de\/en\/wp-json\/wp\/v2\/media\/46895"}],"wp:attachment":[{"href":"https:\/\/cartesy.de\/en\/wp-json\/wp\/v2\/media?parent=61093"}],"wp:term":[{"taxonomy":"product_brand","embeddable":true,"href":"https:\/\/cartesy.de\/en\/wp-json\/wp\/v2\/product_brand?post=61093"},{"taxonomy":"product_cat","embeddable":true,"href":"https:\/\/cartesy.de\/en\/wp-json\/wp\/v2\/product_cat?post=61093"},{"taxonomy":"product_tag","embeddable":true,"href":"https:\/\/cartesy.de\/en\/wp-json\/wp\/v2\/product_tag?post=61093"}],"curies":[{"name":"wp","href":"https:\/\/api.w.org\/{rel}","templated":true}]}}