{"id":61094,"date":"2021-06-07T13:55:49","date_gmt":"2021-06-07T11:55:49","guid":{"rendered":"https:\/\/cartesy.de\/produkt\/innoweight-software-receiver\/"},"modified":"2026-03-31T17:07:38","modified_gmt":"2026-03-31T15:07:38","slug":"innoweight-software-receiver","status":"publish","type":"product","link":"https:\/\/cartesy.de\/en\/product\/innoweight-software-receiver\/","title":{"rendered":"inno!weight\u00ae PC software for wheel load scales incl. USB wireless receiver SUB-1020"},"content":{"rendered":"<p><strong>USB wireless receiver<\/strong><\/p>\n<ul>\n<li>Wireless communication 433MHz<\/li>\n<li>Compatible with up to 10 Cartesy IFX\/BFX wheel load scales*<\/li>\n<li>incl. inno!weight\u00ae license<\/li>\n<li>Windows PC software (Win 7 or higher)<\/li>\n<li>9 radio channels selectable<\/li>\n<\/ul>\n<p>*Compatible with scale firmware version V3.08 or higher. All IFX\/BFX models can be updated, please contact our service department.<\/p>\n<p>&nbsp;<\/p>\n<p><strong>inno!weight\u00ae PC software<\/strong><\/p>\n<ul>\n<li>4 weighing modes (live, center of gravity, corner balancing, axle view)<\/li>\n<li>Test reports with customer and operator data<\/li>\n<li>Database for test reports (retrievable from software, as PDF and .xls)<\/li>\n<li>Multiple weighing systems can be used in parallel<\/li>\n<li>Intuitive user interface<\/li>\n<li>Multilingual: German and English (other languages on request)<\/li>\n<\/ul>\n<p>&nbsp;<\/p>\n<hr \/>\n<p>&nbsp;<\/p>\n<p><strong>More information:<\/strong><\/p>\n<p><a href=\"https:\/\/cartesy.de\/wp-content\/uploads\/DB-innoweight-PC-EN.pdf\" target=\"_blank\" rel=\"noopener\"> Datasheet-innoweight\u00ae-PC<\/a><\/p>\n","protected":false},"excerpt":{"rendered":"<p>USB wireless receiver<\/p>\n","protected":false},"featured_media":47101,"template":"","meta":[],"product_brand":[],"product_cat":[396],"product_tag":[425],"class_list":{"0":"post-61094","1":"product","2":"type-product","3":"status-publish","4":"has-post-thumbnail","6":"product_cat-accessories-wheel-load-scales","7":"product_tag-innoweight-scale-pc-software","8":"product_shipping_class-k-en","9":"tm-no-options","11":"first","12":"instock","13":"taxable","14":"shipping-taxable","15":"purchasable","16":"product-type-simple"},"yoast_head":"<!-- This site is optimized with the Yoast SEO plugin v27.3 - https:\/\/yoast.com\/product\/yoast-seo-wordpress\/ -->\n<title>inno!weight\u00ae PC software for vehicle scales | Cartesy<\/title>\n<meta name=\"description\" content=\"inno!weight\u00ae PC software incl. USB wireless receiver SUB-1020, 433MHz, compatible with up to 10 Cartesy wheel load scales\" \/>\n<meta name=\"robots\" content=\"index, follow, max-snippet:-1, max-image-preview:large, max-video-preview:-1\" \/>\n<link rel=\"canonical\" href=\"https:\/\/cartesy.de\/en\/product\/innoweight-software-receiver\/\" \/>\n<meta property=\"og:locale\" content=\"en_US\" \/>\n<meta property=\"og:type\" content=\"article\" \/>\n<meta property=\"og:title\" content=\"inno!weight\u00ae PC software for vehicle scales | Cartesy\" \/>\n<meta property=\"og:description\" content=\"inno!weight\u00ae PC software incl. USB wireless receiver SUB-1020, 433MHz, compatible with up to 10 Cartesy wheel load scales\" \/>\n<meta property=\"og:url\" content=\"https:\/\/cartesy.de\/en\/product\/innoweight-software-receiver\/\" \/>\n<meta property=\"og:site_name\" content=\"Cartesy\" \/>\n<meta property=\"article:publisher\" content=\"https:\/\/de-de.facebook.com\/CartesyGmbH\" \/>\n<meta property=\"article:modified_time\" content=\"2026-03-31T15:07:38+00:00\" \/>\n<meta property=\"og:image\" content=\"https:\/\/cartesy.de\/wp-content\/uploads\/innoweight-4.jpg\" \/>\n\t<meta property=\"og:image:width\" content=\"2560\" \/>\n\t<meta property=\"og:image:height\" content=\"1707\" \/>\n\t<meta property=\"og:image:type\" content=\"image\/jpeg\" \/>\n<meta name=\"twitter:card\" content=\"summary_large_image\" \/>\n<meta name=\"twitter:label1\" content=\"Est. reading time\" \/>\n\t<meta name=\"twitter:data1\" content=\"1 minute\" \/>\n<script type=\"application\/ld+json\" class=\"yoast-schema-graph\">{\"@context\":\"https:\\\/\\\/schema.org\",\"@graph\":[{\"@type\":\"WebPage\",\"@id\":\"https:\\\/\\\/cartesy.de\\\/en\\\/product\\\/innoweight-software-receiver\\\/\",\"url\":\"https:\\\/\\\/cartesy.de\\\/en\\\/product\\\/innoweight-software-receiver\\\/\",\"name\":\"inno!weight\u00ae PC software for vehicle scales | Cartesy\",\"isPartOf\":{\"@id\":\"https:\\\/\\\/cartesy.de\\\/en\\\/#website\"},\"primaryImageOfPage\":{\"@id\":\"https:\\\/\\\/cartesy.de\\\/en\\\/product\\\/innoweight-software-receiver\\\/#primaryimage\"},\"image\":{\"@id\":\"https:\\\/\\\/cartesy.de\\\/en\\\/product\\\/innoweight-software-receiver\\\/#primaryimage\"},\"thumbnailUrl\":\"https:\\\/\\\/cartesy.de\\\/wp-content\\\/uploads\\\/innoweight-4.jpg\",\"datePublished\":\"2021-06-07T11:55:49+00:00\",\"dateModified\":\"2026-03-31T15:07:38+00:00\",\"description\":\"inno!weight\u00ae PC software incl. USB wireless receiver SUB-1020, 433MHz, compatible with up to 10 Cartesy wheel load scales\",\"breadcrumb\":{\"@id\":\"https:\\\/\\\/cartesy.de\\\/en\\\/product\\\/innoweight-software-receiver\\\/#breadcrumb\"},\"inLanguage\":\"en-US\",\"potentialAction\":[{\"@type\":\"ReadAction\",\"target\":[\"https:\\\/\\\/cartesy.de\\\/en\\\/product\\\/innoweight-software-receiver\\\/\"]}]},{\"@type\":\"ImageObject\",\"inLanguage\":\"en-US\",\"@id\":\"https:\\\/\\\/cartesy.de\\\/en\\\/product\\\/innoweight-software-receiver\\\/#primaryimage\",\"url\":\"https:\\\/\\\/cartesy.de\\\/wp-content\\\/uploads\\\/innoweight-4.jpg\",\"contentUrl\":\"https:\\\/\\\/cartesy.de\\\/wp-content\\\/uploads\\\/innoweight-4.jpg\",\"width\":2560,\"height\":1707,\"caption\":\"inno!weight\u00ae PC software for wheel load scales incl. USB wireless receiver SUB-1020\"},{\"@type\":\"BreadcrumbList\",\"@id\":\"https:\\\/\\\/cartesy.de\\\/en\\\/product\\\/innoweight-software-receiver\\\/#breadcrumb\",\"itemListElement\":[{\"@type\":\"ListItem\",\"position\":1,\"name\":\"Home\",\"item\":\"https:\\\/\\\/cartesy.de\\\/en\\\/kanzlei\\\/\"},{\"@type\":\"ListItem\",\"position\":2,\"name\":\"Product overview\",\"item\":\"https:\\\/\\\/cartesy.de\\\/en\\\/product-overview\\\/\"},{\"@type\":\"ListItem\",\"position\":3,\"name\":\"inno!weight\u00ae PC software for wheel load scales incl. USB wireless receiver SUB-1020\"}]},{\"@type\":\"WebSite\",\"@id\":\"https:\\\/\\\/cartesy.de\\\/en\\\/#website\",\"url\":\"https:\\\/\\\/cartesy.de\\\/en\\\/\",\"name\":\"Cartesy\",\"description\":\"Ihr Experte f\u00fcr hochpr\u00e4zise Pr\u00fcf- und W\u00e4gesysteme.\",\"publisher\":{\"@id\":\"https:\\\/\\\/cartesy.de\\\/en\\\/#organization\"},\"potentialAction\":[{\"@type\":\"SearchAction\",\"target\":{\"@type\":\"EntryPoint\",\"urlTemplate\":\"https:\\\/\\\/cartesy.de\\\/en\\\/?s={search_term_string}\"},\"query-input\":{\"@type\":\"PropertyValueSpecification\",\"valueRequired\":true,\"valueName\":\"search_term_string\"}}],\"inLanguage\":\"en-US\"},{\"@type\":\"Organization\",\"@id\":\"https:\\\/\\\/cartesy.de\\\/en\\\/#organization\",\"name\":\"Cartesy\",\"url\":\"https:\\\/\\\/cartesy.de\\\/en\\\/\",\"logo\":{\"@type\":\"ImageObject\",\"inLanguage\":\"en-US\",\"@id\":\"https:\\\/\\\/cartesy.de\\\/en\\\/#\\\/schema\\\/logo\\\/image\\\/\",\"url\":\"https:\\\/\\\/cartesy.de\\\/wp-content\\\/uploads\\\/Cartesy-logo.png\",\"contentUrl\":\"https:\\\/\\\/cartesy.de\\\/wp-content\\\/uploads\\\/Cartesy-logo.png\",\"width\":800,\"height\":600,\"caption\":\"Cartesy\"},\"image\":{\"@id\":\"https:\\\/\\\/cartesy.de\\\/en\\\/#\\\/schema\\\/logo\\\/image\\\/\"},\"sameAs\":[\"https:\\\/\\\/de-de.facebook.com\\\/CartesyGmbH\",\"https:\\\/\\\/de.linkedin.com\\\/company\\\/cartesy-gmbh\"]}]}<\/script>\n<!-- \/ Yoast SEO plugin. -->","yoast_head_json":{"title":"inno!weight\u00ae PC software for vehicle scales | Cartesy","description":"inno!weight\u00ae PC software incl. USB wireless receiver SUB-1020, 433MHz, compatible with up to 10 Cartesy wheel load scales","robots":{"index":"index","follow":"follow","max-snippet":"max-snippet:-1","max-image-preview":"max-image-preview:large","max-video-preview":"max-video-preview:-1"},"canonical":"https:\/\/cartesy.de\/en\/product\/innoweight-software-receiver\/","og_locale":"en_US","og_type":"article","og_title":"inno!weight\u00ae PC software for vehicle scales | Cartesy","og_description":"inno!weight\u00ae PC software incl. USB wireless receiver SUB-1020, 433MHz, compatible with up to 10 Cartesy wheel load scales","og_url":"https:\/\/cartesy.de\/en\/product\/innoweight-software-receiver\/","og_site_name":"Cartesy","article_publisher":"https:\/\/de-de.facebook.com\/CartesyGmbH","article_modified_time":"2026-03-31T15:07:38+00:00","og_image":[{"width":2560,"height":1707,"url":"https:\/\/cartesy.de\/wp-content\/uploads\/innoweight-4.jpg","type":"image\/jpeg"}],"twitter_card":"summary_large_image","twitter_misc":{"Est. reading time":"1 minute"},"schema":{"@context":"https:\/\/schema.org","@graph":[{"@type":"WebPage","@id":"https:\/\/cartesy.de\/en\/product\/innoweight-software-receiver\/","url":"https:\/\/cartesy.de\/en\/product\/innoweight-software-receiver\/","name":"inno!weight\u00ae PC software for vehicle scales | Cartesy","isPartOf":{"@id":"https:\/\/cartesy.de\/en\/#website"},"primaryImageOfPage":{"@id":"https:\/\/cartesy.de\/en\/product\/innoweight-software-receiver\/#primaryimage"},"image":{"@id":"https:\/\/cartesy.de\/en\/product\/innoweight-software-receiver\/#primaryimage"},"thumbnailUrl":"https:\/\/cartesy.de\/wp-content\/uploads\/innoweight-4.jpg","datePublished":"2021-06-07T11:55:49+00:00","dateModified":"2026-03-31T15:07:38+00:00","description":"inno!weight\u00ae PC software incl. USB wireless receiver SUB-1020, 433MHz, compatible with up to 10 Cartesy wheel load scales","breadcrumb":{"@id":"https:\/\/cartesy.de\/en\/product\/innoweight-software-receiver\/#breadcrumb"},"inLanguage":"en-US","potentialAction":[{"@type":"ReadAction","target":["https:\/\/cartesy.de\/en\/product\/innoweight-software-receiver\/"]}]},{"@type":"ImageObject","inLanguage":"en-US","@id":"https:\/\/cartesy.de\/en\/product\/innoweight-software-receiver\/#primaryimage","url":"https:\/\/cartesy.de\/wp-content\/uploads\/innoweight-4.jpg","contentUrl":"https:\/\/cartesy.de\/wp-content\/uploads\/innoweight-4.jpg","width":2560,"height":1707,"caption":"inno!weight\u00ae PC software for wheel load scales incl. USB wireless receiver SUB-1020"},{"@type":"BreadcrumbList","@id":"https:\/\/cartesy.de\/en\/product\/innoweight-software-receiver\/#breadcrumb","itemListElement":[{"@type":"ListItem","position":1,"name":"Home","item":"https:\/\/cartesy.de\/en\/kanzlei\/"},{"@type":"ListItem","position":2,"name":"Product overview","item":"https:\/\/cartesy.de\/en\/product-overview\/"},{"@type":"ListItem","position":3,"name":"inno!weight\u00ae PC software for wheel load scales incl. USB wireless receiver SUB-1020"}]},{"@type":"WebSite","@id":"https:\/\/cartesy.de\/en\/#website","url":"https:\/\/cartesy.de\/en\/","name":"Cartesy","description":"Ihr Experte f\u00fcr hochpr\u00e4zise Pr\u00fcf- und W\u00e4gesysteme.","publisher":{"@id":"https:\/\/cartesy.de\/en\/#organization"},"potentialAction":[{"@type":"SearchAction","target":{"@type":"EntryPoint","urlTemplate":"https:\/\/cartesy.de\/en\/?s={search_term_string}"},"query-input":{"@type":"PropertyValueSpecification","valueRequired":true,"valueName":"search_term_string"}}],"inLanguage":"en-US"},{"@type":"Organization","@id":"https:\/\/cartesy.de\/en\/#organization","name":"Cartesy","url":"https:\/\/cartesy.de\/en\/","logo":{"@type":"ImageObject","inLanguage":"en-US","@id":"https:\/\/cartesy.de\/en\/#\/schema\/logo\/image\/","url":"https:\/\/cartesy.de\/wp-content\/uploads\/Cartesy-logo.png","contentUrl":"https:\/\/cartesy.de\/wp-content\/uploads\/Cartesy-logo.png","width":800,"height":600,"caption":"Cartesy"},"image":{"@id":"https:\/\/cartesy.de\/en\/#\/schema\/logo\/image\/"},"sameAs":["https:\/\/de-de.facebook.com\/CartesyGmbH","https:\/\/de.linkedin.com\/company\/cartesy-gmbh"]}]}},"_links":{"self":[{"href":"https:\/\/cartesy.de\/en\/wp-json\/wp\/v2\/product\/61094","targetHints":{"allow":["GET"]}}],"collection":[{"href":"https:\/\/cartesy.de\/en\/wp-json\/wp\/v2\/product"}],"about":[{"href":"https:\/\/cartesy.de\/en\/wp-json\/wp\/v2\/types\/product"}],"wp:featuredmedia":[{"embeddable":true,"href":"https:\/\/cartesy.de\/en\/wp-json\/wp\/v2\/media\/47101"}],"wp:attachment":[{"href":"https:\/\/cartesy.de\/en\/wp-json\/wp\/v2\/media?parent=61094"}],"wp:term":[{"taxonomy":"product_brand","embeddable":true,"href":"https:\/\/cartesy.de\/en\/wp-json\/wp\/v2\/product_brand?post=61094"},{"taxonomy":"product_cat","embeddable":true,"href":"https:\/\/cartesy.de\/en\/wp-json\/wp\/v2\/product_cat?post=61094"},{"taxonomy":"product_tag","embeddable":true,"href":"https:\/\/cartesy.de\/en\/wp-json\/wp\/v2\/product_tag?post=61094"}],"curies":[{"name":"wp","href":"https:\/\/api.w.org\/{rel}","templated":true}]}}