{"id":61095,"date":"2021-06-07T13:42:25","date_gmt":"2021-06-07T11:42:25","guid":{"rendered":"https:\/\/cartesy.de\/produkt\/handheld-mht-701\/"},"modified":"2026-03-31T16:46:29","modified_gmt":"2026-03-31T14:46:29","slug":"handheld-mht-701","status":"publish","type":"product","link":"https:\/\/cartesy.de\/en\/product\/handheld-mht-701\/","title":{"rendered":"Wireless handheld terminal MHT-701"},"content":{"rendered":"<p>Digital display unit for the total weight of up to 10 Cartesy wheel load scales wirelessly connected. Individual weights of the connected scales can also be displayed in the second menu level.<\/p>\n<p>&nbsp;<\/p>\n<ul>\n<li>8-digit display with dimmable backlight<\/li>\n<li>Wireless 433MHz (integrated antenna)<\/li>\n<li>On\/off\/function button<\/li>\n<li>Integrated rechargeable battery (4200mAh)<\/li>\n<li>RS-485 serial interface<\/li>\n<li>9 radio channels selectable<\/li>\n<li>Robust and resistant housing<\/li>\n<li>Splash-proof<\/li>\n<li>incl. Charging cable and power adapter<\/li>\n<li>Compatible with up to 10 Cartesy IFX\/BFX wheel load scales<\/li>\n<li>Magnetic holder<\/li>\n<\/ul>\n","protected":false},"excerpt":{"rendered":"<p>Digital display unit for individual weight\/total weight<br \/>\nof up to 10 Cartesy (wheel load) scales connected by radio.<\/p>\n","protected":false},"featured_media":57759,"template":"","meta":[],"product_brand":[],"product_cat":[396],"product_tag":[442,441],"class_list":{"0":"post-61095","1":"product","2":"type-product","3":"status-publish","4":"has-post-thumbnail","6":"product_cat-accessories-wheel-load-scales","7":"product_tag-battery-operated","8":"product_tag-digital-display","9":"product_shipping_class-k-en","10":"tm-no-options","12":"first","13":"instock","14":"taxable","15":"shipping-taxable","16":"purchasable","17":"product-type-simple"},"yoast_head":"<!-- This site is optimized with the Yoast SEO plugin v27.3 - https:\/\/yoast.com\/product\/yoast-seo-wordpress\/ -->\n<title>Wireless handheld terminal MHT-701 | Cartesy<\/title>\n<meta name=\"description\" content=\"Wireless handheld terminal MHT-701 digital display unit for individual weight\/ total weight of up to 10 wirelessly connected Cartesy wheel load scales.\" \/>\n<meta name=\"robots\" content=\"index, follow, max-snippet:-1, max-image-preview:large, max-video-preview:-1\" \/>\n<link rel=\"canonical\" href=\"https:\/\/cartesy.de\/en\/product\/handheld-mht-701\/\" \/>\n<meta property=\"og:locale\" content=\"en_US\" \/>\n<meta property=\"og:type\" content=\"article\" \/>\n<meta property=\"og:title\" content=\"Wireless handheld terminal MHT-701 | Cartesy\" \/>\n<meta property=\"og:description\" content=\"Wireless handheld terminal MHT-701 digital display unit for individual weight\/ total weight of up to 10 wirelessly connected Cartesy wheel load scales.\" \/>\n<meta property=\"og:url\" content=\"https:\/\/cartesy.de\/en\/product\/handheld-mht-701\/\" \/>\n<meta property=\"og:site_name\" content=\"Cartesy\" \/>\n<meta property=\"article:publisher\" content=\"https:\/\/de-de.facebook.com\/CartesyGmbH\" \/>\n<meta property=\"article:modified_time\" content=\"2026-03-31T14:46:29+00:00\" \/>\n<meta property=\"og:image\" content=\"https:\/\/cartesy.de\/wp-content\/uploads\/vorderseite-funkhandterminal-scaled.jpg\" \/>\n\t<meta property=\"og:image:width\" content=\"2560\" \/>\n\t<meta property=\"og:image:height\" content=\"1707\" \/>\n\t<meta property=\"og:image:type\" content=\"image\/jpeg\" \/>\n<meta name=\"twitter:card\" content=\"summary_large_image\" \/>\n<script type=\"application\/ld+json\" class=\"yoast-schema-graph\">{\"@context\":\"https:\\\/\\\/schema.org\",\"@graph\":[{\"@type\":\"WebPage\",\"@id\":\"https:\\\/\\\/cartesy.de\\\/en\\\/product\\\/handheld-mht-701\\\/\",\"url\":\"https:\\\/\\\/cartesy.de\\\/en\\\/product\\\/handheld-mht-701\\\/\",\"name\":\"Wireless handheld terminal MHT-701 | Cartesy\",\"isPartOf\":{\"@id\":\"https:\\\/\\\/cartesy.de\\\/en\\\/#website\"},\"primaryImageOfPage\":{\"@id\":\"https:\\\/\\\/cartesy.de\\\/en\\\/product\\\/handheld-mht-701\\\/#primaryimage\"},\"image\":{\"@id\":\"https:\\\/\\\/cartesy.de\\\/en\\\/product\\\/handheld-mht-701\\\/#primaryimage\"},\"thumbnailUrl\":\"https:\\\/\\\/cartesy.de\\\/wp-content\\\/uploads\\\/vorderseite-funkhandterminal-scaled.jpg\",\"datePublished\":\"2021-06-07T11:42:25+00:00\",\"dateModified\":\"2026-03-31T14:46:29+00:00\",\"description\":\"Wireless handheld terminal MHT-701 digital display unit for individual weight\\\/ total weight of up to 10 wirelessly connected Cartesy wheel load scales.\",\"breadcrumb\":{\"@id\":\"https:\\\/\\\/cartesy.de\\\/en\\\/product\\\/handheld-mht-701\\\/#breadcrumb\"},\"inLanguage\":\"en-US\",\"potentialAction\":[{\"@type\":\"ReadAction\",\"target\":[\"https:\\\/\\\/cartesy.de\\\/en\\\/product\\\/handheld-mht-701\\\/\"]}]},{\"@type\":\"ImageObject\",\"inLanguage\":\"en-US\",\"@id\":\"https:\\\/\\\/cartesy.de\\\/en\\\/product\\\/handheld-mht-701\\\/#primaryimage\",\"url\":\"https:\\\/\\\/cartesy.de\\\/wp-content\\\/uploads\\\/vorderseite-funkhandterminal-scaled.jpg\",\"contentUrl\":\"https:\\\/\\\/cartesy.de\\\/wp-content\\\/uploads\\\/vorderseite-funkhandterminal-scaled.jpg\",\"width\":2560,\"height\":1707,\"caption\":\"Front side of the radio handheld terminal MHT-701\"},{\"@type\":\"BreadcrumbList\",\"@id\":\"https:\\\/\\\/cartesy.de\\\/en\\\/product\\\/handheld-mht-701\\\/#breadcrumb\",\"itemListElement\":[{\"@type\":\"ListItem\",\"position\":1,\"name\":\"Home\",\"item\":\"https:\\\/\\\/cartesy.de\\\/en\\\/kanzlei\\\/\"},{\"@type\":\"ListItem\",\"position\":2,\"name\":\"Product overview\",\"item\":\"https:\\\/\\\/cartesy.de\\\/en\\\/product-overview\\\/\"},{\"@type\":\"ListItem\",\"position\":3,\"name\":\"Wireless handheld terminal MHT-701\"}]},{\"@type\":\"WebSite\",\"@id\":\"https:\\\/\\\/cartesy.de\\\/en\\\/#website\",\"url\":\"https:\\\/\\\/cartesy.de\\\/en\\\/\",\"name\":\"Cartesy\",\"description\":\"Ihr Experte f\u00fcr hochpr\u00e4zise Pr\u00fcf- und W\u00e4gesysteme.\",\"publisher\":{\"@id\":\"https:\\\/\\\/cartesy.de\\\/en\\\/#organization\"},\"potentialAction\":[{\"@type\":\"SearchAction\",\"target\":{\"@type\":\"EntryPoint\",\"urlTemplate\":\"https:\\\/\\\/cartesy.de\\\/en\\\/?s={search_term_string}\"},\"query-input\":{\"@type\":\"PropertyValueSpecification\",\"valueRequired\":true,\"valueName\":\"search_term_string\"}}],\"inLanguage\":\"en-US\"},{\"@type\":\"Organization\",\"@id\":\"https:\\\/\\\/cartesy.de\\\/en\\\/#organization\",\"name\":\"Cartesy\",\"url\":\"https:\\\/\\\/cartesy.de\\\/en\\\/\",\"logo\":{\"@type\":\"ImageObject\",\"inLanguage\":\"en-US\",\"@id\":\"https:\\\/\\\/cartesy.de\\\/en\\\/#\\\/schema\\\/logo\\\/image\\\/\",\"url\":\"https:\\\/\\\/cartesy.de\\\/wp-content\\\/uploads\\\/Cartesy-logo.png\",\"contentUrl\":\"https:\\\/\\\/cartesy.de\\\/wp-content\\\/uploads\\\/Cartesy-logo.png\",\"width\":800,\"height\":600,\"caption\":\"Cartesy\"},\"image\":{\"@id\":\"https:\\\/\\\/cartesy.de\\\/en\\\/#\\\/schema\\\/logo\\\/image\\\/\"},\"sameAs\":[\"https:\\\/\\\/de-de.facebook.com\\\/CartesyGmbH\",\"https:\\\/\\\/de.linkedin.com\\\/company\\\/cartesy-gmbh\"]}]}<\/script>\n<!-- \/ Yoast SEO plugin. -->","yoast_head_json":{"title":"Wireless handheld terminal MHT-701 | Cartesy","description":"Wireless handheld terminal MHT-701 digital display unit for individual weight\/ total weight of up to 10 wirelessly connected Cartesy wheel load scales.","robots":{"index":"index","follow":"follow","max-snippet":"max-snippet:-1","max-image-preview":"max-image-preview:large","max-video-preview":"max-video-preview:-1"},"canonical":"https:\/\/cartesy.de\/en\/product\/handheld-mht-701\/","og_locale":"en_US","og_type":"article","og_title":"Wireless handheld terminal MHT-701 | Cartesy","og_description":"Wireless handheld terminal MHT-701 digital display unit for individual weight\/ total weight of up to 10 wirelessly connected Cartesy wheel load scales.","og_url":"https:\/\/cartesy.de\/en\/product\/handheld-mht-701\/","og_site_name":"Cartesy","article_publisher":"https:\/\/de-de.facebook.com\/CartesyGmbH","article_modified_time":"2026-03-31T14:46:29+00:00","og_image":[{"width":2560,"height":1707,"url":"https:\/\/cartesy.de\/wp-content\/uploads\/vorderseite-funkhandterminal-scaled.jpg","type":"image\/jpeg"}],"twitter_card":"summary_large_image","schema":{"@context":"https:\/\/schema.org","@graph":[{"@type":"WebPage","@id":"https:\/\/cartesy.de\/en\/product\/handheld-mht-701\/","url":"https:\/\/cartesy.de\/en\/product\/handheld-mht-701\/","name":"Wireless handheld terminal MHT-701 | Cartesy","isPartOf":{"@id":"https:\/\/cartesy.de\/en\/#website"},"primaryImageOfPage":{"@id":"https:\/\/cartesy.de\/en\/product\/handheld-mht-701\/#primaryimage"},"image":{"@id":"https:\/\/cartesy.de\/en\/product\/handheld-mht-701\/#primaryimage"},"thumbnailUrl":"https:\/\/cartesy.de\/wp-content\/uploads\/vorderseite-funkhandterminal-scaled.jpg","datePublished":"2021-06-07T11:42:25+00:00","dateModified":"2026-03-31T14:46:29+00:00","description":"Wireless handheld terminal MHT-701 digital display unit for individual weight\/ total weight of up to 10 wirelessly connected Cartesy wheel load scales.","breadcrumb":{"@id":"https:\/\/cartesy.de\/en\/product\/handheld-mht-701\/#breadcrumb"},"inLanguage":"en-US","potentialAction":[{"@type":"ReadAction","target":["https:\/\/cartesy.de\/en\/product\/handheld-mht-701\/"]}]},{"@type":"ImageObject","inLanguage":"en-US","@id":"https:\/\/cartesy.de\/en\/product\/handheld-mht-701\/#primaryimage","url":"https:\/\/cartesy.de\/wp-content\/uploads\/vorderseite-funkhandterminal-scaled.jpg","contentUrl":"https:\/\/cartesy.de\/wp-content\/uploads\/vorderseite-funkhandterminal-scaled.jpg","width":2560,"height":1707,"caption":"Front side of the radio handheld terminal MHT-701"},{"@type":"BreadcrumbList","@id":"https:\/\/cartesy.de\/en\/product\/handheld-mht-701\/#breadcrumb","itemListElement":[{"@type":"ListItem","position":1,"name":"Home","item":"https:\/\/cartesy.de\/en\/kanzlei\/"},{"@type":"ListItem","position":2,"name":"Product overview","item":"https:\/\/cartesy.de\/en\/product-overview\/"},{"@type":"ListItem","position":3,"name":"Wireless handheld terminal MHT-701"}]},{"@type":"WebSite","@id":"https:\/\/cartesy.de\/en\/#website","url":"https:\/\/cartesy.de\/en\/","name":"Cartesy","description":"Ihr Experte f\u00fcr hochpr\u00e4zise Pr\u00fcf- und W\u00e4gesysteme.","publisher":{"@id":"https:\/\/cartesy.de\/en\/#organization"},"potentialAction":[{"@type":"SearchAction","target":{"@type":"EntryPoint","urlTemplate":"https:\/\/cartesy.de\/en\/?s={search_term_string}"},"query-input":{"@type":"PropertyValueSpecification","valueRequired":true,"valueName":"search_term_string"}}],"inLanguage":"en-US"},{"@type":"Organization","@id":"https:\/\/cartesy.de\/en\/#organization","name":"Cartesy","url":"https:\/\/cartesy.de\/en\/","logo":{"@type":"ImageObject","inLanguage":"en-US","@id":"https:\/\/cartesy.de\/en\/#\/schema\/logo\/image\/","url":"https:\/\/cartesy.de\/wp-content\/uploads\/Cartesy-logo.png","contentUrl":"https:\/\/cartesy.de\/wp-content\/uploads\/Cartesy-logo.png","width":800,"height":600,"caption":"Cartesy"},"image":{"@id":"https:\/\/cartesy.de\/en\/#\/schema\/logo\/image\/"},"sameAs":["https:\/\/de-de.facebook.com\/CartesyGmbH","https:\/\/de.linkedin.com\/company\/cartesy-gmbh"]}]}},"_links":{"self":[{"href":"https:\/\/cartesy.de\/en\/wp-json\/wp\/v2\/product\/61095","targetHints":{"allow":["GET"]}}],"collection":[{"href":"https:\/\/cartesy.de\/en\/wp-json\/wp\/v2\/product"}],"about":[{"href":"https:\/\/cartesy.de\/en\/wp-json\/wp\/v2\/types\/product"}],"wp:featuredmedia":[{"embeddable":true,"href":"https:\/\/cartesy.de\/en\/wp-json\/wp\/v2\/media\/57759"}],"wp:attachment":[{"href":"https:\/\/cartesy.de\/en\/wp-json\/wp\/v2\/media?parent=61095"}],"wp:term":[{"taxonomy":"product_brand","embeddable":true,"href":"https:\/\/cartesy.de\/en\/wp-json\/wp\/v2\/product_brand?post=61095"},{"taxonomy":"product_cat","embeddable":true,"href":"https:\/\/cartesy.de\/en\/wp-json\/wp\/v2\/product_cat?post=61095"},{"taxonomy":"product_tag","embeddable":true,"href":"https:\/\/cartesy.de\/en\/wp-json\/wp\/v2\/product_tag?post=61095"}],"curies":[{"name":"wp","href":"https:\/\/api.w.org\/{rel}","templated":true}]}}