{"id":61098,"date":"2021-03-11T02:01:19","date_gmt":"2021-03-11T01:01:19","guid":{"rendered":"https:\/\/cartesy.de\/produkt\/package-npc-2014-ng-w-npc-livestudio-app\/"},"modified":"2025-07-16T18:06:35","modified_gmt":"2025-07-16T16:06:35","slug":"package-npc-2014-ng-w-npc-livestudio-app","status":"publish","type":"product","link":"https:\/\/cartesy.de\/en\/product\/package-npc-2014-ng-w-npc-livestudio-app\/","title":{"rendered":"NPC-2014-NG incl. NPC LiveStudio App [Paketangebot]"},"content":{"rendered":"<p>Connection of the brake tester to the SP21-\/HU21-adapter and the SP-Plus\/A\u00dcK-Plus \/ PTI application.<br \/>\nWith the NPC-2014-NG, you can conveniently connect your brake tester, the SP21-\/HU21-adapter and the SP-Plus\/A\u00dcK-Plus program in a stable 2.4 GHz Wifi network. Braking values and reference pressure are simultaneously processed and evaluated live in the SP-Plus\/A\u00dcK-Plus. Therefore, a manual recording of the brake values is no longer necessary.<\/p>\n<p>&nbsp;<\/p>\n<p>In addition, you can also use the NPC LiveStudio app on your Android mobile device.<br \/>\nThe app works with any car\/truck roller brake tester (equipped with ASA livestream) AND for all manufacturers!<br \/>\nThanks to its adaptive design, the app adjusts to the end device (tablet or smartphone) and can be fully functional on small and large displays. Modern app design and an intuitive interface enable simple user guidance and evaluation of the brake efficiency test directly from inside the vehicle. The brake tester is integrated into the workshop Wifi network as required (with the NPC-2014 NG) and can exchange test data with our PC programs and databases.<\/p>\n<p>&nbsp;<\/p>\n<p>Please note: Not suitable for 5GHz WLAN networks &#8211; the NPC-2014-NG can only be operated in 2.4GHz WLAN networks!<\/p>\n<p><strong>An Android device is not included in the scope of delivery!<\/strong><\/p>\n<p>&nbsp;<\/p>\n<hr \/>\n<p>&nbsp;<\/p>\n<p><strong>More information:<\/strong><\/p>\n<p><a href=\"https:\/\/cartesy.de\/wp-content\/uploads\/Anbindung-AUeK-SP-Plus.pdf\" target=\"_blank\" rel=\"noopener\"> A\u00dcK-Plus\/SP-Plus connection<\/a><\/p>\n<p><a href=\"\/wp-content\/uploads\/2021\/06\/DB-NPC-2014NG-ANW-CONNECT-BOX-DE.pdf\" target=\"_blank\" rel=\"noopener\"> Datasheet-NPC-2014 NG-ANW-CONNECT-BOX<\/a><\/p>\n<p><a href=\"\/wp-content\/uploads\/2021\/06\/BA_NPC_LiveStudio_App.pdf\" target=\"_blank\" rel=\"noopener\"> Manual-NPC-LiveStudio-App<\/a><\/p>\n<p>&nbsp;<\/p>\n<p><a href=\"http:\/\/downloads.cartesy.org\/npc-app\"><button>Download App<\/button><\/a><\/p>\n","protected":false},"excerpt":{"rendered":"<p>PTI SP21-\/HU21-adapter connection<br \/>\nNPC-2014 NG + NPC LiveStudio App<\/p>\n","protected":false},"featured_media":47274,"template":"","meta":[],"product_brand":[],"product_cat":[433],"product_tag":[447],"class_list":{"0":"post-61098","1":"product","2":"type-product","3":"status-publish","4":"has-post-thumbnail","6":"product_cat-connected-workshop","7":"product_tag-npc-2014-ng-incl-npc-for-sp-plus-connection-and-as-a-mobile-test-brake-tesster-display-android-app","8":"product_shipping_class-k-en","9":"tm-has-options","11":"first","12":"instock","13":"downloadable","14":"taxable","15":"shipping-taxable","16":"purchasable","17":"product-type-simple"},"yoast_head":"<!-- This site is optimized with the Yoast SEO plugin v27.3 - https:\/\/yoast.com\/product\/yoast-seo-wordpress\/ -->\n<title>NPC-2014-NG incl. NPC LiveStudio App | Cartesy<\/title>\n<meta name=\"description\" content=\"NPC-2014-NG incl. NPC LiveStudio App [Paketangebot]SP-PLUS \/ SP21-\/HU21-adapter connection, NPC-2014 NG + NPC LiveStudio App\" \/>\n<meta name=\"robots\" content=\"index, follow, max-snippet:-1, max-image-preview:large, max-video-preview:-1\" \/>\n<link rel=\"canonical\" href=\"https:\/\/cartesy.de\/en\/product\/package-npc-2014-ng-w-npc-livestudio-app\/\" \/>\n<meta property=\"og:locale\" content=\"en_US\" \/>\n<meta property=\"og:type\" content=\"article\" \/>\n<meta property=\"og:title\" content=\"NPC-2014-NG incl. NPC LiveStudio App | Cartesy\" \/>\n<meta property=\"og:description\" content=\"NPC-2014-NG incl. NPC LiveStudio App [Paketangebot]SP-PLUS \/ SP21-\/HU21-adapter connection, NPC-2014 NG + NPC LiveStudio App\" \/>\n<meta property=\"og:url\" content=\"https:\/\/cartesy.de\/en\/product\/package-npc-2014-ng-w-npc-livestudio-app\/\" \/>\n<meta property=\"og:site_name\" content=\"Cartesy\" \/>\n<meta property=\"article:publisher\" content=\"https:\/\/de-de.facebook.com\/CartesyGmbH\" \/>\n<meta property=\"article:modified_time\" content=\"2025-07-16T16:06:35+00:00\" \/>\n<meta property=\"og:image\" content=\"https:\/\/cartesy.de\/wp-content\/uploads\/NPC-2014NGApp.jpg\" \/>\n\t<meta property=\"og:image:width\" content=\"2560\" \/>\n\t<meta property=\"og:image:height\" content=\"1706\" \/>\n\t<meta property=\"og:image:type\" content=\"image\/jpeg\" \/>\n<meta name=\"twitter:card\" content=\"summary_large_image\" \/>\n<meta name=\"twitter:label1\" content=\"Est. reading time\" \/>\n\t<meta name=\"twitter:data1\" content=\"1 minute\" \/>\n<script type=\"application\/ld+json\" class=\"yoast-schema-graph\">{\"@context\":\"https:\\\/\\\/schema.org\",\"@graph\":[{\"@type\":\"WebPage\",\"@id\":\"https:\\\/\\\/cartesy.de\\\/en\\\/product\\\/package-npc-2014-ng-w-npc-livestudio-app\\\/\",\"url\":\"https:\\\/\\\/cartesy.de\\\/en\\\/product\\\/package-npc-2014-ng-w-npc-livestudio-app\\\/\",\"name\":\"NPC-2014-NG incl. NPC LiveStudio App | Cartesy\",\"isPartOf\":{\"@id\":\"https:\\\/\\\/cartesy.de\\\/en\\\/#website\"},\"primaryImageOfPage\":{\"@id\":\"https:\\\/\\\/cartesy.de\\\/en\\\/product\\\/package-npc-2014-ng-w-npc-livestudio-app\\\/#primaryimage\"},\"image\":{\"@id\":\"https:\\\/\\\/cartesy.de\\\/en\\\/product\\\/package-npc-2014-ng-w-npc-livestudio-app\\\/#primaryimage\"},\"thumbnailUrl\":\"https:\\\/\\\/cartesy.de\\\/wp-content\\\/uploads\\\/NPC-2014NGApp.jpg\",\"datePublished\":\"2021-03-11T01:01:19+00:00\",\"dateModified\":\"2025-07-16T16:06:35+00:00\",\"description\":\"NPC-2014-NG incl. NPC LiveStudio App [Paketangebot]SP-PLUS \\\/ SP21-\\\/HU21-adapter connection, NPC-2014 NG + NPC LiveStudio App\",\"breadcrumb\":{\"@id\":\"https:\\\/\\\/cartesy.de\\\/en\\\/product\\\/package-npc-2014-ng-w-npc-livestudio-app\\\/#breadcrumb\"},\"inLanguage\":\"en-US\",\"potentialAction\":[{\"@type\":\"ReadAction\",\"target\":[\"https:\\\/\\\/cartesy.de\\\/en\\\/product\\\/package-npc-2014-ng-w-npc-livestudio-app\\\/\"]}]},{\"@type\":\"ImageObject\",\"inLanguage\":\"en-US\",\"@id\":\"https:\\\/\\\/cartesy.de\\\/en\\\/product\\\/package-npc-2014-ng-w-npc-livestudio-app\\\/#primaryimage\",\"url\":\"https:\\\/\\\/cartesy.de\\\/wp-content\\\/uploads\\\/NPC-2014NGApp.jpg\",\"contentUrl\":\"https:\\\/\\\/cartesy.de\\\/wp-content\\\/uploads\\\/NPC-2014NGApp.jpg\",\"width\":2560,\"height\":1706,\"caption\":\"NPC-2014-NG incl. NPC LiveStudio App\"},{\"@type\":\"BreadcrumbList\",\"@id\":\"https:\\\/\\\/cartesy.de\\\/en\\\/product\\\/package-npc-2014-ng-w-npc-livestudio-app\\\/#breadcrumb\",\"itemListElement\":[{\"@type\":\"ListItem\",\"position\":1,\"name\":\"Home\",\"item\":\"https:\\\/\\\/cartesy.de\\\/en\\\/kanzlei\\\/\"},{\"@type\":\"ListItem\",\"position\":2,\"name\":\"Product overview\",\"item\":\"https:\\\/\\\/cartesy.de\\\/en\\\/product-overview\\\/\"},{\"@type\":\"ListItem\",\"position\":3,\"name\":\"NPC-2014-NG incl. NPC LiveStudio App [Paketangebot]\"}]},{\"@type\":\"WebSite\",\"@id\":\"https:\\\/\\\/cartesy.de\\\/en\\\/#website\",\"url\":\"https:\\\/\\\/cartesy.de\\\/en\\\/\",\"name\":\"Cartesy\",\"description\":\"Ihr Experte f\u00fcr hochpr\u00e4zise Pr\u00fcf- und W\u00e4gesysteme.\",\"publisher\":{\"@id\":\"https:\\\/\\\/cartesy.de\\\/en\\\/#organization\"},\"potentialAction\":[{\"@type\":\"SearchAction\",\"target\":{\"@type\":\"EntryPoint\",\"urlTemplate\":\"https:\\\/\\\/cartesy.de\\\/en\\\/?s={search_term_string}\"},\"query-input\":{\"@type\":\"PropertyValueSpecification\",\"valueRequired\":true,\"valueName\":\"search_term_string\"}}],\"inLanguage\":\"en-US\"},{\"@type\":\"Organization\",\"@id\":\"https:\\\/\\\/cartesy.de\\\/en\\\/#organization\",\"name\":\"Cartesy\",\"url\":\"https:\\\/\\\/cartesy.de\\\/en\\\/\",\"logo\":{\"@type\":\"ImageObject\",\"inLanguage\":\"en-US\",\"@id\":\"https:\\\/\\\/cartesy.de\\\/en\\\/#\\\/schema\\\/logo\\\/image\\\/\",\"url\":\"https:\\\/\\\/cartesy.de\\\/wp-content\\\/uploads\\\/Cartesy-logo.png\",\"contentUrl\":\"https:\\\/\\\/cartesy.de\\\/wp-content\\\/uploads\\\/Cartesy-logo.png\",\"width\":800,\"height\":600,\"caption\":\"Cartesy\"},\"image\":{\"@id\":\"https:\\\/\\\/cartesy.de\\\/en\\\/#\\\/schema\\\/logo\\\/image\\\/\"},\"sameAs\":[\"https:\\\/\\\/de-de.facebook.com\\\/CartesyGmbH\",\"https:\\\/\\\/de.linkedin.com\\\/company\\\/cartesy-gmbh\"]}]}<\/script>\n<!-- \/ Yoast SEO plugin. -->","yoast_head_json":{"title":"NPC-2014-NG incl. NPC LiveStudio App | Cartesy","description":"NPC-2014-NG incl. NPC LiveStudio App [Paketangebot]SP-PLUS \/ SP21-\/HU21-adapter connection, NPC-2014 NG + NPC LiveStudio App","robots":{"index":"index","follow":"follow","max-snippet":"max-snippet:-1","max-image-preview":"max-image-preview:large","max-video-preview":"max-video-preview:-1"},"canonical":"https:\/\/cartesy.de\/en\/product\/package-npc-2014-ng-w-npc-livestudio-app\/","og_locale":"en_US","og_type":"article","og_title":"NPC-2014-NG incl. NPC LiveStudio App | Cartesy","og_description":"NPC-2014-NG incl. NPC LiveStudio App [Paketangebot]SP-PLUS \/ SP21-\/HU21-adapter connection, NPC-2014 NG + NPC LiveStudio App","og_url":"https:\/\/cartesy.de\/en\/product\/package-npc-2014-ng-w-npc-livestudio-app\/","og_site_name":"Cartesy","article_publisher":"https:\/\/de-de.facebook.com\/CartesyGmbH","article_modified_time":"2025-07-16T16:06:35+00:00","og_image":[{"width":2560,"height":1706,"url":"https:\/\/cartesy.de\/wp-content\/uploads\/NPC-2014NGApp.jpg","type":"image\/jpeg"}],"twitter_card":"summary_large_image","twitter_misc":{"Est. reading time":"1 minute"},"schema":{"@context":"https:\/\/schema.org","@graph":[{"@type":"WebPage","@id":"https:\/\/cartesy.de\/en\/product\/package-npc-2014-ng-w-npc-livestudio-app\/","url":"https:\/\/cartesy.de\/en\/product\/package-npc-2014-ng-w-npc-livestudio-app\/","name":"NPC-2014-NG incl. NPC LiveStudio App | Cartesy","isPartOf":{"@id":"https:\/\/cartesy.de\/en\/#website"},"primaryImageOfPage":{"@id":"https:\/\/cartesy.de\/en\/product\/package-npc-2014-ng-w-npc-livestudio-app\/#primaryimage"},"image":{"@id":"https:\/\/cartesy.de\/en\/product\/package-npc-2014-ng-w-npc-livestudio-app\/#primaryimage"},"thumbnailUrl":"https:\/\/cartesy.de\/wp-content\/uploads\/NPC-2014NGApp.jpg","datePublished":"2021-03-11T01:01:19+00:00","dateModified":"2025-07-16T16:06:35+00:00","description":"NPC-2014-NG incl. NPC LiveStudio App [Paketangebot]SP-PLUS \/ SP21-\/HU21-adapter connection, NPC-2014 NG + NPC LiveStudio App","breadcrumb":{"@id":"https:\/\/cartesy.de\/en\/product\/package-npc-2014-ng-w-npc-livestudio-app\/#breadcrumb"},"inLanguage":"en-US","potentialAction":[{"@type":"ReadAction","target":["https:\/\/cartesy.de\/en\/product\/package-npc-2014-ng-w-npc-livestudio-app\/"]}]},{"@type":"ImageObject","inLanguage":"en-US","@id":"https:\/\/cartesy.de\/en\/product\/package-npc-2014-ng-w-npc-livestudio-app\/#primaryimage","url":"https:\/\/cartesy.de\/wp-content\/uploads\/NPC-2014NGApp.jpg","contentUrl":"https:\/\/cartesy.de\/wp-content\/uploads\/NPC-2014NGApp.jpg","width":2560,"height":1706,"caption":"NPC-2014-NG incl. NPC LiveStudio App"},{"@type":"BreadcrumbList","@id":"https:\/\/cartesy.de\/en\/product\/package-npc-2014-ng-w-npc-livestudio-app\/#breadcrumb","itemListElement":[{"@type":"ListItem","position":1,"name":"Home","item":"https:\/\/cartesy.de\/en\/kanzlei\/"},{"@type":"ListItem","position":2,"name":"Product overview","item":"https:\/\/cartesy.de\/en\/product-overview\/"},{"@type":"ListItem","position":3,"name":"NPC-2014-NG incl. NPC LiveStudio App [Paketangebot]"}]},{"@type":"WebSite","@id":"https:\/\/cartesy.de\/en\/#website","url":"https:\/\/cartesy.de\/en\/","name":"Cartesy","description":"Ihr Experte f\u00fcr hochpr\u00e4zise Pr\u00fcf- und W\u00e4gesysteme.","publisher":{"@id":"https:\/\/cartesy.de\/en\/#organization"},"potentialAction":[{"@type":"SearchAction","target":{"@type":"EntryPoint","urlTemplate":"https:\/\/cartesy.de\/en\/?s={search_term_string}"},"query-input":{"@type":"PropertyValueSpecification","valueRequired":true,"valueName":"search_term_string"}}],"inLanguage":"en-US"},{"@type":"Organization","@id":"https:\/\/cartesy.de\/en\/#organization","name":"Cartesy","url":"https:\/\/cartesy.de\/en\/","logo":{"@type":"ImageObject","inLanguage":"en-US","@id":"https:\/\/cartesy.de\/en\/#\/schema\/logo\/image\/","url":"https:\/\/cartesy.de\/wp-content\/uploads\/Cartesy-logo.png","contentUrl":"https:\/\/cartesy.de\/wp-content\/uploads\/Cartesy-logo.png","width":800,"height":600,"caption":"Cartesy"},"image":{"@id":"https:\/\/cartesy.de\/en\/#\/schema\/logo\/image\/"},"sameAs":["https:\/\/de-de.facebook.com\/CartesyGmbH","https:\/\/de.linkedin.com\/company\/cartesy-gmbh"]}]}},"_links":{"self":[{"href":"https:\/\/cartesy.de\/en\/wp-json\/wp\/v2\/product\/61098","targetHints":{"allow":["GET"]}}],"collection":[{"href":"https:\/\/cartesy.de\/en\/wp-json\/wp\/v2\/product"}],"about":[{"href":"https:\/\/cartesy.de\/en\/wp-json\/wp\/v2\/types\/product"}],"wp:featuredmedia":[{"embeddable":true,"href":"https:\/\/cartesy.de\/en\/wp-json\/wp\/v2\/media\/47274"}],"wp:attachment":[{"href":"https:\/\/cartesy.de\/en\/wp-json\/wp\/v2\/media?parent=61098"}],"wp:term":[{"taxonomy":"product_brand","embeddable":true,"href":"https:\/\/cartesy.de\/en\/wp-json\/wp\/v2\/product_brand?post=61098"},{"taxonomy":"product_cat","embeddable":true,"href":"https:\/\/cartesy.de\/en\/wp-json\/wp\/v2\/product_cat?post=61098"},{"taxonomy":"product_tag","embeddable":true,"href":"https:\/\/cartesy.de\/en\/wp-json\/wp\/v2\/product_tag?post=61098"}],"curies":[{"name":"wp","href":"https:\/\/api.w.org\/{rel}","templated":true}]}}