{"id":61099,"date":"2021-03-11T01:59:17","date_gmt":"2021-03-11T00:59:17","guid":{"rendered":"https:\/\/cartesy.de\/produkt\/npc-livestudio-app\/"},"modified":"2025-07-16T18:07:00","modified_gmt":"2025-07-16T16:07:00","slug":"npc-livestudio-app","status":"publish","type":"product","link":"https:\/\/cartesy.de\/en\/product\/npc-livestudio-app\/","title":{"rendered":"Mobile brake tester display &#8211; NPC LiveStudio App"},"content":{"rendered":"<p>With the NPC LiveStudio App, we present an innovation in vehicle testing technology! The app is a universal, manufacturer-independent brake tester display for smartphones or tablets with many additional functions and modern features.<\/p>\n<p>The app works with any car\/truck roller brake tester (equipped with ASA livestream) AND for all manufacturers!<br \/>\nDue to the adaptive design, the app adjusts to the device and can unfold its full functionality on small and large displays. Modern app design and an intuitive interface enable simple user guidance and evaluation of the brake efficiency test directly from inside the vehicle.<\/p>\n<p>&nbsp;<\/p>\n<hr \/>\n<p>&nbsp;<\/p>\n<ul>\n<li>Classic gauge display with differential information<\/li>\n<li>modern test sequence control with assignment of axles<\/li>\n<li>graphic result evaluation in detailed view<\/li>\n<li>documentation with PDF print function<\/li>\n<li>evaluation of results before and after repair<\/li>\n<li>database for test results for customer presentation on the user device<\/li>\n<li>new livestream mask<\/li>\n<li>WIFI network connection to Internet, PC program and databases<\/li>\n<\/ul>\n<p>&nbsp;<\/p>\n<p>Android V7.0 or higher<br \/>\nOnly in combination with NPC-2014 NG \/ NPC-2016<\/p>\n<p>&nbsp;<\/p>\n<hr \/>\n<p><strong>More information:<\/strong><\/p>\n<p><a href=\"\/wp-content\/uploads\/2021\/06\/BA_NPC_LiveStudio_App.pdf\" target=\"_blank\" rel=\"noopener\"> Manual-NPC-LiveStudio-App<\/a><\/p>\n<p>&nbsp;<\/p>\n<hr \/>\n<p>&nbsp;<\/p>\n<p><a href=\"http:\/\/downloads.cartesy.org\/npc-app\" target=\"_blank\" rel=\"noopener\">Download App<\/a><\/p>\n","protected":false},"excerpt":{"rendered":"<p>Brake tester display on smartphone or tablet.<\/p>\n","protected":false},"featured_media":46872,"template":"","meta":[],"product_brand":[],"product_cat":[433],"product_tag":[447],"class_list":{"0":"post-61099","1":"product","2":"type-product","3":"status-publish","4":"has-post-thumbnail","6":"product_cat-connected-workshop","7":"product_tag-npc-2014-ng-incl-npc-for-sp-plus-connection-and-as-a-mobile-test-brake-tesster-display-android-app","8":"tm-no-options","10":"first","11":"instock","12":"downloadable","13":"virtual","14":"taxable","15":"purchasable","16":"product-type-simple"},"yoast_head":"<!-- This site is optimized with the Yoast SEO plugin v27.3 - https:\/\/yoast.com\/product\/yoast-seo-wordpress\/ -->\n<title>NPC LiveStudio App - Brake tester display App | Cartesy<\/title>\n<meta name=\"description\" content=\"An absolute world first in vehicle testing technology! Brake tester display on smartphone or tablet. Buy now!\" \/>\n<meta name=\"robots\" content=\"index, follow, max-snippet:-1, max-image-preview:large, max-video-preview:-1\" \/>\n<link rel=\"canonical\" href=\"https:\/\/cartesy.de\/en\/product\/npc-livestudio-app\/\" \/>\n<meta property=\"og:locale\" content=\"en_US\" \/>\n<meta property=\"og:type\" content=\"article\" \/>\n<meta property=\"og:title\" content=\"NPC LiveStudio App - Brake tester display App | Cartesy\" \/>\n<meta property=\"og:description\" content=\"An absolute world first in vehicle testing technology! Brake tester display on smartphone or tablet. Buy now!\" \/>\n<meta property=\"og:url\" content=\"https:\/\/cartesy.de\/en\/product\/npc-livestudio-app\/\" \/>\n<meta property=\"og:site_name\" content=\"Cartesy\" \/>\n<meta property=\"article:publisher\" content=\"https:\/\/de-de.facebook.com\/CartesyGmbH\" \/>\n<meta property=\"article:modified_time\" content=\"2025-07-16T16:07:00+00:00\" \/>\n<meta property=\"og:image\" content=\"https:\/\/cartesy.de\/wp-content\/uploads\/2021\/03\/IMG_4226-scaled.jpg\" \/>\n\t<meta property=\"og:image:width\" content=\"2560\" \/>\n\t<meta property=\"og:image:height\" content=\"1707\" \/>\n\t<meta property=\"og:image:type\" content=\"image\/jpeg\" \/>\n<meta name=\"twitter:card\" content=\"summary_large_image\" \/>\n<meta name=\"twitter:label1\" content=\"Est. reading time\" \/>\n\t<meta name=\"twitter:data1\" content=\"1 minute\" \/>\n<script type=\"application\/ld+json\" class=\"yoast-schema-graph\">{\"@context\":\"https:\\\/\\\/schema.org\",\"@graph\":[{\"@type\":\"WebPage\",\"@id\":\"https:\\\/\\\/cartesy.de\\\/en\\\/product\\\/npc-livestudio-app\\\/\",\"url\":\"https:\\\/\\\/cartesy.de\\\/en\\\/product\\\/npc-livestudio-app\\\/\",\"name\":\"NPC LiveStudio App - Brake tester display App | Cartesy\",\"isPartOf\":{\"@id\":\"https:\\\/\\\/cartesy.de\\\/en\\\/#website\"},\"primaryImageOfPage\":{\"@id\":\"https:\\\/\\\/cartesy.de\\\/en\\\/product\\\/npc-livestudio-app\\\/#primaryimage\"},\"image\":{\"@id\":\"https:\\\/\\\/cartesy.de\\\/en\\\/product\\\/npc-livestudio-app\\\/#primaryimage\"},\"thumbnailUrl\":\"https:\\\/\\\/cartesy.de\\\/wp-content\\\/uploads\\\/2021\\\/03\\\/IMG_4226-scaled.jpg\",\"datePublished\":\"2021-03-11T00:59:17+00:00\",\"dateModified\":\"2025-07-16T16:07:00+00:00\",\"description\":\"An absolute world first in vehicle testing technology! Brake tester display on smartphone or tablet. Buy now!\",\"breadcrumb\":{\"@id\":\"https:\\\/\\\/cartesy.de\\\/en\\\/product\\\/npc-livestudio-app\\\/#breadcrumb\"},\"inLanguage\":\"en-US\",\"potentialAction\":[{\"@type\":\"ReadAction\",\"target\":[\"https:\\\/\\\/cartesy.de\\\/en\\\/product\\\/npc-livestudio-app\\\/\"]}]},{\"@type\":\"ImageObject\",\"inLanguage\":\"en-US\",\"@id\":\"https:\\\/\\\/cartesy.de\\\/en\\\/product\\\/npc-livestudio-app\\\/#primaryimage\",\"url\":\"https:\\\/\\\/cartesy.de\\\/wp-content\\\/uploads\\\/2021\\\/03\\\/IMG_4226-scaled.jpg\",\"contentUrl\":\"https:\\\/\\\/cartesy.de\\\/wp-content\\\/uploads\\\/2021\\\/03\\\/IMG_4226-scaled.jpg\",\"width\":2560,\"height\":1707,\"caption\":\"NPC LiveStudio App\"},{\"@type\":\"BreadcrumbList\",\"@id\":\"https:\\\/\\\/cartesy.de\\\/en\\\/product\\\/npc-livestudio-app\\\/#breadcrumb\",\"itemListElement\":[{\"@type\":\"ListItem\",\"position\":1,\"name\":\"Home\",\"item\":\"https:\\\/\\\/cartesy.de\\\/en\\\/kanzlei\\\/\"},{\"@type\":\"ListItem\",\"position\":2,\"name\":\"Product overview\",\"item\":\"https:\\\/\\\/cartesy.de\\\/en\\\/product-overview\\\/\"},{\"@type\":\"ListItem\",\"position\":3,\"name\":\"Mobile brake tester display &#8211; NPC LiveStudio App\"}]},{\"@type\":\"WebSite\",\"@id\":\"https:\\\/\\\/cartesy.de\\\/en\\\/#website\",\"url\":\"https:\\\/\\\/cartesy.de\\\/en\\\/\",\"name\":\"Cartesy\",\"description\":\"Ihr Experte f\u00fcr hochpr\u00e4zise Pr\u00fcf- und W\u00e4gesysteme.\",\"publisher\":{\"@id\":\"https:\\\/\\\/cartesy.de\\\/en\\\/#organization\"},\"potentialAction\":[{\"@type\":\"SearchAction\",\"target\":{\"@type\":\"EntryPoint\",\"urlTemplate\":\"https:\\\/\\\/cartesy.de\\\/en\\\/?s={search_term_string}\"},\"query-input\":{\"@type\":\"PropertyValueSpecification\",\"valueRequired\":true,\"valueName\":\"search_term_string\"}}],\"inLanguage\":\"en-US\"},{\"@type\":\"Organization\",\"@id\":\"https:\\\/\\\/cartesy.de\\\/en\\\/#organization\",\"name\":\"Cartesy\",\"url\":\"https:\\\/\\\/cartesy.de\\\/en\\\/\",\"logo\":{\"@type\":\"ImageObject\",\"inLanguage\":\"en-US\",\"@id\":\"https:\\\/\\\/cartesy.de\\\/en\\\/#\\\/schema\\\/logo\\\/image\\\/\",\"url\":\"https:\\\/\\\/cartesy.de\\\/wp-content\\\/uploads\\\/Cartesy-logo.png\",\"contentUrl\":\"https:\\\/\\\/cartesy.de\\\/wp-content\\\/uploads\\\/Cartesy-logo.png\",\"width\":800,\"height\":600,\"caption\":\"Cartesy\"},\"image\":{\"@id\":\"https:\\\/\\\/cartesy.de\\\/en\\\/#\\\/schema\\\/logo\\\/image\\\/\"},\"sameAs\":[\"https:\\\/\\\/de-de.facebook.com\\\/CartesyGmbH\",\"https:\\\/\\\/de.linkedin.com\\\/company\\\/cartesy-gmbh\"]}]}<\/script>\n<!-- \/ Yoast SEO plugin. -->","yoast_head_json":{"title":"NPC LiveStudio App - Brake tester display App | Cartesy","description":"An absolute world first in vehicle testing technology! Brake tester display on smartphone or tablet. Buy now!","robots":{"index":"index","follow":"follow","max-snippet":"max-snippet:-1","max-image-preview":"max-image-preview:large","max-video-preview":"max-video-preview:-1"},"canonical":"https:\/\/cartesy.de\/en\/product\/npc-livestudio-app\/","og_locale":"en_US","og_type":"article","og_title":"NPC LiveStudio App - Brake tester display App | Cartesy","og_description":"An absolute world first in vehicle testing technology! Brake tester display on smartphone or tablet. Buy now!","og_url":"https:\/\/cartesy.de\/en\/product\/npc-livestudio-app\/","og_site_name":"Cartesy","article_publisher":"https:\/\/de-de.facebook.com\/CartesyGmbH","article_modified_time":"2025-07-16T16:07:00+00:00","og_image":[{"width":2560,"height":1707,"url":"https:\/\/cartesy.de\/wp-content\/uploads\/2021\/03\/IMG_4226-scaled.jpg","type":"image\/jpeg"}],"twitter_card":"summary_large_image","twitter_misc":{"Est. reading time":"1 minute"},"schema":{"@context":"https:\/\/schema.org","@graph":[{"@type":"WebPage","@id":"https:\/\/cartesy.de\/en\/product\/npc-livestudio-app\/","url":"https:\/\/cartesy.de\/en\/product\/npc-livestudio-app\/","name":"NPC LiveStudio App - Brake tester display App | Cartesy","isPartOf":{"@id":"https:\/\/cartesy.de\/en\/#website"},"primaryImageOfPage":{"@id":"https:\/\/cartesy.de\/en\/product\/npc-livestudio-app\/#primaryimage"},"image":{"@id":"https:\/\/cartesy.de\/en\/product\/npc-livestudio-app\/#primaryimage"},"thumbnailUrl":"https:\/\/cartesy.de\/wp-content\/uploads\/2021\/03\/IMG_4226-scaled.jpg","datePublished":"2021-03-11T00:59:17+00:00","dateModified":"2025-07-16T16:07:00+00:00","description":"An absolute world first in vehicle testing technology! Brake tester display on smartphone or tablet. Buy now!","breadcrumb":{"@id":"https:\/\/cartesy.de\/en\/product\/npc-livestudio-app\/#breadcrumb"},"inLanguage":"en-US","potentialAction":[{"@type":"ReadAction","target":["https:\/\/cartesy.de\/en\/product\/npc-livestudio-app\/"]}]},{"@type":"ImageObject","inLanguage":"en-US","@id":"https:\/\/cartesy.de\/en\/product\/npc-livestudio-app\/#primaryimage","url":"https:\/\/cartesy.de\/wp-content\/uploads\/2021\/03\/IMG_4226-scaled.jpg","contentUrl":"https:\/\/cartesy.de\/wp-content\/uploads\/2021\/03\/IMG_4226-scaled.jpg","width":2560,"height":1707,"caption":"NPC LiveStudio App"},{"@type":"BreadcrumbList","@id":"https:\/\/cartesy.de\/en\/product\/npc-livestudio-app\/#breadcrumb","itemListElement":[{"@type":"ListItem","position":1,"name":"Home","item":"https:\/\/cartesy.de\/en\/kanzlei\/"},{"@type":"ListItem","position":2,"name":"Product overview","item":"https:\/\/cartesy.de\/en\/product-overview\/"},{"@type":"ListItem","position":3,"name":"Mobile brake tester display &#8211; NPC LiveStudio App"}]},{"@type":"WebSite","@id":"https:\/\/cartesy.de\/en\/#website","url":"https:\/\/cartesy.de\/en\/","name":"Cartesy","description":"Ihr Experte f\u00fcr hochpr\u00e4zise Pr\u00fcf- und W\u00e4gesysteme.","publisher":{"@id":"https:\/\/cartesy.de\/en\/#organization"},"potentialAction":[{"@type":"SearchAction","target":{"@type":"EntryPoint","urlTemplate":"https:\/\/cartesy.de\/en\/?s={search_term_string}"},"query-input":{"@type":"PropertyValueSpecification","valueRequired":true,"valueName":"search_term_string"}}],"inLanguage":"en-US"},{"@type":"Organization","@id":"https:\/\/cartesy.de\/en\/#organization","name":"Cartesy","url":"https:\/\/cartesy.de\/en\/","logo":{"@type":"ImageObject","inLanguage":"en-US","@id":"https:\/\/cartesy.de\/en\/#\/schema\/logo\/image\/","url":"https:\/\/cartesy.de\/wp-content\/uploads\/Cartesy-logo.png","contentUrl":"https:\/\/cartesy.de\/wp-content\/uploads\/Cartesy-logo.png","width":800,"height":600,"caption":"Cartesy"},"image":{"@id":"https:\/\/cartesy.de\/en\/#\/schema\/logo\/image\/"},"sameAs":["https:\/\/de-de.facebook.com\/CartesyGmbH","https:\/\/de.linkedin.com\/company\/cartesy-gmbh"]}]}},"_links":{"self":[{"href":"https:\/\/cartesy.de\/en\/wp-json\/wp\/v2\/product\/61099","targetHints":{"allow":["GET"]}}],"collection":[{"href":"https:\/\/cartesy.de\/en\/wp-json\/wp\/v2\/product"}],"about":[{"href":"https:\/\/cartesy.de\/en\/wp-json\/wp\/v2\/types\/product"}],"wp:featuredmedia":[{"embeddable":true,"href":"https:\/\/cartesy.de\/en\/wp-json\/wp\/v2\/media\/46872"}],"wp:attachment":[{"href":"https:\/\/cartesy.de\/en\/wp-json\/wp\/v2\/media?parent=61099"}],"wp:term":[{"taxonomy":"product_brand","embeddable":true,"href":"https:\/\/cartesy.de\/en\/wp-json\/wp\/v2\/product_brand?post=61099"},{"taxonomy":"product_cat","embeddable":true,"href":"https:\/\/cartesy.de\/en\/wp-json\/wp\/v2\/product_cat?post=61099"},{"taxonomy":"product_tag","embeddable":true,"href":"https:\/\/cartesy.de\/en\/wp-json\/wp\/v2\/product_tag?post=61099"}],"curies":[{"name":"wp","href":"https:\/\/api.w.org\/{rel}","templated":true}]}}