{"id":61100,"date":"2021-03-10T10:49:56","date_gmt":"2021-03-10T09:49:56","guid":{"rendered":"https:\/\/cartesy.de\/produkt\/pbt-1024-primo\/"},"modified":"2026-03-05T13:31:23","modified_gmt":"2026-03-05T12:31:23","slug":"pbt-1024-primo","status":"publish","type":"product","link":"https:\/\/cartesy.de\/en\/product\/pbt-1024-primo\/","title":{"rendered":"Digital Plate Brake Tester PBT-1024 PRIMO NG"},"content":{"rendered":"<p>Our all-in-one package for the main inspection!<\/p>\n<ul>\n<li>Digital 2-plate brake tester for cars, vans, caravans and motorhomes up to max. 3.5t test load<\/li>\n<li>4t drive-over load<\/li>\n<li>10kN Measuring range<\/li>\n<li>Height only 25mm &#8211; can be driven over crosswise<\/li>\n<li>Touchless speed measurement with radar (patented)<\/li>\n<li>Galvanized mechanics &#8211; IP64 &#8211; suitable for outdoor installation<\/li>\n<li>Digital 12-digit display<\/li>\n<li>on-floor installation<\/li>\n<li>ASA-Livestream V1.2 (according to BPS Guideline 2021)<\/li>\n<li>Electronic parking brake testable!<\/li>\n<li>Trailer can be tested!<\/li>\n<li>Suitable for all-wheel drive vehicles!<\/li>\n<\/ul>\n<p>&nbsp;<\/p>\n<p><a href=\"https:\/\/www.youtube.com\/watch?v=rE6WWc_P1Ok\" target=\"_blank\" rel=\"noopener\"><strong>PRODUCT VIDEO<\/strong><\/a><\/p>\n<p><a href=\"https:\/\/www.youtube.com\/watch?v=zKI3tY0WvWc\" target=\"_blank\" rel=\"noopener\"><strong>ASSEMBLY VIDEO<\/strong><\/a><\/p>\n<p>&nbsp;<\/p>\n<p><strong>Scope of delivery:<\/strong><br \/>\n2 \u00d7 Brake plates with digital 10kN force sensor<br \/>\n4 x Drive-on\/-off ramps<br \/>\n1 \u00d7 Digital radar unit<br \/>\n1 x Digital display with power supply<br \/>\n1 \u00d7 Wall bracket for display<br \/>\n1 \u00d7 ASA-Livestream V1.2 Interface (integrated in display)<br \/>\n2 x Cable protection cover<br \/>\n1 \u00d7 Connection cable15m (25m optionally available)<br \/>\n1 \u00d7 Mounting material<br \/>\n1 \u00d7 Product information<\/p>\n<p>&nbsp;<\/p>\n<p><strong>Information on installation &amp; calibration:<\/strong><br \/>\nInstallation &amp; calibration is carried out by a subcontractor on behalf of Cartesy.<br \/>\nThe appointment will be arranged individually and scheduled as part of a group of visits.<br \/>\nAn employee will contact you directly once the planning has been completed.<\/p>\n<p><strong>Note:<\/strong><br \/>\nWe will be happy to pass on your preferred appointment times, but please understand that we cannot guarantee that these can be accommodated in every case.<br \/>\nRoute planning can take around two weeks, so we kindly ask for your patience. Thank you for your understanding!<\/p>\n<p><strong>Additional for rush orders:<\/strong><br \/>\nFor particularly urgent orders, we are happy to offer you separate processing.<br \/>\nThis will be charged according to the actual time and effort involved. When you place your order, we will send you a quote for the estimated costs.<br \/>\nPlease inform us directly when placing your order so that we can organise everything optimally for you.<\/p>\n<p>&nbsp;<\/p>\n<hr \/>\n<p><strong>More information:<\/strong><\/p>\n<p><a href=\"\/wp-content\/uploads\/Flyer_PBT-1024-PRIMO-NG.pdf\" target=\"_blank\" rel=\"noopener\"> Productinfo-PBT-1024-Primo<\/a><\/p>\n<p><a href=\"https:\/\/cartesy.de\/wp-content\/uploads\/Montagevoraussetzung-PBT-1024-NG-2.pdf\" target=\"_blank\" rel=\"noopener\">Installation information<\/a><\/p>\n","protected":false},"excerpt":{"rendered":"<p>For vehicles up to max. 3,5 t test load. Suitable for all-wheel drive vehicles and trailer testing!<\/p>\n","protected":false},"featured_media":61763,"template":"","meta":[],"product_brand":[],"product_cat":[448],"product_tag":[],"class_list":{"0":"post-61100","1":"product","2":"type-product","3":"status-publish","4":"has-post-thumbnail","6":"product_cat-plate-brake-tester","7":"product_shipping_class-pallet-germany","8":"tm-has-options","10":"first","11":"instock","12":"sale","13":"taxable","14":"shipping-taxable","15":"purchasable","16":"product-type-simple"},"yoast_head":"<!-- This site is optimized with the Yoast SEO plugin v27.3 - https:\/\/yoast.com\/product\/yoast-seo-wordpress\/ -->\n<title>Digital Plate Brake Tester PBT-1024 PRIMO NG | Cartesy<\/title>\n<meta name=\"description\" content=\"For cars &amp; vans up to max. 3.5t test load \u2713 4t drive-over load \u2713 25mm overall height \u2713 Can be driven over crosswise \u2713 Flattest plate brake tester in the world \u25b6 Buy now\" \/>\n<meta name=\"robots\" content=\"index, follow, max-snippet:-1, max-image-preview:large, max-video-preview:-1\" \/>\n<link rel=\"canonical\" href=\"https:\/\/cartesy.de\/en\/product\/pbt-1024-primo\/\" \/>\n<meta property=\"og:locale\" content=\"en_US\" \/>\n<meta property=\"og:type\" content=\"article\" \/>\n<meta property=\"og:title\" content=\"Digital Plate Brake Tester PBT-1024 PRIMO NG | Cartesy\" \/>\n<meta property=\"og:description\" content=\"For cars &amp; vans up to max. 3.5t test load \u2713 4t drive-over load \u2713 25mm overall height \u2713 Can be driven over crosswise \u2713 Flattest plate brake tester in the world \u25b6 Buy now\" \/>\n<meta property=\"og:url\" content=\"https:\/\/cartesy.de\/en\/product\/pbt-1024-primo\/\" \/>\n<meta property=\"og:site_name\" content=\"Cartesy\" \/>\n<meta property=\"article:publisher\" content=\"https:\/\/de-de.facebook.com\/CartesyGmbH\" \/>\n<meta property=\"article:modified_time\" content=\"2026-03-05T12:31:23+00:00\" \/>\n<meta property=\"og:image\" content=\"https:\/\/cartesy.de\/wp-content\/uploads\/PRIMO-NG_1-3-1600x1121.png\" \/>\n\t<meta property=\"og:image:width\" content=\"1600\" \/>\n\t<meta property=\"og:image:height\" content=\"1121\" \/>\n\t<meta property=\"og:image:type\" content=\"image\/png\" \/>\n<meta name=\"twitter:card\" content=\"summary_large_image\" \/>\n<meta name=\"twitter:label1\" content=\"Est. reading time\" \/>\n\t<meta name=\"twitter:data1\" content=\"1 minute\" \/>\n<script type=\"application\/ld+json\" class=\"yoast-schema-graph\">{\"@context\":\"https:\\\/\\\/schema.org\",\"@graph\":[{\"@type\":\"WebPage\",\"@id\":\"https:\\\/\\\/cartesy.de\\\/en\\\/product\\\/pbt-1024-primo\\\/\",\"url\":\"https:\\\/\\\/cartesy.de\\\/en\\\/product\\\/pbt-1024-primo\\\/\",\"name\":\"Digital Plate Brake Tester PBT-1024 PRIMO NG | Cartesy\",\"isPartOf\":{\"@id\":\"https:\\\/\\\/cartesy.de\\\/en\\\/#website\"},\"primaryImageOfPage\":{\"@id\":\"https:\\\/\\\/cartesy.de\\\/en\\\/product\\\/pbt-1024-primo\\\/#primaryimage\"},\"image\":{\"@id\":\"https:\\\/\\\/cartesy.de\\\/en\\\/product\\\/pbt-1024-primo\\\/#primaryimage\"},\"thumbnailUrl\":\"https:\\\/\\\/cartesy.de\\\/wp-content\\\/uploads\\\/PRIMO-NG_1-3.png\",\"datePublished\":\"2021-03-10T09:49:56+00:00\",\"dateModified\":\"2026-03-05T12:31:23+00:00\",\"description\":\"For cars & vans up to max. 3.5t test load \u2713 4t drive-over load \u2713 25mm overall height \u2713 Can be driven over crosswise \u2713 Flattest plate brake tester in the world \u25b6 Buy now\",\"breadcrumb\":{\"@id\":\"https:\\\/\\\/cartesy.de\\\/en\\\/product\\\/pbt-1024-primo\\\/#breadcrumb\"},\"inLanguage\":\"en-US\",\"potentialAction\":[{\"@type\":\"ReadAction\",\"target\":[\"https:\\\/\\\/cartesy.de\\\/en\\\/product\\\/pbt-1024-primo\\\/\"]}]},{\"@type\":\"ImageObject\",\"inLanguage\":\"en-US\",\"@id\":\"https:\\\/\\\/cartesy.de\\\/en\\\/product\\\/pbt-1024-primo\\\/#primaryimage\",\"url\":\"https:\\\/\\\/cartesy.de\\\/wp-content\\\/uploads\\\/PRIMO-NG_1-3.png\",\"contentUrl\":\"https:\\\/\\\/cartesy.de\\\/wp-content\\\/uploads\\\/PRIMO-NG_1-3.png\",\"width\":7169,\"height\":5025,\"caption\":\"Plate Brake Tester PBT-1024 PRIMO\"},{\"@type\":\"BreadcrumbList\",\"@id\":\"https:\\\/\\\/cartesy.de\\\/en\\\/product\\\/pbt-1024-primo\\\/#breadcrumb\",\"itemListElement\":[{\"@type\":\"ListItem\",\"position\":1,\"name\":\"Home\",\"item\":\"https:\\\/\\\/cartesy.de\\\/en\\\/kanzlei\\\/\"},{\"@type\":\"ListItem\",\"position\":2,\"name\":\"Product overview\",\"item\":\"https:\\\/\\\/cartesy.de\\\/en\\\/product-overview\\\/\"},{\"@type\":\"ListItem\",\"position\":3,\"name\":\"Digital Plate Brake Tester PBT-1024 PRIMO NG\"}]},{\"@type\":\"WebSite\",\"@id\":\"https:\\\/\\\/cartesy.de\\\/en\\\/#website\",\"url\":\"https:\\\/\\\/cartesy.de\\\/en\\\/\",\"name\":\"Cartesy\",\"description\":\"Ihr Experte f\u00fcr hochpr\u00e4zise Pr\u00fcf- und W\u00e4gesysteme.\",\"publisher\":{\"@id\":\"https:\\\/\\\/cartesy.de\\\/en\\\/#organization\"},\"potentialAction\":[{\"@type\":\"SearchAction\",\"target\":{\"@type\":\"EntryPoint\",\"urlTemplate\":\"https:\\\/\\\/cartesy.de\\\/en\\\/?s={search_term_string}\"},\"query-input\":{\"@type\":\"PropertyValueSpecification\",\"valueRequired\":true,\"valueName\":\"search_term_string\"}}],\"inLanguage\":\"en-US\"},{\"@type\":\"Organization\",\"@id\":\"https:\\\/\\\/cartesy.de\\\/en\\\/#organization\",\"name\":\"Cartesy\",\"url\":\"https:\\\/\\\/cartesy.de\\\/en\\\/\",\"logo\":{\"@type\":\"ImageObject\",\"inLanguage\":\"en-US\",\"@id\":\"https:\\\/\\\/cartesy.de\\\/en\\\/#\\\/schema\\\/logo\\\/image\\\/\",\"url\":\"https:\\\/\\\/cartesy.de\\\/wp-content\\\/uploads\\\/Cartesy-logo.png\",\"contentUrl\":\"https:\\\/\\\/cartesy.de\\\/wp-content\\\/uploads\\\/Cartesy-logo.png\",\"width\":800,\"height\":600,\"caption\":\"Cartesy\"},\"image\":{\"@id\":\"https:\\\/\\\/cartesy.de\\\/en\\\/#\\\/schema\\\/logo\\\/image\\\/\"},\"sameAs\":[\"https:\\\/\\\/de-de.facebook.com\\\/CartesyGmbH\",\"https:\\\/\\\/de.linkedin.com\\\/company\\\/cartesy-gmbh\"]}]}<\/script>\n<!-- \/ Yoast SEO plugin. -->","yoast_head_json":{"title":"Digital Plate Brake Tester PBT-1024 PRIMO NG | Cartesy","description":"For cars & vans up to max. 3.5t test load \u2713 4t drive-over load \u2713 25mm overall height \u2713 Can be driven over crosswise \u2713 Flattest plate brake tester in the world \u25b6 Buy now","robots":{"index":"index","follow":"follow","max-snippet":"max-snippet:-1","max-image-preview":"max-image-preview:large","max-video-preview":"max-video-preview:-1"},"canonical":"https:\/\/cartesy.de\/en\/product\/pbt-1024-primo\/","og_locale":"en_US","og_type":"article","og_title":"Digital Plate Brake Tester PBT-1024 PRIMO NG | Cartesy","og_description":"For cars & vans up to max. 3.5t test load \u2713 4t drive-over load \u2713 25mm overall height \u2713 Can be driven over crosswise \u2713 Flattest plate brake tester in the world \u25b6 Buy now","og_url":"https:\/\/cartesy.de\/en\/product\/pbt-1024-primo\/","og_site_name":"Cartesy","article_publisher":"https:\/\/de-de.facebook.com\/CartesyGmbH","article_modified_time":"2026-03-05T12:31:23+00:00","og_image":[{"width":1600,"height":1121,"url":"https:\/\/cartesy.de\/wp-content\/uploads\/PRIMO-NG_1-3-1600x1121.png","type":"image\/png"}],"twitter_card":"summary_large_image","twitter_misc":{"Est. reading time":"1 minute"},"schema":{"@context":"https:\/\/schema.org","@graph":[{"@type":"WebPage","@id":"https:\/\/cartesy.de\/en\/product\/pbt-1024-primo\/","url":"https:\/\/cartesy.de\/en\/product\/pbt-1024-primo\/","name":"Digital Plate Brake Tester PBT-1024 PRIMO NG | Cartesy","isPartOf":{"@id":"https:\/\/cartesy.de\/en\/#website"},"primaryImageOfPage":{"@id":"https:\/\/cartesy.de\/en\/product\/pbt-1024-primo\/#primaryimage"},"image":{"@id":"https:\/\/cartesy.de\/en\/product\/pbt-1024-primo\/#primaryimage"},"thumbnailUrl":"https:\/\/cartesy.de\/wp-content\/uploads\/PRIMO-NG_1-3.png","datePublished":"2021-03-10T09:49:56+00:00","dateModified":"2026-03-05T12:31:23+00:00","description":"For cars & vans up to max. 3.5t test load \u2713 4t drive-over load \u2713 25mm overall height \u2713 Can be driven over crosswise \u2713 Flattest plate brake tester in the world \u25b6 Buy now","breadcrumb":{"@id":"https:\/\/cartesy.de\/en\/product\/pbt-1024-primo\/#breadcrumb"},"inLanguage":"en-US","potentialAction":[{"@type":"ReadAction","target":["https:\/\/cartesy.de\/en\/product\/pbt-1024-primo\/"]}]},{"@type":"ImageObject","inLanguage":"en-US","@id":"https:\/\/cartesy.de\/en\/product\/pbt-1024-primo\/#primaryimage","url":"https:\/\/cartesy.de\/wp-content\/uploads\/PRIMO-NG_1-3.png","contentUrl":"https:\/\/cartesy.de\/wp-content\/uploads\/PRIMO-NG_1-3.png","width":7169,"height":5025,"caption":"Plate Brake Tester PBT-1024 PRIMO"},{"@type":"BreadcrumbList","@id":"https:\/\/cartesy.de\/en\/product\/pbt-1024-primo\/#breadcrumb","itemListElement":[{"@type":"ListItem","position":1,"name":"Home","item":"https:\/\/cartesy.de\/en\/kanzlei\/"},{"@type":"ListItem","position":2,"name":"Product overview","item":"https:\/\/cartesy.de\/en\/product-overview\/"},{"@type":"ListItem","position":3,"name":"Digital Plate Brake Tester PBT-1024 PRIMO NG"}]},{"@type":"WebSite","@id":"https:\/\/cartesy.de\/en\/#website","url":"https:\/\/cartesy.de\/en\/","name":"Cartesy","description":"Ihr Experte f\u00fcr hochpr\u00e4zise Pr\u00fcf- und W\u00e4gesysteme.","publisher":{"@id":"https:\/\/cartesy.de\/en\/#organization"},"potentialAction":[{"@type":"SearchAction","target":{"@type":"EntryPoint","urlTemplate":"https:\/\/cartesy.de\/en\/?s={search_term_string}"},"query-input":{"@type":"PropertyValueSpecification","valueRequired":true,"valueName":"search_term_string"}}],"inLanguage":"en-US"},{"@type":"Organization","@id":"https:\/\/cartesy.de\/en\/#organization","name":"Cartesy","url":"https:\/\/cartesy.de\/en\/","logo":{"@type":"ImageObject","inLanguage":"en-US","@id":"https:\/\/cartesy.de\/en\/#\/schema\/logo\/image\/","url":"https:\/\/cartesy.de\/wp-content\/uploads\/Cartesy-logo.png","contentUrl":"https:\/\/cartesy.de\/wp-content\/uploads\/Cartesy-logo.png","width":800,"height":600,"caption":"Cartesy"},"image":{"@id":"https:\/\/cartesy.de\/en\/#\/schema\/logo\/image\/"},"sameAs":["https:\/\/de-de.facebook.com\/CartesyGmbH","https:\/\/de.linkedin.com\/company\/cartesy-gmbh"]}]}},"_links":{"self":[{"href":"https:\/\/cartesy.de\/en\/wp-json\/wp\/v2\/product\/61100","targetHints":{"allow":["GET"]}}],"collection":[{"href":"https:\/\/cartesy.de\/en\/wp-json\/wp\/v2\/product"}],"about":[{"href":"https:\/\/cartesy.de\/en\/wp-json\/wp\/v2\/types\/product"}],"wp:featuredmedia":[{"embeddable":true,"href":"https:\/\/cartesy.de\/en\/wp-json\/wp\/v2\/media\/61763"}],"wp:attachment":[{"href":"https:\/\/cartesy.de\/en\/wp-json\/wp\/v2\/media?parent=61100"}],"wp:term":[{"taxonomy":"product_brand","embeddable":true,"href":"https:\/\/cartesy.de\/en\/wp-json\/wp\/v2\/product_brand?post=61100"},{"taxonomy":"product_cat","embeddable":true,"href":"https:\/\/cartesy.de\/en\/wp-json\/wp\/v2\/product_cat?post=61100"},{"taxonomy":"product_tag","embeddable":true,"href":"https:\/\/cartesy.de\/en\/wp-json\/wp\/v2\/product_tag?post=61100"}],"curies":[{"name":"wp","href":"https:\/\/api.w.org\/{rel}","templated":true}]}}