{"id":61103,"date":"2021-06-21T11:00:10","date_gmt":"2021-06-21T09:00:10","guid":{"rendered":"https:\/\/cartesy.de\/produkt\/cablecover-radar-1000mm\/"},"modified":"2025-11-26T10:37:37","modified_gmt":"2025-11-26T09:37:37","slug":"cablecover-radar-1000mm","status":"publish","type":"product","link":"https:\/\/cartesy.de\/en\/product\/cablecover-radar-1000mm\/","title":{"rendered":"Cable cover radar 1000mm"},"content":{"rendered":"<p><strong>Extension of the plate spacing (left to right) from 0.85m to 1.00m<\/strong><\/p>\n<p>The standard scope of delivery of the PBT-1024 PRIMO NG plate brake tester includes a 0.85 m radar cable cover plate. This defines the distance between the left and right brake plates. If you are testing vehicles with large track widths (such as motor homes, US cars, etc.), you can extend the radar cable cover plate to 1.0 m with this option.<\/p>\n","protected":false},"excerpt":{"rendered":"<p>Cable cover radar 1000mm<\/p>\n","protected":false},"featured_media":46995,"template":"","meta":[],"product_brand":[],"product_cat":[450],"product_tag":[452],"class_list":{"0":"post-61103","1":"product","2":"type-product","3":"status-publish","4":"has-post-thumbnail","6":"product_cat-accessories-plate-brake-tester","7":"product_tag-cable-cover-radar-1000mm","8":"product_shipping_class-g-en","9":"tm-no-options","11":"first","12":"instock","13":"taxable","14":"shipping-taxable","15":"purchasable","16":"product-type-simple"},"yoast_head":"<!-- This site is optimized with the Yoast SEO plugin v27.3 - https:\/\/yoast.com\/product\/yoast-seo-wordpress\/ -->\n<title>Cable cover radar 1000mm | Cartesy<\/title>\n<meta name=\"description\" content=\"Plate brake tester PBT-1024 PRIMO NG \u2713 incl. 0.85m radar cable cover \u2713 optional track widening to 1.00m for wide track widths \u25b6Buy now\" \/>\n<meta name=\"robots\" content=\"index, follow, max-snippet:-1, max-image-preview:large, max-video-preview:-1\" \/>\n<link rel=\"canonical\" href=\"https:\/\/cartesy.de\/en\/product\/cablecover-radar-1000mm\/\" \/>\n<meta property=\"og:locale\" content=\"en_US\" \/>\n<meta property=\"og:type\" content=\"article\" \/>\n<meta property=\"og:title\" content=\"Cable cover radar 1000mm | Cartesy\" \/>\n<meta property=\"og:description\" content=\"Plate brake tester PBT-1024 PRIMO NG \u2713 incl. 0.85m radar cable cover \u2713 optional track widening to 1.00m for wide track widths \u25b6Buy now\" \/>\n<meta property=\"og:url\" content=\"https:\/\/cartesy.de\/en\/product\/cablecover-radar-1000mm\/\" \/>\n<meta property=\"og:site_name\" content=\"Cartesy\" \/>\n<meta property=\"article:publisher\" content=\"https:\/\/de-de.facebook.com\/CartesyGmbH\" \/>\n<meta property=\"article:modified_time\" content=\"2025-11-26T09:37:37+00:00\" \/>\n<meta property=\"og:image\" content=\"https:\/\/cartesy.de\/wp-content\/uploads\/Radarblech-1000mm.jpg\" \/>\n\t<meta property=\"og:image:width\" content=\"800\" \/>\n\t<meta property=\"og:image:height\" content=\"450\" \/>\n\t<meta property=\"og:image:type\" content=\"image\/jpeg\" \/>\n<meta name=\"twitter:card\" content=\"summary_large_image\" \/>\n<script type=\"application\/ld+json\" class=\"yoast-schema-graph\">{\"@context\":\"https:\\\/\\\/schema.org\",\"@graph\":[{\"@type\":\"WebPage\",\"@id\":\"https:\\\/\\\/cartesy.de\\\/en\\\/product\\\/cablecover-radar-1000mm\\\/\",\"url\":\"https:\\\/\\\/cartesy.de\\\/en\\\/product\\\/cablecover-radar-1000mm\\\/\",\"name\":\"Cable cover radar 1000mm | Cartesy\",\"isPartOf\":{\"@id\":\"https:\\\/\\\/cartesy.de\\\/en\\\/#website\"},\"primaryImageOfPage\":{\"@id\":\"https:\\\/\\\/cartesy.de\\\/en\\\/product\\\/cablecover-radar-1000mm\\\/#primaryimage\"},\"image\":{\"@id\":\"https:\\\/\\\/cartesy.de\\\/en\\\/product\\\/cablecover-radar-1000mm\\\/#primaryimage\"},\"thumbnailUrl\":\"https:\\\/\\\/cartesy.de\\\/wp-content\\\/uploads\\\/Radarblech-1000mm.jpg\",\"datePublished\":\"2021-06-21T09:00:10+00:00\",\"dateModified\":\"2025-11-26T09:37:37+00:00\",\"description\":\"Plate brake tester PBT-1024 PRIMO NG \u2713 incl. 0.85m radar cable cover \u2713 optional track widening to 1.00m for wide track widths \u25b6Buy now\",\"breadcrumb\":{\"@id\":\"https:\\\/\\\/cartesy.de\\\/en\\\/product\\\/cablecover-radar-1000mm\\\/#breadcrumb\"},\"inLanguage\":\"en-US\",\"potentialAction\":[{\"@type\":\"ReadAction\",\"target\":[\"https:\\\/\\\/cartesy.de\\\/en\\\/product\\\/cablecover-radar-1000mm\\\/\"]}]},{\"@type\":\"ImageObject\",\"inLanguage\":\"en-US\",\"@id\":\"https:\\\/\\\/cartesy.de\\\/en\\\/product\\\/cablecover-radar-1000mm\\\/#primaryimage\",\"url\":\"https:\\\/\\\/cartesy.de\\\/wp-content\\\/uploads\\\/Radarblech-1000mm.jpg\",\"contentUrl\":\"https:\\\/\\\/cartesy.de\\\/wp-content\\\/uploads\\\/Radarblech-1000mm.jpg\",\"width\":800,\"height\":450,\"caption\":\"cable cover radar1000mm\"},{\"@type\":\"BreadcrumbList\",\"@id\":\"https:\\\/\\\/cartesy.de\\\/en\\\/product\\\/cablecover-radar-1000mm\\\/#breadcrumb\",\"itemListElement\":[{\"@type\":\"ListItem\",\"position\":1,\"name\":\"Home\",\"item\":\"https:\\\/\\\/cartesy.de\\\/en\\\/kanzlei\\\/\"},{\"@type\":\"ListItem\",\"position\":2,\"name\":\"Product overview\",\"item\":\"https:\\\/\\\/cartesy.de\\\/en\\\/product-overview\\\/\"},{\"@type\":\"ListItem\",\"position\":3,\"name\":\"Cable cover radar 1000mm\"}]},{\"@type\":\"WebSite\",\"@id\":\"https:\\\/\\\/cartesy.de\\\/en\\\/#website\",\"url\":\"https:\\\/\\\/cartesy.de\\\/en\\\/\",\"name\":\"Cartesy\",\"description\":\"Ihr Experte f\u00fcr hochpr\u00e4zise Pr\u00fcf- und W\u00e4gesysteme.\",\"publisher\":{\"@id\":\"https:\\\/\\\/cartesy.de\\\/en\\\/#organization\"},\"potentialAction\":[{\"@type\":\"SearchAction\",\"target\":{\"@type\":\"EntryPoint\",\"urlTemplate\":\"https:\\\/\\\/cartesy.de\\\/en\\\/?s={search_term_string}\"},\"query-input\":{\"@type\":\"PropertyValueSpecification\",\"valueRequired\":true,\"valueName\":\"search_term_string\"}}],\"inLanguage\":\"en-US\"},{\"@type\":\"Organization\",\"@id\":\"https:\\\/\\\/cartesy.de\\\/en\\\/#organization\",\"name\":\"Cartesy\",\"url\":\"https:\\\/\\\/cartesy.de\\\/en\\\/\",\"logo\":{\"@type\":\"ImageObject\",\"inLanguage\":\"en-US\",\"@id\":\"https:\\\/\\\/cartesy.de\\\/en\\\/#\\\/schema\\\/logo\\\/image\\\/\",\"url\":\"https:\\\/\\\/cartesy.de\\\/wp-content\\\/uploads\\\/Cartesy-logo.png\",\"contentUrl\":\"https:\\\/\\\/cartesy.de\\\/wp-content\\\/uploads\\\/Cartesy-logo.png\",\"width\":800,\"height\":600,\"caption\":\"Cartesy\"},\"image\":{\"@id\":\"https:\\\/\\\/cartesy.de\\\/en\\\/#\\\/schema\\\/logo\\\/image\\\/\"},\"sameAs\":[\"https:\\\/\\\/de-de.facebook.com\\\/CartesyGmbH\",\"https:\\\/\\\/de.linkedin.com\\\/company\\\/cartesy-gmbh\"]}]}<\/script>\n<!-- \/ Yoast SEO plugin. -->","yoast_head_json":{"title":"Cable cover radar 1000mm | Cartesy","description":"Plate brake tester PBT-1024 PRIMO NG \u2713 incl. 0.85m radar cable cover \u2713 optional track widening to 1.00m for wide track widths \u25b6Buy now","robots":{"index":"index","follow":"follow","max-snippet":"max-snippet:-1","max-image-preview":"max-image-preview:large","max-video-preview":"max-video-preview:-1"},"canonical":"https:\/\/cartesy.de\/en\/product\/cablecover-radar-1000mm\/","og_locale":"en_US","og_type":"article","og_title":"Cable cover radar 1000mm | Cartesy","og_description":"Plate brake tester PBT-1024 PRIMO NG \u2713 incl. 0.85m radar cable cover \u2713 optional track widening to 1.00m for wide track widths \u25b6Buy now","og_url":"https:\/\/cartesy.de\/en\/product\/cablecover-radar-1000mm\/","og_site_name":"Cartesy","article_publisher":"https:\/\/de-de.facebook.com\/CartesyGmbH","article_modified_time":"2025-11-26T09:37:37+00:00","og_image":[{"width":800,"height":450,"url":"https:\/\/cartesy.de\/wp-content\/uploads\/Radarblech-1000mm.jpg","type":"image\/jpeg"}],"twitter_card":"summary_large_image","schema":{"@context":"https:\/\/schema.org","@graph":[{"@type":"WebPage","@id":"https:\/\/cartesy.de\/en\/product\/cablecover-radar-1000mm\/","url":"https:\/\/cartesy.de\/en\/product\/cablecover-radar-1000mm\/","name":"Cable cover radar 1000mm | Cartesy","isPartOf":{"@id":"https:\/\/cartesy.de\/en\/#website"},"primaryImageOfPage":{"@id":"https:\/\/cartesy.de\/en\/product\/cablecover-radar-1000mm\/#primaryimage"},"image":{"@id":"https:\/\/cartesy.de\/en\/product\/cablecover-radar-1000mm\/#primaryimage"},"thumbnailUrl":"https:\/\/cartesy.de\/wp-content\/uploads\/Radarblech-1000mm.jpg","datePublished":"2021-06-21T09:00:10+00:00","dateModified":"2025-11-26T09:37:37+00:00","description":"Plate brake tester PBT-1024 PRIMO NG \u2713 incl. 0.85m radar cable cover \u2713 optional track widening to 1.00m for wide track widths \u25b6Buy now","breadcrumb":{"@id":"https:\/\/cartesy.de\/en\/product\/cablecover-radar-1000mm\/#breadcrumb"},"inLanguage":"en-US","potentialAction":[{"@type":"ReadAction","target":["https:\/\/cartesy.de\/en\/product\/cablecover-radar-1000mm\/"]}]},{"@type":"ImageObject","inLanguage":"en-US","@id":"https:\/\/cartesy.de\/en\/product\/cablecover-radar-1000mm\/#primaryimage","url":"https:\/\/cartesy.de\/wp-content\/uploads\/Radarblech-1000mm.jpg","contentUrl":"https:\/\/cartesy.de\/wp-content\/uploads\/Radarblech-1000mm.jpg","width":800,"height":450,"caption":"cable cover radar1000mm"},{"@type":"BreadcrumbList","@id":"https:\/\/cartesy.de\/en\/product\/cablecover-radar-1000mm\/#breadcrumb","itemListElement":[{"@type":"ListItem","position":1,"name":"Home","item":"https:\/\/cartesy.de\/en\/kanzlei\/"},{"@type":"ListItem","position":2,"name":"Product overview","item":"https:\/\/cartesy.de\/en\/product-overview\/"},{"@type":"ListItem","position":3,"name":"Cable cover radar 1000mm"}]},{"@type":"WebSite","@id":"https:\/\/cartesy.de\/en\/#website","url":"https:\/\/cartesy.de\/en\/","name":"Cartesy","description":"Ihr Experte f\u00fcr hochpr\u00e4zise Pr\u00fcf- und W\u00e4gesysteme.","publisher":{"@id":"https:\/\/cartesy.de\/en\/#organization"},"potentialAction":[{"@type":"SearchAction","target":{"@type":"EntryPoint","urlTemplate":"https:\/\/cartesy.de\/en\/?s={search_term_string}"},"query-input":{"@type":"PropertyValueSpecification","valueRequired":true,"valueName":"search_term_string"}}],"inLanguage":"en-US"},{"@type":"Organization","@id":"https:\/\/cartesy.de\/en\/#organization","name":"Cartesy","url":"https:\/\/cartesy.de\/en\/","logo":{"@type":"ImageObject","inLanguage":"en-US","@id":"https:\/\/cartesy.de\/en\/#\/schema\/logo\/image\/","url":"https:\/\/cartesy.de\/wp-content\/uploads\/Cartesy-logo.png","contentUrl":"https:\/\/cartesy.de\/wp-content\/uploads\/Cartesy-logo.png","width":800,"height":600,"caption":"Cartesy"},"image":{"@id":"https:\/\/cartesy.de\/en\/#\/schema\/logo\/image\/"},"sameAs":["https:\/\/de-de.facebook.com\/CartesyGmbH","https:\/\/de.linkedin.com\/company\/cartesy-gmbh"]}]}},"_links":{"self":[{"href":"https:\/\/cartesy.de\/en\/wp-json\/wp\/v2\/product\/61103","targetHints":{"allow":["GET"]}}],"collection":[{"href":"https:\/\/cartesy.de\/en\/wp-json\/wp\/v2\/product"}],"about":[{"href":"https:\/\/cartesy.de\/en\/wp-json\/wp\/v2\/types\/product"}],"wp:featuredmedia":[{"embeddable":true,"href":"https:\/\/cartesy.de\/en\/wp-json\/wp\/v2\/media\/46995"}],"wp:attachment":[{"href":"https:\/\/cartesy.de\/en\/wp-json\/wp\/v2\/media?parent=61103"}],"wp:term":[{"taxonomy":"product_brand","embeddable":true,"href":"https:\/\/cartesy.de\/en\/wp-json\/wp\/v2\/product_brand?post=61103"},{"taxonomy":"product_cat","embeddable":true,"href":"https:\/\/cartesy.de\/en\/wp-json\/wp\/v2\/product_cat?post=61103"},{"taxonomy":"product_tag","embeddable":true,"href":"https:\/\/cartesy.de\/en\/wp-json\/wp\/v2\/product_tag?post=61103"}],"curies":[{"name":"wp","href":"https:\/\/api.w.org\/{rel}","templated":true}]}}