{"id":61107,"date":"2021-06-07T19:00:20","date_gmt":"2021-06-07T17:00:20","guid":{"rendered":"https:\/\/cartesy.de\/produkt\/iso17025-calibration-force-1md\/"},"modified":"2026-02-02T14:51:49","modified_gmt":"2026-02-02T13:51:49","slug":"iso17025-calibration-force-1md","status":"publish","type":"product","link":"https:\/\/cartesy.de\/en\/product\/iso17025-calibration-force-1md\/","title":{"rendered":"ISO 17025 (DAkkS) Calibration: Force sensors up to 50kN (one measuring direction)"},"content":{"rendered":"<p><strong>Calibration scope:<\/strong><\/p>\n<ul>\n<li>Accredited calibration according to DIN EN ISO\/IEC 17025<\/li>\n<li>DKD-R 3-3:2024 Procedure A<\/li>\n<li>One measuring direction (tension or compression)<\/li>\n<li>At least 6 calibration points<\/li>\n<li>Calibration certificate in digital form<\/li>\n<\/ul>\n<p>&nbsp;<\/p>\n<p><strong>Additional information \/ standard specifications:<\/strong><\/p>\n<ul>\n<li>Calibration interval: 12 months<\/li>\n<li>Accepted specification: based on the application requirements<\/li>\n<li>Decision rule: in accordance with the esz test equipment requirements for automotive workshop technology and inspection centers<\/li>\n<li>Conformity assessment: yes<\/li>\n<\/ul>\n<p>Please specify any deviating details with your order.<\/p>\n<p>&nbsp;<\/p>\n<p><strong>Note on certificates<\/strong>: Calibration certificates are now only available digitally via our <strong>CLab calibration database<\/strong>. In CLab, you benefit from automatic appointment monitoring and have the option of viewing and managing your devices and calibration orders: <a href=\"https:\/\/calibration.cartesy.org\/site\/?lang=en\">https:\/\/calibration.cartesy.org\/site\/?lang=en<\/a><\/p>\n<p>For your first login, you will automatically receive your access information by email after your order has been processed.<\/p>\n<p>&nbsp;<\/p>\n<p>We are happy to calibrate (reference) force sensors (S-force etc.) from other manufacturers for you!<\/p>\n<p><a href=\"https:\/\/cartesy.de\/en\/calibration-service\/#kontakt\">Contact form<\/a><\/p>\n<hr>\n<p>&nbsp;<\/p>\n<p><strong>Information on the calibration procedure: <\/strong><\/p>\n<p>After placing your order, we will contact you immediately to coordinate the next steps.<br \/>\nWe will clarify the shipping and calibration date with you.<br \/>\nIf you have any questions in advance, please do not hesitate to contact us by phone or e-mail.<\/p>\n<p>Tel.: <a href=\"tel:0863118690\">+498631\/1869-0<\/a><br \/>\nE-Mail: <a href=\"mailto:calibration@cartesy.de\">calibration@cartesy.de<\/a><\/p>\n","protected":false},"excerpt":{"rendered":"<p>For force transducers such as IFW-02-S, SHT-20-K, ZW 6.0, ZKM 010, S9M etc.<\/p>\n","protected":false},"featured_media":46901,"template":"","meta":[],"product_brand":[],"product_cat":[444],"product_tag":[454,455],"class_list":{"0":"post-61107","1":"product","2":"type-product","3":"status-publish","4":"has-post-thumbnail","6":"product_cat-calibration-services","7":"product_tag-iso-17025-calibration-dkd-r-3-3-for-pedal-force","8":"product_tag-force-sensor","9":"product_shipping_class-k-en","10":"tm-no-options","12":"first","13":"instock","14":"taxable","15":"shipping-taxable","16":"purchasable","17":"product-type-simple"},"yoast_head":"<!-- This site is optimized with the Yoast SEO plugin v27.3 - https:\/\/yoast.com\/product\/yoast-seo-wordpress\/ -->\n<title>ISO 17025 calibration in one measuring direction | Cartesy<\/title>\n<meta name=\"description\" content=\"DKD-R-3-3: One measuring direction \u2713 Six calibration points \u2713 ISO 17025 calibration certificate \u2713 for brake tester reference sensor, S-force sensors \u25b6 Buy now\" \/>\n<meta name=\"robots\" content=\"index, follow, max-snippet:-1, max-image-preview:large, max-video-preview:-1\" \/>\n<link rel=\"canonical\" href=\"https:\/\/cartesy.de\/en\/product\/iso17025-calibration-force-1md\/\" \/>\n<meta property=\"og:locale\" content=\"en_US\" \/>\n<meta property=\"og:type\" content=\"article\" \/>\n<meta property=\"og:title\" content=\"ISO 17025 calibration in one measuring direction | Cartesy\" \/>\n<meta property=\"og:description\" content=\"DKD-R-3-3: One measuring direction \u2713 Six calibration points \u2713 ISO 17025 calibration certificate \u2713 for brake tester reference sensor, S-force sensors \u25b6 Buy now\" \/>\n<meta property=\"og:url\" content=\"https:\/\/cartesy.de\/en\/product\/iso17025-calibration-force-1md\/\" \/>\n<meta property=\"og:site_name\" content=\"Cartesy\" \/>\n<meta property=\"article:publisher\" content=\"https:\/\/de-de.facebook.com\/CartesyGmbH\" \/>\n<meta property=\"article:modified_time\" content=\"2026-02-02T13:51:49+00:00\" \/>\n<meta property=\"og:image\" content=\"https:\/\/cartesy.de\/wp-content\/uploads\/2021\/06\/Labor-Kraft-2-scaled.jpg\" \/>\n\t<meta property=\"og:image:width\" content=\"2560\" \/>\n\t<meta property=\"og:image:height\" content=\"1920\" \/>\n\t<meta property=\"og:image:type\" content=\"image\/jpeg\" \/>\n<meta name=\"twitter:card\" content=\"summary_large_image\" \/>\n<meta name=\"twitter:label1\" content=\"Est. reading time\" \/>\n\t<meta name=\"twitter:data1\" content=\"1 minute\" \/>\n<script type=\"application\/ld+json\" class=\"yoast-schema-graph\">{\"@context\":\"https:\\\/\\\/schema.org\",\"@graph\":[{\"@type\":\"WebPage\",\"@id\":\"https:\\\/\\\/cartesy.de\\\/en\\\/product\\\/iso17025-calibration-force-1md\\\/\",\"url\":\"https:\\\/\\\/cartesy.de\\\/en\\\/product\\\/iso17025-calibration-force-1md\\\/\",\"name\":\"ISO 17025 calibration in one measuring direction | Cartesy\",\"isPartOf\":{\"@id\":\"https:\\\/\\\/cartesy.de\\\/en\\\/#website\"},\"primaryImageOfPage\":{\"@id\":\"https:\\\/\\\/cartesy.de\\\/en\\\/product\\\/iso17025-calibration-force-1md\\\/#primaryimage\"},\"image\":{\"@id\":\"https:\\\/\\\/cartesy.de\\\/en\\\/product\\\/iso17025-calibration-force-1md\\\/#primaryimage\"},\"thumbnailUrl\":\"https:\\\/\\\/cartesy.de\\\/wp-content\\\/uploads\\\/2021\\\/06\\\/Labor-Kraft-2-scaled.jpg\",\"datePublished\":\"2021-06-07T17:00:20+00:00\",\"dateModified\":\"2026-02-02T13:51:49+00:00\",\"description\":\"DKD-R-3-3: One measuring direction \u2713 Six calibration points \u2713 ISO 17025 calibration certificate \u2713 for brake tester reference sensor, S-force sensors \u25b6 Buy now\",\"breadcrumb\":{\"@id\":\"https:\\\/\\\/cartesy.de\\\/en\\\/product\\\/iso17025-calibration-force-1md\\\/#breadcrumb\"},\"inLanguage\":\"en-US\",\"potentialAction\":[{\"@type\":\"ReadAction\",\"target\":[\"https:\\\/\\\/cartesy.de\\\/en\\\/product\\\/iso17025-calibration-force-1md\\\/\"]}]},{\"@type\":\"ImageObject\",\"inLanguage\":\"en-US\",\"@id\":\"https:\\\/\\\/cartesy.de\\\/en\\\/product\\\/iso17025-calibration-force-1md\\\/#primaryimage\",\"url\":\"https:\\\/\\\/cartesy.de\\\/wp-content\\\/uploads\\\/2021\\\/06\\\/Labor-Kraft-2-scaled.jpg\",\"contentUrl\":\"https:\\\/\\\/cartesy.de\\\/wp-content\\\/uploads\\\/2021\\\/06\\\/Labor-Kraft-2-scaled.jpg\",\"width\":2560,\"height\":1920,\"caption\":\"Laboratory force calibration machine\"},{\"@type\":\"BreadcrumbList\",\"@id\":\"https:\\\/\\\/cartesy.de\\\/en\\\/product\\\/iso17025-calibration-force-1md\\\/#breadcrumb\",\"itemListElement\":[{\"@type\":\"ListItem\",\"position\":1,\"name\":\"Home\",\"item\":\"https:\\\/\\\/cartesy.de\\\/en\\\/kanzlei\\\/\"},{\"@type\":\"ListItem\",\"position\":2,\"name\":\"Product overview\",\"item\":\"https:\\\/\\\/cartesy.de\\\/en\\\/product-overview\\\/\"},{\"@type\":\"ListItem\",\"position\":3,\"name\":\"ISO 17025 (DAkkS) Calibration: Force sensors up to 50kN (one measuring direction)\"}]},{\"@type\":\"WebSite\",\"@id\":\"https:\\\/\\\/cartesy.de\\\/en\\\/#website\",\"url\":\"https:\\\/\\\/cartesy.de\\\/en\\\/\",\"name\":\"Cartesy\",\"description\":\"Ihr Experte f\u00fcr hochpr\u00e4zise Pr\u00fcf- und W\u00e4gesysteme.\",\"publisher\":{\"@id\":\"https:\\\/\\\/cartesy.de\\\/en\\\/#organization\"},\"potentialAction\":[{\"@type\":\"SearchAction\",\"target\":{\"@type\":\"EntryPoint\",\"urlTemplate\":\"https:\\\/\\\/cartesy.de\\\/en\\\/?s={search_term_string}\"},\"query-input\":{\"@type\":\"PropertyValueSpecification\",\"valueRequired\":true,\"valueName\":\"search_term_string\"}}],\"inLanguage\":\"en-US\"},{\"@type\":\"Organization\",\"@id\":\"https:\\\/\\\/cartesy.de\\\/en\\\/#organization\",\"name\":\"Cartesy\",\"url\":\"https:\\\/\\\/cartesy.de\\\/en\\\/\",\"logo\":{\"@type\":\"ImageObject\",\"inLanguage\":\"en-US\",\"@id\":\"https:\\\/\\\/cartesy.de\\\/en\\\/#\\\/schema\\\/logo\\\/image\\\/\",\"url\":\"https:\\\/\\\/cartesy.de\\\/wp-content\\\/uploads\\\/Cartesy-logo.png\",\"contentUrl\":\"https:\\\/\\\/cartesy.de\\\/wp-content\\\/uploads\\\/Cartesy-logo.png\",\"width\":800,\"height\":600,\"caption\":\"Cartesy\"},\"image\":{\"@id\":\"https:\\\/\\\/cartesy.de\\\/en\\\/#\\\/schema\\\/logo\\\/image\\\/\"},\"sameAs\":[\"https:\\\/\\\/de-de.facebook.com\\\/CartesyGmbH\",\"https:\\\/\\\/de.linkedin.com\\\/company\\\/cartesy-gmbh\"]}]}<\/script>\n<!-- \/ Yoast SEO plugin. -->","yoast_head_json":{"title":"ISO 17025 calibration in one measuring direction | Cartesy","description":"DKD-R-3-3: One measuring direction \u2713 Six calibration points \u2713 ISO 17025 calibration certificate \u2713 for brake tester reference sensor, S-force sensors \u25b6 Buy now","robots":{"index":"index","follow":"follow","max-snippet":"max-snippet:-1","max-image-preview":"max-image-preview:large","max-video-preview":"max-video-preview:-1"},"canonical":"https:\/\/cartesy.de\/en\/product\/iso17025-calibration-force-1md\/","og_locale":"en_US","og_type":"article","og_title":"ISO 17025 calibration in one measuring direction | Cartesy","og_description":"DKD-R-3-3: One measuring direction \u2713 Six calibration points \u2713 ISO 17025 calibration certificate \u2713 for brake tester reference sensor, S-force sensors \u25b6 Buy now","og_url":"https:\/\/cartesy.de\/en\/product\/iso17025-calibration-force-1md\/","og_site_name":"Cartesy","article_publisher":"https:\/\/de-de.facebook.com\/CartesyGmbH","article_modified_time":"2026-02-02T13:51:49+00:00","og_image":[{"width":2560,"height":1920,"url":"https:\/\/cartesy.de\/wp-content\/uploads\/2021\/06\/Labor-Kraft-2-scaled.jpg","type":"image\/jpeg"}],"twitter_card":"summary_large_image","twitter_misc":{"Est. reading time":"1 minute"},"schema":{"@context":"https:\/\/schema.org","@graph":[{"@type":"WebPage","@id":"https:\/\/cartesy.de\/en\/product\/iso17025-calibration-force-1md\/","url":"https:\/\/cartesy.de\/en\/product\/iso17025-calibration-force-1md\/","name":"ISO 17025 calibration in one measuring direction | Cartesy","isPartOf":{"@id":"https:\/\/cartesy.de\/en\/#website"},"primaryImageOfPage":{"@id":"https:\/\/cartesy.de\/en\/product\/iso17025-calibration-force-1md\/#primaryimage"},"image":{"@id":"https:\/\/cartesy.de\/en\/product\/iso17025-calibration-force-1md\/#primaryimage"},"thumbnailUrl":"https:\/\/cartesy.de\/wp-content\/uploads\/2021\/06\/Labor-Kraft-2-scaled.jpg","datePublished":"2021-06-07T17:00:20+00:00","dateModified":"2026-02-02T13:51:49+00:00","description":"DKD-R-3-3: One measuring direction \u2713 Six calibration points \u2713 ISO 17025 calibration certificate \u2713 for brake tester reference sensor, S-force sensors \u25b6 Buy now","breadcrumb":{"@id":"https:\/\/cartesy.de\/en\/product\/iso17025-calibration-force-1md\/#breadcrumb"},"inLanguage":"en-US","potentialAction":[{"@type":"ReadAction","target":["https:\/\/cartesy.de\/en\/product\/iso17025-calibration-force-1md\/"]}]},{"@type":"ImageObject","inLanguage":"en-US","@id":"https:\/\/cartesy.de\/en\/product\/iso17025-calibration-force-1md\/#primaryimage","url":"https:\/\/cartesy.de\/wp-content\/uploads\/2021\/06\/Labor-Kraft-2-scaled.jpg","contentUrl":"https:\/\/cartesy.de\/wp-content\/uploads\/2021\/06\/Labor-Kraft-2-scaled.jpg","width":2560,"height":1920,"caption":"Laboratory force calibration machine"},{"@type":"BreadcrumbList","@id":"https:\/\/cartesy.de\/en\/product\/iso17025-calibration-force-1md\/#breadcrumb","itemListElement":[{"@type":"ListItem","position":1,"name":"Home","item":"https:\/\/cartesy.de\/en\/kanzlei\/"},{"@type":"ListItem","position":2,"name":"Product overview","item":"https:\/\/cartesy.de\/en\/product-overview\/"},{"@type":"ListItem","position":3,"name":"ISO 17025 (DAkkS) Calibration: Force sensors up to 50kN (one measuring direction)"}]},{"@type":"WebSite","@id":"https:\/\/cartesy.de\/en\/#website","url":"https:\/\/cartesy.de\/en\/","name":"Cartesy","description":"Ihr Experte f\u00fcr hochpr\u00e4zise Pr\u00fcf- und W\u00e4gesysteme.","publisher":{"@id":"https:\/\/cartesy.de\/en\/#organization"},"potentialAction":[{"@type":"SearchAction","target":{"@type":"EntryPoint","urlTemplate":"https:\/\/cartesy.de\/en\/?s={search_term_string}"},"query-input":{"@type":"PropertyValueSpecification","valueRequired":true,"valueName":"search_term_string"}}],"inLanguage":"en-US"},{"@type":"Organization","@id":"https:\/\/cartesy.de\/en\/#organization","name":"Cartesy","url":"https:\/\/cartesy.de\/en\/","logo":{"@type":"ImageObject","inLanguage":"en-US","@id":"https:\/\/cartesy.de\/en\/#\/schema\/logo\/image\/","url":"https:\/\/cartesy.de\/wp-content\/uploads\/Cartesy-logo.png","contentUrl":"https:\/\/cartesy.de\/wp-content\/uploads\/Cartesy-logo.png","width":800,"height":600,"caption":"Cartesy"},"image":{"@id":"https:\/\/cartesy.de\/en\/#\/schema\/logo\/image\/"},"sameAs":["https:\/\/de-de.facebook.com\/CartesyGmbH","https:\/\/de.linkedin.com\/company\/cartesy-gmbh"]}]}},"_links":{"self":[{"href":"https:\/\/cartesy.de\/en\/wp-json\/wp\/v2\/product\/61107","targetHints":{"allow":["GET"]}}],"collection":[{"href":"https:\/\/cartesy.de\/en\/wp-json\/wp\/v2\/product"}],"about":[{"href":"https:\/\/cartesy.de\/en\/wp-json\/wp\/v2\/types\/product"}],"wp:featuredmedia":[{"embeddable":true,"href":"https:\/\/cartesy.de\/en\/wp-json\/wp\/v2\/media\/46901"}],"wp:attachment":[{"href":"https:\/\/cartesy.de\/en\/wp-json\/wp\/v2\/media?parent=61107"}],"wp:term":[{"taxonomy":"product_brand","embeddable":true,"href":"https:\/\/cartesy.de\/en\/wp-json\/wp\/v2\/product_brand?post=61107"},{"taxonomy":"product_cat","embeddable":true,"href":"https:\/\/cartesy.de\/en\/wp-json\/wp\/v2\/product_cat?post=61107"},{"taxonomy":"product_tag","embeddable":true,"href":"https:\/\/cartesy.de\/en\/wp-json\/wp\/v2\/product_tag?post=61107"}],"curies":[{"name":"wp","href":"https:\/\/api.w.org\/{rel}","templated":true}]}}