{"id":61109,"date":"2021-06-07T18:55:20","date_gmt":"2021-06-07T16:55:20","guid":{"rendered":"https:\/\/cartesy.de\/produkt\/iso17025-calibration-pressure\/"},"modified":"2026-02-02T14:55:27","modified_gmt":"2026-02-02T13:55:27","slug":"iso17025-calibration-pressure","status":"publish","type":"product","link":"https:\/\/cartesy.de\/en\/product\/iso17025-calibration-pressure\/","title":{"rendered":"ISO 17025 (DAkkS) Calibration: Pressure gauges 0-16\/25\/50bar"},"content":{"rendered":"<p><strong>Calibration scope:<\/strong><\/p>\n<ul>\n<li>Accredited calibration according to DIN EN ISO\/IEC 17025<\/li>\n<li>DKD-R 6-1:2014 Procedure C<\/li>\n<li>At least 5 calibration points<\/li>\n<li>Calibration certificate in digital form<\/li>\n<\/ul>\n<p>&nbsp;<\/p>\n<p><strong>Additional information \/ standard specifications:<br \/>\n<\/strong><\/p>\n<ul>\n<li>Calibration interval: 24 months<\/li>\n<li>Accepted specification: based on the manufacturer&#8217;s specifications<\/li>\n<li>Decision rule: Case 3<\/li>\n<li>Conformity assessment: yes<\/li>\n<\/ul>\n<p>Please specify any deviating details with your order.<\/p>\n<p>&nbsp;<\/p>\n<p><strong>Note on operating position:<\/strong> If you have any preferences regarding the operating position of the pressure gauge (horizontal \/ vertical), please indicate this in the order comments. Otherwise, we will use the operating position specified by the manufacturer.<\/p>\n<p>&nbsp;<\/p>\n<p>Compressed air pressure gauges used in connection with general inspections or roadworthiness tests are subject to the requirements of StVZO Annex VIII, 3.2. An accredited calibration is required there. This must be carried out at intervals of 24 months to ensure that the main inspection or safety test is performed in accordance with the standards.<\/p>\n<p>We can calibrate your pressure gauges in accordance with the calibration regulations of the relevant calibration authority!<\/p>\n<p>&nbsp;<\/p>\n<p><strong>Note on certificates<\/strong>: Calibration certificates are now only available digitally via our <strong>CLab calibration database<\/strong>. In CLab, you benefit from automatic appointment monitoring and have the option of viewing and managing your devices and calibration orders: <a href=\"https:\/\/calibration.cartesy.org\/site\/?lang=en\">https:\/\/calibration.cartesy.org\/site\/?lang=en<\/a><\/p>\n<p>For your first login, you will automatically receive your access information by email after your order has been processed.<\/p>\n<p>&nbsp;<\/p>\n<p>We are happy to calibrate pressure gauges from other manufacturers for you!<\/p>\n<p><a href=\"https:\/\/cartesy.de\/en\/calibration-service\/#kontakt\">Contact form<\/a><\/p>\n<hr>\n<p>&nbsp;<\/p>\n<p><strong>Information on the calibration procedure: <\/strong><\/p>\n<p>After placing your order, we will contact you immediately to coordinate the next steps.<br \/>\nWe will clarify the shipping and calibration date with you.<br \/>\nIf you have any questions in advance, please do not hesitate to contact us by phone or e-mail.<\/p>\n<p>Tel.: <a href=\"tel:0863118690\">+498631\/1869-0<\/a><br \/>\nE-Mail: <a href=\"mailto:calibration@cartesy.de\">calibration@cartesy.de<\/a><\/p>\n","protected":false},"excerpt":{"rendered":"<p>For pressure gauges (analog and digital) and brake pressure testers<\/p>\n","protected":false},"featured_media":62173,"template":"","meta":[],"product_brand":[],"product_cat":[444],"product_tag":[453],"class_list":{"0":"post-61109","1":"product","2":"type-product","3":"status-publish","4":"has-post-thumbnail","6":"product_cat-calibration-services","7":"product_tag-iso-17025-calibration-dkd-r-6-1-pressure-for-pressure-gauges","8":"product_shipping_class-k-en","9":"tm-no-options","11":"first","12":"instock","13":"taxable","14":"shipping-taxable","15":"purchasable","16":"product-type-simple"},"yoast_head":"<!-- This site is optimized with the Yoast SEO plugin v27.3 - https:\/\/yoast.com\/product\/yoast-seo-wordpress\/ -->\n<title>ISO 17025 (DAkkS) Calibration: Pressure gauges 0-16\/25\/50bar | Cartesy<\/title>\n<meta name=\"description\" content=\"Minor maintenance and cleaning, DKD-R-6-1: procedure C, five calibration points (standard), ISO EN 17025 calibration certificate, for pressure gauges\" \/>\n<meta name=\"robots\" content=\"index, follow, max-snippet:-1, max-image-preview:large, max-video-preview:-1\" \/>\n<link rel=\"canonical\" href=\"https:\/\/cartesy.de\/en\/product\/iso17025-calibration-pressure\/\" \/>\n<meta property=\"og:locale\" content=\"en_US\" \/>\n<meta property=\"og:type\" content=\"article\" \/>\n<meta property=\"og:title\" content=\"ISO 17025 (DAkkS) Calibration: Pressure gauges 0-16\/25\/50bar | Cartesy\" \/>\n<meta property=\"og:description\" content=\"Minor maintenance and cleaning, DKD-R-6-1: procedure C, five calibration points (standard), ISO EN 17025 calibration certificate, for pressure gauges\" \/>\n<meta property=\"og:url\" content=\"https:\/\/cartesy.de\/en\/product\/iso17025-calibration-pressure\/\" \/>\n<meta property=\"og:site_name\" content=\"Cartesy\" \/>\n<meta property=\"article:publisher\" content=\"https:\/\/de-de.facebook.com\/CartesyGmbH\" \/>\n<meta property=\"article:modified_time\" content=\"2026-02-02T13:55:27+00:00\" \/>\n<meta property=\"og:image\" content=\"https:\/\/cartesy.de\/wp-content\/uploads\/Cartesy_Imagefotos_2023-20-scaled-e1716372185186.jpg\" \/>\n\t<meta property=\"og:image:width\" content=\"2560\" \/>\n\t<meta property=\"og:image:height\" content=\"1709\" \/>\n\t<meta property=\"og:image:type\" content=\"image\/jpeg\" \/>\n<meta name=\"twitter:card\" content=\"summary_large_image\" \/>\n<meta name=\"twitter:label1\" content=\"Est. reading time\" \/>\n\t<meta name=\"twitter:data1\" content=\"1 minute\" \/>\n<script type=\"application\/ld+json\" class=\"yoast-schema-graph\">{\"@context\":\"https:\\\/\\\/schema.org\",\"@graph\":[{\"@type\":\"WebPage\",\"@id\":\"https:\\\/\\\/cartesy.de\\\/en\\\/product\\\/iso17025-calibration-pressure\\\/\",\"url\":\"https:\\\/\\\/cartesy.de\\\/en\\\/product\\\/iso17025-calibration-pressure\\\/\",\"name\":\"ISO 17025 (DAkkS) Calibration: Pressure gauges 0-16\\\/25\\\/50bar | Cartesy\",\"isPartOf\":{\"@id\":\"https:\\\/\\\/cartesy.de\\\/en\\\/#website\"},\"primaryImageOfPage\":{\"@id\":\"https:\\\/\\\/cartesy.de\\\/en\\\/product\\\/iso17025-calibration-pressure\\\/#primaryimage\"},\"image\":{\"@id\":\"https:\\\/\\\/cartesy.de\\\/en\\\/product\\\/iso17025-calibration-pressure\\\/#primaryimage\"},\"thumbnailUrl\":\"https:\\\/\\\/cartesy.de\\\/wp-content\\\/uploads\\\/Cartesy_Imagefotos_2023-20-scaled-e1716372185186.jpg\",\"datePublished\":\"2021-06-07T16:55:20+00:00\",\"dateModified\":\"2026-02-02T13:55:27+00:00\",\"description\":\"Minor maintenance and cleaning, DKD-R-6-1: procedure C, five calibration points (standard), ISO EN 17025 calibration certificate, for pressure gauges\",\"breadcrumb\":{\"@id\":\"https:\\\/\\\/cartesy.de\\\/en\\\/product\\\/iso17025-calibration-pressure\\\/#breadcrumb\"},\"inLanguage\":\"en-US\",\"potentialAction\":[{\"@type\":\"ReadAction\",\"target\":[\"https:\\\/\\\/cartesy.de\\\/en\\\/product\\\/iso17025-calibration-pressure\\\/\"]}]},{\"@type\":\"ImageObject\",\"inLanguage\":\"en-US\",\"@id\":\"https:\\\/\\\/cartesy.de\\\/en\\\/product\\\/iso17025-calibration-pressure\\\/#primaryimage\",\"url\":\"https:\\\/\\\/cartesy.de\\\/wp-content\\\/uploads\\\/Cartesy_Imagefotos_2023-20-scaled-e1716372185186.jpg\",\"contentUrl\":\"https:\\\/\\\/cartesy.de\\\/wp-content\\\/uploads\\\/Cartesy_Imagefotos_2023-20-scaled-e1716372185186.jpg\",\"width\":2560,\"height\":1709},{\"@type\":\"BreadcrumbList\",\"@id\":\"https:\\\/\\\/cartesy.de\\\/en\\\/product\\\/iso17025-calibration-pressure\\\/#breadcrumb\",\"itemListElement\":[{\"@type\":\"ListItem\",\"position\":1,\"name\":\"Home\",\"item\":\"https:\\\/\\\/cartesy.de\\\/en\\\/kanzlei\\\/\"},{\"@type\":\"ListItem\",\"position\":2,\"name\":\"Product overview\",\"item\":\"https:\\\/\\\/cartesy.de\\\/en\\\/product-overview\\\/\"},{\"@type\":\"ListItem\",\"position\":3,\"name\":\"ISO 17025 (DAkkS) Calibration: Pressure gauges 0-16\\\/25\\\/50bar\"}]},{\"@type\":\"WebSite\",\"@id\":\"https:\\\/\\\/cartesy.de\\\/en\\\/#website\",\"url\":\"https:\\\/\\\/cartesy.de\\\/en\\\/\",\"name\":\"Cartesy\",\"description\":\"Ihr Experte f\u00fcr hochpr\u00e4zise Pr\u00fcf- und W\u00e4gesysteme.\",\"publisher\":{\"@id\":\"https:\\\/\\\/cartesy.de\\\/en\\\/#organization\"},\"potentialAction\":[{\"@type\":\"SearchAction\",\"target\":{\"@type\":\"EntryPoint\",\"urlTemplate\":\"https:\\\/\\\/cartesy.de\\\/en\\\/?s={search_term_string}\"},\"query-input\":{\"@type\":\"PropertyValueSpecification\",\"valueRequired\":true,\"valueName\":\"search_term_string\"}}],\"inLanguage\":\"en-US\"},{\"@type\":\"Organization\",\"@id\":\"https:\\\/\\\/cartesy.de\\\/en\\\/#organization\",\"name\":\"Cartesy\",\"url\":\"https:\\\/\\\/cartesy.de\\\/en\\\/\",\"logo\":{\"@type\":\"ImageObject\",\"inLanguage\":\"en-US\",\"@id\":\"https:\\\/\\\/cartesy.de\\\/en\\\/#\\\/schema\\\/logo\\\/image\\\/\",\"url\":\"https:\\\/\\\/cartesy.de\\\/wp-content\\\/uploads\\\/Cartesy-logo.png\",\"contentUrl\":\"https:\\\/\\\/cartesy.de\\\/wp-content\\\/uploads\\\/Cartesy-logo.png\",\"width\":800,\"height\":600,\"caption\":\"Cartesy\"},\"image\":{\"@id\":\"https:\\\/\\\/cartesy.de\\\/en\\\/#\\\/schema\\\/logo\\\/image\\\/\"},\"sameAs\":[\"https:\\\/\\\/de-de.facebook.com\\\/CartesyGmbH\",\"https:\\\/\\\/de.linkedin.com\\\/company\\\/cartesy-gmbh\"]}]}<\/script>\n<!-- \/ Yoast SEO plugin. -->","yoast_head_json":{"title":"ISO 17025 (DAkkS) Calibration: Pressure gauges 0-16\/25\/50bar | Cartesy","description":"Minor maintenance and cleaning, DKD-R-6-1: procedure C, five calibration points (standard), ISO EN 17025 calibration certificate, for pressure gauges","robots":{"index":"index","follow":"follow","max-snippet":"max-snippet:-1","max-image-preview":"max-image-preview:large","max-video-preview":"max-video-preview:-1"},"canonical":"https:\/\/cartesy.de\/en\/product\/iso17025-calibration-pressure\/","og_locale":"en_US","og_type":"article","og_title":"ISO 17025 (DAkkS) Calibration: Pressure gauges 0-16\/25\/50bar | Cartesy","og_description":"Minor maintenance and cleaning, DKD-R-6-1: procedure C, five calibration points (standard), ISO EN 17025 calibration certificate, for pressure gauges","og_url":"https:\/\/cartesy.de\/en\/product\/iso17025-calibration-pressure\/","og_site_name":"Cartesy","article_publisher":"https:\/\/de-de.facebook.com\/CartesyGmbH","article_modified_time":"2026-02-02T13:55:27+00:00","og_image":[{"width":2560,"height":1709,"url":"https:\/\/cartesy.de\/wp-content\/uploads\/Cartesy_Imagefotos_2023-20-scaled-e1716372185186.jpg","type":"image\/jpeg"}],"twitter_card":"summary_large_image","twitter_misc":{"Est. reading time":"1 minute"},"schema":{"@context":"https:\/\/schema.org","@graph":[{"@type":"WebPage","@id":"https:\/\/cartesy.de\/en\/product\/iso17025-calibration-pressure\/","url":"https:\/\/cartesy.de\/en\/product\/iso17025-calibration-pressure\/","name":"ISO 17025 (DAkkS) Calibration: Pressure gauges 0-16\/25\/50bar | Cartesy","isPartOf":{"@id":"https:\/\/cartesy.de\/en\/#website"},"primaryImageOfPage":{"@id":"https:\/\/cartesy.de\/en\/product\/iso17025-calibration-pressure\/#primaryimage"},"image":{"@id":"https:\/\/cartesy.de\/en\/product\/iso17025-calibration-pressure\/#primaryimage"},"thumbnailUrl":"https:\/\/cartesy.de\/wp-content\/uploads\/Cartesy_Imagefotos_2023-20-scaled-e1716372185186.jpg","datePublished":"2021-06-07T16:55:20+00:00","dateModified":"2026-02-02T13:55:27+00:00","description":"Minor maintenance and cleaning, DKD-R-6-1: procedure C, five calibration points (standard), ISO EN 17025 calibration certificate, for pressure gauges","breadcrumb":{"@id":"https:\/\/cartesy.de\/en\/product\/iso17025-calibration-pressure\/#breadcrumb"},"inLanguage":"en-US","potentialAction":[{"@type":"ReadAction","target":["https:\/\/cartesy.de\/en\/product\/iso17025-calibration-pressure\/"]}]},{"@type":"ImageObject","inLanguage":"en-US","@id":"https:\/\/cartesy.de\/en\/product\/iso17025-calibration-pressure\/#primaryimage","url":"https:\/\/cartesy.de\/wp-content\/uploads\/Cartesy_Imagefotos_2023-20-scaled-e1716372185186.jpg","contentUrl":"https:\/\/cartesy.de\/wp-content\/uploads\/Cartesy_Imagefotos_2023-20-scaled-e1716372185186.jpg","width":2560,"height":1709},{"@type":"BreadcrumbList","@id":"https:\/\/cartesy.de\/en\/product\/iso17025-calibration-pressure\/#breadcrumb","itemListElement":[{"@type":"ListItem","position":1,"name":"Home","item":"https:\/\/cartesy.de\/en\/kanzlei\/"},{"@type":"ListItem","position":2,"name":"Product overview","item":"https:\/\/cartesy.de\/en\/product-overview\/"},{"@type":"ListItem","position":3,"name":"ISO 17025 (DAkkS) Calibration: Pressure gauges 0-16\/25\/50bar"}]},{"@type":"WebSite","@id":"https:\/\/cartesy.de\/en\/#website","url":"https:\/\/cartesy.de\/en\/","name":"Cartesy","description":"Ihr Experte f\u00fcr hochpr\u00e4zise Pr\u00fcf- und W\u00e4gesysteme.","publisher":{"@id":"https:\/\/cartesy.de\/en\/#organization"},"potentialAction":[{"@type":"SearchAction","target":{"@type":"EntryPoint","urlTemplate":"https:\/\/cartesy.de\/en\/?s={search_term_string}"},"query-input":{"@type":"PropertyValueSpecification","valueRequired":true,"valueName":"search_term_string"}}],"inLanguage":"en-US"},{"@type":"Organization","@id":"https:\/\/cartesy.de\/en\/#organization","name":"Cartesy","url":"https:\/\/cartesy.de\/en\/","logo":{"@type":"ImageObject","inLanguage":"en-US","@id":"https:\/\/cartesy.de\/en\/#\/schema\/logo\/image\/","url":"https:\/\/cartesy.de\/wp-content\/uploads\/Cartesy-logo.png","contentUrl":"https:\/\/cartesy.de\/wp-content\/uploads\/Cartesy-logo.png","width":800,"height":600,"caption":"Cartesy"},"image":{"@id":"https:\/\/cartesy.de\/en\/#\/schema\/logo\/image\/"},"sameAs":["https:\/\/de-de.facebook.com\/CartesyGmbH","https:\/\/de.linkedin.com\/company\/cartesy-gmbh"]}]}},"_links":{"self":[{"href":"https:\/\/cartesy.de\/en\/wp-json\/wp\/v2\/product\/61109","targetHints":{"allow":["GET"]}}],"collection":[{"href":"https:\/\/cartesy.de\/en\/wp-json\/wp\/v2\/product"}],"about":[{"href":"https:\/\/cartesy.de\/en\/wp-json\/wp\/v2\/types\/product"}],"wp:featuredmedia":[{"embeddable":true,"href":"https:\/\/cartesy.de\/en\/wp-json\/wp\/v2\/media\/62173"}],"wp:attachment":[{"href":"https:\/\/cartesy.de\/en\/wp-json\/wp\/v2\/media?parent=61109"}],"wp:term":[{"taxonomy":"product_brand","embeddable":true,"href":"https:\/\/cartesy.de\/en\/wp-json\/wp\/v2\/product_brand?post=61109"},{"taxonomy":"product_cat","embeddable":true,"href":"https:\/\/cartesy.de\/en\/wp-json\/wp\/v2\/product_cat?post=61109"},{"taxonomy":"product_tag","embeddable":true,"href":"https:\/\/cartesy.de\/en\/wp-json\/wp\/v2\/product_tag?post=61109"}],"curies":[{"name":"wp","href":"https:\/\/api.w.org\/{rel}","templated":true}]}}