{"id":61112,"date":"2022-08-03T13:55:43","date_gmt":"2022-08-03T11:55:43","guid":{"rendered":"https:\/\/cartesy.de\/produkt\/pressure-gauge-16bar-single\/"},"modified":"2026-02-02T14:39:00","modified_gmt":"2026-02-02T13:39:00","slug":"pressure-gauge-16bar-single","status":"publish","type":"product","link":"https:\/\/cartesy.de\/en\/product\/pressure-gauge-16bar-single\/","title":{"rendered":"Pressure gauge 16 bar, incl. DE-M verification, ISO 17025 calibration and accessories"},"content":{"rendered":"<p>Used as a pressure gauge for air brake systems for the main inspection (HU) \/ safety inspection (SP\/A\u00dcK), truck PTI<\/p>\n<p>&nbsp;<\/p>\n<p><strong>Technical data:<\/strong><\/p>\n<ul>\n<li>Display range: 0 to 16bar<\/li>\n<li>Accuracy class: 1.0<\/li>\n<li>Process connection: M16x1.5 (brass)<\/li>\n<li>Installation position: horizontal<\/li>\n<li>Housing: Bayonet ring (stainless steel)<\/li>\n<li>Nominal size: 100mm<\/li>\n<li>Dial: Single scale with fine graduation (0.1 bar)<\/li>\n<li>Standard: EN837-1<\/li>\n<li>Temperature range: -5 to +45\u00b0C<\/li>\n<li><strong><span style=\"color: #ff0000;\">incl. [DE-M] verification<\/span><\/strong><\/li>\n<li><strong><span style=\"color: #ff0000;\">incl. DAkkS ISO 17025 calibration (performed prior to delivery)<\/span><\/strong><\/li>\n<\/ul>\n<p>&nbsp;<\/p>\n<p><strong>Scope of delivery:<\/strong><\/p>\n<ul>\n<li>Pressure gauge 16bar<\/li>\n<li>Rubber protective cap, blue (fitted)<\/li>\n<li>Pressure adapter (M16x1.5 to NW7.2)<\/li>\n<li>Seal<\/li>\n<\/ul>\n<p>&nbsp;<\/p>\n<p><strong>Note on certificates<\/strong>: Calibration certificates are now only available digitally via our <strong>CLab calibration database<\/strong>. In CLab, you benefit from automatic appointment monitoring and have the option of viewing and managing your devices and calibration orders: <a href=\"https:\/\/calibration.cartesy.org\/site\/?lang=en\">https:\/\/calibration.cartesy.org\/site\/?lang=en<\/a><\/p>\n<p>For your first login, you will automatically receive your access information by email after your order has been processed.<\/p>\n<p>&nbsp;<\/p>\n<p><strong>Further information on legal requirements:<\/strong><\/p>\n<p>Pressure gauges that are used as part of the main inspection or safety check are subject to the requirements of StVZO Annex VIII, 3.2. A calibration certificate corresponding to the official DAkkS model is required there. Only then the main inspection\/safety check can be carried out in accordance with the standards.<\/p>\n","protected":false},"excerpt":{"rendered":"<p>Pressure gauge 0-16 bar &#8211; used as brake pressure tester for air brake systems! Truck PTI<\/p>\n","protected":false},"featured_media":47277,"template":"","meta":[],"product_brand":[],"product_cat":[430],"product_tag":[457,458,459,460,463,471],"class_list":{"0":"post-61112","1":"product","2":"type-product","3":"status-publish","4":"has-post-thumbnail","6":"product_cat-sensors","7":"product_tag-de-m-verfication","8":"product_tag-pressure","9":"product_tag-pressure-gauge","10":"product_tag-tube-spring","11":"product_tag-16bar-en","12":"product_tag-brake-system-pressure-gauge","13":"product_shipping_class-k-en","14":"tm-no-options","16":"first","17":"instock","18":"taxable","19":"shipping-taxable","20":"purchasable","21":"product-type-simple"},"yoast_head":"<!-- This site is optimized with the Yoast SEO plugin v27.3 - https:\/\/yoast.com\/product\/yoast-seo-wordpress\/ -->\n<title>Pressure gauge 16 bar, incl. DE-M verification, ISO 17025 calibration and accessories | Cartesy<\/title>\n<meta name=\"description\" content=\"Pressure gauge 0-16 bar incl. DE-M verification, ISO 17025 calibration and accessories. Truck brake pressure tester - accuracy class 1.0\" \/>\n<meta name=\"robots\" content=\"index, follow, max-snippet:-1, max-image-preview:large, max-video-preview:-1\" \/>\n<link rel=\"canonical\" href=\"https:\/\/cartesy.de\/en\/product\/pressure-gauge-16bar-single\/\" \/>\n<meta property=\"og:locale\" content=\"en_US\" \/>\n<meta property=\"og:type\" content=\"article\" \/>\n<meta property=\"og:title\" content=\"Pressure gauge 16 bar, incl. DE-M verification, ISO 17025 calibration and accessories | Cartesy\" \/>\n<meta property=\"og:description\" content=\"Pressure gauge 0-16 bar incl. DE-M verification, ISO 17025 calibration and accessories. Truck brake pressure tester - accuracy class 1.0\" \/>\n<meta property=\"og:url\" content=\"https:\/\/cartesy.de\/en\/product\/pressure-gauge-16bar-single\/\" \/>\n<meta property=\"og:site_name\" content=\"Cartesy\" \/>\n<meta property=\"article:publisher\" content=\"https:\/\/de-de.facebook.com\/CartesyGmbH\" \/>\n<meta property=\"article:modified_time\" content=\"2026-02-02T13:39:00+00:00\" \/>\n<meta property=\"og:image\" content=\"https:\/\/cartesy.de\/wp-content\/uploads\/Manometer_einfach-scaled.jpg\" \/>\n\t<meta property=\"og:image:width\" content=\"2560\" \/>\n\t<meta property=\"og:image:height\" content=\"1707\" \/>\n\t<meta property=\"og:image:type\" content=\"image\/jpeg\" \/>\n<meta name=\"twitter:card\" content=\"summary_large_image\" \/>\n<meta name=\"twitter:label1\" content=\"Est. reading time\" \/>\n\t<meta name=\"twitter:data1\" content=\"1 minute\" \/>\n<script type=\"application\/ld+json\" class=\"yoast-schema-graph\">{\"@context\":\"https:\\\/\\\/schema.org\",\"@graph\":[{\"@type\":\"WebPage\",\"@id\":\"https:\\\/\\\/cartesy.de\\\/en\\\/product\\\/pressure-gauge-16bar-single\\\/\",\"url\":\"https:\\\/\\\/cartesy.de\\\/en\\\/product\\\/pressure-gauge-16bar-single\\\/\",\"name\":\"Pressure gauge 16 bar, incl. DE-M verification, ISO 17025 calibration and accessories | Cartesy\",\"isPartOf\":{\"@id\":\"https:\\\/\\\/cartesy.de\\\/en\\\/#website\"},\"primaryImageOfPage\":{\"@id\":\"https:\\\/\\\/cartesy.de\\\/en\\\/product\\\/pressure-gauge-16bar-single\\\/#primaryimage\"},\"image\":{\"@id\":\"https:\\\/\\\/cartesy.de\\\/en\\\/product\\\/pressure-gauge-16bar-single\\\/#primaryimage\"},\"thumbnailUrl\":\"https:\\\/\\\/cartesy.de\\\/wp-content\\\/uploads\\\/Manometer_einfach-scaled.jpg\",\"datePublished\":\"2022-08-03T11:55:43+00:00\",\"dateModified\":\"2026-02-02T13:39:00+00:00\",\"description\":\"Pressure gauge 0-16 bar incl. DE-M verification, ISO 17025 calibration and accessories. Truck brake pressure tester - accuracy class 1.0\",\"breadcrumb\":{\"@id\":\"https:\\\/\\\/cartesy.de\\\/en\\\/product\\\/pressure-gauge-16bar-single\\\/#breadcrumb\"},\"inLanguage\":\"en-US\",\"potentialAction\":[{\"@type\":\"ReadAction\",\"target\":[\"https:\\\/\\\/cartesy.de\\\/en\\\/product\\\/pressure-gauge-16bar-single\\\/\"]}]},{\"@type\":\"ImageObject\",\"inLanguage\":\"en-US\",\"@id\":\"https:\\\/\\\/cartesy.de\\\/en\\\/product\\\/pressure-gauge-16bar-single\\\/#primaryimage\",\"url\":\"https:\\\/\\\/cartesy.de\\\/wp-content\\\/uploads\\\/Manometer_einfach-scaled.jpg\",\"contentUrl\":\"https:\\\/\\\/cartesy.de\\\/wp-content\\\/uploads\\\/Manometer_einfach-scaled.jpg\",\"width\":2560,\"height\":1707,\"caption\":\"Pressure gauge\"},{\"@type\":\"BreadcrumbList\",\"@id\":\"https:\\\/\\\/cartesy.de\\\/en\\\/product\\\/pressure-gauge-16bar-single\\\/#breadcrumb\",\"itemListElement\":[{\"@type\":\"ListItem\",\"position\":1,\"name\":\"Home\",\"item\":\"https:\\\/\\\/cartesy.de\\\/en\\\/kanzlei\\\/\"},{\"@type\":\"ListItem\",\"position\":2,\"name\":\"Product overview\",\"item\":\"https:\\\/\\\/cartesy.de\\\/en\\\/product-overview\\\/\"},{\"@type\":\"ListItem\",\"position\":3,\"name\":\"Pressure gauge 16 bar, incl. DE-M verification, ISO 17025 calibration and accessories\"}]},{\"@type\":\"WebSite\",\"@id\":\"https:\\\/\\\/cartesy.de\\\/en\\\/#website\",\"url\":\"https:\\\/\\\/cartesy.de\\\/en\\\/\",\"name\":\"Cartesy\",\"description\":\"Ihr Experte f\u00fcr hochpr\u00e4zise Pr\u00fcf- und W\u00e4gesysteme.\",\"publisher\":{\"@id\":\"https:\\\/\\\/cartesy.de\\\/en\\\/#organization\"},\"potentialAction\":[{\"@type\":\"SearchAction\",\"target\":{\"@type\":\"EntryPoint\",\"urlTemplate\":\"https:\\\/\\\/cartesy.de\\\/en\\\/?s={search_term_string}\"},\"query-input\":{\"@type\":\"PropertyValueSpecification\",\"valueRequired\":true,\"valueName\":\"search_term_string\"}}],\"inLanguage\":\"en-US\"},{\"@type\":\"Organization\",\"@id\":\"https:\\\/\\\/cartesy.de\\\/en\\\/#organization\",\"name\":\"Cartesy\",\"url\":\"https:\\\/\\\/cartesy.de\\\/en\\\/\",\"logo\":{\"@type\":\"ImageObject\",\"inLanguage\":\"en-US\",\"@id\":\"https:\\\/\\\/cartesy.de\\\/en\\\/#\\\/schema\\\/logo\\\/image\\\/\",\"url\":\"https:\\\/\\\/cartesy.de\\\/wp-content\\\/uploads\\\/Cartesy-logo.png\",\"contentUrl\":\"https:\\\/\\\/cartesy.de\\\/wp-content\\\/uploads\\\/Cartesy-logo.png\",\"width\":800,\"height\":600,\"caption\":\"Cartesy\"},\"image\":{\"@id\":\"https:\\\/\\\/cartesy.de\\\/en\\\/#\\\/schema\\\/logo\\\/image\\\/\"},\"sameAs\":[\"https:\\\/\\\/de-de.facebook.com\\\/CartesyGmbH\",\"https:\\\/\\\/de.linkedin.com\\\/company\\\/cartesy-gmbh\"]}]}<\/script>\n<!-- \/ Yoast SEO plugin. -->","yoast_head_json":{"title":"Pressure gauge 16 bar, incl. DE-M verification, ISO 17025 calibration and accessories | Cartesy","description":"Pressure gauge 0-16 bar incl. DE-M verification, ISO 17025 calibration and accessories. Truck brake pressure tester - accuracy class 1.0","robots":{"index":"index","follow":"follow","max-snippet":"max-snippet:-1","max-image-preview":"max-image-preview:large","max-video-preview":"max-video-preview:-1"},"canonical":"https:\/\/cartesy.de\/en\/product\/pressure-gauge-16bar-single\/","og_locale":"en_US","og_type":"article","og_title":"Pressure gauge 16 bar, incl. DE-M verification, ISO 17025 calibration and accessories | Cartesy","og_description":"Pressure gauge 0-16 bar incl. DE-M verification, ISO 17025 calibration and accessories. Truck brake pressure tester - accuracy class 1.0","og_url":"https:\/\/cartesy.de\/en\/product\/pressure-gauge-16bar-single\/","og_site_name":"Cartesy","article_publisher":"https:\/\/de-de.facebook.com\/CartesyGmbH","article_modified_time":"2026-02-02T13:39:00+00:00","og_image":[{"width":2560,"height":1707,"url":"https:\/\/cartesy.de\/wp-content\/uploads\/Manometer_einfach-scaled.jpg","type":"image\/jpeg"}],"twitter_card":"summary_large_image","twitter_misc":{"Est. reading time":"1 minute"},"schema":{"@context":"https:\/\/schema.org","@graph":[{"@type":"WebPage","@id":"https:\/\/cartesy.de\/en\/product\/pressure-gauge-16bar-single\/","url":"https:\/\/cartesy.de\/en\/product\/pressure-gauge-16bar-single\/","name":"Pressure gauge 16 bar, incl. DE-M verification, ISO 17025 calibration and accessories | Cartesy","isPartOf":{"@id":"https:\/\/cartesy.de\/en\/#website"},"primaryImageOfPage":{"@id":"https:\/\/cartesy.de\/en\/product\/pressure-gauge-16bar-single\/#primaryimage"},"image":{"@id":"https:\/\/cartesy.de\/en\/product\/pressure-gauge-16bar-single\/#primaryimage"},"thumbnailUrl":"https:\/\/cartesy.de\/wp-content\/uploads\/Manometer_einfach-scaled.jpg","datePublished":"2022-08-03T11:55:43+00:00","dateModified":"2026-02-02T13:39:00+00:00","description":"Pressure gauge 0-16 bar incl. DE-M verification, ISO 17025 calibration and accessories. Truck brake pressure tester - accuracy class 1.0","breadcrumb":{"@id":"https:\/\/cartesy.de\/en\/product\/pressure-gauge-16bar-single\/#breadcrumb"},"inLanguage":"en-US","potentialAction":[{"@type":"ReadAction","target":["https:\/\/cartesy.de\/en\/product\/pressure-gauge-16bar-single\/"]}]},{"@type":"ImageObject","inLanguage":"en-US","@id":"https:\/\/cartesy.de\/en\/product\/pressure-gauge-16bar-single\/#primaryimage","url":"https:\/\/cartesy.de\/wp-content\/uploads\/Manometer_einfach-scaled.jpg","contentUrl":"https:\/\/cartesy.de\/wp-content\/uploads\/Manometer_einfach-scaled.jpg","width":2560,"height":1707,"caption":"Pressure gauge"},{"@type":"BreadcrumbList","@id":"https:\/\/cartesy.de\/en\/product\/pressure-gauge-16bar-single\/#breadcrumb","itemListElement":[{"@type":"ListItem","position":1,"name":"Home","item":"https:\/\/cartesy.de\/en\/kanzlei\/"},{"@type":"ListItem","position":2,"name":"Product overview","item":"https:\/\/cartesy.de\/en\/product-overview\/"},{"@type":"ListItem","position":3,"name":"Pressure gauge 16 bar, incl. DE-M verification, ISO 17025 calibration and accessories"}]},{"@type":"WebSite","@id":"https:\/\/cartesy.de\/en\/#website","url":"https:\/\/cartesy.de\/en\/","name":"Cartesy","description":"Ihr Experte f\u00fcr hochpr\u00e4zise Pr\u00fcf- und W\u00e4gesysteme.","publisher":{"@id":"https:\/\/cartesy.de\/en\/#organization"},"potentialAction":[{"@type":"SearchAction","target":{"@type":"EntryPoint","urlTemplate":"https:\/\/cartesy.de\/en\/?s={search_term_string}"},"query-input":{"@type":"PropertyValueSpecification","valueRequired":true,"valueName":"search_term_string"}}],"inLanguage":"en-US"},{"@type":"Organization","@id":"https:\/\/cartesy.de\/en\/#organization","name":"Cartesy","url":"https:\/\/cartesy.de\/en\/","logo":{"@type":"ImageObject","inLanguage":"en-US","@id":"https:\/\/cartesy.de\/en\/#\/schema\/logo\/image\/","url":"https:\/\/cartesy.de\/wp-content\/uploads\/Cartesy-logo.png","contentUrl":"https:\/\/cartesy.de\/wp-content\/uploads\/Cartesy-logo.png","width":800,"height":600,"caption":"Cartesy"},"image":{"@id":"https:\/\/cartesy.de\/en\/#\/schema\/logo\/image\/"},"sameAs":["https:\/\/de-de.facebook.com\/CartesyGmbH","https:\/\/de.linkedin.com\/company\/cartesy-gmbh"]}]}},"_links":{"self":[{"href":"https:\/\/cartesy.de\/en\/wp-json\/wp\/v2\/product\/61112","targetHints":{"allow":["GET"]}}],"collection":[{"href":"https:\/\/cartesy.de\/en\/wp-json\/wp\/v2\/product"}],"about":[{"href":"https:\/\/cartesy.de\/en\/wp-json\/wp\/v2\/types\/product"}],"wp:featuredmedia":[{"embeddable":true,"href":"https:\/\/cartesy.de\/en\/wp-json\/wp\/v2\/media\/47277"}],"wp:attachment":[{"href":"https:\/\/cartesy.de\/en\/wp-json\/wp\/v2\/media?parent=61112"}],"wp:term":[{"taxonomy":"product_brand","embeddable":true,"href":"https:\/\/cartesy.de\/en\/wp-json\/wp\/v2\/product_brand?post=61112"},{"taxonomy":"product_cat","embeddable":true,"href":"https:\/\/cartesy.de\/en\/wp-json\/wp\/v2\/product_cat?post=61112"},{"taxonomy":"product_tag","embeddable":true,"href":"https:\/\/cartesy.de\/en\/wp-json\/wp\/v2\/product_tag?post=61112"}],"curies":[{"name":"wp","href":"https:\/\/api.w.org\/{rel}","templated":true}]}}