{"id":61462,"date":"2023-11-30T10:44:10","date_gmt":"2023-11-30T09:44:10","guid":{"rendered":"https:\/\/cartesy.de\/?post_type=product&#038;p=61462"},"modified":"2026-03-31T17:04:18","modified_gmt":"2026-03-31T15:04:18","slug":"powersupply-ifx-bfx","status":"publish","type":"product","link":"https:\/\/cartesy.de\/en\/product\/powersupply-ifx-bfx\/","title":{"rendered":"Power supply unit and charging cable for IFX and BFX wheel load scales"},"content":{"rendered":"<p>Power supply unit and charging cable for IFX and BFX wheel load scales and for MHT handheld terminal.<\/p>\n<p>Scope of delivery:<\/p>\n<ul>\n<li>Charging cable 1.8m, USB-A to 5-pin plug<\/li>\n<li>USB power supply unit (5V\/1A)<\/li>\n<\/ul>\n","protected":false},"excerpt":{"rendered":"<p>Replacement charger for IFX and BFX wheel load scales and MHT handheld terminal<\/p>\n","protected":false},"featured_media":61461,"template":"","meta":[],"product_brand":[],"product_cat":[396],"product_tag":[393,474,475],"class_list":{"0":"post-61462","1":"product","2":"type-product","3":"status-publish","4":"has-post-thumbnail","6":"product_cat-accessories-wheel-load-scales","7":"product_tag-bfx-en","8":"product_tag-mht-en","9":"product_tag-netzteil-und-ladekabel-fuer-ifx-en","10":"product_shipping_class-k-en","11":"tm-no-options","13":"first","14":"instock","15":"taxable","16":"shipping-taxable","17":"purchasable","18":"product-type-simple"},"yoast_head":"<!-- This site is optimized with the Yoast SEO plugin v27.3 - https:\/\/yoast.com\/product\/yoast-seo-wordpress\/ -->\n<title>Power supply unit and charging cable for IFX and BFX wheel load scales | Cartesy<\/title>\n<meta name=\"description\" content=\"Power supply unit suitable for IFX and BFX wheel load scales and MHT handheld terminal. Spare part, charger, charging cable, USB-A to 5-pin plug,\" \/>\n<meta name=\"robots\" content=\"index, follow, max-snippet:-1, max-image-preview:large, max-video-preview:-1\" \/>\n<link rel=\"canonical\" href=\"https:\/\/cartesy.de\/en\/product\/powersupply-ifx-bfx\/\" \/>\n<meta property=\"og:locale\" content=\"en_US\" \/>\n<meta property=\"og:type\" content=\"article\" \/>\n<meta property=\"og:title\" content=\"Power supply unit and charging cable for IFX and BFX wheel load scales | Cartesy\" \/>\n<meta property=\"og:description\" content=\"Power supply unit suitable for IFX and BFX wheel load scales and MHT handheld terminal. Spare part, charger, charging cable, USB-A to 5-pin plug,\" \/>\n<meta property=\"og:url\" content=\"https:\/\/cartesy.de\/en\/product\/powersupply-ifx-bfx\/\" \/>\n<meta property=\"og:site_name\" content=\"Cartesy\" \/>\n<meta property=\"article:publisher\" content=\"https:\/\/de-de.facebook.com\/CartesyGmbH\" \/>\n<meta property=\"article:modified_time\" content=\"2026-03-31T15:04:18+00:00\" \/>\n<meta property=\"og:image\" content=\"https:\/\/cartesy.de\/wp-content\/uploads\/netzteil-ifx-bfx-scaled.jpg\" \/>\n\t<meta property=\"og:image:width\" content=\"2560\" \/>\n\t<meta property=\"og:image:height\" content=\"1707\" \/>\n\t<meta property=\"og:image:type\" content=\"image\/jpeg\" \/>\n<meta name=\"twitter:card\" content=\"summary_large_image\" \/>\n<script type=\"application\/ld+json\" class=\"yoast-schema-graph\">{\"@context\":\"https:\\\/\\\/schema.org\",\"@graph\":[{\"@type\":\"WebPage\",\"@id\":\"https:\\\/\\\/cartesy.de\\\/en\\\/product\\\/powersupply-ifx-bfx\\\/\",\"url\":\"https:\\\/\\\/cartesy.de\\\/en\\\/product\\\/powersupply-ifx-bfx\\\/\",\"name\":\"Power supply unit and charging cable for IFX and BFX wheel load scales | Cartesy\",\"isPartOf\":{\"@id\":\"https:\\\/\\\/cartesy.de\\\/en\\\/#website\"},\"primaryImageOfPage\":{\"@id\":\"https:\\\/\\\/cartesy.de\\\/en\\\/product\\\/powersupply-ifx-bfx\\\/#primaryimage\"},\"image\":{\"@id\":\"https:\\\/\\\/cartesy.de\\\/en\\\/product\\\/powersupply-ifx-bfx\\\/#primaryimage\"},\"thumbnailUrl\":\"https:\\\/\\\/cartesy.de\\\/wp-content\\\/uploads\\\/netzteil-ifx-bfx-scaled.jpg\",\"datePublished\":\"2023-11-30T09:44:10+00:00\",\"dateModified\":\"2026-03-31T15:04:18+00:00\",\"description\":\"Power supply unit suitable for IFX and BFX wheel load scales and MHT handheld terminal. Spare part, charger, charging cable, USB-A to 5-pin plug,\",\"breadcrumb\":{\"@id\":\"https:\\\/\\\/cartesy.de\\\/en\\\/product\\\/powersupply-ifx-bfx\\\/#breadcrumb\"},\"inLanguage\":\"en-US\",\"potentialAction\":[{\"@type\":\"ReadAction\",\"target\":[\"https:\\\/\\\/cartesy.de\\\/en\\\/product\\\/powersupply-ifx-bfx\\\/\"]}]},{\"@type\":\"ImageObject\",\"inLanguage\":\"en-US\",\"@id\":\"https:\\\/\\\/cartesy.de\\\/en\\\/product\\\/powersupply-ifx-bfx\\\/#primaryimage\",\"url\":\"https:\\\/\\\/cartesy.de\\\/wp-content\\\/uploads\\\/netzteil-ifx-bfx-scaled.jpg\",\"contentUrl\":\"https:\\\/\\\/cartesy.de\\\/wp-content\\\/uploads\\\/netzteil-ifx-bfx-scaled.jpg\",\"width\":2560,\"height\":1707,\"caption\":\"Power supply and charging cable for wheel load scales IFX and BFX\"},{\"@type\":\"BreadcrumbList\",\"@id\":\"https:\\\/\\\/cartesy.de\\\/en\\\/product\\\/powersupply-ifx-bfx\\\/#breadcrumb\",\"itemListElement\":[{\"@type\":\"ListItem\",\"position\":1,\"name\":\"Home\",\"item\":\"https:\\\/\\\/cartesy.de\\\/en\\\/kanzlei\\\/\"},{\"@type\":\"ListItem\",\"position\":2,\"name\":\"Product overview\",\"item\":\"https:\\\/\\\/cartesy.de\\\/en\\\/product-overview\\\/\"},{\"@type\":\"ListItem\",\"position\":3,\"name\":\"Power supply unit and charging cable for IFX and BFX wheel load scales\"}]},{\"@type\":\"WebSite\",\"@id\":\"https:\\\/\\\/cartesy.de\\\/en\\\/#website\",\"url\":\"https:\\\/\\\/cartesy.de\\\/en\\\/\",\"name\":\"Cartesy\",\"description\":\"Ihr Experte f\u00fcr hochpr\u00e4zise Pr\u00fcf- und W\u00e4gesysteme.\",\"publisher\":{\"@id\":\"https:\\\/\\\/cartesy.de\\\/en\\\/#organization\"},\"potentialAction\":[{\"@type\":\"SearchAction\",\"target\":{\"@type\":\"EntryPoint\",\"urlTemplate\":\"https:\\\/\\\/cartesy.de\\\/en\\\/?s={search_term_string}\"},\"query-input\":{\"@type\":\"PropertyValueSpecification\",\"valueRequired\":true,\"valueName\":\"search_term_string\"}}],\"inLanguage\":\"en-US\"},{\"@type\":\"Organization\",\"@id\":\"https:\\\/\\\/cartesy.de\\\/en\\\/#organization\",\"name\":\"Cartesy\",\"url\":\"https:\\\/\\\/cartesy.de\\\/en\\\/\",\"logo\":{\"@type\":\"ImageObject\",\"inLanguage\":\"en-US\",\"@id\":\"https:\\\/\\\/cartesy.de\\\/en\\\/#\\\/schema\\\/logo\\\/image\\\/\",\"url\":\"https:\\\/\\\/cartesy.de\\\/wp-content\\\/uploads\\\/Cartesy-logo.png\",\"contentUrl\":\"https:\\\/\\\/cartesy.de\\\/wp-content\\\/uploads\\\/Cartesy-logo.png\",\"width\":800,\"height\":600,\"caption\":\"Cartesy\"},\"image\":{\"@id\":\"https:\\\/\\\/cartesy.de\\\/en\\\/#\\\/schema\\\/logo\\\/image\\\/\"},\"sameAs\":[\"https:\\\/\\\/de-de.facebook.com\\\/CartesyGmbH\",\"https:\\\/\\\/de.linkedin.com\\\/company\\\/cartesy-gmbh\"]}]}<\/script>\n<!-- \/ Yoast SEO plugin. -->","yoast_head_json":{"title":"Power supply unit and charging cable for IFX and BFX wheel load scales | Cartesy","description":"Power supply unit suitable for IFX and BFX wheel load scales and MHT handheld terminal. Spare part, charger, charging cable, USB-A to 5-pin plug,","robots":{"index":"index","follow":"follow","max-snippet":"max-snippet:-1","max-image-preview":"max-image-preview:large","max-video-preview":"max-video-preview:-1"},"canonical":"https:\/\/cartesy.de\/en\/product\/powersupply-ifx-bfx\/","og_locale":"en_US","og_type":"article","og_title":"Power supply unit and charging cable for IFX and BFX wheel load scales | Cartesy","og_description":"Power supply unit suitable for IFX and BFX wheel load scales and MHT handheld terminal. Spare part, charger, charging cable, USB-A to 5-pin plug,","og_url":"https:\/\/cartesy.de\/en\/product\/powersupply-ifx-bfx\/","og_site_name":"Cartesy","article_publisher":"https:\/\/de-de.facebook.com\/CartesyGmbH","article_modified_time":"2026-03-31T15:04:18+00:00","og_image":[{"width":2560,"height":1707,"url":"https:\/\/cartesy.de\/wp-content\/uploads\/netzteil-ifx-bfx-scaled.jpg","type":"image\/jpeg"}],"twitter_card":"summary_large_image","schema":{"@context":"https:\/\/schema.org","@graph":[{"@type":"WebPage","@id":"https:\/\/cartesy.de\/en\/product\/powersupply-ifx-bfx\/","url":"https:\/\/cartesy.de\/en\/product\/powersupply-ifx-bfx\/","name":"Power supply unit and charging cable for IFX and BFX wheel load scales | Cartesy","isPartOf":{"@id":"https:\/\/cartesy.de\/en\/#website"},"primaryImageOfPage":{"@id":"https:\/\/cartesy.de\/en\/product\/powersupply-ifx-bfx\/#primaryimage"},"image":{"@id":"https:\/\/cartesy.de\/en\/product\/powersupply-ifx-bfx\/#primaryimage"},"thumbnailUrl":"https:\/\/cartesy.de\/wp-content\/uploads\/netzteil-ifx-bfx-scaled.jpg","datePublished":"2023-11-30T09:44:10+00:00","dateModified":"2026-03-31T15:04:18+00:00","description":"Power supply unit suitable for IFX and BFX wheel load scales and MHT handheld terminal. Spare part, charger, charging cable, USB-A to 5-pin plug,","breadcrumb":{"@id":"https:\/\/cartesy.de\/en\/product\/powersupply-ifx-bfx\/#breadcrumb"},"inLanguage":"en-US","potentialAction":[{"@type":"ReadAction","target":["https:\/\/cartesy.de\/en\/product\/powersupply-ifx-bfx\/"]}]},{"@type":"ImageObject","inLanguage":"en-US","@id":"https:\/\/cartesy.de\/en\/product\/powersupply-ifx-bfx\/#primaryimage","url":"https:\/\/cartesy.de\/wp-content\/uploads\/netzteil-ifx-bfx-scaled.jpg","contentUrl":"https:\/\/cartesy.de\/wp-content\/uploads\/netzteil-ifx-bfx-scaled.jpg","width":2560,"height":1707,"caption":"Power supply and charging cable for wheel load scales IFX and BFX"},{"@type":"BreadcrumbList","@id":"https:\/\/cartesy.de\/en\/product\/powersupply-ifx-bfx\/#breadcrumb","itemListElement":[{"@type":"ListItem","position":1,"name":"Home","item":"https:\/\/cartesy.de\/en\/kanzlei\/"},{"@type":"ListItem","position":2,"name":"Product overview","item":"https:\/\/cartesy.de\/en\/product-overview\/"},{"@type":"ListItem","position":3,"name":"Power supply unit and charging cable for IFX and BFX wheel load scales"}]},{"@type":"WebSite","@id":"https:\/\/cartesy.de\/en\/#website","url":"https:\/\/cartesy.de\/en\/","name":"Cartesy","description":"Ihr Experte f\u00fcr hochpr\u00e4zise Pr\u00fcf- und W\u00e4gesysteme.","publisher":{"@id":"https:\/\/cartesy.de\/en\/#organization"},"potentialAction":[{"@type":"SearchAction","target":{"@type":"EntryPoint","urlTemplate":"https:\/\/cartesy.de\/en\/?s={search_term_string}"},"query-input":{"@type":"PropertyValueSpecification","valueRequired":true,"valueName":"search_term_string"}}],"inLanguage":"en-US"},{"@type":"Organization","@id":"https:\/\/cartesy.de\/en\/#organization","name":"Cartesy","url":"https:\/\/cartesy.de\/en\/","logo":{"@type":"ImageObject","inLanguage":"en-US","@id":"https:\/\/cartesy.de\/en\/#\/schema\/logo\/image\/","url":"https:\/\/cartesy.de\/wp-content\/uploads\/Cartesy-logo.png","contentUrl":"https:\/\/cartesy.de\/wp-content\/uploads\/Cartesy-logo.png","width":800,"height":600,"caption":"Cartesy"},"image":{"@id":"https:\/\/cartesy.de\/en\/#\/schema\/logo\/image\/"},"sameAs":["https:\/\/de-de.facebook.com\/CartesyGmbH","https:\/\/de.linkedin.com\/company\/cartesy-gmbh"]}]}},"_links":{"self":[{"href":"https:\/\/cartesy.de\/en\/wp-json\/wp\/v2\/product\/61462","targetHints":{"allow":["GET"]}}],"collection":[{"href":"https:\/\/cartesy.de\/en\/wp-json\/wp\/v2\/product"}],"about":[{"href":"https:\/\/cartesy.de\/en\/wp-json\/wp\/v2\/types\/product"}],"wp:featuredmedia":[{"embeddable":true,"href":"https:\/\/cartesy.de\/en\/wp-json\/wp\/v2\/media\/61461"}],"wp:attachment":[{"href":"https:\/\/cartesy.de\/en\/wp-json\/wp\/v2\/media?parent=61462"}],"wp:term":[{"taxonomy":"product_brand","embeddable":true,"href":"https:\/\/cartesy.de\/en\/wp-json\/wp\/v2\/product_brand?post=61462"},{"taxonomy":"product_cat","embeddable":true,"href":"https:\/\/cartesy.de\/en\/wp-json\/wp\/v2\/product_cat?post=61462"},{"taxonomy":"product_tag","embeddable":true,"href":"https:\/\/cartesy.de\/en\/wp-json\/wp\/v2\/product_tag?post=61462"}],"curies":[{"name":"wp","href":"https:\/\/api.w.org\/{rel}","templated":true}]}}