{"id":62940,"date":"2025-01-07T09:26:14","date_gmt":"2025-01-07T08:26:14","guid":{"rendered":"https:\/\/cartesy.de\/?post_type=product&#038;p=62940"},"modified":"2026-03-31T16:49:57","modified_gmt":"2026-03-31T14:49:57","slug":"ramps_innoweight","status":"publish","type":"product","link":"https:\/\/cartesy.de\/en\/product\/ramps_innoweight\/","title":{"rendered":"Drive-on ramp \/ drive-off ramp for inno!weight\u00ae weighing set (4 pieces)"},"content":{"rendered":"<ul>\n<li>Can be used as a drive-on or drive-off ramp<\/li>\n<li>Simplifies driving onto the wheel load scales<\/li>\n<li>Protects the inno!weight\u00ae wheel load scales through even weight distribution<\/li>\n<li>Reduces measurement errors during vehicle weighing<\/li>\n<li>Overall height suitable for inno!weight\u00ae wheel load scales<\/li>\n<li>4 pieces included in the scope of delivery<\/li>\n<\/ul>\n<p>&nbsp;<\/p>\n<ul>\n<li>Use 4 pieces to drive onto the wheel load scales and reverse back down again.<\/li>\n<li>Use 8 pieces to easily drive over the wheel load scales.<\/li>\n<\/ul>\n","protected":false},"excerpt":{"rendered":"<p>Makes it easier to drive on the inno!weight\u00ae wheel load scales!<\/p>\n","protected":false},"featured_media":62942,"template":"","meta":[],"product_brand":[],"product_cat":[396],"product_tag":[401,516,517,518],"class_list":{"0":"post-62940","1":"product","2":"type-product","3":"status-publish","4":"has-post-thumbnail","6":"product_cat-accessories-wheel-load-scales","7":"product_tag-innoweight-en","8":"product_tag-drive-on-ramp","9":"product_tag-ramp","10":"product_tag-accesories","11":"product_shipping_class-k-en","12":"tm-no-options","14":"first","15":"instock","16":"taxable","17":"shipping-taxable","18":"purchasable","19":"product-type-simple"},"yoast_head":"<!-- This site is optimized with the Yoast SEO plugin v27.3 - https:\/\/yoast.com\/product\/yoast-seo-wordpress\/ -->\n<title>Drive on \/ drive off ramps for inno!weight weighing system<\/title>\n<meta name=\"description\" content=\"Drive-on ramps \/ drive-off ramps for inno!weight weighing set wheel load scales. Lightweight, easy to use, wear and water resistant.\" \/>\n<meta name=\"robots\" content=\"index, follow, max-snippet:-1, max-image-preview:large, max-video-preview:-1\" \/>\n<link rel=\"canonical\" href=\"https:\/\/cartesy.de\/en\/product\/ramps_innoweight\/\" \/>\n<meta property=\"og:locale\" content=\"en_US\" \/>\n<meta property=\"og:type\" content=\"article\" \/>\n<meta property=\"og:title\" content=\"Drive on \/ drive off ramps for inno!weight weighing system\" \/>\n<meta property=\"og:description\" content=\"Drive-on ramps \/ drive-off ramps for inno!weight weighing set wheel load scales. Lightweight, easy to use, wear and water resistant.\" \/>\n<meta property=\"og:url\" content=\"https:\/\/cartesy.de\/en\/product\/ramps_innoweight\/\" \/>\n<meta property=\"og:site_name\" content=\"Cartesy\" \/>\n<meta property=\"article:publisher\" content=\"https:\/\/de-de.facebook.com\/CartesyGmbH\" \/>\n<meta property=\"article:modified_time\" content=\"2026-03-31T14:49:57+00:00\" \/>\n<meta property=\"og:image\" content=\"https:\/\/cartesy.de\/wp-content\/uploads\/IMG_6982-scaled.jpg\" \/>\n\t<meta property=\"og:image:width\" content=\"2560\" \/>\n\t<meta property=\"og:image:height\" content=\"1733\" \/>\n\t<meta property=\"og:image:type\" content=\"image\/jpeg\" \/>\n<meta name=\"twitter:card\" content=\"summary_large_image\" \/>\n<script type=\"application\/ld+json\" class=\"yoast-schema-graph\">{\"@context\":\"https:\\\/\\\/schema.org\",\"@graph\":[{\"@type\":\"WebPage\",\"@id\":\"https:\\\/\\\/cartesy.de\\\/en\\\/product\\\/ramps_innoweight\\\/\",\"url\":\"https:\\\/\\\/cartesy.de\\\/en\\\/product\\\/ramps_innoweight\\\/\",\"name\":\"Drive on \\\/ drive off ramps for inno!weight weighing system\",\"isPartOf\":{\"@id\":\"https:\\\/\\\/cartesy.de\\\/en\\\/#website\"},\"primaryImageOfPage\":{\"@id\":\"https:\\\/\\\/cartesy.de\\\/en\\\/product\\\/ramps_innoweight\\\/#primaryimage\"},\"image\":{\"@id\":\"https:\\\/\\\/cartesy.de\\\/en\\\/product\\\/ramps_innoweight\\\/#primaryimage\"},\"thumbnailUrl\":\"https:\\\/\\\/cartesy.de\\\/wp-content\\\/uploads\\\/IMG_6982-scaled.jpg\",\"datePublished\":\"2025-01-07T08:26:14+00:00\",\"dateModified\":\"2026-03-31T14:49:57+00:00\",\"description\":\"Drive-on ramps \\\/ drive-off ramps for inno!weight weighing set wheel load scales. Lightweight, easy to use, wear and water resistant.\",\"breadcrumb\":{\"@id\":\"https:\\\/\\\/cartesy.de\\\/en\\\/product\\\/ramps_innoweight\\\/#breadcrumb\"},\"inLanguage\":\"en-US\",\"potentialAction\":[{\"@type\":\"ReadAction\",\"target\":[\"https:\\\/\\\/cartesy.de\\\/en\\\/product\\\/ramps_innoweight\\\/\"]}]},{\"@type\":\"ImageObject\",\"inLanguage\":\"en-US\",\"@id\":\"https:\\\/\\\/cartesy.de\\\/en\\\/product\\\/ramps_innoweight\\\/#primaryimage\",\"url\":\"https:\\\/\\\/cartesy.de\\\/wp-content\\\/uploads\\\/IMG_6982-scaled.jpg\",\"contentUrl\":\"https:\\\/\\\/cartesy.de\\\/wp-content\\\/uploads\\\/IMG_6982-scaled.jpg\",\"width\":2560,\"height\":1733,\"caption\":\"Two black ramps on the left and right of a red innoweight wheel load scale from Cartesy on a gray floor\"},{\"@type\":\"BreadcrumbList\",\"@id\":\"https:\\\/\\\/cartesy.de\\\/en\\\/product\\\/ramps_innoweight\\\/#breadcrumb\",\"itemListElement\":[{\"@type\":\"ListItem\",\"position\":1,\"name\":\"Home\",\"item\":\"https:\\\/\\\/cartesy.de\\\/en\\\/kanzlei\\\/\"},{\"@type\":\"ListItem\",\"position\":2,\"name\":\"Product overview\",\"item\":\"https:\\\/\\\/cartesy.de\\\/en\\\/product-overview\\\/\"},{\"@type\":\"ListItem\",\"position\":3,\"name\":\"Drive-on ramp \\\/ drive-off ramp for inno!weight\u00ae weighing set (4 pieces)\"}]},{\"@type\":\"WebSite\",\"@id\":\"https:\\\/\\\/cartesy.de\\\/en\\\/#website\",\"url\":\"https:\\\/\\\/cartesy.de\\\/en\\\/\",\"name\":\"Cartesy\",\"description\":\"Ihr Experte f\u00fcr hochpr\u00e4zise Pr\u00fcf- und W\u00e4gesysteme.\",\"publisher\":{\"@id\":\"https:\\\/\\\/cartesy.de\\\/en\\\/#organization\"},\"potentialAction\":[{\"@type\":\"SearchAction\",\"target\":{\"@type\":\"EntryPoint\",\"urlTemplate\":\"https:\\\/\\\/cartesy.de\\\/en\\\/?s={search_term_string}\"},\"query-input\":{\"@type\":\"PropertyValueSpecification\",\"valueRequired\":true,\"valueName\":\"search_term_string\"}}],\"inLanguage\":\"en-US\"},{\"@type\":\"Organization\",\"@id\":\"https:\\\/\\\/cartesy.de\\\/en\\\/#organization\",\"name\":\"Cartesy\",\"url\":\"https:\\\/\\\/cartesy.de\\\/en\\\/\",\"logo\":{\"@type\":\"ImageObject\",\"inLanguage\":\"en-US\",\"@id\":\"https:\\\/\\\/cartesy.de\\\/en\\\/#\\\/schema\\\/logo\\\/image\\\/\",\"url\":\"https:\\\/\\\/cartesy.de\\\/wp-content\\\/uploads\\\/Cartesy-logo.png\",\"contentUrl\":\"https:\\\/\\\/cartesy.de\\\/wp-content\\\/uploads\\\/Cartesy-logo.png\",\"width\":800,\"height\":600,\"caption\":\"Cartesy\"},\"image\":{\"@id\":\"https:\\\/\\\/cartesy.de\\\/en\\\/#\\\/schema\\\/logo\\\/image\\\/\"},\"sameAs\":[\"https:\\\/\\\/de-de.facebook.com\\\/CartesyGmbH\",\"https:\\\/\\\/de.linkedin.com\\\/company\\\/cartesy-gmbh\"]}]}<\/script>\n<!-- \/ Yoast SEO plugin. -->","yoast_head_json":{"title":"Drive on \/ drive off ramps for inno!weight weighing system","description":"Drive-on ramps \/ drive-off ramps for inno!weight weighing set wheel load scales. Lightweight, easy to use, wear and water resistant.","robots":{"index":"index","follow":"follow","max-snippet":"max-snippet:-1","max-image-preview":"max-image-preview:large","max-video-preview":"max-video-preview:-1"},"canonical":"https:\/\/cartesy.de\/en\/product\/ramps_innoweight\/","og_locale":"en_US","og_type":"article","og_title":"Drive on \/ drive off ramps for inno!weight weighing system","og_description":"Drive-on ramps \/ drive-off ramps for inno!weight weighing set wheel load scales. Lightweight, easy to use, wear and water resistant.","og_url":"https:\/\/cartesy.de\/en\/product\/ramps_innoweight\/","og_site_name":"Cartesy","article_publisher":"https:\/\/de-de.facebook.com\/CartesyGmbH","article_modified_time":"2026-03-31T14:49:57+00:00","og_image":[{"width":2560,"height":1733,"url":"https:\/\/cartesy.de\/wp-content\/uploads\/IMG_6982-scaled.jpg","type":"image\/jpeg"}],"twitter_card":"summary_large_image","schema":{"@context":"https:\/\/schema.org","@graph":[{"@type":"WebPage","@id":"https:\/\/cartesy.de\/en\/product\/ramps_innoweight\/","url":"https:\/\/cartesy.de\/en\/product\/ramps_innoweight\/","name":"Drive on \/ drive off ramps for inno!weight weighing system","isPartOf":{"@id":"https:\/\/cartesy.de\/en\/#website"},"primaryImageOfPage":{"@id":"https:\/\/cartesy.de\/en\/product\/ramps_innoweight\/#primaryimage"},"image":{"@id":"https:\/\/cartesy.de\/en\/product\/ramps_innoweight\/#primaryimage"},"thumbnailUrl":"https:\/\/cartesy.de\/wp-content\/uploads\/IMG_6982-scaled.jpg","datePublished":"2025-01-07T08:26:14+00:00","dateModified":"2026-03-31T14:49:57+00:00","description":"Drive-on ramps \/ drive-off ramps for inno!weight weighing set wheel load scales. Lightweight, easy to use, wear and water resistant.","breadcrumb":{"@id":"https:\/\/cartesy.de\/en\/product\/ramps_innoweight\/#breadcrumb"},"inLanguage":"en-US","potentialAction":[{"@type":"ReadAction","target":["https:\/\/cartesy.de\/en\/product\/ramps_innoweight\/"]}]},{"@type":"ImageObject","inLanguage":"en-US","@id":"https:\/\/cartesy.de\/en\/product\/ramps_innoweight\/#primaryimage","url":"https:\/\/cartesy.de\/wp-content\/uploads\/IMG_6982-scaled.jpg","contentUrl":"https:\/\/cartesy.de\/wp-content\/uploads\/IMG_6982-scaled.jpg","width":2560,"height":1733,"caption":"Two black ramps on the left and right of a red innoweight wheel load scale from Cartesy on a gray floor"},{"@type":"BreadcrumbList","@id":"https:\/\/cartesy.de\/en\/product\/ramps_innoweight\/#breadcrumb","itemListElement":[{"@type":"ListItem","position":1,"name":"Home","item":"https:\/\/cartesy.de\/en\/kanzlei\/"},{"@type":"ListItem","position":2,"name":"Product overview","item":"https:\/\/cartesy.de\/en\/product-overview\/"},{"@type":"ListItem","position":3,"name":"Drive-on ramp \/ drive-off ramp for inno!weight\u00ae weighing set (4 pieces)"}]},{"@type":"WebSite","@id":"https:\/\/cartesy.de\/en\/#website","url":"https:\/\/cartesy.de\/en\/","name":"Cartesy","description":"Ihr Experte f\u00fcr hochpr\u00e4zise Pr\u00fcf- und W\u00e4gesysteme.","publisher":{"@id":"https:\/\/cartesy.de\/en\/#organization"},"potentialAction":[{"@type":"SearchAction","target":{"@type":"EntryPoint","urlTemplate":"https:\/\/cartesy.de\/en\/?s={search_term_string}"},"query-input":{"@type":"PropertyValueSpecification","valueRequired":true,"valueName":"search_term_string"}}],"inLanguage":"en-US"},{"@type":"Organization","@id":"https:\/\/cartesy.de\/en\/#organization","name":"Cartesy","url":"https:\/\/cartesy.de\/en\/","logo":{"@type":"ImageObject","inLanguage":"en-US","@id":"https:\/\/cartesy.de\/en\/#\/schema\/logo\/image\/","url":"https:\/\/cartesy.de\/wp-content\/uploads\/Cartesy-logo.png","contentUrl":"https:\/\/cartesy.de\/wp-content\/uploads\/Cartesy-logo.png","width":800,"height":600,"caption":"Cartesy"},"image":{"@id":"https:\/\/cartesy.de\/en\/#\/schema\/logo\/image\/"},"sameAs":["https:\/\/de-de.facebook.com\/CartesyGmbH","https:\/\/de.linkedin.com\/company\/cartesy-gmbh"]}]}},"_links":{"self":[{"href":"https:\/\/cartesy.de\/en\/wp-json\/wp\/v2\/product\/62940","targetHints":{"allow":["GET"]}}],"collection":[{"href":"https:\/\/cartesy.de\/en\/wp-json\/wp\/v2\/product"}],"about":[{"href":"https:\/\/cartesy.de\/en\/wp-json\/wp\/v2\/types\/product"}],"wp:featuredmedia":[{"embeddable":true,"href":"https:\/\/cartesy.de\/en\/wp-json\/wp\/v2\/media\/62942"}],"wp:attachment":[{"href":"https:\/\/cartesy.de\/en\/wp-json\/wp\/v2\/media?parent=62940"}],"wp:term":[{"taxonomy":"product_brand","embeddable":true,"href":"https:\/\/cartesy.de\/en\/wp-json\/wp\/v2\/product_brand?post=62940"},{"taxonomy":"product_cat","embeddable":true,"href":"https:\/\/cartesy.de\/en\/wp-json\/wp\/v2\/product_cat?post=62940"},{"taxonomy":"product_tag","embeddable":true,"href":"https:\/\/cartesy.de\/en\/wp-json\/wp\/v2\/product_tag?post=62940"}],"curies":[{"name":"wp","href":"https:\/\/api.w.org\/{rel}","templated":true}]}}