{"id":63161,"date":"2025-03-15T15:26:43","date_gmt":"2025-03-15T14:26:43","guid":{"rendered":"https:\/\/cartesy.de\/produkt\/sensolink-20kn\/"},"modified":"2025-07-16T17:09:12","modified_gmt":"2025-07-16T15:09:12","slug":"sensolink-20kn","status":"publish","type":"product","link":"https:\/\/cartesy.de\/en\/product\/sensolink-20kn\/","title":{"rendered":"SensoLink S-Force reference sensor 20kN with app"},"content":{"rendered":"<p><strong>SensoLink reference sensor \u2013 digital sensor + app for calibration<\/strong><\/p>\n<p>The SensoLink calibration s-force sensor is an innovative sensor for the calibration of brake testers (for plate and roller brake testers). It is suitable for all standard calibration mechanics from all manufacturers! The sensor connects wirelessly to the SensoLink app on your smartphone\/tablet!<\/p>\n<p>The SensoLink app uses a wireless connection (BLE) to display readings from the new Cartesy SensoLink sensors, it supports force and pressure sensors, and provides a clear and modern visualization. It offers calibration masks (e.g. according to BPS guideline 2021) for brake testers and manometers, a database assistant and PDF test reports.<\/p>\n<p>Ideal for: calibration laboratories, service technicians, PTI organizations, manufacturers, test equipment services &amp; automotive guilds\/national associations.<\/p>\n<p>Use the SensoLink app for efficient, digital and compliant calibration \u2013 anytime, anywhere! ?<\/p>\n<p>&nbsp;<\/p>\n<p><a href=\"https:\/\/play.google.com\/store\/apps\/details?id=com.cartesy.sensolink&amp;hl=de\"><strong>Download app here<\/strong><\/a><\/p>\n<p>&nbsp;<\/p>\n<p>Scope of delivery:<\/p>\n<ul>\n<li>SensoLink force transducer IFW-02-SL (20kN)<\/li>\n<li>M12 mounting thread on both sides<\/li>\n<li><span style=\"color: #ff0000;\">Alternatively M16 mounting thread on both sides (please specify when ordering!)<\/span><\/li>\n<li>Display via SensoLink app (Android &amp; *iOS coming soon)<\/li>\n<li>Carrying case, black<\/li>\n<li>2x AAA battery<\/li>\n<li>Short information &amp; test report<\/li>\n<li>*optionally available with accredited ISO 17025 calibration (see accessories below)<\/li>\n<\/ul>\n<p>&nbsp;<\/p>\n<p>&nbsp;<\/p>\n<p><strong>SensoLink App \u2013 The solution for digital measurement, recording and calibration<\/strong><\/p>\n<p>Modern measurement technology requires precise, reliable and easy-to-use solutions for the recording and evaluation of sensor data. With the SensoLink app, Cartesy presents an innovative software solution for the digital display and calibration of sensor readings. This app allows users to collect and manage SensoLink sensor data in real time and to use it for further testing and documentation purposes.<\/p>\n<p>Whether you work in a calibration laboratory, as a service technician, in a PTI organization or in a motor vehicle guild and are involved in the calibration of brake testers or brake pressure testers, the SensoLink app is designed to meet your requirements and provide you with an efficient, standardized and digital solution.<\/p>\n<p>&nbsp;<\/p>\n<p><strong>For whom is the SensoLink reference sensor + app intended?<\/strong><\/p>\n<p>The app was developed specifically for professionals in the field of brake tester calibration.<\/p>\n<p>It is perfect for:<\/p>\n<ul>\n<li>Calibration laboratories and calibration service providers<\/li>\n<li>Service technician for brake testers and pressure sensors<\/li>\n<li>PTI organizations and test equipment service<\/li>\n<li>Manufacturers, importers and distributors of brake testers<\/li>\n<li>technical inspection centers<\/li>\n<li>automobile guilds and automobile state associations<\/li>\n<\/ul>\n<p>Whether in the workshop, in the field or in the test lab \u2013 SensoLink offers a scalable and customizable solution for a wide range of applications.<\/p>\n<p>&nbsp;<\/p>\n<p><strong>More information:<\/strong><\/p>\n<p><a href=\"\/wp-content\/uploads\/DB-IFW-02-SL-EN.pdf\" target=\"_blank\" rel=\"noopener\"> Datasheet-SensoLink-IFW-02-SL <\/a><\/p>\n","protected":false},"excerpt":{"rendered":"<p>Reference sensor for the calibration of brake testers (roller and plate brake testers) with SensoLink app!<\/p>\n","protected":false},"featured_media":63163,"template":"","meta":[],"product_brand":[],"product_cat":[430],"product_tag":[528,529,530,531,532,533,534,439],"class_list":{"0":"post-63161","1":"product","2":"type-product","3":"status-publish","4":"has-post-thumbnail","6":"product_cat-sensors","7":"product_tag-s-force-sensor","8":"product_tag-calibration-sensor","9":"product_tag-tensile-and-compressive-forces","10":"product_tag-brake-tester-calibration-sensor-with-app","11":"product_tag-sensolink-app-en","12":"product_tag-sensolink-en","13":"product_tag-app-display-android-ios","14":"product_tag-20kn-en","15":"product_shipping_class-k-en","16":"tm-has-options","18":"first","19":"instock","20":"taxable","21":"shipping-taxable","22":"purchasable","23":"product-type-simple"},"yoast_head":"<!-- This site is optimized with the Yoast SEO plugin v27.3 - https:\/\/yoast.com\/product\/yoast-seo-wordpress\/ -->\n<title>SensoLink 20kN force calibration sensor<\/title>\n<meta name=\"description\" content=\"Reference force sensor \/ force transducer IFW-02-SL (20kN), display via SensoLink app, transport case, brake tester, calibration, SensoLink\" \/>\n<meta name=\"robots\" content=\"index, follow, max-snippet:-1, max-image-preview:large, max-video-preview:-1\" \/>\n<link rel=\"canonical\" href=\"https:\/\/cartesy.de\/en\/product\/sensolink-20kn\/\" \/>\n<meta property=\"og:locale\" content=\"en_US\" \/>\n<meta property=\"og:type\" content=\"article\" \/>\n<meta property=\"og:title\" content=\"SensoLink 20kN force calibration sensor\" \/>\n<meta property=\"og:description\" content=\"Reference force sensor \/ force transducer IFW-02-SL (20kN), display via SensoLink app, transport case, brake tester, calibration, SensoLink\" \/>\n<meta property=\"og:url\" content=\"https:\/\/cartesy.de\/en\/product\/sensolink-20kn\/\" \/>\n<meta property=\"og:site_name\" content=\"Cartesy\" \/>\n<meta property=\"article:publisher\" content=\"https:\/\/de-de.facebook.com\/CartesyGmbH\" \/>\n<meta property=\"article:modified_time\" content=\"2025-07-16T15:09:12+00:00\" \/>\n<meta property=\"og:image\" content=\"https:\/\/cartesy.de\/wp-content\/uploads\/MG_5476-scaled-e1742453731705.jpg\" \/>\n\t<meta property=\"og:image:width\" content=\"2560\" \/>\n\t<meta property=\"og:image:height\" content=\"1707\" \/>\n\t<meta property=\"og:image:type\" content=\"image\/jpeg\" \/>\n<meta name=\"twitter:card\" content=\"summary_large_image\" \/>\n<meta name=\"twitter:label1\" content=\"Est. reading time\" \/>\n\t<meta name=\"twitter:data1\" content=\"2 minutes\" \/>\n<script type=\"application\/ld+json\" class=\"yoast-schema-graph\">{\"@context\":\"https:\\\/\\\/schema.org\",\"@graph\":[{\"@type\":\"WebPage\",\"@id\":\"https:\\\/\\\/cartesy.de\\\/en\\\/product\\\/sensolink-20kn\\\/\",\"url\":\"https:\\\/\\\/cartesy.de\\\/en\\\/product\\\/sensolink-20kn\\\/\",\"name\":\"SensoLink 20kN force calibration sensor\",\"isPartOf\":{\"@id\":\"https:\\\/\\\/cartesy.de\\\/en\\\/#website\"},\"primaryImageOfPage\":{\"@id\":\"https:\\\/\\\/cartesy.de\\\/en\\\/product\\\/sensolink-20kn\\\/#primaryimage\"},\"image\":{\"@id\":\"https:\\\/\\\/cartesy.de\\\/en\\\/product\\\/sensolink-20kn\\\/#primaryimage\"},\"thumbnailUrl\":\"https:\\\/\\\/cartesy.de\\\/wp-content\\\/uploads\\\/MG_5476-scaled-e1742453731705.jpg\",\"datePublished\":\"2025-03-15T14:26:43+00:00\",\"dateModified\":\"2025-07-16T15:09:12+00:00\",\"description\":\"Reference force sensor \\\/ force transducer IFW-02-SL (20kN), display via SensoLink app, transport case, brake tester, calibration, SensoLink\",\"breadcrumb\":{\"@id\":\"https:\\\/\\\/cartesy.de\\\/en\\\/product\\\/sensolink-20kn\\\/#breadcrumb\"},\"inLanguage\":\"en-US\",\"potentialAction\":[{\"@type\":\"ReadAction\",\"target\":[\"https:\\\/\\\/cartesy.de\\\/en\\\/product\\\/sensolink-20kn\\\/\"]}]},{\"@type\":\"ImageObject\",\"inLanguage\":\"en-US\",\"@id\":\"https:\\\/\\\/cartesy.de\\\/en\\\/product\\\/sensolink-20kn\\\/#primaryimage\",\"url\":\"https:\\\/\\\/cartesy.de\\\/wp-content\\\/uploads\\\/MG_5476-scaled-e1742453731705.jpg\",\"contentUrl\":\"https:\\\/\\\/cartesy.de\\\/wp-content\\\/uploads\\\/MG_5476-scaled-e1742453731705.jpg\",\"width\":2560,\"height\":1707,\"caption\":\"Cartesy SensoLink reference sensor with compact, square metal design, side button, and threaded opening at the top.\"},{\"@type\":\"BreadcrumbList\",\"@id\":\"https:\\\/\\\/cartesy.de\\\/en\\\/product\\\/sensolink-20kn\\\/#breadcrumb\",\"itemListElement\":[{\"@type\":\"ListItem\",\"position\":1,\"name\":\"Home\",\"item\":\"https:\\\/\\\/cartesy.de\\\/en\\\/kanzlei\\\/\"},{\"@type\":\"ListItem\",\"position\":2,\"name\":\"Product overview\",\"item\":\"https:\\\/\\\/cartesy.de\\\/en\\\/product-overview\\\/\"},{\"@type\":\"ListItem\",\"position\":3,\"name\":\"SensoLink S-Force reference sensor 20kN with app\"}]},{\"@type\":\"WebSite\",\"@id\":\"https:\\\/\\\/cartesy.de\\\/en\\\/#website\",\"url\":\"https:\\\/\\\/cartesy.de\\\/en\\\/\",\"name\":\"Cartesy\",\"description\":\"Ihr Experte f\u00fcr hochpr\u00e4zise Pr\u00fcf- und W\u00e4gesysteme.\",\"publisher\":{\"@id\":\"https:\\\/\\\/cartesy.de\\\/en\\\/#organization\"},\"potentialAction\":[{\"@type\":\"SearchAction\",\"target\":{\"@type\":\"EntryPoint\",\"urlTemplate\":\"https:\\\/\\\/cartesy.de\\\/en\\\/?s={search_term_string}\"},\"query-input\":{\"@type\":\"PropertyValueSpecification\",\"valueRequired\":true,\"valueName\":\"search_term_string\"}}],\"inLanguage\":\"en-US\"},{\"@type\":\"Organization\",\"@id\":\"https:\\\/\\\/cartesy.de\\\/en\\\/#organization\",\"name\":\"Cartesy\",\"url\":\"https:\\\/\\\/cartesy.de\\\/en\\\/\",\"logo\":{\"@type\":\"ImageObject\",\"inLanguage\":\"en-US\",\"@id\":\"https:\\\/\\\/cartesy.de\\\/en\\\/#\\\/schema\\\/logo\\\/image\\\/\",\"url\":\"https:\\\/\\\/cartesy.de\\\/wp-content\\\/uploads\\\/Cartesy-logo.png\",\"contentUrl\":\"https:\\\/\\\/cartesy.de\\\/wp-content\\\/uploads\\\/Cartesy-logo.png\",\"width\":800,\"height\":600,\"caption\":\"Cartesy\"},\"image\":{\"@id\":\"https:\\\/\\\/cartesy.de\\\/en\\\/#\\\/schema\\\/logo\\\/image\\\/\"},\"sameAs\":[\"https:\\\/\\\/de-de.facebook.com\\\/CartesyGmbH\",\"https:\\\/\\\/de.linkedin.com\\\/company\\\/cartesy-gmbh\"]}]}<\/script>\n<!-- \/ Yoast SEO plugin. -->","yoast_head_json":{"title":"SensoLink 20kN force calibration sensor","description":"Reference force sensor \/ force transducer IFW-02-SL (20kN), display via SensoLink app, transport case, brake tester, calibration, SensoLink","robots":{"index":"index","follow":"follow","max-snippet":"max-snippet:-1","max-image-preview":"max-image-preview:large","max-video-preview":"max-video-preview:-1"},"canonical":"https:\/\/cartesy.de\/en\/product\/sensolink-20kn\/","og_locale":"en_US","og_type":"article","og_title":"SensoLink 20kN force calibration sensor","og_description":"Reference force sensor \/ force transducer IFW-02-SL (20kN), display via SensoLink app, transport case, brake tester, calibration, SensoLink","og_url":"https:\/\/cartesy.de\/en\/product\/sensolink-20kn\/","og_site_name":"Cartesy","article_publisher":"https:\/\/de-de.facebook.com\/CartesyGmbH","article_modified_time":"2025-07-16T15:09:12+00:00","og_image":[{"width":2560,"height":1707,"url":"https:\/\/cartesy.de\/wp-content\/uploads\/MG_5476-scaled-e1742453731705.jpg","type":"image\/jpeg"}],"twitter_card":"summary_large_image","twitter_misc":{"Est. reading time":"2 minutes"},"schema":{"@context":"https:\/\/schema.org","@graph":[{"@type":"WebPage","@id":"https:\/\/cartesy.de\/en\/product\/sensolink-20kn\/","url":"https:\/\/cartesy.de\/en\/product\/sensolink-20kn\/","name":"SensoLink 20kN force calibration sensor","isPartOf":{"@id":"https:\/\/cartesy.de\/en\/#website"},"primaryImageOfPage":{"@id":"https:\/\/cartesy.de\/en\/product\/sensolink-20kn\/#primaryimage"},"image":{"@id":"https:\/\/cartesy.de\/en\/product\/sensolink-20kn\/#primaryimage"},"thumbnailUrl":"https:\/\/cartesy.de\/wp-content\/uploads\/MG_5476-scaled-e1742453731705.jpg","datePublished":"2025-03-15T14:26:43+00:00","dateModified":"2025-07-16T15:09:12+00:00","description":"Reference force sensor \/ force transducer IFW-02-SL (20kN), display via SensoLink app, transport case, brake tester, calibration, SensoLink","breadcrumb":{"@id":"https:\/\/cartesy.de\/en\/product\/sensolink-20kn\/#breadcrumb"},"inLanguage":"en-US","potentialAction":[{"@type":"ReadAction","target":["https:\/\/cartesy.de\/en\/product\/sensolink-20kn\/"]}]},{"@type":"ImageObject","inLanguage":"en-US","@id":"https:\/\/cartesy.de\/en\/product\/sensolink-20kn\/#primaryimage","url":"https:\/\/cartesy.de\/wp-content\/uploads\/MG_5476-scaled-e1742453731705.jpg","contentUrl":"https:\/\/cartesy.de\/wp-content\/uploads\/MG_5476-scaled-e1742453731705.jpg","width":2560,"height":1707,"caption":"Cartesy SensoLink reference sensor with compact, square metal design, side button, and threaded opening at the top."},{"@type":"BreadcrumbList","@id":"https:\/\/cartesy.de\/en\/product\/sensolink-20kn\/#breadcrumb","itemListElement":[{"@type":"ListItem","position":1,"name":"Home","item":"https:\/\/cartesy.de\/en\/kanzlei\/"},{"@type":"ListItem","position":2,"name":"Product overview","item":"https:\/\/cartesy.de\/en\/product-overview\/"},{"@type":"ListItem","position":3,"name":"SensoLink S-Force reference sensor 20kN with app"}]},{"@type":"WebSite","@id":"https:\/\/cartesy.de\/en\/#website","url":"https:\/\/cartesy.de\/en\/","name":"Cartesy","description":"Ihr Experte f\u00fcr hochpr\u00e4zise Pr\u00fcf- und W\u00e4gesysteme.","publisher":{"@id":"https:\/\/cartesy.de\/en\/#organization"},"potentialAction":[{"@type":"SearchAction","target":{"@type":"EntryPoint","urlTemplate":"https:\/\/cartesy.de\/en\/?s={search_term_string}"},"query-input":{"@type":"PropertyValueSpecification","valueRequired":true,"valueName":"search_term_string"}}],"inLanguage":"en-US"},{"@type":"Organization","@id":"https:\/\/cartesy.de\/en\/#organization","name":"Cartesy","url":"https:\/\/cartesy.de\/en\/","logo":{"@type":"ImageObject","inLanguage":"en-US","@id":"https:\/\/cartesy.de\/en\/#\/schema\/logo\/image\/","url":"https:\/\/cartesy.de\/wp-content\/uploads\/Cartesy-logo.png","contentUrl":"https:\/\/cartesy.de\/wp-content\/uploads\/Cartesy-logo.png","width":800,"height":600,"caption":"Cartesy"},"image":{"@id":"https:\/\/cartesy.de\/en\/#\/schema\/logo\/image\/"},"sameAs":["https:\/\/de-de.facebook.com\/CartesyGmbH","https:\/\/de.linkedin.com\/company\/cartesy-gmbh"]}]}},"_links":{"self":[{"href":"https:\/\/cartesy.de\/en\/wp-json\/wp\/v2\/product\/63161","targetHints":{"allow":["GET"]}}],"collection":[{"href":"https:\/\/cartesy.de\/en\/wp-json\/wp\/v2\/product"}],"about":[{"href":"https:\/\/cartesy.de\/en\/wp-json\/wp\/v2\/types\/product"}],"wp:featuredmedia":[{"embeddable":true,"href":"https:\/\/cartesy.de\/en\/wp-json\/wp\/v2\/media\/63163"}],"wp:attachment":[{"href":"https:\/\/cartesy.de\/en\/wp-json\/wp\/v2\/media?parent=63161"}],"wp:term":[{"taxonomy":"product_brand","embeddable":true,"href":"https:\/\/cartesy.de\/en\/wp-json\/wp\/v2\/product_brand?post=63161"},{"taxonomy":"product_cat","embeddable":true,"href":"https:\/\/cartesy.de\/en\/wp-json\/wp\/v2\/product_cat?post=63161"},{"taxonomy":"product_tag","embeddable":true,"href":"https:\/\/cartesy.de\/en\/wp-json\/wp\/v2\/product_tag?post=63161"}],"curies":[{"name":"wp","href":"https:\/\/api.w.org\/{rel}","templated":true}]}}