{"id":63426,"date":"2025-06-04T14:49:24","date_gmt":"2025-06-04T12:49:24","guid":{"rendered":"https:\/\/cartesy.de\/?post_type=product&#038;p=63426"},"modified":"2026-03-31T16:48:06","modified_gmt":"2026-03-31T14:48:06","slug":"ramps-ifx","status":"publish","type":"product","link":"https:\/\/cartesy.de\/en\/product\/ramps-ifx\/","title":{"rendered":"Drive-on ramp \/ drive-off ramp for IFX wheel load scales (2 pieces)"},"content":{"rendered":"<ul>\n<li>Can be used as a drive-on or drive-off ramp<\/li>\n<li>Simplifies driving onto the wheel load scales<\/li>\n<li>Protects IFX wheel load scales through even weight distribution<\/li>\n<li>Reduces measurement errors during vehicle weighing<\/li>\n<li>Height suitable for IFX wheel load scale<\/li>\n<li>2 pieces included in scope of delivery<\/li>\n<li>LxHxW: 400x20x100mm<\/li>\n<\/ul>\n<p>&nbsp;<\/p>\n<ul>\n<li>Use 4 pieces to drive onto 4 wheel load scales and reverse back down again.<\/li>\n<li>Use 8 pieces to easily drive over 4 wheel load scales.<\/li>\n<\/ul>\n","protected":false},"excerpt":{"rendered":"<p>Makes driving onto IFX wheel load scales easier!<\/p>\n","protected":false},"featured_media":63428,"template":"","meta":[],"product_brand":[],"product_cat":[396],"product_tag":[404,516,517,518,540],"class_list":{"0":"post-63426","1":"product","2":"type-product","3":"status-publish","4":"has-post-thumbnail","6":"product_cat-accessories-wheel-load-scales","7":"product_tag-wheel-load-scale","8":"product_tag-drive-on-ramp","9":"product_tag-ramp","10":"product_tag-accesories","11":"product_tag-ifx-en","12":"product_shipping_class-k-en","13":"tm-no-options","15":"first","16":"instock","17":"taxable","18":"shipping-taxable","19":"purchasable","20":"product-type-simple"},"yoast_head":"<!-- This site is optimized with the Yoast SEO plugin v27.3 - https:\/\/yoast.com\/product\/yoast-seo-wordpress\/ -->\n<title>Drive-on ramp \/ drive-off ramp for IFX wheel load scales (2 pieces) | Cartesy<\/title>\n<meta name=\"description\" content=\"Drive-on\/-off ramps for Cartesy IFX wheel load scales. Lightweight, easy to use, wear-resistant, and waterproof.\" \/>\n<meta name=\"robots\" content=\"index, follow, max-snippet:-1, max-image-preview:large, max-video-preview:-1\" \/>\n<link rel=\"canonical\" href=\"https:\/\/cartesy.de\/en\/product\/ramps-ifx\/\" \/>\n<meta property=\"og:locale\" content=\"en_US\" \/>\n<meta property=\"og:type\" content=\"article\" \/>\n<meta property=\"og:title\" content=\"Drive-on ramp \/ drive-off ramp for IFX wheel load scales (2 pieces) | Cartesy\" \/>\n<meta property=\"og:description\" content=\"Drive-on\/-off ramps for Cartesy IFX wheel load scales. Lightweight, easy to use, wear-resistant, and waterproof.\" \/>\n<meta property=\"og:url\" content=\"https:\/\/cartesy.de\/en\/product\/ramps-ifx\/\" \/>\n<meta property=\"og:site_name\" content=\"Cartesy\" \/>\n<meta property=\"article:publisher\" content=\"https:\/\/de-de.facebook.com\/CartesyGmbH\" \/>\n<meta property=\"article:modified_time\" content=\"2026-03-31T14:48:06+00:00\" \/>\n<meta property=\"og:image\" content=\"https:\/\/cartesy.de\/wp-content\/uploads\/2-1.jpg\" \/>\n\t<meta property=\"og:image:width\" content=\"2016\" \/>\n\t<meta property=\"og:image:height\" content=\"1512\" \/>\n\t<meta property=\"og:image:type\" content=\"image\/jpeg\" \/>\n<meta name=\"twitter:card\" content=\"summary_large_image\" \/>\n<script type=\"application\/ld+json\" class=\"yoast-schema-graph\">{\"@context\":\"https:\\\/\\\/schema.org\",\"@graph\":[{\"@type\":\"WebPage\",\"@id\":\"https:\\\/\\\/cartesy.de\\\/en\\\/product\\\/ramps-ifx\\\/\",\"url\":\"https:\\\/\\\/cartesy.de\\\/en\\\/product\\\/ramps-ifx\\\/\",\"name\":\"Drive-on ramp \\\/ drive-off ramp for IFX wheel load scales (2 pieces) | Cartesy\",\"isPartOf\":{\"@id\":\"https:\\\/\\\/cartesy.de\\\/en\\\/#website\"},\"primaryImageOfPage\":{\"@id\":\"https:\\\/\\\/cartesy.de\\\/en\\\/product\\\/ramps-ifx\\\/#primaryimage\"},\"image\":{\"@id\":\"https:\\\/\\\/cartesy.de\\\/en\\\/product\\\/ramps-ifx\\\/#primaryimage\"},\"thumbnailUrl\":\"https:\\\/\\\/cartesy.de\\\/wp-content\\\/uploads\\\/2-1.jpg\",\"datePublished\":\"2025-06-04T12:49:24+00:00\",\"dateModified\":\"2026-03-31T14:48:06+00:00\",\"description\":\"Drive-on\\\/-off ramps for Cartesy IFX wheel load scales. Lightweight, easy to use, wear-resistant, and waterproof.\",\"breadcrumb\":{\"@id\":\"https:\\\/\\\/cartesy.de\\\/en\\\/product\\\/ramps-ifx\\\/#breadcrumb\"},\"inLanguage\":\"en-US\",\"potentialAction\":[{\"@type\":\"ReadAction\",\"target\":[\"https:\\\/\\\/cartesy.de\\\/en\\\/product\\\/ramps-ifx\\\/\"]}]},{\"@type\":\"ImageObject\",\"inLanguage\":\"en-US\",\"@id\":\"https:\\\/\\\/cartesy.de\\\/en\\\/product\\\/ramps-ifx\\\/#primaryimage\",\"url\":\"https:\\\/\\\/cartesy.de\\\/wp-content\\\/uploads\\\/2-1.jpg\",\"contentUrl\":\"https:\\\/\\\/cartesy.de\\\/wp-content\\\/uploads\\\/2-1.jpg\",\"width\":2016,\"height\":1512,\"caption\":\"Two black, ribbed IFX rubber ramps side by side on a white background, front view slightly from above\"},{\"@type\":\"BreadcrumbList\",\"@id\":\"https:\\\/\\\/cartesy.de\\\/en\\\/product\\\/ramps-ifx\\\/#breadcrumb\",\"itemListElement\":[{\"@type\":\"ListItem\",\"position\":1,\"name\":\"Home\",\"item\":\"https:\\\/\\\/cartesy.de\\\/en\\\/kanzlei\\\/\"},{\"@type\":\"ListItem\",\"position\":2,\"name\":\"Product overview\",\"item\":\"https:\\\/\\\/cartesy.de\\\/en\\\/product-overview\\\/\"},{\"@type\":\"ListItem\",\"position\":3,\"name\":\"Drive-on ramp \\\/ drive-off ramp for IFX wheel load scales (2 pieces)\"}]},{\"@type\":\"WebSite\",\"@id\":\"https:\\\/\\\/cartesy.de\\\/en\\\/#website\",\"url\":\"https:\\\/\\\/cartesy.de\\\/en\\\/\",\"name\":\"Cartesy\",\"description\":\"Ihr Experte f\u00fcr hochpr\u00e4zise Pr\u00fcf- und W\u00e4gesysteme.\",\"publisher\":{\"@id\":\"https:\\\/\\\/cartesy.de\\\/en\\\/#organization\"},\"potentialAction\":[{\"@type\":\"SearchAction\",\"target\":{\"@type\":\"EntryPoint\",\"urlTemplate\":\"https:\\\/\\\/cartesy.de\\\/en\\\/?s={search_term_string}\"},\"query-input\":{\"@type\":\"PropertyValueSpecification\",\"valueRequired\":true,\"valueName\":\"search_term_string\"}}],\"inLanguage\":\"en-US\"},{\"@type\":\"Organization\",\"@id\":\"https:\\\/\\\/cartesy.de\\\/en\\\/#organization\",\"name\":\"Cartesy\",\"url\":\"https:\\\/\\\/cartesy.de\\\/en\\\/\",\"logo\":{\"@type\":\"ImageObject\",\"inLanguage\":\"en-US\",\"@id\":\"https:\\\/\\\/cartesy.de\\\/en\\\/#\\\/schema\\\/logo\\\/image\\\/\",\"url\":\"https:\\\/\\\/cartesy.de\\\/wp-content\\\/uploads\\\/Cartesy-logo.png\",\"contentUrl\":\"https:\\\/\\\/cartesy.de\\\/wp-content\\\/uploads\\\/Cartesy-logo.png\",\"width\":800,\"height\":600,\"caption\":\"Cartesy\"},\"image\":{\"@id\":\"https:\\\/\\\/cartesy.de\\\/en\\\/#\\\/schema\\\/logo\\\/image\\\/\"},\"sameAs\":[\"https:\\\/\\\/de-de.facebook.com\\\/CartesyGmbH\",\"https:\\\/\\\/de.linkedin.com\\\/company\\\/cartesy-gmbh\"]}]}<\/script>\n<!-- \/ Yoast SEO plugin. -->","yoast_head_json":{"title":"Drive-on ramp \/ drive-off ramp for IFX wheel load scales (2 pieces) | Cartesy","description":"Drive-on\/-off ramps for Cartesy IFX wheel load scales. Lightweight, easy to use, wear-resistant, and waterproof.","robots":{"index":"index","follow":"follow","max-snippet":"max-snippet:-1","max-image-preview":"max-image-preview:large","max-video-preview":"max-video-preview:-1"},"canonical":"https:\/\/cartesy.de\/en\/product\/ramps-ifx\/","og_locale":"en_US","og_type":"article","og_title":"Drive-on ramp \/ drive-off ramp for IFX wheel load scales (2 pieces) | Cartesy","og_description":"Drive-on\/-off ramps for Cartesy IFX wheel load scales. Lightweight, easy to use, wear-resistant, and waterproof.","og_url":"https:\/\/cartesy.de\/en\/product\/ramps-ifx\/","og_site_name":"Cartesy","article_publisher":"https:\/\/de-de.facebook.com\/CartesyGmbH","article_modified_time":"2026-03-31T14:48:06+00:00","og_image":[{"width":2016,"height":1512,"url":"https:\/\/cartesy.de\/wp-content\/uploads\/2-1.jpg","type":"image\/jpeg"}],"twitter_card":"summary_large_image","schema":{"@context":"https:\/\/schema.org","@graph":[{"@type":"WebPage","@id":"https:\/\/cartesy.de\/en\/product\/ramps-ifx\/","url":"https:\/\/cartesy.de\/en\/product\/ramps-ifx\/","name":"Drive-on ramp \/ drive-off ramp for IFX wheel load scales (2 pieces) | Cartesy","isPartOf":{"@id":"https:\/\/cartesy.de\/en\/#website"},"primaryImageOfPage":{"@id":"https:\/\/cartesy.de\/en\/product\/ramps-ifx\/#primaryimage"},"image":{"@id":"https:\/\/cartesy.de\/en\/product\/ramps-ifx\/#primaryimage"},"thumbnailUrl":"https:\/\/cartesy.de\/wp-content\/uploads\/2-1.jpg","datePublished":"2025-06-04T12:49:24+00:00","dateModified":"2026-03-31T14:48:06+00:00","description":"Drive-on\/-off ramps for Cartesy IFX wheel load scales. Lightweight, easy to use, wear-resistant, and waterproof.","breadcrumb":{"@id":"https:\/\/cartesy.de\/en\/product\/ramps-ifx\/#breadcrumb"},"inLanguage":"en-US","potentialAction":[{"@type":"ReadAction","target":["https:\/\/cartesy.de\/en\/product\/ramps-ifx\/"]}]},{"@type":"ImageObject","inLanguage":"en-US","@id":"https:\/\/cartesy.de\/en\/product\/ramps-ifx\/#primaryimage","url":"https:\/\/cartesy.de\/wp-content\/uploads\/2-1.jpg","contentUrl":"https:\/\/cartesy.de\/wp-content\/uploads\/2-1.jpg","width":2016,"height":1512,"caption":"Two black, ribbed IFX rubber ramps side by side on a white background, front view slightly from above"},{"@type":"BreadcrumbList","@id":"https:\/\/cartesy.de\/en\/product\/ramps-ifx\/#breadcrumb","itemListElement":[{"@type":"ListItem","position":1,"name":"Home","item":"https:\/\/cartesy.de\/en\/kanzlei\/"},{"@type":"ListItem","position":2,"name":"Product overview","item":"https:\/\/cartesy.de\/en\/product-overview\/"},{"@type":"ListItem","position":3,"name":"Drive-on ramp \/ drive-off ramp for IFX wheel load scales (2 pieces)"}]},{"@type":"WebSite","@id":"https:\/\/cartesy.de\/en\/#website","url":"https:\/\/cartesy.de\/en\/","name":"Cartesy","description":"Ihr Experte f\u00fcr hochpr\u00e4zise Pr\u00fcf- und W\u00e4gesysteme.","publisher":{"@id":"https:\/\/cartesy.de\/en\/#organization"},"potentialAction":[{"@type":"SearchAction","target":{"@type":"EntryPoint","urlTemplate":"https:\/\/cartesy.de\/en\/?s={search_term_string}"},"query-input":{"@type":"PropertyValueSpecification","valueRequired":true,"valueName":"search_term_string"}}],"inLanguage":"en-US"},{"@type":"Organization","@id":"https:\/\/cartesy.de\/en\/#organization","name":"Cartesy","url":"https:\/\/cartesy.de\/en\/","logo":{"@type":"ImageObject","inLanguage":"en-US","@id":"https:\/\/cartesy.de\/en\/#\/schema\/logo\/image\/","url":"https:\/\/cartesy.de\/wp-content\/uploads\/Cartesy-logo.png","contentUrl":"https:\/\/cartesy.de\/wp-content\/uploads\/Cartesy-logo.png","width":800,"height":600,"caption":"Cartesy"},"image":{"@id":"https:\/\/cartesy.de\/en\/#\/schema\/logo\/image\/"},"sameAs":["https:\/\/de-de.facebook.com\/CartesyGmbH","https:\/\/de.linkedin.com\/company\/cartesy-gmbh"]}]}},"_links":{"self":[{"href":"https:\/\/cartesy.de\/en\/wp-json\/wp\/v2\/product\/63426","targetHints":{"allow":["GET"]}}],"collection":[{"href":"https:\/\/cartesy.de\/en\/wp-json\/wp\/v2\/product"}],"about":[{"href":"https:\/\/cartesy.de\/en\/wp-json\/wp\/v2\/types\/product"}],"wp:featuredmedia":[{"embeddable":true,"href":"https:\/\/cartesy.de\/en\/wp-json\/wp\/v2\/media\/63428"}],"wp:attachment":[{"href":"https:\/\/cartesy.de\/en\/wp-json\/wp\/v2\/media?parent=63426"}],"wp:term":[{"taxonomy":"product_brand","embeddable":true,"href":"https:\/\/cartesy.de\/en\/wp-json\/wp\/v2\/product_brand?post=63426"},{"taxonomy":"product_cat","embeddable":true,"href":"https:\/\/cartesy.de\/en\/wp-json\/wp\/v2\/product_cat?post=63426"},{"taxonomy":"product_tag","embeddable":true,"href":"https:\/\/cartesy.de\/en\/wp-json\/wp\/v2\/product_tag?post=63426"}],"curies":[{"name":"wp","href":"https:\/\/api.w.org\/{rel}","templated":true}]}}