{"id":63672,"date":"2025-10-20T15:18:04","date_gmt":"2025-10-20T13:18:04","guid":{"rendered":"https:\/\/cartesy.de\/produkt\/innoweight-weighing-system-b-stock-2\/"},"modified":"2026-02-11T16:01:52","modified_gmt":"2026-02-11T15:01:52","slug":"innoweight-weighing-system-b-stock","status":"publish","type":"product","link":"https:\/\/cartesy.de\/en\/product\/innoweight-weighing-system-b-stock\/","title":{"rendered":"inno!weight\u00ae weighing system [3,200 kg] incl. apps, PC software and transport case \u2013 B-Stock"},"content":{"rendered":"<p><strong>Occasional minimal optical defects of the surface possible \u2013 new goods with full warranty!<\/strong><\/p>\n<p><strong>APPsolutely smart! <\/strong><\/p>\n<p><strong>All-in-one solution for rapid weighing of vehicles up to 3,200kg of total weight!<\/strong><\/p>\n<p>&nbsp;<\/p>\n<p><strong>Scope of delivery:<\/strong><\/p>\n<ul>\n<li>4x inno!weight\u00ae wheel load scale<\/li>\n<li>inno!weight\u00ae Apps for iOS, Android and Windows<\/li>\n<li>1x Transport case with trolley function<\/li>\n<li>1x BLE 5.0 USB-Dongle<\/li>\n<li>8x AA-Batteries (Enclosed for deliveries within Germany only)<\/li>\n<li>1x Product documentation<\/li>\n<li>1x Quick start guide<\/li>\n<\/ul>\n<p>&nbsp;<\/p>\n<p><a href=\"https:\/\/cartesy.de\/wp-content\/uploads\/innoweight_Flyer.pdf\" target=\"_blank\" rel=\"noopener\">Product information inno!weight\u00ae<\/a><\/p>\n<p>&nbsp;<\/p>\n<p><strong>Digital inno!weight\u00ae wheel load scale<\/strong><\/p>\n<ul>\n<li>Measuring range per scale: 0 &#8211; 800 kg<\/li>\n<li>Measuring range per set: 0 &#8211; 3,200 kg<\/li>\n<li>Division: 1 kg<\/li>\n<li>Accuracy: 1% of FS<\/li>\n<li>Weight: 3,7 kg<\/li>\n<li>Fast and stable BLE wireless connection<\/li>\n<li>Aluminum alloy, powder-coated (RAL3000)<\/li>\n<li>Dimensions (LxWxH): 380 x 380 x 33 mm<\/li>\n<\/ul>\n<p>&nbsp;<\/p>\n<p><strong>Smartphone, tablet or PC? <\/strong><strong>You decide!<\/strong><\/p>\n<p><strong>inno!weight\u00ae Apps<\/strong><\/p>\n<ul>\n<li>available for iOS, Android and Windows<\/li>\n<li>weighing modes: live, center of gravity, detail view, axle view, corner balancing<\/li>\n<li>light mode and dark mode<\/li>\n<li>tare function<\/li>\n<li>battery status<\/li>\n<li>selection between kg \/ lb \/ %<\/li>\n<li>language selection: English \/ German<\/li>\n<\/ul>\n<p>&nbsp;<\/p>\n<p><a href=\"https:\/\/apps.apple.com\/pw\/app\/inno-weight\/id1583038718\" target=\"_blank\" rel=\"noopener\">Download iOS App<\/a><\/p>\n<p><a href=\"https:\/\/play.google.com\/store\/apps\/details?id=com.cartesy.innoweight\" target=\"_blank\" rel=\"noopener\">Download Android App<\/a><\/p>\n<p><a href=\"http:\/\/downloads.cartesy.org\/innoweight\" target=\"_blank\" rel=\"noopener\">Download Windows software<\/a><\/p>\n<p>&nbsp;<\/p>\n<p><strong>Areas of application (among others):<\/strong><\/p>\n<ul>\n<li>Wheel load, axle load and overall weight<\/li>\n<li>Check weight while loading and unloading<\/li>\n<li>check gross, net, and tare weight<\/li>\n<li>Wheel load determination for wheel alignment<\/li>\n<li>Determination of center of gravity<\/li>\n<li>Corner-Balancing<\/li>\n<\/ul>\n<p>&nbsp;<\/p>\n<p><strong>Weighing<\/strong><\/p>\n<p>Standard application: The inno!weight\u00ae wheel load scales are driven over by the vehicle for weighing.<\/p>\n<p>Special case: The vehicle is lowered onto the inno!weight\u00ae wheel load scales using a lifting platform. In this case, you also need the <a href=\"https:\/\/cartesy.de\/en\/product\/innoweight-slide-plates\/\">inno!weight\u00ae Slide Plates<\/a> to avoid stresses and incorrect measurements.<\/p>\n","protected":false},"excerpt":{"rendered":"<p>4x inno!weight\u00ae wheel load scale incl. iOS\/Android Apps, Windows PC software and transport case<\/p>\n","protected":false},"featured_media":47233,"template":"","meta":[],"product_brand":[],"product_cat":[382],"product_tag":[394,395],"class_list":{"0":"post-63672","1":"product","2":"type-product","3":"status-publish","4":"has-post-thumbnail","6":"product_cat-special-offers","7":"product_tag-innoweight-weighing-set-3-200-kg-incl-apps","8":"product_tag-pc-software-and-transport-case","9":"tm-no-options","11":"first","12":"instock","13":"sale","14":"taxable","15":"shipping-taxable","16":"purchasable","17":"product-type-simple"},"yoast_head":"<!-- This site is optimized with the Yoast SEO plugin v27.3 - https:\/\/yoast.com\/product\/yoast-seo-wordpress\/ -->\n<title>inno!weight\u00ae Weighing System [3.200 kg] - Cartesy B-Stock<\/title>\n<meta name=\"description\" content=\"APPsolutely smart. All-in-one solution for rapid weighing of vehicles up to 3,200kg of total weight! Incl. Apps, PC software and transport case. cost-effective B-stock.\" \/>\n<meta name=\"robots\" content=\"index, follow, max-snippet:-1, max-image-preview:large, max-video-preview:-1\" \/>\n<link rel=\"canonical\" href=\"https:\/\/cartesy.de\/en\/product\/innoweight-weighing-system-b-stock\/\" \/>\n<meta property=\"og:locale\" content=\"en_US\" \/>\n<meta property=\"og:type\" content=\"article\" \/>\n<meta property=\"og:title\" content=\"inno!weight\u00ae Weighing System [3.200 kg] - Cartesy B-Stock\" \/>\n<meta property=\"og:description\" content=\"APPsolutely smart. All-in-one solution for rapid weighing of vehicles up to 3,200kg of total weight! Incl. Apps, PC software and transport case. cost-effective B-stock.\" \/>\n<meta property=\"og:url\" content=\"https:\/\/cartesy.de\/en\/product\/innoweight-weighing-system-b-stock\/\" \/>\n<meta property=\"og:site_name\" content=\"Cartesy\" \/>\n<meta property=\"article:publisher\" content=\"https:\/\/de-de.facebook.com\/CartesyGmbH\" \/>\n<meta property=\"article:modified_time\" content=\"2026-02-11T15:01:52+00:00\" \/>\n<meta property=\"og:image\" content=\"https:\/\/cartesy.de\/wp-content\/uploads\/Header_innoweight.jpg\" \/>\n\t<meta property=\"og:image:width\" content=\"1920\" \/>\n\t<meta property=\"og:image:height\" content=\"1280\" \/>\n\t<meta property=\"og:image:type\" content=\"image\/jpeg\" \/>\n<meta name=\"twitter:card\" content=\"summary_large_image\" \/>\n<meta name=\"twitter:label1\" content=\"Est. reading time\" \/>\n\t<meta name=\"twitter:data1\" content=\"1 minute\" \/>\n<script type=\"application\/ld+json\" class=\"yoast-schema-graph\">{\"@context\":\"https:\\\/\\\/schema.org\",\"@graph\":[{\"@type\":\"WebPage\",\"@id\":\"https:\\\/\\\/cartesy.de\\\/en\\\/product\\\/innoweight-weighing-system-b-stock\\\/\",\"url\":\"https:\\\/\\\/cartesy.de\\\/en\\\/product\\\/innoweight-weighing-system-b-stock\\\/\",\"name\":\"inno!weight\u00ae Weighing System [3.200 kg] - Cartesy B-Stock\",\"isPartOf\":{\"@id\":\"https:\\\/\\\/cartesy.de\\\/en\\\/#website\"},\"primaryImageOfPage\":{\"@id\":\"https:\\\/\\\/cartesy.de\\\/en\\\/product\\\/innoweight-weighing-system-b-stock\\\/#primaryimage\"},\"image\":{\"@id\":\"https:\\\/\\\/cartesy.de\\\/en\\\/product\\\/innoweight-weighing-system-b-stock\\\/#primaryimage\"},\"thumbnailUrl\":\"https:\\\/\\\/cartesy.de\\\/wp-content\\\/uploads\\\/Header_innoweight.jpg\",\"datePublished\":\"2025-10-20T13:18:04+00:00\",\"dateModified\":\"2026-02-11T15:01:52+00:00\",\"description\":\"APPsolutely smart. All-in-one solution for rapid weighing of vehicles up to 3,200kg of total weight! Incl. Apps, PC software and transport case. cost-effective B-stock.\",\"breadcrumb\":{\"@id\":\"https:\\\/\\\/cartesy.de\\\/en\\\/product\\\/innoweight-weighing-system-b-stock\\\/#breadcrumb\"},\"inLanguage\":\"en-US\",\"potentialAction\":[{\"@type\":\"ReadAction\",\"target\":[\"https:\\\/\\\/cartesy.de\\\/en\\\/product\\\/innoweight-weighing-system-b-stock\\\/\"]}]},{\"@type\":\"ImageObject\",\"inLanguage\":\"en-US\",\"@id\":\"https:\\\/\\\/cartesy.de\\\/en\\\/product\\\/innoweight-weighing-system-b-stock\\\/#primaryimage\",\"url\":\"https:\\\/\\\/cartesy.de\\\/wp-content\\\/uploads\\\/Header_innoweight.jpg\",\"contentUrl\":\"https:\\\/\\\/cartesy.de\\\/wp-content\\\/uploads\\\/Header_innoweight.jpg\",\"width\":1920,\"height\":1280,\"caption\":\"inno!weight W\u00e4gesystem red with Smartphone close up\"},{\"@type\":\"BreadcrumbList\",\"@id\":\"https:\\\/\\\/cartesy.de\\\/en\\\/product\\\/innoweight-weighing-system-b-stock\\\/#breadcrumb\",\"itemListElement\":[{\"@type\":\"ListItem\",\"position\":1,\"name\":\"Home\",\"item\":\"https:\\\/\\\/cartesy.de\\\/en\\\/kanzlei\\\/\"},{\"@type\":\"ListItem\",\"position\":2,\"name\":\"Product overview\",\"item\":\"https:\\\/\\\/cartesy.de\\\/en\\\/product-overview\\\/\"},{\"@type\":\"ListItem\",\"position\":3,\"name\":\"inno!weight\u00ae weighing system [3,200 kg] incl. apps, PC software and transport case \u2013 B-Stock\"}]},{\"@type\":\"WebSite\",\"@id\":\"https:\\\/\\\/cartesy.de\\\/en\\\/#website\",\"url\":\"https:\\\/\\\/cartesy.de\\\/en\\\/\",\"name\":\"Cartesy\",\"description\":\"Ihr Experte f\u00fcr hochpr\u00e4zise Pr\u00fcf- und W\u00e4gesysteme.\",\"publisher\":{\"@id\":\"https:\\\/\\\/cartesy.de\\\/en\\\/#organization\"},\"potentialAction\":[{\"@type\":\"SearchAction\",\"target\":{\"@type\":\"EntryPoint\",\"urlTemplate\":\"https:\\\/\\\/cartesy.de\\\/en\\\/?s={search_term_string}\"},\"query-input\":{\"@type\":\"PropertyValueSpecification\",\"valueRequired\":true,\"valueName\":\"search_term_string\"}}],\"inLanguage\":\"en-US\"},{\"@type\":\"Organization\",\"@id\":\"https:\\\/\\\/cartesy.de\\\/en\\\/#organization\",\"name\":\"Cartesy\",\"url\":\"https:\\\/\\\/cartesy.de\\\/en\\\/\",\"logo\":{\"@type\":\"ImageObject\",\"inLanguage\":\"en-US\",\"@id\":\"https:\\\/\\\/cartesy.de\\\/en\\\/#\\\/schema\\\/logo\\\/image\\\/\",\"url\":\"https:\\\/\\\/cartesy.de\\\/wp-content\\\/uploads\\\/Cartesy-logo.png\",\"contentUrl\":\"https:\\\/\\\/cartesy.de\\\/wp-content\\\/uploads\\\/Cartesy-logo.png\",\"width\":800,\"height\":600,\"caption\":\"Cartesy\"},\"image\":{\"@id\":\"https:\\\/\\\/cartesy.de\\\/en\\\/#\\\/schema\\\/logo\\\/image\\\/\"},\"sameAs\":[\"https:\\\/\\\/de-de.facebook.com\\\/CartesyGmbH\",\"https:\\\/\\\/de.linkedin.com\\\/company\\\/cartesy-gmbh\"]}]}<\/script>\n<!-- \/ Yoast SEO plugin. -->","yoast_head_json":{"title":"inno!weight\u00ae Weighing System [3.200 kg] - Cartesy B-Stock","description":"APPsolutely smart. All-in-one solution for rapid weighing of vehicles up to 3,200kg of total weight! Incl. Apps, PC software and transport case. cost-effective B-stock.","robots":{"index":"index","follow":"follow","max-snippet":"max-snippet:-1","max-image-preview":"max-image-preview:large","max-video-preview":"max-video-preview:-1"},"canonical":"https:\/\/cartesy.de\/en\/product\/innoweight-weighing-system-b-stock\/","og_locale":"en_US","og_type":"article","og_title":"inno!weight\u00ae Weighing System [3.200 kg] - Cartesy B-Stock","og_description":"APPsolutely smart. All-in-one solution for rapid weighing of vehicles up to 3,200kg of total weight! Incl. Apps, PC software and transport case. cost-effective B-stock.","og_url":"https:\/\/cartesy.de\/en\/product\/innoweight-weighing-system-b-stock\/","og_site_name":"Cartesy","article_publisher":"https:\/\/de-de.facebook.com\/CartesyGmbH","article_modified_time":"2026-02-11T15:01:52+00:00","og_image":[{"width":1920,"height":1280,"url":"https:\/\/cartesy.de\/wp-content\/uploads\/Header_innoweight.jpg","type":"image\/jpeg"}],"twitter_card":"summary_large_image","twitter_misc":{"Est. reading time":"1 minute"},"schema":{"@context":"https:\/\/schema.org","@graph":[{"@type":"WebPage","@id":"https:\/\/cartesy.de\/en\/product\/innoweight-weighing-system-b-stock\/","url":"https:\/\/cartesy.de\/en\/product\/innoweight-weighing-system-b-stock\/","name":"inno!weight\u00ae Weighing System [3.200 kg] - Cartesy B-Stock","isPartOf":{"@id":"https:\/\/cartesy.de\/en\/#website"},"primaryImageOfPage":{"@id":"https:\/\/cartesy.de\/en\/product\/innoweight-weighing-system-b-stock\/#primaryimage"},"image":{"@id":"https:\/\/cartesy.de\/en\/product\/innoweight-weighing-system-b-stock\/#primaryimage"},"thumbnailUrl":"https:\/\/cartesy.de\/wp-content\/uploads\/Header_innoweight.jpg","datePublished":"2025-10-20T13:18:04+00:00","dateModified":"2026-02-11T15:01:52+00:00","description":"APPsolutely smart. All-in-one solution for rapid weighing of vehicles up to 3,200kg of total weight! Incl. Apps, PC software and transport case. cost-effective B-stock.","breadcrumb":{"@id":"https:\/\/cartesy.de\/en\/product\/innoweight-weighing-system-b-stock\/#breadcrumb"},"inLanguage":"en-US","potentialAction":[{"@type":"ReadAction","target":["https:\/\/cartesy.de\/en\/product\/innoweight-weighing-system-b-stock\/"]}]},{"@type":"ImageObject","inLanguage":"en-US","@id":"https:\/\/cartesy.de\/en\/product\/innoweight-weighing-system-b-stock\/#primaryimage","url":"https:\/\/cartesy.de\/wp-content\/uploads\/Header_innoweight.jpg","contentUrl":"https:\/\/cartesy.de\/wp-content\/uploads\/Header_innoweight.jpg","width":1920,"height":1280,"caption":"inno!weight W\u00e4gesystem red with Smartphone close up"},{"@type":"BreadcrumbList","@id":"https:\/\/cartesy.de\/en\/product\/innoweight-weighing-system-b-stock\/#breadcrumb","itemListElement":[{"@type":"ListItem","position":1,"name":"Home","item":"https:\/\/cartesy.de\/en\/kanzlei\/"},{"@type":"ListItem","position":2,"name":"Product overview","item":"https:\/\/cartesy.de\/en\/product-overview\/"},{"@type":"ListItem","position":3,"name":"inno!weight\u00ae weighing system [3,200 kg] incl. apps, PC software and transport case \u2013 B-Stock"}]},{"@type":"WebSite","@id":"https:\/\/cartesy.de\/en\/#website","url":"https:\/\/cartesy.de\/en\/","name":"Cartesy","description":"Ihr Experte f\u00fcr hochpr\u00e4zise Pr\u00fcf- und W\u00e4gesysteme.","publisher":{"@id":"https:\/\/cartesy.de\/en\/#organization"},"potentialAction":[{"@type":"SearchAction","target":{"@type":"EntryPoint","urlTemplate":"https:\/\/cartesy.de\/en\/?s={search_term_string}"},"query-input":{"@type":"PropertyValueSpecification","valueRequired":true,"valueName":"search_term_string"}}],"inLanguage":"en-US"},{"@type":"Organization","@id":"https:\/\/cartesy.de\/en\/#organization","name":"Cartesy","url":"https:\/\/cartesy.de\/en\/","logo":{"@type":"ImageObject","inLanguage":"en-US","@id":"https:\/\/cartesy.de\/en\/#\/schema\/logo\/image\/","url":"https:\/\/cartesy.de\/wp-content\/uploads\/Cartesy-logo.png","contentUrl":"https:\/\/cartesy.de\/wp-content\/uploads\/Cartesy-logo.png","width":800,"height":600,"caption":"Cartesy"},"image":{"@id":"https:\/\/cartesy.de\/en\/#\/schema\/logo\/image\/"},"sameAs":["https:\/\/de-de.facebook.com\/CartesyGmbH","https:\/\/de.linkedin.com\/company\/cartesy-gmbh"]}]}},"_links":{"self":[{"href":"https:\/\/cartesy.de\/en\/wp-json\/wp\/v2\/product\/63672","targetHints":{"allow":["GET"]}}],"collection":[{"href":"https:\/\/cartesy.de\/en\/wp-json\/wp\/v2\/product"}],"about":[{"href":"https:\/\/cartesy.de\/en\/wp-json\/wp\/v2\/types\/product"}],"wp:featuredmedia":[{"embeddable":true,"href":"https:\/\/cartesy.de\/en\/wp-json\/wp\/v2\/media\/47233"}],"wp:attachment":[{"href":"https:\/\/cartesy.de\/en\/wp-json\/wp\/v2\/media?parent=63672"}],"wp:term":[{"taxonomy":"product_brand","embeddable":true,"href":"https:\/\/cartesy.de\/en\/wp-json\/wp\/v2\/product_brand?post=63672"},{"taxonomy":"product_cat","embeddable":true,"href":"https:\/\/cartesy.de\/en\/wp-json\/wp\/v2\/product_cat?post=63672"},{"taxonomy":"product_tag","embeddable":true,"href":"https:\/\/cartesy.de\/en\/wp-json\/wp\/v2\/product_tag?post=63672"}],"curies":[{"name":"wp","href":"https:\/\/api.w.org\/{rel}","templated":true}]}}