{"id":63824,"date":"2025-12-03T10:07:31","date_gmt":"2025-12-03T09:07:31","guid":{"rendered":"https:\/\/cartesy.de\/?post_type=product&#038;p=63824"},"modified":"2026-02-02T14:00:41","modified_gmt":"2026-02-02T13:00:41","slug":"dakks-calibration-scales-10000kg","status":"publish","type":"product","link":"https:\/\/cartesy.de\/en\/product\/dakks-calibration-scales-10000kg\/","title":{"rendered":"ISO 17025 (DAkkS) calibration scales (up to 10.000 kg)"},"content":{"rendered":"<p><strong>Please note: The calibration is not part of the accreditation range of our calibration laboratory and is carried out by a subcontractor on behalf of Cartesy.<\/strong><\/p>\n<p>&nbsp;<\/p>\n<p><strong>Calibration scope:<\/strong><\/p>\n<ul>\n<li>Accredited calibration according to DIN EN ISO\/IEC 17025<\/li>\n<li>EURAMET cg-18, V4.0<\/li>\n<li>Calibration certificate in digital form<\/li>\n<\/ul>\n<p>&nbsp;<\/p>\n<p><strong>Additional information \/ standard specifications:<\/strong><\/p>\n<ul>\n<li>The calibration is carried out by a subcontractor on behalf of Cartesy<\/li>\n<li>Calibration interval: not specified<\/li>\n<li>Accepted specification: not specified<\/li>\n<li>Decision rule: not specified<\/li>\n<li>Conformity assessment: no<\/li>\n<\/ul>\n<p>Please specify any deviating details with your order.<\/p>\n<p>&nbsp;<\/p>\n<p><strong>Note on certificates:<\/strong><\/p>\n<p>Calibration certificates are now only available digitally via our <strong>CLab calibration database<\/strong>. In CLab, you benefit from automatic appointment monitoring and have the option of viewing and managing your devices and calibration orders: <a href=\"https:\/\/calibration.cartesy.org\/site\/?lang=en\">https:\/\/calibration.cartesy.org\/site\/?lang=en<\/a><\/p>\n<p>For your first login, you will automatically receive your access information by email after your order has been processed.<\/p>\n<p>&nbsp;<\/p>\n<p>We are also happy to calibrate wheel load scales from other manufacturers for you!<\/p>\n<p><a href=\"https:\/\/cartesy.de\/en\/calibration-service\/#kontakt\">Contact form<\/a><\/p>\n<hr>\n<p>&nbsp;<\/p>\n<p><strong>Information on the calibration procedure: <\/strong><\/p>\n<p>After placing your order, we will contact you immediately to discuss the next steps.<br \/>\nWe clarify shipping, scheduling and calibration.<br \/>\nIf you have any questions in advance, please do not hesitate to contact us by phone or e-mail.<br \/>\nTel.: <a href=\"tel:0863118690\">+498631\/1869-0<\/a><br \/>\nE-Mail: <a href=\"mailto:sales@cartesy.de\">calibration@cartesy.de<\/a><\/p>\n","protected":false},"excerpt":{"rendered":"<p>For Cartesy scales of type BFX up to 10 t maximum load as well as wheel load scales from other manufacturers.<\/p>\n","protected":false},"featured_media":61987,"template":"","meta":[],"product_brand":[],"product_cat":[444],"product_tag":[445,446,542],"class_list":{"0":"post-63824","1":"product","2":"type-product","3":"status-publish","4":"has-post-thumbnail","6":"product_cat-calibration-services","7":"product_tag-factory-iso-calibration","8":"product_tag-iso-calibration","9":"product_tag-iso-17025-calibration","10":"product_shipping_class-g-en","11":"tm-no-options","13":"first","14":"instock","15":"taxable","16":"shipping-taxable","17":"purchasable","18":"product-type-simple"},"yoast_head":"<!-- This site is optimized with the Yoast SEO plugin v27.3 - https:\/\/yoast.com\/product\/yoast-seo-wordpress\/ -->\n<title>ISO 17025 (DAkkS) calibration scales (up to 10.000 kg) | Cartesy<\/title>\n<meta name=\"description\" content=\"ISO 17025 (DAkkS) calibration: Mass up to 10.000 kg \u2713 for various wheel load scales up to 10 t maximum load \u2713 digital calibration certificate \u25b6 Buy now\" \/>\n<meta name=\"robots\" content=\"index, follow, max-snippet:-1, max-image-preview:large, max-video-preview:-1\" \/>\n<link rel=\"canonical\" href=\"https:\/\/cartesy.de\/en\/product\/dakks-calibration-scales-10000kg\/\" \/>\n<meta property=\"og:locale\" content=\"en_US\" \/>\n<meta property=\"og:type\" content=\"article\" \/>\n<meta property=\"og:title\" content=\"ISO 17025 (DAkkS) calibration scales (up to 10.000 kg) | Cartesy\" \/>\n<meta property=\"og:description\" content=\"ISO 17025 (DAkkS) calibration: Mass up to 10.000 kg \u2713 for various wheel load scales up to 10 t maximum load \u2713 digital calibration certificate \u25b6 Buy now\" \/>\n<meta property=\"og:url\" content=\"https:\/\/cartesy.de\/en\/product\/dakks-calibration-scales-10000kg\/\" \/>\n<meta property=\"og:site_name\" content=\"Cartesy\" \/>\n<meta property=\"article:publisher\" content=\"https:\/\/de-de.facebook.com\/CartesyGmbH\" \/>\n<meta property=\"article:modified_time\" content=\"2026-02-02T13:00:41+00:00\" \/>\n<meta property=\"og:image\" content=\"https:\/\/cartesy.de\/wp-content\/uploads\/Kalibrierlabor_Gewicht_Radlastwaage_3.jpg\" \/>\n\t<meta property=\"og:image:width\" content=\"1000\" \/>\n\t<meta property=\"og:image:height\" content=\"668\" \/>\n\t<meta property=\"og:image:type\" content=\"image\/jpeg\" \/>\n<meta name=\"twitter:card\" content=\"summary_large_image\" \/>\n<meta name=\"twitter:label1\" content=\"Est. reading time\" \/>\n\t<meta name=\"twitter:data1\" content=\"1 minute\" \/>\n<script type=\"application\/ld+json\" class=\"yoast-schema-graph\">{\"@context\":\"https:\\\/\\\/schema.org\",\"@graph\":[{\"@type\":\"WebPage\",\"@id\":\"https:\\\/\\\/cartesy.de\\\/en\\\/product\\\/dakks-calibration-scales-10000kg\\\/\",\"url\":\"https:\\\/\\\/cartesy.de\\\/en\\\/product\\\/dakks-calibration-scales-10000kg\\\/\",\"name\":\"ISO 17025 (DAkkS) calibration scales (up to 10.000 kg) | Cartesy\",\"isPartOf\":{\"@id\":\"https:\\\/\\\/cartesy.de\\\/en\\\/#website\"},\"primaryImageOfPage\":{\"@id\":\"https:\\\/\\\/cartesy.de\\\/en\\\/product\\\/dakks-calibration-scales-10000kg\\\/#primaryimage\"},\"image\":{\"@id\":\"https:\\\/\\\/cartesy.de\\\/en\\\/product\\\/dakks-calibration-scales-10000kg\\\/#primaryimage\"},\"thumbnailUrl\":\"https:\\\/\\\/cartesy.de\\\/wp-content\\\/uploads\\\/Kalibrierlabor_Gewicht_Radlastwaage_3.jpg\",\"datePublished\":\"2025-12-03T09:07:31+00:00\",\"dateModified\":\"2026-02-02T13:00:41+00:00\",\"description\":\"ISO 17025 (DAkkS) calibration: Mass up to 10.000 kg \u2713 for various wheel load scales up to 10 t maximum load \u2713 digital calibration certificate \u25b6 Buy now\",\"breadcrumb\":{\"@id\":\"https:\\\/\\\/cartesy.de\\\/en\\\/product\\\/dakks-calibration-scales-10000kg\\\/#breadcrumb\"},\"inLanguage\":\"en-US\",\"potentialAction\":[{\"@type\":\"ReadAction\",\"target\":[\"https:\\\/\\\/cartesy.de\\\/en\\\/product\\\/dakks-calibration-scales-10000kg\\\/\"]}]},{\"@type\":\"ImageObject\",\"inLanguage\":\"en-US\",\"@id\":\"https:\\\/\\\/cartesy.de\\\/en\\\/product\\\/dakks-calibration-scales-10000kg\\\/#primaryimage\",\"url\":\"https:\\\/\\\/cartesy.de\\\/wp-content\\\/uploads\\\/Kalibrierlabor_Gewicht_Radlastwaage_3.jpg\",\"contentUrl\":\"https:\\\/\\\/cartesy.de\\\/wp-content\\\/uploads\\\/Kalibrierlabor_Gewicht_Radlastwaage_3.jpg\",\"width\":1000,\"height\":668,\"caption\":\"Wheel load scale placed in calibration machine\"},{\"@type\":\"BreadcrumbList\",\"@id\":\"https:\\\/\\\/cartesy.de\\\/en\\\/product\\\/dakks-calibration-scales-10000kg\\\/#breadcrumb\",\"itemListElement\":[{\"@type\":\"ListItem\",\"position\":1,\"name\":\"Home\",\"item\":\"https:\\\/\\\/cartesy.de\\\/en\\\/kanzlei\\\/\"},{\"@type\":\"ListItem\",\"position\":2,\"name\":\"Product overview\",\"item\":\"https:\\\/\\\/cartesy.de\\\/en\\\/product-overview\\\/\"},{\"@type\":\"ListItem\",\"position\":3,\"name\":\"ISO 17025 (DAkkS) calibration scales (up to 10.000 kg)\"}]},{\"@type\":\"WebSite\",\"@id\":\"https:\\\/\\\/cartesy.de\\\/en\\\/#website\",\"url\":\"https:\\\/\\\/cartesy.de\\\/en\\\/\",\"name\":\"Cartesy\",\"description\":\"Ihr Experte f\u00fcr hochpr\u00e4zise Pr\u00fcf- und W\u00e4gesysteme.\",\"publisher\":{\"@id\":\"https:\\\/\\\/cartesy.de\\\/en\\\/#organization\"},\"potentialAction\":[{\"@type\":\"SearchAction\",\"target\":{\"@type\":\"EntryPoint\",\"urlTemplate\":\"https:\\\/\\\/cartesy.de\\\/en\\\/?s={search_term_string}\"},\"query-input\":{\"@type\":\"PropertyValueSpecification\",\"valueRequired\":true,\"valueName\":\"search_term_string\"}}],\"inLanguage\":\"en-US\"},{\"@type\":\"Organization\",\"@id\":\"https:\\\/\\\/cartesy.de\\\/en\\\/#organization\",\"name\":\"Cartesy\",\"url\":\"https:\\\/\\\/cartesy.de\\\/en\\\/\",\"logo\":{\"@type\":\"ImageObject\",\"inLanguage\":\"en-US\",\"@id\":\"https:\\\/\\\/cartesy.de\\\/en\\\/#\\\/schema\\\/logo\\\/image\\\/\",\"url\":\"https:\\\/\\\/cartesy.de\\\/wp-content\\\/uploads\\\/Cartesy-logo.png\",\"contentUrl\":\"https:\\\/\\\/cartesy.de\\\/wp-content\\\/uploads\\\/Cartesy-logo.png\",\"width\":800,\"height\":600,\"caption\":\"Cartesy\"},\"image\":{\"@id\":\"https:\\\/\\\/cartesy.de\\\/en\\\/#\\\/schema\\\/logo\\\/image\\\/\"},\"sameAs\":[\"https:\\\/\\\/de-de.facebook.com\\\/CartesyGmbH\",\"https:\\\/\\\/de.linkedin.com\\\/company\\\/cartesy-gmbh\"]}]}<\/script>\n<!-- \/ Yoast SEO plugin. -->","yoast_head_json":{"title":"ISO 17025 (DAkkS) calibration scales (up to 10.000 kg) | Cartesy","description":"ISO 17025 (DAkkS) calibration: Mass up to 10.000 kg \u2713 for various wheel load scales up to 10 t maximum load \u2713 digital calibration certificate \u25b6 Buy now","robots":{"index":"index","follow":"follow","max-snippet":"max-snippet:-1","max-image-preview":"max-image-preview:large","max-video-preview":"max-video-preview:-1"},"canonical":"https:\/\/cartesy.de\/en\/product\/dakks-calibration-scales-10000kg\/","og_locale":"en_US","og_type":"article","og_title":"ISO 17025 (DAkkS) calibration scales (up to 10.000 kg) | Cartesy","og_description":"ISO 17025 (DAkkS) calibration: Mass up to 10.000 kg \u2713 for various wheel load scales up to 10 t maximum load \u2713 digital calibration certificate \u25b6 Buy now","og_url":"https:\/\/cartesy.de\/en\/product\/dakks-calibration-scales-10000kg\/","og_site_name":"Cartesy","article_publisher":"https:\/\/de-de.facebook.com\/CartesyGmbH","article_modified_time":"2026-02-02T13:00:41+00:00","og_image":[{"width":1000,"height":668,"url":"https:\/\/cartesy.de\/wp-content\/uploads\/Kalibrierlabor_Gewicht_Radlastwaage_3.jpg","type":"image\/jpeg"}],"twitter_card":"summary_large_image","twitter_misc":{"Est. reading time":"1 minute"},"schema":{"@context":"https:\/\/schema.org","@graph":[{"@type":"WebPage","@id":"https:\/\/cartesy.de\/en\/product\/dakks-calibration-scales-10000kg\/","url":"https:\/\/cartesy.de\/en\/product\/dakks-calibration-scales-10000kg\/","name":"ISO 17025 (DAkkS) calibration scales (up to 10.000 kg) | Cartesy","isPartOf":{"@id":"https:\/\/cartesy.de\/en\/#website"},"primaryImageOfPage":{"@id":"https:\/\/cartesy.de\/en\/product\/dakks-calibration-scales-10000kg\/#primaryimage"},"image":{"@id":"https:\/\/cartesy.de\/en\/product\/dakks-calibration-scales-10000kg\/#primaryimage"},"thumbnailUrl":"https:\/\/cartesy.de\/wp-content\/uploads\/Kalibrierlabor_Gewicht_Radlastwaage_3.jpg","datePublished":"2025-12-03T09:07:31+00:00","dateModified":"2026-02-02T13:00:41+00:00","description":"ISO 17025 (DAkkS) calibration: Mass up to 10.000 kg \u2713 for various wheel load scales up to 10 t maximum load \u2713 digital calibration certificate \u25b6 Buy now","breadcrumb":{"@id":"https:\/\/cartesy.de\/en\/product\/dakks-calibration-scales-10000kg\/#breadcrumb"},"inLanguage":"en-US","potentialAction":[{"@type":"ReadAction","target":["https:\/\/cartesy.de\/en\/product\/dakks-calibration-scales-10000kg\/"]}]},{"@type":"ImageObject","inLanguage":"en-US","@id":"https:\/\/cartesy.de\/en\/product\/dakks-calibration-scales-10000kg\/#primaryimage","url":"https:\/\/cartesy.de\/wp-content\/uploads\/Kalibrierlabor_Gewicht_Radlastwaage_3.jpg","contentUrl":"https:\/\/cartesy.de\/wp-content\/uploads\/Kalibrierlabor_Gewicht_Radlastwaage_3.jpg","width":1000,"height":668,"caption":"Wheel load scale placed in calibration machine"},{"@type":"BreadcrumbList","@id":"https:\/\/cartesy.de\/en\/product\/dakks-calibration-scales-10000kg\/#breadcrumb","itemListElement":[{"@type":"ListItem","position":1,"name":"Home","item":"https:\/\/cartesy.de\/en\/kanzlei\/"},{"@type":"ListItem","position":2,"name":"Product overview","item":"https:\/\/cartesy.de\/en\/product-overview\/"},{"@type":"ListItem","position":3,"name":"ISO 17025 (DAkkS) calibration scales (up to 10.000 kg)"}]},{"@type":"WebSite","@id":"https:\/\/cartesy.de\/en\/#website","url":"https:\/\/cartesy.de\/en\/","name":"Cartesy","description":"Ihr Experte f\u00fcr hochpr\u00e4zise Pr\u00fcf- und W\u00e4gesysteme.","publisher":{"@id":"https:\/\/cartesy.de\/en\/#organization"},"potentialAction":[{"@type":"SearchAction","target":{"@type":"EntryPoint","urlTemplate":"https:\/\/cartesy.de\/en\/?s={search_term_string}"},"query-input":{"@type":"PropertyValueSpecification","valueRequired":true,"valueName":"search_term_string"}}],"inLanguage":"en-US"},{"@type":"Organization","@id":"https:\/\/cartesy.de\/en\/#organization","name":"Cartesy","url":"https:\/\/cartesy.de\/en\/","logo":{"@type":"ImageObject","inLanguage":"en-US","@id":"https:\/\/cartesy.de\/en\/#\/schema\/logo\/image\/","url":"https:\/\/cartesy.de\/wp-content\/uploads\/Cartesy-logo.png","contentUrl":"https:\/\/cartesy.de\/wp-content\/uploads\/Cartesy-logo.png","width":800,"height":600,"caption":"Cartesy"},"image":{"@id":"https:\/\/cartesy.de\/en\/#\/schema\/logo\/image\/"},"sameAs":["https:\/\/de-de.facebook.com\/CartesyGmbH","https:\/\/de.linkedin.com\/company\/cartesy-gmbh"]}]}},"_links":{"self":[{"href":"https:\/\/cartesy.de\/en\/wp-json\/wp\/v2\/product\/63824","targetHints":{"allow":["GET"]}}],"collection":[{"href":"https:\/\/cartesy.de\/en\/wp-json\/wp\/v2\/product"}],"about":[{"href":"https:\/\/cartesy.de\/en\/wp-json\/wp\/v2\/types\/product"}],"wp:featuredmedia":[{"embeddable":true,"href":"https:\/\/cartesy.de\/en\/wp-json\/wp\/v2\/media\/61987"}],"wp:attachment":[{"href":"https:\/\/cartesy.de\/en\/wp-json\/wp\/v2\/media?parent=63824"}],"wp:term":[{"taxonomy":"product_brand","embeddable":true,"href":"https:\/\/cartesy.de\/en\/wp-json\/wp\/v2\/product_brand?post=63824"},{"taxonomy":"product_cat","embeddable":true,"href":"https:\/\/cartesy.de\/en\/wp-json\/wp\/v2\/product_cat?post=63824"},{"taxonomy":"product_tag","embeddable":true,"href":"https:\/\/cartesy.de\/en\/wp-json\/wp\/v2\/product_tag?post=63824"}],"curies":[{"name":"wp","href":"https:\/\/api.w.org\/{rel}","templated":true}]}}